{"id":1433757,"date":"2026-01-12T21:02:37","date_gmt":"2026-01-12T18:02:37","guid":{"rendered":"https:\/\/kruze.ee\/product\/swiss-peak-aware-rpet-156-tolline-ariseljakott\/"},"modified":"2026-03-17T00:57:25","modified_gmt":"2026-03-16T21:57:25","slug":"swiss-peak-aware-rpet-156-tolline-ariseljakott","status":"publish","type":"product","link":"https:\/\/kruze.ee\/et\/toode\/swiss-peak-aware-rpet-156-tolline-ariseljakott\/","title":{"rendered":"Swiss Peak AWARE\u2122 RPET 15,6-tolline \u00e4riseljakott"},"content":{"rendered":"<p>Swiss Peak AWARE\u2122 RPET 15,6-tolline \u00e4riseljakott on ilmastikukindel seljakott t\u00f6\u00f6ks ja igap\u00e4evasteks seiklusteks.<br \/>\nSeljakotil on mahukas p\u00f5hisahtel ning k\u00fclgmise luku kaudu kiire ligip\u00e4\u00e4s s\u00fclearvutile ka liikvel olles. Kandmismugavuse tagavad ergonoomilised ja hingavad \u00f5larihmad, polsterdatud seljapaneel ning t\u00e4ielikult reguleeritav rinnarihm. \u00dclemine lukuga tasku mahutab k\u00f5ik igap\u00e4evased esmatarbed. V\u00e4limine materjal on valmistatud PU-st ja 1200D taaskasutatud pol\u00fcestrist, vooder 100% 150D taaskasutatud pol\u00fcestrist. AWARE\u2122 j\u00e4lgimistehnoloogia kinnitab taaskasutatud materjalide ehtsat kasutust \u2013 iga kott on valmistatud 38,19 taaskasutatud 0,5-liitrisest PET-pudelist. 2% iga AWARE\u2122-m\u00e4rgistusega toote m\u00fc\u00fcgitulust annetatakse organisatsioonile Water.org.<\/p>\n","protected":false},"excerpt":{"rendered":"<p>Swiss Peak AWARE\u2122 RPET 15,6-tolline \u00e4riseljakott on ilmastikukindel seljakott t\u00f6\u00f6ks ja igap\u00e4evasteks seiklusteks.<br \/>\nSeljakotil on mahukas p\u00f5hisahtel ning&#8230;<\/p>\n","protected":false},"featured_media":0,"template":"","meta":[],"product_brand":[],"product_cat":[5392],"product_tag":[],"class_list":{"0":"post-1433757","1":"product","2":"type-product","3":"status-publish","5":"product_cat-logoga-seljakotid","6":"pa_gender-uniseks","7":"pa_gender-unisex","11":"first","12":"instock","13":"purchasable","14":"product-type-simple"},"acf":[],"yoast_head":"<!-- This site is optimized with the Yoast SEO plugin v26.0 - https:\/\/yoast.com\/wordpress\/plugins\/seo\/ -->\n<title>Swiss Peak AWARE\u2122 RPET 15,6-tolline \u00e4riseljakott - Kruze.ee<\/title>\n<meta name=\"robots\" content=\"index, follow, max-snippet:-1, max-image-preview:large, max-video-preview:-1\" \/>\n<link rel=\"canonical\" href=\"https:\/\/kruze.ee\/et\/toode\/swiss-peak-aware-rpet-156-tolline-ariseljakott\/\" \/>\n<meta property=\"og:locale\" content=\"et_EE\" \/>\n<meta property=\"og:type\" content=\"article\" \/>\n<meta property=\"og:title\" content=\"Swiss Peak AWARE\u2122 RPET 15,6-tolline \u00e4riseljakott - Kruze.ee\" \/>\n<meta property=\"og:description\" content=\"Swiss Peak AWARE\u2122 RPET 15,6-tolline \u00e4riseljakott on ilmastikukindel seljakott t\u00f6\u00f6ks ja igap\u00e4evasteks seiklusteks. Seljakotil on mahukas p\u00f5hisahtel ning...\" \/>\n<meta property=\"og:url\" content=\"https:\/\/kruze.ee\/et\/toode\/swiss-peak-aware-rpet-156-tolline-ariseljakott\/\" \/>\n<meta property=\"og:site_name\" content=\"Kruze.ee\" \/>\n<meta property=\"article:modified_time\" content=\"2026-03-16T21:57:25+00:00\" \/>\n<meta name=\"twitter:card\" content=\"summary_large_image\" \/>\n<script type=\"application\/ld+json\" class=\"yoast-schema-graph\">{\"@context\":\"https:\/\/schema.org\",\"@graph\":[{\"@type\":\"WebPage\",\"@id\":\"https:\/\/kruze.ee\/et\/toode\/swiss-peak-aware-rpet-156-tolline-ariseljakott\/\",\"url\":\"https:\/\/kruze.ee\/et\/toode\/swiss-peak-aware-rpet-156-tolline-ariseljakott\/\",\"name\":\"Swiss Peak AWARE\u2122 RPET 15,6-tolline \u00e4riseljakott - Kruze.ee\",\"isPartOf\":{\"@id\":\"https:\/\/kruze.ee\/et\/#website\"},\"datePublished\":\"2026-01-12T18:02:37+00:00\",\"dateModified\":\"2026-03-16T21:57:25+00:00\",\"breadcrumb\":{\"@id\":\"https:\/\/kruze.ee\/et\/toode\/swiss-peak-aware-rpet-156-tolline-ariseljakott\/#breadcrumb\"},\"inLanguage\":\"et\",\"potentialAction\":[{\"@type\":\"ReadAction\",\"target\":[\"https:\/\/kruze.ee\/et\/toode\/swiss-peak-aware-rpet-156-tolline-ariseljakott\/\"]}]},{\"@type\":\"BreadcrumbList\",\"@id\":\"https:\/\/kruze.ee\/et\/toode\/swiss-peak-aware-rpet-156-tolline-ariseljakott\/#breadcrumb\",\"itemListElement\":[{\"@type\":\"ListItem\",\"position\":1,\"name\":\"Home\",\"item\":\"https:\/\/kruze.ee\/et\/\"},{\"@type\":\"ListItem\",\"position\":2,\"name\":\"Tooted\",\"item\":\"https:\/\/kruze.ee\/et\/tooted\/\"},{\"@type\":\"ListItem\",\"position\":3,\"name\":\"Swiss Peak AWARE\u2122 RPET 15,6-tolline \u00e4riseljakott\"}]},{\"@type\":\"WebSite\",\"@id\":\"https:\/\/kruze.ee\/et\/#website\",\"url\":\"https:\/\/kruze.ee\/et\/\",\"name\":\"Kruze.ee\",\"description\":\"Reklaamkingitused, tr&uuml;kiga T-s&auml;rgid, fliisid, dressipluused, tekstiil, joped ja paljud teised logoga meened, &Auml;rikingitused sinu partnerile! Telli juba t&auml;na.\",\"potentialAction\":[{\"@type\":\"SearchAction\",\"target\":{\"@type\":\"EntryPoint\",\"urlTemplate\":\"https:\/\/kruze.ee\/et\/?s={search_term_string}\"},\"query-input\":{\"@type\":\"PropertyValueSpecification\",\"valueRequired\":true,\"valueName\":\"search_term_string\"}}],\"inLanguage\":\"et\"}]}<\/script>\n<!-- \/ Yoast SEO plugin. -->","yoast_head_json":{"title":"Swiss Peak AWARE\u2122 RPET 15,6-tolline \u00e4riseljakott - Kruze.ee","robots":{"index":"index","follow":"follow","max-snippet":"max-snippet:-1","max-image-preview":"max-image-preview:large","max-video-preview":"max-video-preview:-1"},"canonical":"https:\/\/kruze.ee\/et\/toode\/swiss-peak-aware-rpet-156-tolline-ariseljakott\/","og_locale":"et_EE","og_type":"article","og_title":"Swiss Peak AWARE\u2122 RPET 15,6-tolline \u00e4riseljakott - Kruze.ee","og_description":"Swiss Peak AWARE\u2122 RPET 15,6-tolline \u00e4riseljakott on ilmastikukindel seljakott t\u00f6\u00f6ks ja igap\u00e4evasteks seiklusteks. Seljakotil on mahukas p\u00f5hisahtel ning...","og_url":"https:\/\/kruze.ee\/et\/toode\/swiss-peak-aware-rpet-156-tolline-ariseljakott\/","og_site_name":"Kruze.ee","article_modified_time":"2026-03-16T21:57:25+00:00","twitter_card":"summary_large_image","schema":{"@context":"https:\/\/schema.org","@graph":[{"@type":"WebPage","@id":"https:\/\/kruze.ee\/et\/toode\/swiss-peak-aware-rpet-156-tolline-ariseljakott\/","url":"https:\/\/kruze.ee\/et\/toode\/swiss-peak-aware-rpet-156-tolline-ariseljakott\/","name":"Swiss Peak AWARE\u2122 RPET 15,6-tolline \u00e4riseljakott - Kruze.ee","isPartOf":{"@id":"https:\/\/kruze.ee\/et\/#website"},"datePublished":"2026-01-12T18:02:37+00:00","dateModified":"2026-03-16T21:57:25+00:00","breadcrumb":{"@id":"https:\/\/kruze.ee\/et\/toode\/swiss-peak-aware-rpet-156-tolline-ariseljakott\/#breadcrumb"},"inLanguage":"et","potentialAction":[{"@type":"ReadAction","target":["https:\/\/kruze.ee\/et\/toode\/swiss-peak-aware-rpet-156-tolline-ariseljakott\/"]}]},{"@type":"BreadcrumbList","@id":"https:\/\/kruze.ee\/et\/toode\/swiss-peak-aware-rpet-156-tolline-ariseljakott\/#breadcrumb","itemListElement":[{"@type":"ListItem","position":1,"name":"Home","item":"https:\/\/kruze.ee\/et\/"},{"@type":"ListItem","position":2,"name":"Tooted","item":"https:\/\/kruze.ee\/et\/tooted\/"},{"@type":"ListItem","position":3,"name":"Swiss Peak AWARE\u2122 RPET 15,6-tolline \u00e4riseljakott"}]},{"@type":"WebSite","@id":"https:\/\/kruze.ee\/et\/#website","url":"https:\/\/kruze.ee\/et\/","name":"Kruze.ee","description":"Reklaamkingitused, tr&uuml;kiga T-s&auml;rgid, fliisid, dressipluused, tekstiil, joped ja paljud teised logoga meened, &Auml;rikingitused sinu partnerile! Telli juba t&auml;na.","potentialAction":[{"@type":"SearchAction","target":{"@type":"EntryPoint","urlTemplate":"https:\/\/kruze.ee\/et\/?s={search_term_string}"},"query-input":{"@type":"PropertyValueSpecification","valueRequired":true,"valueName":"search_term_string"}}],"inLanguage":"et"}]}},"_links":{"self":[{"href":"https:\/\/kruze.ee\/et\/wp-json\/wp\/v2\/product\/1433757","targetHints":{"allow":["GET"]}}],"collection":[{"href":"https:\/\/kruze.ee\/et\/wp-json\/wp\/v2\/product"}],"about":[{"href":"https:\/\/kruze.ee\/et\/wp-json\/wp\/v2\/types\/product"}],"wp:attachment":[{"href":"https:\/\/kruze.ee\/et\/wp-json\/wp\/v2\/media?parent=1433757"}],"wp:term":[{"taxonomy":"product_brand","embeddable":true,"href":"https:\/\/kruze.ee\/et\/wp-json\/wp\/v2\/product_brand?post=1433757"},{"taxonomy":"product_cat","embeddable":true,"href":"https:\/\/kruze.ee\/et\/wp-json\/wp\/v2\/product_cat?post=1433757"},{"taxonomy":"product_tag","embeddable":true,"href":"https:\/\/kruze.ee\/et\/wp-json\/wp\/v2\/product_tag?post=1433757"}],"curies":[{"name":"wp","href":"https:\/\/api.w.org\/{rel}","templated":true}]}}