{"id":1433741,"date":"2026-01-12T21:02:17","date_gmt":"2026-01-12T18:02:17","guid":{"rendered":"https:\/\/kruze.ee\/product\/impact-aware-1200d-minimalistlik-156-tolline-sulearvuti-seljakot\/"},"modified":"2026-03-17T00:57:21","modified_gmt":"2026-03-16T21:57:21","slug":"impact-aware-1200d-minimalistlik-156-tolline-sulearvuti-seljakot","status":"publish","type":"product","link":"https:\/\/kruze.ee\/et\/toode\/impact-aware-1200d-minimalistlik-156-tolline-sulearvuti-seljakot\/","title":{"rendered":"Impact AWARE\u2122 1200D minimalistlik 15,6-tolline s\u00fclearvuti seljakot"},"content":{"rendered":"<p>Impact AWARE\u2122 1200D 15,6-tolline s\u00fclearvuti seljakott on ideaalne valik nii tudengitele kui ka igap\u00e4evastele t\u00f6\u00f6les\u00f5itjatele. Puhtad jooned, kuid samas v\u00e4ga praktiline p\u00e4evakott. Sisemine tasku koos s\u00fclearvutitaskuga hoiab s\u00fclearvuti turvaliselt ja kindlalt paigal. Polsterdatud seljaosa tagab lisamugavuse igap\u00e4evasel kandmisel.<\/p>\n","protected":false},"excerpt":{"rendered":"<p>Impact AWARE\u2122 1200D 15,6-tolline s\u00fclearvuti seljakott on ideaalne valik nii tudengitele kui ka igap\u00e4evastele t\u00f6\u00f6les\u00f5itjatele. Puhtad jooned, kuid samas v\u00e4ga&#8230;<\/p>\n","protected":false},"featured_media":0,"template":"","meta":[],"product_brand":[],"product_cat":[5392],"product_tag":[],"class_list":{"0":"post-1433741","1":"product","2":"type-product","3":"status-publish","5":"product_cat-logoga-seljakotid","6":"pa_brand-xd-xclusive-2","7":"pa_color-antratsiit","8":"pa_color-tumesinine","9":"pa_gender-uniseks","10":"pa_gender-unisex","13":"pa_material-rpetrpet","15":"first","16":"instock","17":"taxable","18":"shipping-taxable","19":"purchasable","20":"product-type-variable"},"acf":[],"yoast_head":"<!-- This site is optimized with the Yoast SEO plugin v26.0 - https:\/\/yoast.com\/wordpress\/plugins\/seo\/ -->\n<title>Impact AWARE\u2122 1200D minimalistlik 15,6-tolline s\u00fclearvuti seljakot - Kruze.ee<\/title>\n<meta name=\"robots\" content=\"index, follow, max-snippet:-1, max-image-preview:large, max-video-preview:-1\" \/>\n<link rel=\"canonical\" href=\"https:\/\/kruze.ee\/et\/toode\/impact-aware-1200d-minimalistlik-156-tolline-sulearvuti-seljakot\/\" \/>\n<meta property=\"og:locale\" content=\"et_EE\" \/>\n<meta property=\"og:type\" content=\"article\" \/>\n<meta property=\"og:title\" content=\"Impact AWARE\u2122 1200D minimalistlik 15,6-tolline s\u00fclearvuti seljakot - Kruze.ee\" \/>\n<meta property=\"og:description\" content=\"Impact AWARE\u2122 1200D 15,6-tolline s\u00fclearvuti seljakott on ideaalne valik nii tudengitele kui ka igap\u00e4evastele t\u00f6\u00f6les\u00f5itjatele. Puhtad jooned, kuid samas v\u00e4ga...\" \/>\n<meta property=\"og:url\" content=\"https:\/\/kruze.ee\/et\/toode\/impact-aware-1200d-minimalistlik-156-tolline-sulearvuti-seljakot\/\" \/>\n<meta property=\"og:site_name\" content=\"Kruze.ee\" \/>\n<meta property=\"article:modified_time\" content=\"2026-03-16T21:57:21+00:00\" \/>\n<meta name=\"twitter:card\" content=\"summary_large_image\" \/>\n<script type=\"application\/ld+json\" class=\"yoast-schema-graph\">{\"@context\":\"https:\/\/schema.org\",\"@graph\":[{\"@type\":\"WebPage\",\"@id\":\"https:\/\/kruze.ee\/et\/toode\/impact-aware-1200d-minimalistlik-156-tolline-sulearvuti-seljakot\/\",\"url\":\"https:\/\/kruze.ee\/et\/toode\/impact-aware-1200d-minimalistlik-156-tolline-sulearvuti-seljakot\/\",\"name\":\"Impact AWARE\u2122 1200D minimalistlik 15,6-tolline s\u00fclearvuti seljakot - Kruze.ee\",\"isPartOf\":{\"@id\":\"https:\/\/kruze.ee\/et\/#website\"},\"datePublished\":\"2026-01-12T18:02:17+00:00\",\"dateModified\":\"2026-03-16T21:57:21+00:00\",\"breadcrumb\":{\"@id\":\"https:\/\/kruze.ee\/et\/toode\/impact-aware-1200d-minimalistlik-156-tolline-sulearvuti-seljakot\/#breadcrumb\"},\"inLanguage\":\"et\",\"potentialAction\":[{\"@type\":\"ReadAction\",\"target\":[\"https:\/\/kruze.ee\/et\/toode\/impact-aware-1200d-minimalistlik-156-tolline-sulearvuti-seljakot\/\"]}]},{\"@type\":\"BreadcrumbList\",\"@id\":\"https:\/\/kruze.ee\/et\/toode\/impact-aware-1200d-minimalistlik-156-tolline-sulearvuti-seljakot\/#breadcrumb\",\"itemListElement\":[{\"@type\":\"ListItem\",\"position\":1,\"name\":\"Home\",\"item\":\"https:\/\/kruze.ee\/et\/\"},{\"@type\":\"ListItem\",\"position\":2,\"name\":\"Tooted\",\"item\":\"https:\/\/kruze.ee\/et\/tooted\/\"},{\"@type\":\"ListItem\",\"position\":3,\"name\":\"Impact AWARE\u2122 1200D minimalistlik 15,6-tolline s\u00fclearvuti seljakot\"}]},{\"@type\":\"WebSite\",\"@id\":\"https:\/\/kruze.ee\/et\/#website\",\"url\":\"https:\/\/kruze.ee\/et\/\",\"name\":\"Kruze.ee\",\"description\":\"Reklaamkingitused, tr&uuml;kiga T-s&auml;rgid, fliisid, dressipluused, tekstiil, joped ja paljud teised logoga meened, &Auml;rikingitused sinu partnerile! Telli juba t&auml;na.\",\"potentialAction\":[{\"@type\":\"SearchAction\",\"target\":{\"@type\":\"EntryPoint\",\"urlTemplate\":\"https:\/\/kruze.ee\/et\/?s={search_term_string}\"},\"query-input\":{\"@type\":\"PropertyValueSpecification\",\"valueRequired\":true,\"valueName\":\"search_term_string\"}}],\"inLanguage\":\"et\"}]}<\/script>\n<!-- \/ Yoast SEO plugin. -->","yoast_head_json":{"title":"Impact AWARE\u2122 1200D minimalistlik 15,6-tolline s\u00fclearvuti seljakot - Kruze.ee","robots":{"index":"index","follow":"follow","max-snippet":"max-snippet:-1","max-image-preview":"max-image-preview:large","max-video-preview":"max-video-preview:-1"},"canonical":"https:\/\/kruze.ee\/et\/toode\/impact-aware-1200d-minimalistlik-156-tolline-sulearvuti-seljakot\/","og_locale":"et_EE","og_type":"article","og_title":"Impact AWARE\u2122 1200D minimalistlik 15,6-tolline s\u00fclearvuti seljakot - Kruze.ee","og_description":"Impact AWARE\u2122 1200D 15,6-tolline s\u00fclearvuti seljakott on ideaalne valik nii tudengitele kui ka igap\u00e4evastele t\u00f6\u00f6les\u00f5itjatele. Puhtad jooned, kuid samas v\u00e4ga...","og_url":"https:\/\/kruze.ee\/et\/toode\/impact-aware-1200d-minimalistlik-156-tolline-sulearvuti-seljakot\/","og_site_name":"Kruze.ee","article_modified_time":"2026-03-16T21:57:21+00:00","twitter_card":"summary_large_image","schema":{"@context":"https:\/\/schema.org","@graph":[{"@type":"WebPage","@id":"https:\/\/kruze.ee\/et\/toode\/impact-aware-1200d-minimalistlik-156-tolline-sulearvuti-seljakot\/","url":"https:\/\/kruze.ee\/et\/toode\/impact-aware-1200d-minimalistlik-156-tolline-sulearvuti-seljakot\/","name":"Impact AWARE\u2122 1200D minimalistlik 15,6-tolline s\u00fclearvuti seljakot - Kruze.ee","isPartOf":{"@id":"https:\/\/kruze.ee\/et\/#website"},"datePublished":"2026-01-12T18:02:17+00:00","dateModified":"2026-03-16T21:57:21+00:00","breadcrumb":{"@id":"https:\/\/kruze.ee\/et\/toode\/impact-aware-1200d-minimalistlik-156-tolline-sulearvuti-seljakot\/#breadcrumb"},"inLanguage":"et","potentialAction":[{"@type":"ReadAction","target":["https:\/\/kruze.ee\/et\/toode\/impact-aware-1200d-minimalistlik-156-tolline-sulearvuti-seljakot\/"]}]},{"@type":"BreadcrumbList","@id":"https:\/\/kruze.ee\/et\/toode\/impact-aware-1200d-minimalistlik-156-tolline-sulearvuti-seljakot\/#breadcrumb","itemListElement":[{"@type":"ListItem","position":1,"name":"Home","item":"https:\/\/kruze.ee\/et\/"},{"@type":"ListItem","position":2,"name":"Tooted","item":"https:\/\/kruze.ee\/et\/tooted\/"},{"@type":"ListItem","position":3,"name":"Impact AWARE\u2122 1200D minimalistlik 15,6-tolline s\u00fclearvuti seljakot"}]},{"@type":"WebSite","@id":"https:\/\/kruze.ee\/et\/#website","url":"https:\/\/kruze.ee\/et\/","name":"Kruze.ee","description":"Reklaamkingitused, tr&uuml;kiga T-s&auml;rgid, fliisid, dressipluused, tekstiil, joped ja paljud teised logoga meened, &Auml;rikingitused sinu partnerile! Telli juba t&auml;na.","potentialAction":[{"@type":"SearchAction","target":{"@type":"EntryPoint","urlTemplate":"https:\/\/kruze.ee\/et\/?s={search_term_string}"},"query-input":{"@type":"PropertyValueSpecification","valueRequired":true,"valueName":"search_term_string"}}],"inLanguage":"et"}]}},"_links":{"self":[{"href":"https:\/\/kruze.ee\/et\/wp-json\/wp\/v2\/product\/1433741","targetHints":{"allow":["GET"]}}],"collection":[{"href":"https:\/\/kruze.ee\/et\/wp-json\/wp\/v2\/product"}],"about":[{"href":"https:\/\/kruze.ee\/et\/wp-json\/wp\/v2\/types\/product"}],"wp:attachment":[{"href":"https:\/\/kruze.ee\/et\/wp-json\/wp\/v2\/media?parent=1433741"}],"wp:term":[{"taxonomy":"product_brand","embeddable":true,"href":"https:\/\/kruze.ee\/et\/wp-json\/wp\/v2\/product_brand?post=1433741"},{"taxonomy":"product_cat","embeddable":true,"href":"https:\/\/kruze.ee\/et\/wp-json\/wp\/v2\/product_cat?post=1433741"},{"taxonomy":"product_tag","embeddable":true,"href":"https:\/\/kruze.ee\/et\/wp-json\/wp\/v2\/product_tag?post=1433741"}],"curies":[{"name":"wp","href":"https:\/\/api.w.org\/{rel}","templated":true}]}}