{"id":1433735,"date":"2026-01-12T21:02:09","date_gmt":"2026-01-12T18:02:09","guid":{"rendered":"https:\/\/kruze.ee\/product\/impact-aware-matkamisel-seljakott-18-l\/"},"modified":"2026-03-17T00:57:20","modified_gmt":"2026-03-16T21:57:20","slug":"impact-aware-matkamisel-seljakott-18-l","status":"publish","type":"product","link":"https:\/\/kruze.ee\/et\/toode\/impact-aware-matkamisel-seljakott-18-l\/","title":{"rendered":"Impact AWARE\u2122 matkamisel seljakott 18 l"},"content":{"rendered":"<p>Impact AWARE\u2122 matkamiseks m\u00f5eldud seljakott sobib suurep\u00e4raselt nii igap\u00e4evasteks v\u00e4ljas\u00f5itudeks kui ka loodusseiklusteks. Seljakotil on suur keskne p\u00f5hisahtel ning rohkelt muid praktilisi taskuid. Lisaks on olemas ava joogis\u00fcsteemi (veekoti) jaoks, mis on eriti mugav pikematel matkadel. AWARE\u2122 j\u00e4lgimistehnoloogia kinnitab taaskasutatud materjalide ehtsat kasutust \u2013 iga kott on valmistatud 11 taaskasutatud 0,5-liitrisest PET-pudelist. 2% iga Impact-sarja toote m\u00fc\u00fcgitulust annetatakse organisatsioonile Water.org. PVC-vaba.<\/p>\n","protected":false},"excerpt":{"rendered":"<p>Impact AWARE\u2122 matkamiseks m\u00f5eldud seljakott sobib suurep\u00e4raselt nii igap\u00e4evasteks v\u00e4ljas\u00f5itudeks kui ka loodusseiklusteks. Seljakotil on suur keskne p\u00f5hisahtel&#8230;<\/p>\n","protected":false},"featured_media":0,"template":"","meta":[],"product_brand":[],"product_cat":[5392],"product_tag":[],"class_list":{"0":"post-1433735","1":"product","2":"type-product","3":"status-publish","5":"product_cat-logoga-seljakotid","6":"pa_brand-xd-collection","7":"pa_color-black-2","8":"pa_color-roheline","9":"pa_color-tumesinine","10":"pa_gender-uniseks","11":"pa_gender-unisex","14":"pa_material-rpetrpet","16":"first","17":"instock","18":"taxable","19":"shipping-taxable","20":"purchasable","21":"product-type-variable"},"acf":[],"yoast_head":"<!-- This site is optimized with the Yoast SEO plugin v26.0 - https:\/\/yoast.com\/wordpress\/plugins\/seo\/ -->\n<title>Impact AWARE\u2122 matkamisel seljakott 18 l - Kruze.ee<\/title>\n<meta name=\"robots\" content=\"index, follow, max-snippet:-1, max-image-preview:large, max-video-preview:-1\" \/>\n<link rel=\"canonical\" href=\"https:\/\/kruze.ee\/et\/toode\/impact-aware-matkamisel-seljakott-18-l\/\" \/>\n<meta property=\"og:locale\" content=\"et_EE\" \/>\n<meta property=\"og:type\" content=\"article\" \/>\n<meta property=\"og:title\" content=\"Impact AWARE\u2122 matkamisel seljakott 18 l - Kruze.ee\" \/>\n<meta property=\"og:description\" content=\"Impact AWARE\u2122 matkamiseks m\u00f5eldud seljakott sobib suurep\u00e4raselt nii igap\u00e4evasteks v\u00e4ljas\u00f5itudeks kui ka loodusseiklusteks. Seljakotil on suur keskne p\u00f5hisahtel...\" \/>\n<meta property=\"og:url\" content=\"https:\/\/kruze.ee\/et\/toode\/impact-aware-matkamisel-seljakott-18-l\/\" \/>\n<meta property=\"og:site_name\" content=\"Kruze.ee\" \/>\n<meta property=\"article:modified_time\" content=\"2026-03-16T21:57:20+00:00\" \/>\n<meta name=\"twitter:card\" content=\"summary_large_image\" \/>\n<script type=\"application\/ld+json\" class=\"yoast-schema-graph\">{\"@context\":\"https:\/\/schema.org\",\"@graph\":[{\"@type\":\"WebPage\",\"@id\":\"https:\/\/kruze.ee\/et\/toode\/impact-aware-matkamisel-seljakott-18-l\/\",\"url\":\"https:\/\/kruze.ee\/et\/toode\/impact-aware-matkamisel-seljakott-18-l\/\",\"name\":\"Impact AWARE\u2122 matkamisel seljakott 18 l - Kruze.ee\",\"isPartOf\":{\"@id\":\"https:\/\/kruze.ee\/et\/#website\"},\"datePublished\":\"2026-01-12T18:02:09+00:00\",\"dateModified\":\"2026-03-16T21:57:20+00:00\",\"breadcrumb\":{\"@id\":\"https:\/\/kruze.ee\/et\/toode\/impact-aware-matkamisel-seljakott-18-l\/#breadcrumb\"},\"inLanguage\":\"et\",\"potentialAction\":[{\"@type\":\"ReadAction\",\"target\":[\"https:\/\/kruze.ee\/et\/toode\/impact-aware-matkamisel-seljakott-18-l\/\"]}]},{\"@type\":\"BreadcrumbList\",\"@id\":\"https:\/\/kruze.ee\/et\/toode\/impact-aware-matkamisel-seljakott-18-l\/#breadcrumb\",\"itemListElement\":[{\"@type\":\"ListItem\",\"position\":1,\"name\":\"Home\",\"item\":\"https:\/\/kruze.ee\/et\/\"},{\"@type\":\"ListItem\",\"position\":2,\"name\":\"Tooted\",\"item\":\"https:\/\/kruze.ee\/et\/tooted\/\"},{\"@type\":\"ListItem\",\"position\":3,\"name\":\"Impact AWARE\u2122 matkamisel seljakott 18 l\"}]},{\"@type\":\"WebSite\",\"@id\":\"https:\/\/kruze.ee\/et\/#website\",\"url\":\"https:\/\/kruze.ee\/et\/\",\"name\":\"Kruze.ee\",\"description\":\"Reklaamkingitused, tr&uuml;kiga T-s&auml;rgid, fliisid, dressipluused, tekstiil, joped ja paljud teised logoga meened, &Auml;rikingitused sinu partnerile! Telli juba t&auml;na.\",\"potentialAction\":[{\"@type\":\"SearchAction\",\"target\":{\"@type\":\"EntryPoint\",\"urlTemplate\":\"https:\/\/kruze.ee\/et\/?s={search_term_string}\"},\"query-input\":{\"@type\":\"PropertyValueSpecification\",\"valueRequired\":true,\"valueName\":\"search_term_string\"}}],\"inLanguage\":\"et\"}]}<\/script>\n<!-- \/ Yoast SEO plugin. -->","yoast_head_json":{"title":"Impact AWARE\u2122 matkamisel seljakott 18 l - Kruze.ee","robots":{"index":"index","follow":"follow","max-snippet":"max-snippet:-1","max-image-preview":"max-image-preview:large","max-video-preview":"max-video-preview:-1"},"canonical":"https:\/\/kruze.ee\/et\/toode\/impact-aware-matkamisel-seljakott-18-l\/","og_locale":"et_EE","og_type":"article","og_title":"Impact AWARE\u2122 matkamisel seljakott 18 l - Kruze.ee","og_description":"Impact AWARE\u2122 matkamiseks m\u00f5eldud seljakott sobib suurep\u00e4raselt nii igap\u00e4evasteks v\u00e4ljas\u00f5itudeks kui ka loodusseiklusteks. Seljakotil on suur keskne p\u00f5hisahtel...","og_url":"https:\/\/kruze.ee\/et\/toode\/impact-aware-matkamisel-seljakott-18-l\/","og_site_name":"Kruze.ee","article_modified_time":"2026-03-16T21:57:20+00:00","twitter_card":"summary_large_image","schema":{"@context":"https:\/\/schema.org","@graph":[{"@type":"WebPage","@id":"https:\/\/kruze.ee\/et\/toode\/impact-aware-matkamisel-seljakott-18-l\/","url":"https:\/\/kruze.ee\/et\/toode\/impact-aware-matkamisel-seljakott-18-l\/","name":"Impact AWARE\u2122 matkamisel seljakott 18 l - Kruze.ee","isPartOf":{"@id":"https:\/\/kruze.ee\/et\/#website"},"datePublished":"2026-01-12T18:02:09+00:00","dateModified":"2026-03-16T21:57:20+00:00","breadcrumb":{"@id":"https:\/\/kruze.ee\/et\/toode\/impact-aware-matkamisel-seljakott-18-l\/#breadcrumb"},"inLanguage":"et","potentialAction":[{"@type":"ReadAction","target":["https:\/\/kruze.ee\/et\/toode\/impact-aware-matkamisel-seljakott-18-l\/"]}]},{"@type":"BreadcrumbList","@id":"https:\/\/kruze.ee\/et\/toode\/impact-aware-matkamisel-seljakott-18-l\/#breadcrumb","itemListElement":[{"@type":"ListItem","position":1,"name":"Home","item":"https:\/\/kruze.ee\/et\/"},{"@type":"ListItem","position":2,"name":"Tooted","item":"https:\/\/kruze.ee\/et\/tooted\/"},{"@type":"ListItem","position":3,"name":"Impact AWARE\u2122 matkamisel seljakott 18 l"}]},{"@type":"WebSite","@id":"https:\/\/kruze.ee\/et\/#website","url":"https:\/\/kruze.ee\/et\/","name":"Kruze.ee","description":"Reklaamkingitused, tr&uuml;kiga T-s&auml;rgid, fliisid, dressipluused, tekstiil, joped ja paljud teised logoga meened, &Auml;rikingitused sinu partnerile! Telli juba t&auml;na.","potentialAction":[{"@type":"SearchAction","target":{"@type":"EntryPoint","urlTemplate":"https:\/\/kruze.ee\/et\/?s={search_term_string}"},"query-input":{"@type":"PropertyValueSpecification","valueRequired":true,"valueName":"search_term_string"}}],"inLanguage":"et"}]}},"_links":{"self":[{"href":"https:\/\/kruze.ee\/et\/wp-json\/wp\/v2\/product\/1433735","targetHints":{"allow":["GET"]}}],"collection":[{"href":"https:\/\/kruze.ee\/et\/wp-json\/wp\/v2\/product"}],"about":[{"href":"https:\/\/kruze.ee\/et\/wp-json\/wp\/v2\/types\/product"}],"wp:attachment":[{"href":"https:\/\/kruze.ee\/et\/wp-json\/wp\/v2\/media?parent=1433735"}],"wp:term":[{"taxonomy":"product_brand","embeddable":true,"href":"https:\/\/kruze.ee\/et\/wp-json\/wp\/v2\/product_brand?post=1433735"},{"taxonomy":"product_cat","embeddable":true,"href":"https:\/\/kruze.ee\/et\/wp-json\/wp\/v2\/product_cat?post=1433735"},{"taxonomy":"product_tag","embeddable":true,"href":"https:\/\/kruze.ee\/et\/wp-json\/wp\/v2\/product_tag?post=1433735"}],"curies":[{"name":"wp","href":"https:\/\/api.w.org\/{rel}","templated":true}]}}