{"id":1433733,"date":"2026-01-12T21:02:03","date_gmt":"2026-01-12T18:02:03","guid":{"rendered":"https:\/\/kruze.ee\/product\/swiss-peak-aware-rpet-156-tolline-laiendatav-nadalavahetuse-seljakott\/"},"modified":"2026-03-17T00:57:19","modified_gmt":"2026-03-16T21:57:19","slug":"swiss-peak-aware-rpet-156-tolline-laiendatav-nadalavahetuse-seljakott","status":"publish","type":"product","link":"https:\/\/kruze.ee\/et\/toode\/swiss-peak-aware-rpet-156-tolline-laiendatav-nadalavahetuse-seljakott\/","title":{"rendered":"Swiss Peak AWARE\u2122 RPET 15,6-tolline laiendatav n\u00e4dalavahetuse seljakott"},"content":{"rendered":"<p>Swiss Peak AWARE\u2122 RPET 15,6-tolline laiendatav n\u00e4dalavahetuse seljakott mahutab 15,6-tollise s\u00fclearvuti spetsiaalsesse sahtlisse, mis on loodud kiireks ja lihtsaks lennujaama turvakontrolliks. Laiendatav p\u00f5hisahtel suurendab koti mahtu enam kui 35%, muutes selle sobivaks ka pikemateks reisideks. K\u00fclgmised kompressioonirihmad hoiavad sisu kindlalt paigal ja muudavad kandmise mugavaks. Nutikad organiseerimistaskud sobivad laadijate, kaablite ja muude vajalike tarvikute hoidmiseks. Varustatud pagasikohvri kinnitusaasaga. AWARE\u2122 j\u00e4lgimistehnoloogia kinnitab taaskasutatud materjalide ehtsat kasutust \u2013 iga kott on valmistatud 38,4 taaskasutatud 0,5-liitrisest PET-pudelist. 2% iga Impact-sarja toote m\u00fc\u00fcgitulust annetatakse organisatsioonile Water.org. PVC-vaba.<\/p>\n","protected":false},"excerpt":{"rendered":"<p>Swiss Peak AWARE\u2122 RPET 15,6-tolline laiendatav n\u00e4dalavahetuse seljakott mahutab 15,6-tollise s\u00fclearvuti spetsiaalsesse sahtlisse, mis on loodud kiireks ja&#8230;<\/p>\n","protected":false},"featured_media":0,"template":"","meta":[],"product_brand":[],"product_cat":[5392],"product_tag":[],"class_list":{"0":"post-1433733","1":"product","2":"type-product","3":"status-publish","5":"product_cat-logoga-seljakotid","6":"pa_gender-uniseks","7":"pa_gender-unisex","11":"first","12":"instock","13":"purchasable","14":"product-type-simple"},"acf":[],"yoast_head":"<!-- This site is optimized with the Yoast SEO plugin v26.0 - https:\/\/yoast.com\/wordpress\/plugins\/seo\/ -->\n<title>Swiss Peak AWARE\u2122 RPET 15,6-tolline laiendatav n\u00e4dalavahetuse seljakott - Kruze.ee<\/title>\n<meta name=\"robots\" content=\"index, follow, max-snippet:-1, max-image-preview:large, max-video-preview:-1\" \/>\n<link rel=\"canonical\" href=\"https:\/\/kruze.ee\/et\/toode\/swiss-peak-aware-rpet-156-tolline-laiendatav-nadalavahetuse-seljakott\/\" \/>\n<meta property=\"og:locale\" content=\"et_EE\" \/>\n<meta property=\"og:type\" content=\"article\" \/>\n<meta property=\"og:title\" content=\"Swiss Peak AWARE\u2122 RPET 15,6-tolline laiendatav n\u00e4dalavahetuse seljakott - Kruze.ee\" \/>\n<meta property=\"og:description\" content=\"Swiss Peak AWARE\u2122 RPET 15,6-tolline laiendatav n\u00e4dalavahetuse seljakott mahutab 15,6-tollise s\u00fclearvuti spetsiaalsesse sahtlisse, mis on loodud kiireks ja...\" \/>\n<meta property=\"og:url\" content=\"https:\/\/kruze.ee\/et\/toode\/swiss-peak-aware-rpet-156-tolline-laiendatav-nadalavahetuse-seljakott\/\" \/>\n<meta property=\"og:site_name\" content=\"Kruze.ee\" \/>\n<meta property=\"article:modified_time\" content=\"2026-03-16T21:57:19+00:00\" \/>\n<meta name=\"twitter:card\" content=\"summary_large_image\" \/>\n<script type=\"application\/ld+json\" class=\"yoast-schema-graph\">{\"@context\":\"https:\/\/schema.org\",\"@graph\":[{\"@type\":\"WebPage\",\"@id\":\"https:\/\/kruze.ee\/et\/toode\/swiss-peak-aware-rpet-156-tolline-laiendatav-nadalavahetuse-seljakott\/\",\"url\":\"https:\/\/kruze.ee\/et\/toode\/swiss-peak-aware-rpet-156-tolline-laiendatav-nadalavahetuse-seljakott\/\",\"name\":\"Swiss Peak AWARE\u2122 RPET 15,6-tolline laiendatav n\u00e4dalavahetuse seljakott - Kruze.ee\",\"isPartOf\":{\"@id\":\"https:\/\/kruze.ee\/et\/#website\"},\"datePublished\":\"2026-01-12T18:02:03+00:00\",\"dateModified\":\"2026-03-16T21:57:19+00:00\",\"breadcrumb\":{\"@id\":\"https:\/\/kruze.ee\/et\/toode\/swiss-peak-aware-rpet-156-tolline-laiendatav-nadalavahetuse-seljakott\/#breadcrumb\"},\"inLanguage\":\"et\",\"potentialAction\":[{\"@type\":\"ReadAction\",\"target\":[\"https:\/\/kruze.ee\/et\/toode\/swiss-peak-aware-rpet-156-tolline-laiendatav-nadalavahetuse-seljakott\/\"]}]},{\"@type\":\"BreadcrumbList\",\"@id\":\"https:\/\/kruze.ee\/et\/toode\/swiss-peak-aware-rpet-156-tolline-laiendatav-nadalavahetuse-seljakott\/#breadcrumb\",\"itemListElement\":[{\"@type\":\"ListItem\",\"position\":1,\"name\":\"Home\",\"item\":\"https:\/\/kruze.ee\/et\/\"},{\"@type\":\"ListItem\",\"position\":2,\"name\":\"Tooted\",\"item\":\"https:\/\/kruze.ee\/et\/tooted\/\"},{\"@type\":\"ListItem\",\"position\":3,\"name\":\"Swiss Peak AWARE\u2122 RPET 15,6-tolline laiendatav n\u00e4dalavahetuse seljakott\"}]},{\"@type\":\"WebSite\",\"@id\":\"https:\/\/kruze.ee\/et\/#website\",\"url\":\"https:\/\/kruze.ee\/et\/\",\"name\":\"Kruze.ee\",\"description\":\"Reklaamkingitused, tr&uuml;kiga T-s&auml;rgid, fliisid, dressipluused, tekstiil, joped ja paljud teised logoga meened, &Auml;rikingitused sinu partnerile! Telli juba t&auml;na.\",\"potentialAction\":[{\"@type\":\"SearchAction\",\"target\":{\"@type\":\"EntryPoint\",\"urlTemplate\":\"https:\/\/kruze.ee\/et\/?s={search_term_string}\"},\"query-input\":{\"@type\":\"PropertyValueSpecification\",\"valueRequired\":true,\"valueName\":\"search_term_string\"}}],\"inLanguage\":\"et\"}]}<\/script>\n<!-- \/ Yoast SEO plugin. -->","yoast_head_json":{"title":"Swiss Peak AWARE\u2122 RPET 15,6-tolline laiendatav n\u00e4dalavahetuse seljakott - Kruze.ee","robots":{"index":"index","follow":"follow","max-snippet":"max-snippet:-1","max-image-preview":"max-image-preview:large","max-video-preview":"max-video-preview:-1"},"canonical":"https:\/\/kruze.ee\/et\/toode\/swiss-peak-aware-rpet-156-tolline-laiendatav-nadalavahetuse-seljakott\/","og_locale":"et_EE","og_type":"article","og_title":"Swiss Peak AWARE\u2122 RPET 15,6-tolline laiendatav n\u00e4dalavahetuse seljakott - Kruze.ee","og_description":"Swiss Peak AWARE\u2122 RPET 15,6-tolline laiendatav n\u00e4dalavahetuse seljakott mahutab 15,6-tollise s\u00fclearvuti spetsiaalsesse sahtlisse, mis on loodud kiireks ja...","og_url":"https:\/\/kruze.ee\/et\/toode\/swiss-peak-aware-rpet-156-tolline-laiendatav-nadalavahetuse-seljakott\/","og_site_name":"Kruze.ee","article_modified_time":"2026-03-16T21:57:19+00:00","twitter_card":"summary_large_image","schema":{"@context":"https:\/\/schema.org","@graph":[{"@type":"WebPage","@id":"https:\/\/kruze.ee\/et\/toode\/swiss-peak-aware-rpet-156-tolline-laiendatav-nadalavahetuse-seljakott\/","url":"https:\/\/kruze.ee\/et\/toode\/swiss-peak-aware-rpet-156-tolline-laiendatav-nadalavahetuse-seljakott\/","name":"Swiss Peak AWARE\u2122 RPET 15,6-tolline laiendatav n\u00e4dalavahetuse seljakott - Kruze.ee","isPartOf":{"@id":"https:\/\/kruze.ee\/et\/#website"},"datePublished":"2026-01-12T18:02:03+00:00","dateModified":"2026-03-16T21:57:19+00:00","breadcrumb":{"@id":"https:\/\/kruze.ee\/et\/toode\/swiss-peak-aware-rpet-156-tolline-laiendatav-nadalavahetuse-seljakott\/#breadcrumb"},"inLanguage":"et","potentialAction":[{"@type":"ReadAction","target":["https:\/\/kruze.ee\/et\/toode\/swiss-peak-aware-rpet-156-tolline-laiendatav-nadalavahetuse-seljakott\/"]}]},{"@type":"BreadcrumbList","@id":"https:\/\/kruze.ee\/et\/toode\/swiss-peak-aware-rpet-156-tolline-laiendatav-nadalavahetuse-seljakott\/#breadcrumb","itemListElement":[{"@type":"ListItem","position":1,"name":"Home","item":"https:\/\/kruze.ee\/et\/"},{"@type":"ListItem","position":2,"name":"Tooted","item":"https:\/\/kruze.ee\/et\/tooted\/"},{"@type":"ListItem","position":3,"name":"Swiss Peak AWARE\u2122 RPET 15,6-tolline laiendatav n\u00e4dalavahetuse seljakott"}]},{"@type":"WebSite","@id":"https:\/\/kruze.ee\/et\/#website","url":"https:\/\/kruze.ee\/et\/","name":"Kruze.ee","description":"Reklaamkingitused, tr&uuml;kiga T-s&auml;rgid, fliisid, dressipluused, tekstiil, joped ja paljud teised logoga meened, &Auml;rikingitused sinu partnerile! Telli juba t&auml;na.","potentialAction":[{"@type":"SearchAction","target":{"@type":"EntryPoint","urlTemplate":"https:\/\/kruze.ee\/et\/?s={search_term_string}"},"query-input":{"@type":"PropertyValueSpecification","valueRequired":true,"valueName":"search_term_string"}}],"inLanguage":"et"}]}},"_links":{"self":[{"href":"https:\/\/kruze.ee\/et\/wp-json\/wp\/v2\/product\/1433733","targetHints":{"allow":["GET"]}}],"collection":[{"href":"https:\/\/kruze.ee\/et\/wp-json\/wp\/v2\/product"}],"about":[{"href":"https:\/\/kruze.ee\/et\/wp-json\/wp\/v2\/types\/product"}],"wp:attachment":[{"href":"https:\/\/kruze.ee\/et\/wp-json\/wp\/v2\/media?parent=1433733"}],"wp:term":[{"taxonomy":"product_brand","embeddable":true,"href":"https:\/\/kruze.ee\/et\/wp-json\/wp\/v2\/product_brand?post=1433733"},{"taxonomy":"product_cat","embeddable":true,"href":"https:\/\/kruze.ee\/et\/wp-json\/wp\/v2\/product_cat?post=1433733"},{"taxonomy":"product_tag","embeddable":true,"href":"https:\/\/kruze.ee\/et\/wp-json\/wp\/v2\/product_tag?post=1433733"}],"curies":[{"name":"wp","href":"https:\/\/api.w.org\/{rel}","templated":true}]}}