{"id":1433725,"date":"2026-01-12T21:01:49","date_gmt":"2026-01-12T18:01:49","guid":{"rendered":"https:\/\/kruze.ee\/product\/impact-aware-rpet-varguskindel-seljakott\/"},"modified":"2026-03-17T00:57:17","modified_gmt":"2026-03-16T21:57:17","slug":"impact-aware-rpet-varguskindel-seljakott","status":"publish","type":"product","link":"https:\/\/kruze.ee\/et\/toode\/impact-aware-rpet-varguskindel-seljakott\/","title":{"rendered":"Impact AWARE\u2122 RPET varguskindel seljakott"},"content":{"rendered":"<p>Mine kooli v\u00f5i t\u00f6\u00f6le, kandes k\u00f5ik oma igap\u00e4evased vajalikud esemed turvaliselt selles Impact AWARE\u2122 RPET varguskindlas seljakotis. Seljakotil on polsterdatud 15,6-tolline s\u00fclearvutitasku. See kerge ja vastupidav seljakott on kompaktse ja minimalistliku disainiga. Sees asub \u00fcks RFID-kaitsega vahetasku. Tagak\u00fcljel on pagasikohvri kinnitusaas. V\u00e4limine materjal on valmistatud 300D taaskasutatud pol\u00fcestrist ja vooder 150D taaskasutatud pol\u00fcestrist. AWARE\u2122 j\u00e4lgimistehnoloogia kinnitab taaskasutatud materjalide ehtsat kasutust \u2013 iga kott on valmistatud 19,9 taaskasutatud 0,5-liitrisest PET-pudelist. 2% iga Impact-sarja toote m\u00fc\u00fcgitulust annetatakse organisatsioonile Water.org. PVC-vaba.<\/p>\n","protected":false},"excerpt":{"rendered":"<p>Mine kooli v\u00f5i t\u00f6\u00f6le, kandes k\u00f5ik oma igap\u00e4evased vajalikud esemed turvaliselt selles Impact AWARE\u2122 RPET varguskindlas seljakotis. Seljakotil on polsterdatud&#8230;<\/p>\n","protected":false},"featured_media":0,"template":"","meta":[],"product_brand":[],"product_cat":[5392],"product_tag":[],"class_list":{"0":"post-1433725","1":"product","2":"type-product","3":"status-publish","5":"product_cat-logoga-seljakotid","6":"pa_brand-xd-collection","7":"pa_color-black-2","8":"pa_color-tumesinine","9":"pa_gender-uniseks","10":"pa_gender-unisex","13":"pa_material-rpetrpet","15":"first","16":"instock","17":"taxable","18":"shipping-taxable","19":"purchasable","20":"product-type-variable"},"acf":[],"yoast_head":"<!-- This site is optimized with the Yoast SEO plugin v26.0 - https:\/\/yoast.com\/wordpress\/plugins\/seo\/ -->\n<title>Impact AWARE\u2122 RPET varguskindel seljakott - Kruze.ee<\/title>\n<meta name=\"robots\" content=\"index, follow, max-snippet:-1, max-image-preview:large, max-video-preview:-1\" \/>\n<link rel=\"canonical\" href=\"https:\/\/kruze.ee\/et\/toode\/impact-aware-rpet-varguskindel-seljakott\/\" \/>\n<meta property=\"og:locale\" content=\"et_EE\" \/>\n<meta property=\"og:type\" content=\"article\" \/>\n<meta property=\"og:title\" content=\"Impact AWARE\u2122 RPET varguskindel seljakott - Kruze.ee\" \/>\n<meta property=\"og:description\" content=\"Mine kooli v\u00f5i t\u00f6\u00f6le, kandes k\u00f5ik oma igap\u00e4evased vajalikud esemed turvaliselt selles Impact AWARE\u2122 RPET varguskindlas seljakotis. Seljakotil on polsterdatud...\" \/>\n<meta property=\"og:url\" content=\"https:\/\/kruze.ee\/et\/toode\/impact-aware-rpet-varguskindel-seljakott\/\" \/>\n<meta property=\"og:site_name\" content=\"Kruze.ee\" \/>\n<meta property=\"article:modified_time\" content=\"2026-03-16T21:57:17+00:00\" \/>\n<meta name=\"twitter:card\" content=\"summary_large_image\" \/>\n<script type=\"application\/ld+json\" class=\"yoast-schema-graph\">{\"@context\":\"https:\/\/schema.org\",\"@graph\":[{\"@type\":\"WebPage\",\"@id\":\"https:\/\/kruze.ee\/et\/toode\/impact-aware-rpet-varguskindel-seljakott\/\",\"url\":\"https:\/\/kruze.ee\/et\/toode\/impact-aware-rpet-varguskindel-seljakott\/\",\"name\":\"Impact AWARE\u2122 RPET varguskindel seljakott - Kruze.ee\",\"isPartOf\":{\"@id\":\"https:\/\/kruze.ee\/et\/#website\"},\"datePublished\":\"2026-01-12T18:01:49+00:00\",\"dateModified\":\"2026-03-16T21:57:17+00:00\",\"breadcrumb\":{\"@id\":\"https:\/\/kruze.ee\/et\/toode\/impact-aware-rpet-varguskindel-seljakott\/#breadcrumb\"},\"inLanguage\":\"et\",\"potentialAction\":[{\"@type\":\"ReadAction\",\"target\":[\"https:\/\/kruze.ee\/et\/toode\/impact-aware-rpet-varguskindel-seljakott\/\"]}]},{\"@type\":\"BreadcrumbList\",\"@id\":\"https:\/\/kruze.ee\/et\/toode\/impact-aware-rpet-varguskindel-seljakott\/#breadcrumb\",\"itemListElement\":[{\"@type\":\"ListItem\",\"position\":1,\"name\":\"Home\",\"item\":\"https:\/\/kruze.ee\/et\/\"},{\"@type\":\"ListItem\",\"position\":2,\"name\":\"Tooted\",\"item\":\"https:\/\/kruze.ee\/et\/tooted\/\"},{\"@type\":\"ListItem\",\"position\":3,\"name\":\"Impact AWARE\u2122 RPET varguskindel seljakott\"}]},{\"@type\":\"WebSite\",\"@id\":\"https:\/\/kruze.ee\/et\/#website\",\"url\":\"https:\/\/kruze.ee\/et\/\",\"name\":\"Kruze.ee\",\"description\":\"Reklaamkingitused, tr&uuml;kiga T-s&auml;rgid, fliisid, dressipluused, tekstiil, joped ja paljud teised logoga meened, &Auml;rikingitused sinu partnerile! Telli juba t&auml;na.\",\"potentialAction\":[{\"@type\":\"SearchAction\",\"target\":{\"@type\":\"EntryPoint\",\"urlTemplate\":\"https:\/\/kruze.ee\/et\/?s={search_term_string}\"},\"query-input\":{\"@type\":\"PropertyValueSpecification\",\"valueRequired\":true,\"valueName\":\"search_term_string\"}}],\"inLanguage\":\"et\"}]}<\/script>\n<!-- \/ Yoast SEO plugin. -->","yoast_head_json":{"title":"Impact AWARE\u2122 RPET varguskindel seljakott - Kruze.ee","robots":{"index":"index","follow":"follow","max-snippet":"max-snippet:-1","max-image-preview":"max-image-preview:large","max-video-preview":"max-video-preview:-1"},"canonical":"https:\/\/kruze.ee\/et\/toode\/impact-aware-rpet-varguskindel-seljakott\/","og_locale":"et_EE","og_type":"article","og_title":"Impact AWARE\u2122 RPET varguskindel seljakott - Kruze.ee","og_description":"Mine kooli v\u00f5i t\u00f6\u00f6le, kandes k\u00f5ik oma igap\u00e4evased vajalikud esemed turvaliselt selles Impact AWARE\u2122 RPET varguskindlas seljakotis. Seljakotil on polsterdatud...","og_url":"https:\/\/kruze.ee\/et\/toode\/impact-aware-rpet-varguskindel-seljakott\/","og_site_name":"Kruze.ee","article_modified_time":"2026-03-16T21:57:17+00:00","twitter_card":"summary_large_image","schema":{"@context":"https:\/\/schema.org","@graph":[{"@type":"WebPage","@id":"https:\/\/kruze.ee\/et\/toode\/impact-aware-rpet-varguskindel-seljakott\/","url":"https:\/\/kruze.ee\/et\/toode\/impact-aware-rpet-varguskindel-seljakott\/","name":"Impact AWARE\u2122 RPET varguskindel seljakott - Kruze.ee","isPartOf":{"@id":"https:\/\/kruze.ee\/et\/#website"},"datePublished":"2026-01-12T18:01:49+00:00","dateModified":"2026-03-16T21:57:17+00:00","breadcrumb":{"@id":"https:\/\/kruze.ee\/et\/toode\/impact-aware-rpet-varguskindel-seljakott\/#breadcrumb"},"inLanguage":"et","potentialAction":[{"@type":"ReadAction","target":["https:\/\/kruze.ee\/et\/toode\/impact-aware-rpet-varguskindel-seljakott\/"]}]},{"@type":"BreadcrumbList","@id":"https:\/\/kruze.ee\/et\/toode\/impact-aware-rpet-varguskindel-seljakott\/#breadcrumb","itemListElement":[{"@type":"ListItem","position":1,"name":"Home","item":"https:\/\/kruze.ee\/et\/"},{"@type":"ListItem","position":2,"name":"Tooted","item":"https:\/\/kruze.ee\/et\/tooted\/"},{"@type":"ListItem","position":3,"name":"Impact AWARE\u2122 RPET varguskindel seljakott"}]},{"@type":"WebSite","@id":"https:\/\/kruze.ee\/et\/#website","url":"https:\/\/kruze.ee\/et\/","name":"Kruze.ee","description":"Reklaamkingitused, tr&uuml;kiga T-s&auml;rgid, fliisid, dressipluused, tekstiil, joped ja paljud teised logoga meened, &Auml;rikingitused sinu partnerile! Telli juba t&auml;na.","potentialAction":[{"@type":"SearchAction","target":{"@type":"EntryPoint","urlTemplate":"https:\/\/kruze.ee\/et\/?s={search_term_string}"},"query-input":{"@type":"PropertyValueSpecification","valueRequired":true,"valueName":"search_term_string"}}],"inLanguage":"et"}]}},"_links":{"self":[{"href":"https:\/\/kruze.ee\/et\/wp-json\/wp\/v2\/product\/1433725","targetHints":{"allow":["GET"]}}],"collection":[{"href":"https:\/\/kruze.ee\/et\/wp-json\/wp\/v2\/product"}],"about":[{"href":"https:\/\/kruze.ee\/et\/wp-json\/wp\/v2\/types\/product"}],"wp:attachment":[{"href":"https:\/\/kruze.ee\/et\/wp-json\/wp\/v2\/media?parent=1433725"}],"wp:term":[{"taxonomy":"product_brand","embeddable":true,"href":"https:\/\/kruze.ee\/et\/wp-json\/wp\/v2\/product_brand?post=1433725"},{"taxonomy":"product_cat","embeddable":true,"href":"https:\/\/kruze.ee\/et\/wp-json\/wp\/v2\/product_cat?post=1433725"},{"taxonomy":"product_tag","embeddable":true,"href":"https:\/\/kruze.ee\/et\/wp-json\/wp\/v2\/product_tag?post=1433725"}],"curies":[{"name":"wp","href":"https:\/\/api.w.org\/{rel}","templated":true}]}}