{"id":1433719,"date":"2026-01-12T21:01:42","date_gmt":"2026-01-12T18:01:42","guid":{"rendered":"https:\/\/kruze.ee\/product\/impact-aware-rpet-kerge-rolltop-seljakott\/"},"modified":"2026-03-17T00:57:16","modified_gmt":"2026-03-16T21:57:16","slug":"impact-aware-rpet-kerge-rolltop-seljakott","status":"publish","type":"product","link":"https:\/\/kruze.ee\/et\/toode\/impact-aware-rpet-kerge-rolltop-seljakott\/","title":{"rendered":"Impact AWARE\u2122 RPET kerge rolltop-seljakott"},"content":{"rendered":"<p>See Impact 300D RPET rolltop-seljakott on valmistatud AWARE\u2122 j\u00e4lgimistehnoloogiaga. AWARE\u2122 tagab taaskasutatud kangamaterjalide ehtsa kasutuse ning vees\u00e4\u00e4stu m\u00f5juv\u00e4ited, kasutades innovaatilist f\u00fc\u00fcsilist m\u00e4rgistust ja plokiahela tehnoloogiat. S\u00e4\u00e4sta vett ja kasuta t\u00f5eliselt taaskasutatud kangaid. Veeteemalise fookuse raames annetatakse 2% iga Impact-sarja toote m\u00fc\u00fcgitulust organisatsioonile Water.org. Hoia oma stiil lihtne ja elegantne selle rolltop-seljakotiga, mis on ideaalse suurusega k\u00f5igi igap\u00e4evaste vajalike esemete jaoks. Seljakott on valmistatud 11,6 taaskasutatud 500 ml PET-pudelist. Vees\u00e4\u00e4stu arvestus p\u00f5hineb v\u00f5rdlusel tavap\u00e4raste kiududega ning on kalkuleeritud usaldusv\u00e4\u00e4rsete LCA-andmete alusel, nagu avaldatud Textile Exchange\u2019i poolt.<\/p>\n","protected":false},"excerpt":{"rendered":"<p>See Impact 300D RPET rolltop-seljakott on valmistatud AWARE\u2122 j\u00e4lgimistehnoloogiaga. AWARE\u2122 tagab taaskasutatud kangamaterjalide ehtsa kasutuse ning vees\u00e4\u00e4stu&#8230;<\/p>\n","protected":false},"featured_media":0,"template":"","meta":[],"product_brand":[],"product_cat":[5392],"product_tag":[],"class_list":{"0":"post-1433719","1":"product","2":"type-product","3":"status-publish","5":"product_cat-logoga-seljakotid","6":"pa_brand-xd-collection","7":"pa_color-antratsiit","8":"pa_color-black-2","9":"pa_color-tumesinine","10":"pa_gender-uniseks","11":"pa_gender-unisex","14":"pa_material-rpet","16":"first","17":"instock","18":"taxable","19":"shipping-taxable","20":"purchasable","21":"product-type-variable"},"acf":[],"yoast_head":"<!-- This site is optimized with the Yoast SEO plugin v26.0 - https:\/\/yoast.com\/wordpress\/plugins\/seo\/ -->\n<title>Impact AWARE\u2122 RPET kerge rolltop-seljakott - Kruze.ee<\/title>\n<meta name=\"robots\" content=\"index, follow, max-snippet:-1, max-image-preview:large, max-video-preview:-1\" \/>\n<link rel=\"canonical\" href=\"https:\/\/kruze.ee\/et\/toode\/impact-aware-rpet-kerge-rolltop-seljakott\/\" \/>\n<meta property=\"og:locale\" content=\"et_EE\" \/>\n<meta property=\"og:type\" content=\"article\" \/>\n<meta property=\"og:title\" content=\"Impact AWARE\u2122 RPET kerge rolltop-seljakott - Kruze.ee\" \/>\n<meta property=\"og:description\" content=\"See Impact 300D RPET rolltop-seljakott on valmistatud AWARE\u2122 j\u00e4lgimistehnoloogiaga. AWARE\u2122 tagab taaskasutatud kangamaterjalide ehtsa kasutuse ning vees\u00e4\u00e4stu...\" \/>\n<meta property=\"og:url\" content=\"https:\/\/kruze.ee\/et\/toode\/impact-aware-rpet-kerge-rolltop-seljakott\/\" \/>\n<meta property=\"og:site_name\" content=\"Kruze.ee\" \/>\n<meta property=\"article:modified_time\" content=\"2026-03-16T21:57:16+00:00\" \/>\n<meta name=\"twitter:card\" content=\"summary_large_image\" \/>\n<meta name=\"twitter:label1\" content=\"Est. reading time\" \/>\n\t<meta name=\"twitter:data1\" content=\"1 minut\" \/>\n<script type=\"application\/ld+json\" class=\"yoast-schema-graph\">{\"@context\":\"https:\/\/schema.org\",\"@graph\":[{\"@type\":\"WebPage\",\"@id\":\"https:\/\/kruze.ee\/et\/toode\/impact-aware-rpet-kerge-rolltop-seljakott\/\",\"url\":\"https:\/\/kruze.ee\/et\/toode\/impact-aware-rpet-kerge-rolltop-seljakott\/\",\"name\":\"Impact AWARE\u2122 RPET kerge rolltop-seljakott - Kruze.ee\",\"isPartOf\":{\"@id\":\"https:\/\/kruze.ee\/et\/#website\"},\"datePublished\":\"2026-01-12T18:01:42+00:00\",\"dateModified\":\"2026-03-16T21:57:16+00:00\",\"breadcrumb\":{\"@id\":\"https:\/\/kruze.ee\/et\/toode\/impact-aware-rpet-kerge-rolltop-seljakott\/#breadcrumb\"},\"inLanguage\":\"et\",\"potentialAction\":[{\"@type\":\"ReadAction\",\"target\":[\"https:\/\/kruze.ee\/et\/toode\/impact-aware-rpet-kerge-rolltop-seljakott\/\"]}]},{\"@type\":\"BreadcrumbList\",\"@id\":\"https:\/\/kruze.ee\/et\/toode\/impact-aware-rpet-kerge-rolltop-seljakott\/#breadcrumb\",\"itemListElement\":[{\"@type\":\"ListItem\",\"position\":1,\"name\":\"Home\",\"item\":\"https:\/\/kruze.ee\/et\/\"},{\"@type\":\"ListItem\",\"position\":2,\"name\":\"Tooted\",\"item\":\"https:\/\/kruze.ee\/et\/tooted\/\"},{\"@type\":\"ListItem\",\"position\":3,\"name\":\"Impact AWARE\u2122 RPET kerge rolltop-seljakott\"}]},{\"@type\":\"WebSite\",\"@id\":\"https:\/\/kruze.ee\/et\/#website\",\"url\":\"https:\/\/kruze.ee\/et\/\",\"name\":\"Kruze.ee\",\"description\":\"Reklaamkingitused, tr&uuml;kiga T-s&auml;rgid, fliisid, dressipluused, tekstiil, joped ja paljud teised logoga meened, &Auml;rikingitused sinu partnerile! Telli juba t&auml;na.\",\"potentialAction\":[{\"@type\":\"SearchAction\",\"target\":{\"@type\":\"EntryPoint\",\"urlTemplate\":\"https:\/\/kruze.ee\/et\/?s={search_term_string}\"},\"query-input\":{\"@type\":\"PropertyValueSpecification\",\"valueRequired\":true,\"valueName\":\"search_term_string\"}}],\"inLanguage\":\"et\"}]}<\/script>\n<!-- \/ Yoast SEO plugin. -->","yoast_head_json":{"title":"Impact AWARE\u2122 RPET kerge rolltop-seljakott - Kruze.ee","robots":{"index":"index","follow":"follow","max-snippet":"max-snippet:-1","max-image-preview":"max-image-preview:large","max-video-preview":"max-video-preview:-1"},"canonical":"https:\/\/kruze.ee\/et\/toode\/impact-aware-rpet-kerge-rolltop-seljakott\/","og_locale":"et_EE","og_type":"article","og_title":"Impact AWARE\u2122 RPET kerge rolltop-seljakott - Kruze.ee","og_description":"See Impact 300D RPET rolltop-seljakott on valmistatud AWARE\u2122 j\u00e4lgimistehnoloogiaga. AWARE\u2122 tagab taaskasutatud kangamaterjalide ehtsa kasutuse ning vees\u00e4\u00e4stu...","og_url":"https:\/\/kruze.ee\/et\/toode\/impact-aware-rpet-kerge-rolltop-seljakott\/","og_site_name":"Kruze.ee","article_modified_time":"2026-03-16T21:57:16+00:00","twitter_card":"summary_large_image","twitter_misc":{"Est. reading time":"1 minut"},"schema":{"@context":"https:\/\/schema.org","@graph":[{"@type":"WebPage","@id":"https:\/\/kruze.ee\/et\/toode\/impact-aware-rpet-kerge-rolltop-seljakott\/","url":"https:\/\/kruze.ee\/et\/toode\/impact-aware-rpet-kerge-rolltop-seljakott\/","name":"Impact AWARE\u2122 RPET kerge rolltop-seljakott - Kruze.ee","isPartOf":{"@id":"https:\/\/kruze.ee\/et\/#website"},"datePublished":"2026-01-12T18:01:42+00:00","dateModified":"2026-03-16T21:57:16+00:00","breadcrumb":{"@id":"https:\/\/kruze.ee\/et\/toode\/impact-aware-rpet-kerge-rolltop-seljakott\/#breadcrumb"},"inLanguage":"et","potentialAction":[{"@type":"ReadAction","target":["https:\/\/kruze.ee\/et\/toode\/impact-aware-rpet-kerge-rolltop-seljakott\/"]}]},{"@type":"BreadcrumbList","@id":"https:\/\/kruze.ee\/et\/toode\/impact-aware-rpet-kerge-rolltop-seljakott\/#breadcrumb","itemListElement":[{"@type":"ListItem","position":1,"name":"Home","item":"https:\/\/kruze.ee\/et\/"},{"@type":"ListItem","position":2,"name":"Tooted","item":"https:\/\/kruze.ee\/et\/tooted\/"},{"@type":"ListItem","position":3,"name":"Impact AWARE\u2122 RPET kerge rolltop-seljakott"}]},{"@type":"WebSite","@id":"https:\/\/kruze.ee\/et\/#website","url":"https:\/\/kruze.ee\/et\/","name":"Kruze.ee","description":"Reklaamkingitused, tr&uuml;kiga T-s&auml;rgid, fliisid, dressipluused, tekstiil, joped ja paljud teised logoga meened, &Auml;rikingitused sinu partnerile! Telli juba t&auml;na.","potentialAction":[{"@type":"SearchAction","target":{"@type":"EntryPoint","urlTemplate":"https:\/\/kruze.ee\/et\/?s={search_term_string}"},"query-input":{"@type":"PropertyValueSpecification","valueRequired":true,"valueName":"search_term_string"}}],"inLanguage":"et"}]}},"_links":{"self":[{"href":"https:\/\/kruze.ee\/et\/wp-json\/wp\/v2\/product\/1433719","targetHints":{"allow":["GET"]}}],"collection":[{"href":"https:\/\/kruze.ee\/et\/wp-json\/wp\/v2\/product"}],"about":[{"href":"https:\/\/kruze.ee\/et\/wp-json\/wp\/v2\/types\/product"}],"wp:attachment":[{"href":"https:\/\/kruze.ee\/et\/wp-json\/wp\/v2\/media?parent=1433719"}],"wp:term":[{"taxonomy":"product_brand","embeddable":true,"href":"https:\/\/kruze.ee\/et\/wp-json\/wp\/v2\/product_brand?post=1433719"},{"taxonomy":"product_cat","embeddable":true,"href":"https:\/\/kruze.ee\/et\/wp-json\/wp\/v2\/product_cat?post=1433719"},{"taxonomy":"product_tag","embeddable":true,"href":"https:\/\/kruze.ee\/et\/wp-json\/wp\/v2\/product_tag?post=1433719"}],"curies":[{"name":"wp","href":"https:\/\/api.w.org\/{rel}","templated":true}]}}