{"id":1433709,"date":"2026-01-12T20:59:55","date_gmt":"2026-01-12T17:59:55","guid":{"rendered":"https:\/\/kruze.ee\/product\/pu-korge-nahtavusega-lihtsa-ligipaasuga-156-tolline-sulearvuti-seljakott\/"},"modified":"2026-03-17T00:57:13","modified_gmt":"2026-03-16T21:57:13","slug":"pu-korge-nahtavusega-lihtsa-ligipaasuga-156-tolline-sulearvuti-seljakott","status":"publish","type":"product","link":"https:\/\/kruze.ee\/et\/toode\/pu-korge-nahtavusega-lihtsa-ligipaasuga-156-tolline-sulearvuti-seljakott\/","title":{"rendered":"PU k\u00f5rge n\u00e4htavusega lihtsa ligip\u00e4\u00e4suga 15,6-tolline s\u00fclearvuti seljakott"},"content":{"rendered":"<p>See k\u00f5rge n\u00e4htavusega ja lihtsa ligip\u00e4\u00e4suga s\u00fclearvuti seljakott on ideaalne igap\u00e4evaseks kasutamiseks ning pakub t\u00e4nu suurele helkivast materjalist pinnale lisaturvalisust pimedal ajal, tagades hea n\u00e4htavuse liikluses. Seljakott pakub piisavalt ruumi nii p\u00e4evaseks kasutuseks kui ka k\u00e4sipagasiks. Mahukas p\u00f5hisahtel sisaldab 15,6-tollist s\u00fclearvutitaskut ning v\u00e4ikest taskut telefoni v\u00f5i v\u00f5tmete kiireks k\u00e4ttesaamiseks. Suur lukuga avaus v\u00f5imaldab koti sisu kiire \u00fclevaate \u00fche pilguga. Veekindel. Helkivus on testitud vastavalt standarditele.<\/p>\n","protected":false},"excerpt":{"rendered":"<p>See k\u00f5rge n\u00e4htavusega ja lihtsa ligip\u00e4\u00e4suga s\u00fclearvuti seljakott on ideaalne igap\u00e4evaseks kasutamiseks ning pakub t\u00e4nu suurele helkivast materjalist pinnale&#8230;<\/p>\n","protected":false},"featured_media":0,"template":"","meta":[],"product_brand":[],"product_cat":[5392],"product_tag":[],"class_list":{"0":"post-1433709","1":"product","2":"type-product","3":"status-publish","5":"product_cat-logoga-seljakotid","6":"pa_gender-uniseks","7":"pa_gender-unisex","11":"first","12":"instock","13":"purchasable","14":"product-type-simple"},"acf":[],"yoast_head":"<!-- This site is optimized with the Yoast SEO plugin v26.0 - https:\/\/yoast.com\/wordpress\/plugins\/seo\/ -->\n<title>PU k\u00f5rge n\u00e4htavusega lihtsa ligip\u00e4\u00e4suga 15,6-tolline s\u00fclearvuti seljakott - Kruze.ee<\/title>\n<meta name=\"robots\" content=\"index, follow, max-snippet:-1, max-image-preview:large, max-video-preview:-1\" \/>\n<link rel=\"canonical\" href=\"https:\/\/kruze.ee\/et\/toode\/pu-korge-nahtavusega-lihtsa-ligipaasuga-156-tolline-sulearvuti-seljakott\/\" \/>\n<meta property=\"og:locale\" content=\"et_EE\" \/>\n<meta property=\"og:type\" content=\"article\" \/>\n<meta property=\"og:title\" content=\"PU k\u00f5rge n\u00e4htavusega lihtsa ligip\u00e4\u00e4suga 15,6-tolline s\u00fclearvuti seljakott - Kruze.ee\" \/>\n<meta property=\"og:description\" content=\"See k\u00f5rge n\u00e4htavusega ja lihtsa ligip\u00e4\u00e4suga s\u00fclearvuti seljakott on ideaalne igap\u00e4evaseks kasutamiseks ning pakub t\u00e4nu suurele helkivast materjalist pinnale...\" \/>\n<meta property=\"og:url\" content=\"https:\/\/kruze.ee\/et\/toode\/pu-korge-nahtavusega-lihtsa-ligipaasuga-156-tolline-sulearvuti-seljakott\/\" \/>\n<meta property=\"og:site_name\" content=\"Kruze.ee\" \/>\n<meta property=\"article:modified_time\" content=\"2026-03-16T21:57:13+00:00\" \/>\n<meta name=\"twitter:card\" content=\"summary_large_image\" \/>\n<script type=\"application\/ld+json\" class=\"yoast-schema-graph\">{\"@context\":\"https:\/\/schema.org\",\"@graph\":[{\"@type\":\"WebPage\",\"@id\":\"https:\/\/kruze.ee\/et\/toode\/pu-korge-nahtavusega-lihtsa-ligipaasuga-156-tolline-sulearvuti-seljakott\/\",\"url\":\"https:\/\/kruze.ee\/et\/toode\/pu-korge-nahtavusega-lihtsa-ligipaasuga-156-tolline-sulearvuti-seljakott\/\",\"name\":\"PU k\u00f5rge n\u00e4htavusega lihtsa ligip\u00e4\u00e4suga 15,6-tolline s\u00fclearvuti seljakott - Kruze.ee\",\"isPartOf\":{\"@id\":\"https:\/\/kruze.ee\/et\/#website\"},\"datePublished\":\"2026-01-12T17:59:55+00:00\",\"dateModified\":\"2026-03-16T21:57:13+00:00\",\"breadcrumb\":{\"@id\":\"https:\/\/kruze.ee\/et\/toode\/pu-korge-nahtavusega-lihtsa-ligipaasuga-156-tolline-sulearvuti-seljakott\/#breadcrumb\"},\"inLanguage\":\"et\",\"potentialAction\":[{\"@type\":\"ReadAction\",\"target\":[\"https:\/\/kruze.ee\/et\/toode\/pu-korge-nahtavusega-lihtsa-ligipaasuga-156-tolline-sulearvuti-seljakott\/\"]}]},{\"@type\":\"BreadcrumbList\",\"@id\":\"https:\/\/kruze.ee\/et\/toode\/pu-korge-nahtavusega-lihtsa-ligipaasuga-156-tolline-sulearvuti-seljakott\/#breadcrumb\",\"itemListElement\":[{\"@type\":\"ListItem\",\"position\":1,\"name\":\"Home\",\"item\":\"https:\/\/kruze.ee\/et\/\"},{\"@type\":\"ListItem\",\"position\":2,\"name\":\"Tooted\",\"item\":\"https:\/\/kruze.ee\/et\/tooted\/\"},{\"@type\":\"ListItem\",\"position\":3,\"name\":\"PU k\u00f5rge n\u00e4htavusega lihtsa ligip\u00e4\u00e4suga 15,6-tolline s\u00fclearvuti seljakott\"}]},{\"@type\":\"WebSite\",\"@id\":\"https:\/\/kruze.ee\/et\/#website\",\"url\":\"https:\/\/kruze.ee\/et\/\",\"name\":\"Kruze.ee\",\"description\":\"Reklaamkingitused, tr&uuml;kiga T-s&auml;rgid, fliisid, dressipluused, tekstiil, joped ja paljud teised logoga meened, &Auml;rikingitused sinu partnerile! Telli juba t&auml;na.\",\"potentialAction\":[{\"@type\":\"SearchAction\",\"target\":{\"@type\":\"EntryPoint\",\"urlTemplate\":\"https:\/\/kruze.ee\/et\/?s={search_term_string}\"},\"query-input\":{\"@type\":\"PropertyValueSpecification\",\"valueRequired\":true,\"valueName\":\"search_term_string\"}}],\"inLanguage\":\"et\"}]}<\/script>\n<!-- \/ Yoast SEO plugin. -->","yoast_head_json":{"title":"PU k\u00f5rge n\u00e4htavusega lihtsa ligip\u00e4\u00e4suga 15,6-tolline s\u00fclearvuti seljakott - Kruze.ee","robots":{"index":"index","follow":"follow","max-snippet":"max-snippet:-1","max-image-preview":"max-image-preview:large","max-video-preview":"max-video-preview:-1"},"canonical":"https:\/\/kruze.ee\/et\/toode\/pu-korge-nahtavusega-lihtsa-ligipaasuga-156-tolline-sulearvuti-seljakott\/","og_locale":"et_EE","og_type":"article","og_title":"PU k\u00f5rge n\u00e4htavusega lihtsa ligip\u00e4\u00e4suga 15,6-tolline s\u00fclearvuti seljakott - Kruze.ee","og_description":"See k\u00f5rge n\u00e4htavusega ja lihtsa ligip\u00e4\u00e4suga s\u00fclearvuti seljakott on ideaalne igap\u00e4evaseks kasutamiseks ning pakub t\u00e4nu suurele helkivast materjalist pinnale...","og_url":"https:\/\/kruze.ee\/et\/toode\/pu-korge-nahtavusega-lihtsa-ligipaasuga-156-tolline-sulearvuti-seljakott\/","og_site_name":"Kruze.ee","article_modified_time":"2026-03-16T21:57:13+00:00","twitter_card":"summary_large_image","schema":{"@context":"https:\/\/schema.org","@graph":[{"@type":"WebPage","@id":"https:\/\/kruze.ee\/et\/toode\/pu-korge-nahtavusega-lihtsa-ligipaasuga-156-tolline-sulearvuti-seljakott\/","url":"https:\/\/kruze.ee\/et\/toode\/pu-korge-nahtavusega-lihtsa-ligipaasuga-156-tolline-sulearvuti-seljakott\/","name":"PU k\u00f5rge n\u00e4htavusega lihtsa ligip\u00e4\u00e4suga 15,6-tolline s\u00fclearvuti seljakott - Kruze.ee","isPartOf":{"@id":"https:\/\/kruze.ee\/et\/#website"},"datePublished":"2026-01-12T17:59:55+00:00","dateModified":"2026-03-16T21:57:13+00:00","breadcrumb":{"@id":"https:\/\/kruze.ee\/et\/toode\/pu-korge-nahtavusega-lihtsa-ligipaasuga-156-tolline-sulearvuti-seljakott\/#breadcrumb"},"inLanguage":"et","potentialAction":[{"@type":"ReadAction","target":["https:\/\/kruze.ee\/et\/toode\/pu-korge-nahtavusega-lihtsa-ligipaasuga-156-tolline-sulearvuti-seljakott\/"]}]},{"@type":"BreadcrumbList","@id":"https:\/\/kruze.ee\/et\/toode\/pu-korge-nahtavusega-lihtsa-ligipaasuga-156-tolline-sulearvuti-seljakott\/#breadcrumb","itemListElement":[{"@type":"ListItem","position":1,"name":"Home","item":"https:\/\/kruze.ee\/et\/"},{"@type":"ListItem","position":2,"name":"Tooted","item":"https:\/\/kruze.ee\/et\/tooted\/"},{"@type":"ListItem","position":3,"name":"PU k\u00f5rge n\u00e4htavusega lihtsa ligip\u00e4\u00e4suga 15,6-tolline s\u00fclearvuti seljakott"}]},{"@type":"WebSite","@id":"https:\/\/kruze.ee\/et\/#website","url":"https:\/\/kruze.ee\/et\/","name":"Kruze.ee","description":"Reklaamkingitused, tr&uuml;kiga T-s&auml;rgid, fliisid, dressipluused, tekstiil, joped ja paljud teised logoga meened, &Auml;rikingitused sinu partnerile! Telli juba t&auml;na.","potentialAction":[{"@type":"SearchAction","target":{"@type":"EntryPoint","urlTemplate":"https:\/\/kruze.ee\/et\/?s={search_term_string}"},"query-input":{"@type":"PropertyValueSpecification","valueRequired":true,"valueName":"search_term_string"}}],"inLanguage":"et"}]}},"_links":{"self":[{"href":"https:\/\/kruze.ee\/et\/wp-json\/wp\/v2\/product\/1433709","targetHints":{"allow":["GET"]}}],"collection":[{"href":"https:\/\/kruze.ee\/et\/wp-json\/wp\/v2\/product"}],"about":[{"href":"https:\/\/kruze.ee\/et\/wp-json\/wp\/v2\/types\/product"}],"wp:attachment":[{"href":"https:\/\/kruze.ee\/et\/wp-json\/wp\/v2\/media?parent=1433709"}],"wp:term":[{"taxonomy":"product_brand","embeddable":true,"href":"https:\/\/kruze.ee\/et\/wp-json\/wp\/v2\/product_brand?post=1433709"},{"taxonomy":"product_cat","embeddable":true,"href":"https:\/\/kruze.ee\/et\/wp-json\/wp\/v2\/product_cat?post=1433709"},{"taxonomy":"product_tag","embeddable":true,"href":"https:\/\/kruze.ee\/et\/wp-json\/wp\/v2\/product_tag?post=1433709"}],"curies":[{"name":"wp","href":"https:\/\/api.w.org\/{rel}","templated":true}]}}