{"id":1433695,"date":"2026-01-12T20:59:42","date_gmt":"2026-01-12T17:59:42","guid":{"rendered":"https:\/\/kruze.ee\/product\/impact-aware-rpet-190t-tomblukuga-kott\/"},"modified":"2026-03-17T00:57:12","modified_gmt":"2026-03-16T21:57:12","slug":"impact-aware-rpet-190t-tomblukuga-kott","status":"publish","type":"product","link":"https:\/\/kruze.ee\/et\/toode\/impact-aware-rpet-190t-tomblukuga-kott\/","title":{"rendered":"Impact AWARE\u2122 RPET 190T t\u00f5mblukuga kott"},"content":{"rendered":"<p>See Impact 190T RPET n\u00f6\u00f6riga kott on valmistatud AWARE\u2122 j\u00e4lgimistehnoloogiaga. AWARE\u2122 tagab ehtsate taaskasutatud kangamaterjalide kasutuse ning vees\u00e4\u00e4stu m\u00f5juv\u00e4idete usaldusv\u00e4\u00e4rsuse, kasutades uuenduslikku f\u00fc\u00fcsilist m\u00e4rgistust ja plokiahela tehnoloogiat. S\u00e4\u00e4sta vett ja kasuta t\u00f5eliselt taaskasutatud kangaid. Veeteemalise fookuse raames annetatakse 2% iga Impact-sarja toote m\u00fc\u00fcgitulust organisatsioonile Water.org. N\u00f6\u00f6riga kott on eriti kerge ja mugav k\u00f5ikjale kaasa v\u00f5tta. Kott on valmistatud 2,4 taaskasutatud 500 ml PET-pudelist ning aitab s\u00e4\u00e4sta 1,41 liitrit vett. Vees\u00e4\u00e4stu arvestus p\u00f5hineb v\u00f5rdlusel tavap\u00e4raste kiududega ning on kalkuleeritud usaldusv\u00e4\u00e4rsete LCA-andmete alusel, nagu avaldatud Textile Exchange\u2019i poolt.<\/p>\n","protected":false},"excerpt":{"rendered":"<p>See Impact 190T RPET n\u00f6\u00f6riga kott on valmistatud AWARE\u2122 j\u00e4lgimistehnoloogiaga. AWARE\u2122 tagab ehtsate taaskasutatud kangamaterjalide kasutuse ning vees\u00e4\u00e4stu&#8230;<\/p>\n","protected":false},"featured_media":0,"template":"","meta":[],"product_brand":[],"product_cat":[5396],"product_tag":[],"class_list":{"0":"post-1433695","1":"product","2":"type-product","3":"status-publish","5":"product_cat-jalanoude-kotid-kotid","6":"pa_brand-xd-collection","7":"pa_color-hall","8":"pa_color-punane","9":"pa_color-roheline","10":"pa_color-blue-2","11":"pa_color-valge","12":"pa_gender-uniseks","13":"pa_gender-unisex","16":"pa_material-rpet","18":"first","19":"instock","20":"taxable","21":"shipping-taxable","22":"purchasable","23":"product-type-variable"},"acf":[],"yoast_head":"<!-- This site is optimized with the Yoast SEO plugin v26.0 - https:\/\/yoast.com\/wordpress\/plugins\/seo\/ -->\n<title>Impact AWARE\u2122 RPET 190T t\u00f5mblukuga kott - Kruze.ee<\/title>\n<meta name=\"robots\" content=\"index, follow, max-snippet:-1, max-image-preview:large, max-video-preview:-1\" \/>\n<link rel=\"canonical\" href=\"https:\/\/kruze.ee\/et\/toode\/impact-aware-rpet-190t-tomblukuga-kott\/\" \/>\n<meta property=\"og:locale\" content=\"et_EE\" \/>\n<meta property=\"og:type\" content=\"article\" \/>\n<meta property=\"og:title\" content=\"Impact AWARE\u2122 RPET 190T t\u00f5mblukuga kott - Kruze.ee\" \/>\n<meta property=\"og:description\" content=\"See Impact 190T RPET n\u00f6\u00f6riga kott on valmistatud AWARE\u2122 j\u00e4lgimistehnoloogiaga. AWARE\u2122 tagab ehtsate taaskasutatud kangamaterjalide kasutuse ning vees\u00e4\u00e4stu...\" \/>\n<meta property=\"og:url\" content=\"https:\/\/kruze.ee\/et\/toode\/impact-aware-rpet-190t-tomblukuga-kott\/\" \/>\n<meta property=\"og:site_name\" content=\"Kruze.ee\" \/>\n<meta property=\"article:modified_time\" content=\"2026-03-16T21:57:12+00:00\" \/>\n<meta name=\"twitter:card\" content=\"summary_large_image\" \/>\n<meta name=\"twitter:label1\" content=\"Est. reading time\" \/>\n\t<meta name=\"twitter:data1\" content=\"1 minut\" \/>\n<script type=\"application\/ld+json\" class=\"yoast-schema-graph\">{\"@context\":\"https:\/\/schema.org\",\"@graph\":[{\"@type\":\"WebPage\",\"@id\":\"https:\/\/kruze.ee\/et\/toode\/impact-aware-rpet-190t-tomblukuga-kott\/\",\"url\":\"https:\/\/kruze.ee\/et\/toode\/impact-aware-rpet-190t-tomblukuga-kott\/\",\"name\":\"Impact AWARE\u2122 RPET 190T t\u00f5mblukuga kott - Kruze.ee\",\"isPartOf\":{\"@id\":\"https:\/\/kruze.ee\/et\/#website\"},\"datePublished\":\"2026-01-12T17:59:42+00:00\",\"dateModified\":\"2026-03-16T21:57:12+00:00\",\"breadcrumb\":{\"@id\":\"https:\/\/kruze.ee\/et\/toode\/impact-aware-rpet-190t-tomblukuga-kott\/#breadcrumb\"},\"inLanguage\":\"et\",\"potentialAction\":[{\"@type\":\"ReadAction\",\"target\":[\"https:\/\/kruze.ee\/et\/toode\/impact-aware-rpet-190t-tomblukuga-kott\/\"]}]},{\"@type\":\"BreadcrumbList\",\"@id\":\"https:\/\/kruze.ee\/et\/toode\/impact-aware-rpet-190t-tomblukuga-kott\/#breadcrumb\",\"itemListElement\":[{\"@type\":\"ListItem\",\"position\":1,\"name\":\"Home\",\"item\":\"https:\/\/kruze.ee\/et\/\"},{\"@type\":\"ListItem\",\"position\":2,\"name\":\"Tooted\",\"item\":\"https:\/\/kruze.ee\/et\/tooted\/\"},{\"@type\":\"ListItem\",\"position\":3,\"name\":\"Impact AWARE\u2122 RPET 190T t\u00f5mblukuga kott\"}]},{\"@type\":\"WebSite\",\"@id\":\"https:\/\/kruze.ee\/et\/#website\",\"url\":\"https:\/\/kruze.ee\/et\/\",\"name\":\"Kruze.ee\",\"description\":\"Reklaamkingitused, tr&uuml;kiga T-s&auml;rgid, fliisid, dressipluused, tekstiil, joped ja paljud teised logoga meened, &Auml;rikingitused sinu partnerile! Telli juba t&auml;na.\",\"potentialAction\":[{\"@type\":\"SearchAction\",\"target\":{\"@type\":\"EntryPoint\",\"urlTemplate\":\"https:\/\/kruze.ee\/et\/?s={search_term_string}\"},\"query-input\":{\"@type\":\"PropertyValueSpecification\",\"valueRequired\":true,\"valueName\":\"search_term_string\"}}],\"inLanguage\":\"et\"}]}<\/script>\n<!-- \/ Yoast SEO plugin. -->","yoast_head_json":{"title":"Impact AWARE\u2122 RPET 190T t\u00f5mblukuga kott - Kruze.ee","robots":{"index":"index","follow":"follow","max-snippet":"max-snippet:-1","max-image-preview":"max-image-preview:large","max-video-preview":"max-video-preview:-1"},"canonical":"https:\/\/kruze.ee\/et\/toode\/impact-aware-rpet-190t-tomblukuga-kott\/","og_locale":"et_EE","og_type":"article","og_title":"Impact AWARE\u2122 RPET 190T t\u00f5mblukuga kott - Kruze.ee","og_description":"See Impact 190T RPET n\u00f6\u00f6riga kott on valmistatud AWARE\u2122 j\u00e4lgimistehnoloogiaga. AWARE\u2122 tagab ehtsate taaskasutatud kangamaterjalide kasutuse ning vees\u00e4\u00e4stu...","og_url":"https:\/\/kruze.ee\/et\/toode\/impact-aware-rpet-190t-tomblukuga-kott\/","og_site_name":"Kruze.ee","article_modified_time":"2026-03-16T21:57:12+00:00","twitter_card":"summary_large_image","twitter_misc":{"Est. reading time":"1 minut"},"schema":{"@context":"https:\/\/schema.org","@graph":[{"@type":"WebPage","@id":"https:\/\/kruze.ee\/et\/toode\/impact-aware-rpet-190t-tomblukuga-kott\/","url":"https:\/\/kruze.ee\/et\/toode\/impact-aware-rpet-190t-tomblukuga-kott\/","name":"Impact AWARE\u2122 RPET 190T t\u00f5mblukuga kott - Kruze.ee","isPartOf":{"@id":"https:\/\/kruze.ee\/et\/#website"},"datePublished":"2026-01-12T17:59:42+00:00","dateModified":"2026-03-16T21:57:12+00:00","breadcrumb":{"@id":"https:\/\/kruze.ee\/et\/toode\/impact-aware-rpet-190t-tomblukuga-kott\/#breadcrumb"},"inLanguage":"et","potentialAction":[{"@type":"ReadAction","target":["https:\/\/kruze.ee\/et\/toode\/impact-aware-rpet-190t-tomblukuga-kott\/"]}]},{"@type":"BreadcrumbList","@id":"https:\/\/kruze.ee\/et\/toode\/impact-aware-rpet-190t-tomblukuga-kott\/#breadcrumb","itemListElement":[{"@type":"ListItem","position":1,"name":"Home","item":"https:\/\/kruze.ee\/et\/"},{"@type":"ListItem","position":2,"name":"Tooted","item":"https:\/\/kruze.ee\/et\/tooted\/"},{"@type":"ListItem","position":3,"name":"Impact AWARE\u2122 RPET 190T t\u00f5mblukuga kott"}]},{"@type":"WebSite","@id":"https:\/\/kruze.ee\/et\/#website","url":"https:\/\/kruze.ee\/et\/","name":"Kruze.ee","description":"Reklaamkingitused, tr&uuml;kiga T-s&auml;rgid, fliisid, dressipluused, tekstiil, joped ja paljud teised logoga meened, &Auml;rikingitused sinu partnerile! Telli juba t&auml;na.","potentialAction":[{"@type":"SearchAction","target":{"@type":"EntryPoint","urlTemplate":"https:\/\/kruze.ee\/et\/?s={search_term_string}"},"query-input":{"@type":"PropertyValueSpecification","valueRequired":true,"valueName":"search_term_string"}}],"inLanguage":"et"}]}},"_links":{"self":[{"href":"https:\/\/kruze.ee\/et\/wp-json\/wp\/v2\/product\/1433695","targetHints":{"allow":["GET"]}}],"collection":[{"href":"https:\/\/kruze.ee\/et\/wp-json\/wp\/v2\/product"}],"about":[{"href":"https:\/\/kruze.ee\/et\/wp-json\/wp\/v2\/types\/product"}],"wp:attachment":[{"href":"https:\/\/kruze.ee\/et\/wp-json\/wp\/v2\/media?parent=1433695"}],"wp:term":[{"taxonomy":"product_brand","embeddable":true,"href":"https:\/\/kruze.ee\/et\/wp-json\/wp\/v2\/product_brand?post=1433695"},{"taxonomy":"product_cat","embeddable":true,"href":"https:\/\/kruze.ee\/et\/wp-json\/wp\/v2\/product_cat?post=1433695"},{"taxonomy":"product_tag","embeddable":true,"href":"https:\/\/kruze.ee\/et\/wp-json\/wp\/v2\/product_tag?post=1433695"}],"curies":[{"name":"wp","href":"https:\/\/api.w.org\/{rel}","templated":true}]}}