{"id":1433270,"date":"2026-01-11T17:59:16","date_gmt":"2026-01-11T14:59:16","guid":{"rendered":"https:\/\/kruze.ee\/product\/a5-impact-stone-paper-kovakaaneline-markmik\/"},"modified":"2026-03-17T00:58:59","modified_gmt":"2026-03-16T21:58:59","slug":"a5-impact-stone-paper-kovakaaneline-markmik","status":"publish","type":"product","link":"https:\/\/kruze.ee\/et\/toode\/a5-impact-stone-paper-kovakaaneline-markmik\/","title":{"rendered":"A5 Impact stone paper k\u00f5vakaaneline m\u00e4rkmik"},"content":{"rendered":"<p>See Impact kollektsiooni k\u00f5vakaaneline kivipaberist m\u00e4rkmik on valmistatud puuvabast paberist! Kivipaber koosneb peamiselt mineraalpulbrist (80%), mis on seotud mittetoksilise HDPE-ga (20%) \u2013 puhta plastiga. Traditsioonilise puidutselluloosist paberi tootmisel kasutatakse vett ja pleegitusaineid, kuid selle m\u00e4rkmiku valmistamisel ei kasutata \u00fcldse vett ega pleegitust. Tavap\u00e4rase paberi tootmine kulutab ligikaudu 2770 liitrit vett ja umbes 18 puud \u2013 see kaunis A5 kivipaberist m\u00e4rkmik kasutab null vett ja null puid. Paber on pehme ja sametine, tagades eriti sujuva kirjutamiskogemuse. M\u00e4rkmikus on 64 lehte \/ 128 joonelist valget kivipaberit (58 g\/m\u00b2). Kaas on samuti t\u00e4ielikult kivipaberist, et s\u00e4\u00e4sta vett. Vee s\u00e4\u00e4stmisele keskendudes annetatakse 2% iga m\u00fc\u00fcdud Impact-toote tulust organisatsioonile Water.org.<\/p>\n","protected":false},"excerpt":{"rendered":"<p>See Impact kollektsiooni k\u00f5vakaaneline kivipaberist m\u00e4rkmik on valmistatud puuvabast paberist! Kivipaber koosneb peamiselt mineraalpulbrist (80%), mis on&#8230;<\/p>\n","protected":false},"featured_media":0,"template":"","meta":[],"product_brand":[],"product_cat":[5406],"product_tag":[],"class_list":{"0":"post-1433270","1":"product","2":"type-product","3":"status-publish","5":"product_cat-markmikud","6":"pa_brand-xd-collection","7":"pa_color-black-2","8":"pa_color-punane","9":"pa_color-blue-2","10":"pa_color-valge","11":"pa_gender-uniseks","12":"pa_gender-unisex","15":"pa_material-stone-paperpaper","17":"first","18":"instock","19":"taxable","20":"shipping-taxable","21":"purchasable","22":"product-type-variable"},"acf":[],"yoast_head":"<!-- This site is optimized with the Yoast SEO plugin v26.0 - https:\/\/yoast.com\/wordpress\/plugins\/seo\/ -->\n<title>A5 Impact stone paper k\u00f5vakaaneline m\u00e4rkmik - Kruze.ee<\/title>\n<meta name=\"robots\" content=\"index, follow, max-snippet:-1, max-image-preview:large, max-video-preview:-1\" \/>\n<link rel=\"canonical\" href=\"https:\/\/kruze.ee\/et\/toode\/a5-impact-stone-paper-kovakaaneline-markmik\/\" \/>\n<meta property=\"og:locale\" content=\"et_EE\" \/>\n<meta property=\"og:type\" content=\"article\" \/>\n<meta property=\"og:title\" content=\"A5 Impact stone paper k\u00f5vakaaneline m\u00e4rkmik - Kruze.ee\" \/>\n<meta property=\"og:description\" content=\"See Impact kollektsiooni k\u00f5vakaaneline kivipaberist m\u00e4rkmik on valmistatud puuvabast paberist! Kivipaber koosneb peamiselt mineraalpulbrist (80%), mis on...\" \/>\n<meta property=\"og:url\" content=\"https:\/\/kruze.ee\/et\/toode\/a5-impact-stone-paper-kovakaaneline-markmik\/\" \/>\n<meta property=\"og:site_name\" content=\"Kruze.ee\" \/>\n<meta property=\"article:modified_time\" content=\"2026-03-16T21:58:59+00:00\" \/>\n<meta name=\"twitter:card\" content=\"summary_large_image\" \/>\n<meta name=\"twitter:label1\" content=\"Est. reading time\" \/>\n\t<meta name=\"twitter:data1\" content=\"1 minut\" \/>\n<script type=\"application\/ld+json\" class=\"yoast-schema-graph\">{\"@context\":\"https:\/\/schema.org\",\"@graph\":[{\"@type\":\"WebPage\",\"@id\":\"https:\/\/kruze.ee\/et\/toode\/a5-impact-stone-paper-kovakaaneline-markmik\/\",\"url\":\"https:\/\/kruze.ee\/et\/toode\/a5-impact-stone-paper-kovakaaneline-markmik\/\",\"name\":\"A5 Impact stone paper k\u00f5vakaaneline m\u00e4rkmik - Kruze.ee\",\"isPartOf\":{\"@id\":\"https:\/\/kruze.ee\/et\/#website\"},\"datePublished\":\"2026-01-11T14:59:16+00:00\",\"dateModified\":\"2026-03-16T21:58:59+00:00\",\"breadcrumb\":{\"@id\":\"https:\/\/kruze.ee\/et\/toode\/a5-impact-stone-paper-kovakaaneline-markmik\/#breadcrumb\"},\"inLanguage\":\"et\",\"potentialAction\":[{\"@type\":\"ReadAction\",\"target\":[\"https:\/\/kruze.ee\/et\/toode\/a5-impact-stone-paper-kovakaaneline-markmik\/\"]}]},{\"@type\":\"BreadcrumbList\",\"@id\":\"https:\/\/kruze.ee\/et\/toode\/a5-impact-stone-paper-kovakaaneline-markmik\/#breadcrumb\",\"itemListElement\":[{\"@type\":\"ListItem\",\"position\":1,\"name\":\"Home\",\"item\":\"https:\/\/kruze.ee\/et\/\"},{\"@type\":\"ListItem\",\"position\":2,\"name\":\"Tooted\",\"item\":\"https:\/\/kruze.ee\/et\/tooted\/\"},{\"@type\":\"ListItem\",\"position\":3,\"name\":\"A5 Impact stone paper k\u00f5vakaaneline m\u00e4rkmik\"}]},{\"@type\":\"WebSite\",\"@id\":\"https:\/\/kruze.ee\/et\/#website\",\"url\":\"https:\/\/kruze.ee\/et\/\",\"name\":\"Kruze.ee\",\"description\":\"Reklaamkingitused, tr&uuml;kiga T-s&auml;rgid, fliisid, dressipluused, tekstiil, joped ja paljud teised logoga meened, &Auml;rikingitused sinu partnerile! Telli juba t&auml;na.\",\"potentialAction\":[{\"@type\":\"SearchAction\",\"target\":{\"@type\":\"EntryPoint\",\"urlTemplate\":\"https:\/\/kruze.ee\/et\/?s={search_term_string}\"},\"query-input\":{\"@type\":\"PropertyValueSpecification\",\"valueRequired\":true,\"valueName\":\"search_term_string\"}}],\"inLanguage\":\"et\"}]}<\/script>\n<!-- \/ Yoast SEO plugin. -->","yoast_head_json":{"title":"A5 Impact stone paper k\u00f5vakaaneline m\u00e4rkmik - Kruze.ee","robots":{"index":"index","follow":"follow","max-snippet":"max-snippet:-1","max-image-preview":"max-image-preview:large","max-video-preview":"max-video-preview:-1"},"canonical":"https:\/\/kruze.ee\/et\/toode\/a5-impact-stone-paper-kovakaaneline-markmik\/","og_locale":"et_EE","og_type":"article","og_title":"A5 Impact stone paper k\u00f5vakaaneline m\u00e4rkmik - Kruze.ee","og_description":"See Impact kollektsiooni k\u00f5vakaaneline kivipaberist m\u00e4rkmik on valmistatud puuvabast paberist! Kivipaber koosneb peamiselt mineraalpulbrist (80%), mis on...","og_url":"https:\/\/kruze.ee\/et\/toode\/a5-impact-stone-paper-kovakaaneline-markmik\/","og_site_name":"Kruze.ee","article_modified_time":"2026-03-16T21:58:59+00:00","twitter_card":"summary_large_image","twitter_misc":{"Est. reading time":"1 minut"},"schema":{"@context":"https:\/\/schema.org","@graph":[{"@type":"WebPage","@id":"https:\/\/kruze.ee\/et\/toode\/a5-impact-stone-paper-kovakaaneline-markmik\/","url":"https:\/\/kruze.ee\/et\/toode\/a5-impact-stone-paper-kovakaaneline-markmik\/","name":"A5 Impact stone paper k\u00f5vakaaneline m\u00e4rkmik - Kruze.ee","isPartOf":{"@id":"https:\/\/kruze.ee\/et\/#website"},"datePublished":"2026-01-11T14:59:16+00:00","dateModified":"2026-03-16T21:58:59+00:00","breadcrumb":{"@id":"https:\/\/kruze.ee\/et\/toode\/a5-impact-stone-paper-kovakaaneline-markmik\/#breadcrumb"},"inLanguage":"et","potentialAction":[{"@type":"ReadAction","target":["https:\/\/kruze.ee\/et\/toode\/a5-impact-stone-paper-kovakaaneline-markmik\/"]}]},{"@type":"BreadcrumbList","@id":"https:\/\/kruze.ee\/et\/toode\/a5-impact-stone-paper-kovakaaneline-markmik\/#breadcrumb","itemListElement":[{"@type":"ListItem","position":1,"name":"Home","item":"https:\/\/kruze.ee\/et\/"},{"@type":"ListItem","position":2,"name":"Tooted","item":"https:\/\/kruze.ee\/et\/tooted\/"},{"@type":"ListItem","position":3,"name":"A5 Impact stone paper k\u00f5vakaaneline m\u00e4rkmik"}]},{"@type":"WebSite","@id":"https:\/\/kruze.ee\/et\/#website","url":"https:\/\/kruze.ee\/et\/","name":"Kruze.ee","description":"Reklaamkingitused, tr&uuml;kiga T-s&auml;rgid, fliisid, dressipluused, tekstiil, joped ja paljud teised logoga meened, &Auml;rikingitused sinu partnerile! Telli juba t&auml;na.","potentialAction":[{"@type":"SearchAction","target":{"@type":"EntryPoint","urlTemplate":"https:\/\/kruze.ee\/et\/?s={search_term_string}"},"query-input":{"@type":"PropertyValueSpecification","valueRequired":true,"valueName":"search_term_string"}}],"inLanguage":"et"}]}},"_links":{"self":[{"href":"https:\/\/kruze.ee\/et\/wp-json\/wp\/v2\/product\/1433270","targetHints":{"allow":["GET"]}}],"collection":[{"href":"https:\/\/kruze.ee\/et\/wp-json\/wp\/v2\/product"}],"about":[{"href":"https:\/\/kruze.ee\/et\/wp-json\/wp\/v2\/types\/product"}],"wp:attachment":[{"href":"https:\/\/kruze.ee\/et\/wp-json\/wp\/v2\/media?parent=1433270"}],"wp:term":[{"taxonomy":"product_brand","embeddable":true,"href":"https:\/\/kruze.ee\/et\/wp-json\/wp\/v2\/product_brand?post=1433270"},{"taxonomy":"product_cat","embeddable":true,"href":"https:\/\/kruze.ee\/et\/wp-json\/wp\/v2\/product_cat?post=1433270"},{"taxonomy":"product_tag","embeddable":true,"href":"https:\/\/kruze.ee\/et\/wp-json\/wp\/v2\/product_tag?post=1433270"}],"curies":[{"name":"wp","href":"https:\/\/api.w.org\/{rel}","templated":true}]}}