{"id":1433254,"date":"2026-01-11T17:58:56","date_gmt":"2026-01-11T14:58:56","guid":{"rendered":"https:\/\/kruze.ee\/product\/artic-magnetic-10w-juhtmevaba-laadimisega-a5-markmik\/"},"modified":"2026-03-17T00:58:55","modified_gmt":"2026-03-16T21:58:55","slug":"artic-magnetic-10w-juhtmevaba-laadimisega-a5-markmik","status":"publish","type":"product","link":"https:\/\/kruze.ee\/et\/toode\/artic-magnetic-10w-juhtmevaba-laadimisega-a5-markmik\/","title":{"rendered":"Artic Magnetic 10W juhtmevaba laadimisega A5 m\u00e4rkmik"},"content":{"rendered":"<p>Lae oma mobiilseadet juhtmevabalt t\u00e4iskiirusel selle A5 PU-materjalist m\u00e4rkmikuga, millel on integreeritud magnetiline 10W juhtmevaba laadija ja 8000 mAh akupank. Kinnita oma telefon (iPhone 12 v\u00f5i uuem) juhtmevaba laadija k\u00fclge ning seade joondub t\u00e4nu sisseehitatud magnetitele automaatselt \u00f5igesse asendisse. 10W juhtmevaba laadija \u00fchildub k\u00f5igi QI-seadmetega (iPhone 8 ja uuemad ning Android-seadmed). Type-C sisend: 9V\/2A; juhtmevaba v\u00e4ljund: 9V\/1,1A; Type-C v\u00e4ljund: 9V\/2A. M\u00e4rkmikus on 64 lehte \/ 128 joonelist lehek\u00fclge 80 g\/m\u00b2 paberit. Varustatud telefoni-\/tahvelarvutitasku ja pastaka-aasaga. Integreeritud on 19 kvaliteetset kuumuskindlat N52H magnetit.<\/p>\n","protected":false},"excerpt":{"rendered":"<p>Lae oma mobiilseadet juhtmevabalt t\u00e4iskiirusel selle A5 PU-materjalist m\u00e4rkmikuga, millel on integreeritud magnetiline 10W juhtmevaba laadija ja 8000 mAh&#8230;<\/p>\n","protected":false},"featured_media":0,"template":"","meta":[],"product_brand":[],"product_cat":[5406],"product_tag":[],"class_list":{"0":"post-1433254","1":"product","2":"type-product","3":"status-publish","5":"product_cat-markmikud","6":"pa_gender-uniseks","7":"pa_gender-unisex","11":"first","12":"instock","13":"purchasable","14":"product-type-simple"},"acf":[],"yoast_head":"<!-- This site is optimized with the Yoast SEO plugin v26.0 - https:\/\/yoast.com\/wordpress\/plugins\/seo\/ -->\n<title>Artic Magnetic 10W juhtmevaba laadimisega A5 m\u00e4rkmik - Kruze.ee<\/title>\n<meta name=\"robots\" content=\"index, follow, max-snippet:-1, max-image-preview:large, max-video-preview:-1\" \/>\n<link rel=\"canonical\" href=\"https:\/\/kruze.ee\/et\/toode\/artic-magnetic-10w-juhtmevaba-laadimisega-a5-markmik\/\" \/>\n<meta property=\"og:locale\" content=\"et_EE\" \/>\n<meta property=\"og:type\" content=\"article\" \/>\n<meta property=\"og:title\" content=\"Artic Magnetic 10W juhtmevaba laadimisega A5 m\u00e4rkmik - Kruze.ee\" \/>\n<meta property=\"og:description\" content=\"Lae oma mobiilseadet juhtmevabalt t\u00e4iskiirusel selle A5 PU-materjalist m\u00e4rkmikuga, millel on integreeritud magnetiline 10W juhtmevaba laadija ja 8000 mAh...\" \/>\n<meta property=\"og:url\" content=\"https:\/\/kruze.ee\/et\/toode\/artic-magnetic-10w-juhtmevaba-laadimisega-a5-markmik\/\" \/>\n<meta property=\"og:site_name\" content=\"Kruze.ee\" \/>\n<meta property=\"article:modified_time\" content=\"2026-03-16T21:58:55+00:00\" \/>\n<meta name=\"twitter:card\" content=\"summary_large_image\" \/>\n<script type=\"application\/ld+json\" class=\"yoast-schema-graph\">{\"@context\":\"https:\/\/schema.org\",\"@graph\":[{\"@type\":\"WebPage\",\"@id\":\"https:\/\/kruze.ee\/et\/toode\/artic-magnetic-10w-juhtmevaba-laadimisega-a5-markmik\/\",\"url\":\"https:\/\/kruze.ee\/et\/toode\/artic-magnetic-10w-juhtmevaba-laadimisega-a5-markmik\/\",\"name\":\"Artic Magnetic 10W juhtmevaba laadimisega A5 m\u00e4rkmik - Kruze.ee\",\"isPartOf\":{\"@id\":\"https:\/\/kruze.ee\/et\/#website\"},\"datePublished\":\"2026-01-11T14:58:56+00:00\",\"dateModified\":\"2026-03-16T21:58:55+00:00\",\"breadcrumb\":{\"@id\":\"https:\/\/kruze.ee\/et\/toode\/artic-magnetic-10w-juhtmevaba-laadimisega-a5-markmik\/#breadcrumb\"},\"inLanguage\":\"et\",\"potentialAction\":[{\"@type\":\"ReadAction\",\"target\":[\"https:\/\/kruze.ee\/et\/toode\/artic-magnetic-10w-juhtmevaba-laadimisega-a5-markmik\/\"]}]},{\"@type\":\"BreadcrumbList\",\"@id\":\"https:\/\/kruze.ee\/et\/toode\/artic-magnetic-10w-juhtmevaba-laadimisega-a5-markmik\/#breadcrumb\",\"itemListElement\":[{\"@type\":\"ListItem\",\"position\":1,\"name\":\"Home\",\"item\":\"https:\/\/kruze.ee\/et\/\"},{\"@type\":\"ListItem\",\"position\":2,\"name\":\"Tooted\",\"item\":\"https:\/\/kruze.ee\/et\/tooted\/\"},{\"@type\":\"ListItem\",\"position\":3,\"name\":\"Artic Magnetic 10W juhtmevaba laadimisega A5 m\u00e4rkmik\"}]},{\"@type\":\"WebSite\",\"@id\":\"https:\/\/kruze.ee\/et\/#website\",\"url\":\"https:\/\/kruze.ee\/et\/\",\"name\":\"Kruze.ee\",\"description\":\"Reklaamkingitused, tr&uuml;kiga T-s&auml;rgid, fliisid, dressipluused, tekstiil, joped ja paljud teised logoga meened, &Auml;rikingitused sinu partnerile! Telli juba t&auml;na.\",\"potentialAction\":[{\"@type\":\"SearchAction\",\"target\":{\"@type\":\"EntryPoint\",\"urlTemplate\":\"https:\/\/kruze.ee\/et\/?s={search_term_string}\"},\"query-input\":{\"@type\":\"PropertyValueSpecification\",\"valueRequired\":true,\"valueName\":\"search_term_string\"}}],\"inLanguage\":\"et\"}]}<\/script>\n<!-- \/ Yoast SEO plugin. -->","yoast_head_json":{"title":"Artic Magnetic 10W juhtmevaba laadimisega A5 m\u00e4rkmik - Kruze.ee","robots":{"index":"index","follow":"follow","max-snippet":"max-snippet:-1","max-image-preview":"max-image-preview:large","max-video-preview":"max-video-preview:-1"},"canonical":"https:\/\/kruze.ee\/et\/toode\/artic-magnetic-10w-juhtmevaba-laadimisega-a5-markmik\/","og_locale":"et_EE","og_type":"article","og_title":"Artic Magnetic 10W juhtmevaba laadimisega A5 m\u00e4rkmik - Kruze.ee","og_description":"Lae oma mobiilseadet juhtmevabalt t\u00e4iskiirusel selle A5 PU-materjalist m\u00e4rkmikuga, millel on integreeritud magnetiline 10W juhtmevaba laadija ja 8000 mAh...","og_url":"https:\/\/kruze.ee\/et\/toode\/artic-magnetic-10w-juhtmevaba-laadimisega-a5-markmik\/","og_site_name":"Kruze.ee","article_modified_time":"2026-03-16T21:58:55+00:00","twitter_card":"summary_large_image","schema":{"@context":"https:\/\/schema.org","@graph":[{"@type":"WebPage","@id":"https:\/\/kruze.ee\/et\/toode\/artic-magnetic-10w-juhtmevaba-laadimisega-a5-markmik\/","url":"https:\/\/kruze.ee\/et\/toode\/artic-magnetic-10w-juhtmevaba-laadimisega-a5-markmik\/","name":"Artic Magnetic 10W juhtmevaba laadimisega A5 m\u00e4rkmik - Kruze.ee","isPartOf":{"@id":"https:\/\/kruze.ee\/et\/#website"},"datePublished":"2026-01-11T14:58:56+00:00","dateModified":"2026-03-16T21:58:55+00:00","breadcrumb":{"@id":"https:\/\/kruze.ee\/et\/toode\/artic-magnetic-10w-juhtmevaba-laadimisega-a5-markmik\/#breadcrumb"},"inLanguage":"et","potentialAction":[{"@type":"ReadAction","target":["https:\/\/kruze.ee\/et\/toode\/artic-magnetic-10w-juhtmevaba-laadimisega-a5-markmik\/"]}]},{"@type":"BreadcrumbList","@id":"https:\/\/kruze.ee\/et\/toode\/artic-magnetic-10w-juhtmevaba-laadimisega-a5-markmik\/#breadcrumb","itemListElement":[{"@type":"ListItem","position":1,"name":"Home","item":"https:\/\/kruze.ee\/et\/"},{"@type":"ListItem","position":2,"name":"Tooted","item":"https:\/\/kruze.ee\/et\/tooted\/"},{"@type":"ListItem","position":3,"name":"Artic Magnetic 10W juhtmevaba laadimisega A5 m\u00e4rkmik"}]},{"@type":"WebSite","@id":"https:\/\/kruze.ee\/et\/#website","url":"https:\/\/kruze.ee\/et\/","name":"Kruze.ee","description":"Reklaamkingitused, tr&uuml;kiga T-s&auml;rgid, fliisid, dressipluused, tekstiil, joped ja paljud teised logoga meened, &Auml;rikingitused sinu partnerile! Telli juba t&auml;na.","potentialAction":[{"@type":"SearchAction","target":{"@type":"EntryPoint","urlTemplate":"https:\/\/kruze.ee\/et\/?s={search_term_string}"},"query-input":{"@type":"PropertyValueSpecification","valueRequired":true,"valueName":"search_term_string"}}],"inLanguage":"et"}]}},"_links":{"self":[{"href":"https:\/\/kruze.ee\/et\/wp-json\/wp\/v2\/product\/1433254","targetHints":{"allow":["GET"]}}],"collection":[{"href":"https:\/\/kruze.ee\/et\/wp-json\/wp\/v2\/product"}],"about":[{"href":"https:\/\/kruze.ee\/et\/wp-json\/wp\/v2\/types\/product"}],"wp:attachment":[{"href":"https:\/\/kruze.ee\/et\/wp-json\/wp\/v2\/media?parent=1433254"}],"wp:term":[{"taxonomy":"product_brand","embeddable":true,"href":"https:\/\/kruze.ee\/et\/wp-json\/wp\/v2\/product_brand?post=1433254"},{"taxonomy":"product_cat","embeddable":true,"href":"https:\/\/kruze.ee\/et\/wp-json\/wp\/v2\/product_cat?post=1433254"},{"taxonomy":"product_tag","embeddable":true,"href":"https:\/\/kruze.ee\/et\/wp-json\/wp\/v2\/product_tag?post=1433254"}],"curies":[{"name":"wp","href":"https:\/\/api.w.org\/{rel}","templated":true}]}}