{"id":1433248,"date":"2026-01-11T17:58:44","date_gmt":"2026-01-11T14:58:44","guid":{"rendered":"https:\/\/kruze.ee\/product\/kraft-paberist-spiraalmarkmik-pastakaga\/"},"modified":"2026-03-17T00:58:53","modified_gmt":"2026-03-16T21:58:53","slug":"kraft-paberist-spiraalmarkmik-pastakaga","status":"publish","type":"product","link":"https:\/\/kruze.ee\/et\/toode\/kraft-paberist-spiraalmarkmik-pastakaga\/","title":{"rendered":"Kraft-paberist spiraalm\u00e4rkmik pastakaga"},"content":{"rendered":"<p>Hoia oma m\u00f5tted, m\u00e4rkmed, plaanid ja \u00fclesanded korras selle kraft-paberist spiraalm\u00e4rkmiku ja pastakaga. M\u00e4rkmikul on jooneline 70 g\/m\u00b2 kreemikat v\u00e4rvi taaskasutatud paber, kokku 70 lehte \/ 140 lehek\u00fclge. Komplekti kuulub v\u00e4rvilt sobiv kraft-korpusega pastakas, mille kirjutuspikkus on 600 meetrit ning sinine Saksa Dokumental tint.<\/p>\n","protected":false},"excerpt":{"rendered":"<p>Hoia oma m\u00f5tted, m\u00e4rkmed, plaanid ja \u00fclesanded korras selle kraft-paberist spiraalm\u00e4rkmiku ja pastakaga. M\u00e4rkmikul on jooneline 70 g\/m\u00b2 kreemikat v\u00e4rvi&#8230;<\/p>\n","protected":false},"featured_media":0,"template":"","meta":[],"product_brand":[],"product_cat":[5406],"product_tag":[],"class_list":{"0":"post-1433248","1":"product","2":"type-product","3":"status-publish","5":"product_cat-markmikud","6":"pa_gender-uniseks","7":"pa_gender-unisex","11":"first","12":"instock","13":"purchasable","14":"product-type-simple"},"acf":[],"yoast_head":"<!-- This site is optimized with the Yoast SEO plugin v26.0 - https:\/\/yoast.com\/wordpress\/plugins\/seo\/ -->\n<title>Kraft-paberist spiraalm\u00e4rkmik pastakaga - Kruze.ee<\/title>\n<meta name=\"robots\" content=\"index, follow, max-snippet:-1, max-image-preview:large, max-video-preview:-1\" \/>\n<link rel=\"canonical\" href=\"https:\/\/kruze.ee\/et\/toode\/kraft-paberist-spiraalmarkmik-pastakaga\/\" \/>\n<meta property=\"og:locale\" content=\"et_EE\" \/>\n<meta property=\"og:type\" content=\"article\" \/>\n<meta property=\"og:title\" content=\"Kraft-paberist spiraalm\u00e4rkmik pastakaga - Kruze.ee\" \/>\n<meta property=\"og:description\" content=\"Hoia oma m\u00f5tted, m\u00e4rkmed, plaanid ja \u00fclesanded korras selle kraft-paberist spiraalm\u00e4rkmiku ja pastakaga. M\u00e4rkmikul on jooneline 70 g\/m\u00b2 kreemikat v\u00e4rvi...\" \/>\n<meta property=\"og:url\" content=\"https:\/\/kruze.ee\/et\/toode\/kraft-paberist-spiraalmarkmik-pastakaga\/\" \/>\n<meta property=\"og:site_name\" content=\"Kruze.ee\" \/>\n<meta property=\"article:modified_time\" content=\"2026-03-16T21:58:53+00:00\" \/>\n<meta name=\"twitter:card\" content=\"summary_large_image\" \/>\n<script type=\"application\/ld+json\" class=\"yoast-schema-graph\">{\"@context\":\"https:\/\/schema.org\",\"@graph\":[{\"@type\":\"WebPage\",\"@id\":\"https:\/\/kruze.ee\/et\/toode\/kraft-paberist-spiraalmarkmik-pastakaga\/\",\"url\":\"https:\/\/kruze.ee\/et\/toode\/kraft-paberist-spiraalmarkmik-pastakaga\/\",\"name\":\"Kraft-paberist spiraalm\u00e4rkmik pastakaga - Kruze.ee\",\"isPartOf\":{\"@id\":\"https:\/\/kruze.ee\/et\/#website\"},\"datePublished\":\"2026-01-11T14:58:44+00:00\",\"dateModified\":\"2026-03-16T21:58:53+00:00\",\"breadcrumb\":{\"@id\":\"https:\/\/kruze.ee\/et\/toode\/kraft-paberist-spiraalmarkmik-pastakaga\/#breadcrumb\"},\"inLanguage\":\"et\",\"potentialAction\":[{\"@type\":\"ReadAction\",\"target\":[\"https:\/\/kruze.ee\/et\/toode\/kraft-paberist-spiraalmarkmik-pastakaga\/\"]}]},{\"@type\":\"BreadcrumbList\",\"@id\":\"https:\/\/kruze.ee\/et\/toode\/kraft-paberist-spiraalmarkmik-pastakaga\/#breadcrumb\",\"itemListElement\":[{\"@type\":\"ListItem\",\"position\":1,\"name\":\"Home\",\"item\":\"https:\/\/kruze.ee\/et\/\"},{\"@type\":\"ListItem\",\"position\":2,\"name\":\"Tooted\",\"item\":\"https:\/\/kruze.ee\/et\/tooted\/\"},{\"@type\":\"ListItem\",\"position\":3,\"name\":\"Kraft-paberist spiraalm\u00e4rkmik pastakaga\"}]},{\"@type\":\"WebSite\",\"@id\":\"https:\/\/kruze.ee\/et\/#website\",\"url\":\"https:\/\/kruze.ee\/et\/\",\"name\":\"Kruze.ee\",\"description\":\"Reklaamkingitused, tr&uuml;kiga T-s&auml;rgid, fliisid, dressipluused, tekstiil, joped ja paljud teised logoga meened, &Auml;rikingitused sinu partnerile! Telli juba t&auml;na.\",\"potentialAction\":[{\"@type\":\"SearchAction\",\"target\":{\"@type\":\"EntryPoint\",\"urlTemplate\":\"https:\/\/kruze.ee\/et\/?s={search_term_string}\"},\"query-input\":{\"@type\":\"PropertyValueSpecification\",\"valueRequired\":true,\"valueName\":\"search_term_string\"}}],\"inLanguage\":\"et\"}]}<\/script>\n<!-- \/ Yoast SEO plugin. -->","yoast_head_json":{"title":"Kraft-paberist spiraalm\u00e4rkmik pastakaga - Kruze.ee","robots":{"index":"index","follow":"follow","max-snippet":"max-snippet:-1","max-image-preview":"max-image-preview:large","max-video-preview":"max-video-preview:-1"},"canonical":"https:\/\/kruze.ee\/et\/toode\/kraft-paberist-spiraalmarkmik-pastakaga\/","og_locale":"et_EE","og_type":"article","og_title":"Kraft-paberist spiraalm\u00e4rkmik pastakaga - Kruze.ee","og_description":"Hoia oma m\u00f5tted, m\u00e4rkmed, plaanid ja \u00fclesanded korras selle kraft-paberist spiraalm\u00e4rkmiku ja pastakaga. M\u00e4rkmikul on jooneline 70 g\/m\u00b2 kreemikat v\u00e4rvi...","og_url":"https:\/\/kruze.ee\/et\/toode\/kraft-paberist-spiraalmarkmik-pastakaga\/","og_site_name":"Kruze.ee","article_modified_time":"2026-03-16T21:58:53+00:00","twitter_card":"summary_large_image","schema":{"@context":"https:\/\/schema.org","@graph":[{"@type":"WebPage","@id":"https:\/\/kruze.ee\/et\/toode\/kraft-paberist-spiraalmarkmik-pastakaga\/","url":"https:\/\/kruze.ee\/et\/toode\/kraft-paberist-spiraalmarkmik-pastakaga\/","name":"Kraft-paberist spiraalm\u00e4rkmik pastakaga - Kruze.ee","isPartOf":{"@id":"https:\/\/kruze.ee\/et\/#website"},"datePublished":"2026-01-11T14:58:44+00:00","dateModified":"2026-03-16T21:58:53+00:00","breadcrumb":{"@id":"https:\/\/kruze.ee\/et\/toode\/kraft-paberist-spiraalmarkmik-pastakaga\/#breadcrumb"},"inLanguage":"et","potentialAction":[{"@type":"ReadAction","target":["https:\/\/kruze.ee\/et\/toode\/kraft-paberist-spiraalmarkmik-pastakaga\/"]}]},{"@type":"BreadcrumbList","@id":"https:\/\/kruze.ee\/et\/toode\/kraft-paberist-spiraalmarkmik-pastakaga\/#breadcrumb","itemListElement":[{"@type":"ListItem","position":1,"name":"Home","item":"https:\/\/kruze.ee\/et\/"},{"@type":"ListItem","position":2,"name":"Tooted","item":"https:\/\/kruze.ee\/et\/tooted\/"},{"@type":"ListItem","position":3,"name":"Kraft-paberist spiraalm\u00e4rkmik pastakaga"}]},{"@type":"WebSite","@id":"https:\/\/kruze.ee\/et\/#website","url":"https:\/\/kruze.ee\/et\/","name":"Kruze.ee","description":"Reklaamkingitused, tr&uuml;kiga T-s&auml;rgid, fliisid, dressipluused, tekstiil, joped ja paljud teised logoga meened, &Auml;rikingitused sinu partnerile! Telli juba t&auml;na.","potentialAction":[{"@type":"SearchAction","target":{"@type":"EntryPoint","urlTemplate":"https:\/\/kruze.ee\/et\/?s={search_term_string}"},"query-input":{"@type":"PropertyValueSpecification","valueRequired":true,"valueName":"search_term_string"}}],"inLanguage":"et"}]}},"_links":{"self":[{"href":"https:\/\/kruze.ee\/et\/wp-json\/wp\/v2\/product\/1433248","targetHints":{"allow":["GET"]}}],"collection":[{"href":"https:\/\/kruze.ee\/et\/wp-json\/wp\/v2\/product"}],"about":[{"href":"https:\/\/kruze.ee\/et\/wp-json\/wp\/v2\/types\/product"}],"wp:attachment":[{"href":"https:\/\/kruze.ee\/et\/wp-json\/wp\/v2\/media?parent=1433248"}],"wp:term":[{"taxonomy":"product_brand","embeddable":true,"href":"https:\/\/kruze.ee\/et\/wp-json\/wp\/v2\/product_brand?post=1433248"},{"taxonomy":"product_cat","embeddable":true,"href":"https:\/\/kruze.ee\/et\/wp-json\/wp\/v2\/product_cat?post=1433248"},{"taxonomy":"product_tag","embeddable":true,"href":"https:\/\/kruze.ee\/et\/wp-json\/wp\/v2\/product_tag?post=1433248"}],"curies":[{"name":"wp","href":"https:\/\/api.w.org\/{rel}","templated":true}]}}