{"id":1433218,"date":"2026-01-11T17:58:15","date_gmt":"2026-01-11T14:58:15","guid":{"rendered":"https:\/\/kruze.ee\/product\/grs-sertifikaadiga-taaskasutatud-nahast-kovakaaneline-a5-markmik\/"},"modified":"2026-03-17T00:58:47","modified_gmt":"2026-03-16T21:58:47","slug":"grs-sertifikaadiga-taaskasutatud-nahast-kovakaaneline-a5-markmik","status":"publish","type":"product","link":"https:\/\/kruze.ee\/et\/toode\/grs-sertifikaadiga-taaskasutatud-nahast-kovakaaneline-a5-markmik\/","title":{"rendered":"GRS-sertifikaadiga taaskasutatud nahast k\u00f5vakaaneline A5 m\u00e4rkmik"},"content":{"rendered":"<p>Pane kirja k\u00f5ik oma m\u00e4rkmed ja loomingulised ideed selle A5 GRS-sertifikaadiga taaskasutatud nahast k\u00f5vakaanelise m\u00e4rkmikuga. Stiilne ja kauni viimistlusega. M\u00e4rkmikul on 80 lehte \/ 160 joonelist valget taaskasutatud paberist lehek\u00fclge (70 g\/m\u00b2), vertikaalne elastne sulgur ja pastaka-aas. 80% GRS-sertifikaadiga taaskasutatud materjalidest (taaskasutatud nahk ja taaskasutatud paber). Plastivabalt pakendatud FSC-sertifikaadiga \u00fcmbrisesse.<\/p>\n","protected":false},"excerpt":{"rendered":"<p>Pane kirja k\u00f5ik oma m\u00e4rkmed ja loomingulised ideed selle A5 GRS-sertifikaadiga taaskasutatud nahast k\u00f5vakaanelise m\u00e4rkmikuga. Stiilne ja kauni viimistlusega&#8230;.<\/p>\n","protected":false},"featured_media":0,"template":"","meta":[],"product_brand":[],"product_cat":[5406],"product_tag":[],"class_list":{"0":"post-1433218","1":"product","2":"type-product","3":"status-publish","5":"product_cat-markmikud","6":"pa_brand-xd-collection","7":"pa_color-hall","8":"pa_color-brown-2","9":"pa_gender-uniseks","10":"pa_gender-unisex","13":"pa_material-recycled-leatherrecycled-paper","15":"first","16":"instock","17":"taxable","18":"shipping-taxable","19":"purchasable","20":"product-type-variable"},"acf":[],"yoast_head":"<!-- This site is optimized with the Yoast SEO plugin v26.0 - https:\/\/yoast.com\/wordpress\/plugins\/seo\/ -->\n<title>GRS-sertifikaadiga taaskasutatud nahast k\u00f5vakaaneline A5 m\u00e4rkmik - Kruze.ee<\/title>\n<meta name=\"robots\" content=\"index, follow, max-snippet:-1, max-image-preview:large, max-video-preview:-1\" \/>\n<link rel=\"canonical\" href=\"https:\/\/kruze.ee\/et\/toode\/grs-sertifikaadiga-taaskasutatud-nahast-kovakaaneline-a5-markmik\/\" \/>\n<meta property=\"og:locale\" content=\"et_EE\" \/>\n<meta property=\"og:type\" content=\"article\" \/>\n<meta property=\"og:title\" content=\"GRS-sertifikaadiga taaskasutatud nahast k\u00f5vakaaneline A5 m\u00e4rkmik - Kruze.ee\" \/>\n<meta property=\"og:description\" content=\"Pane kirja k\u00f5ik oma m\u00e4rkmed ja loomingulised ideed selle A5 GRS-sertifikaadiga taaskasutatud nahast k\u00f5vakaanelise m\u00e4rkmikuga. Stiilne ja kauni viimistlusega....\" \/>\n<meta property=\"og:url\" content=\"https:\/\/kruze.ee\/et\/toode\/grs-sertifikaadiga-taaskasutatud-nahast-kovakaaneline-a5-markmik\/\" \/>\n<meta property=\"og:site_name\" content=\"Kruze.ee\" \/>\n<meta property=\"article:modified_time\" content=\"2026-03-16T21:58:47+00:00\" \/>\n<meta name=\"twitter:card\" content=\"summary_large_image\" \/>\n<script type=\"application\/ld+json\" class=\"yoast-schema-graph\">{\"@context\":\"https:\/\/schema.org\",\"@graph\":[{\"@type\":\"WebPage\",\"@id\":\"https:\/\/kruze.ee\/et\/toode\/grs-sertifikaadiga-taaskasutatud-nahast-kovakaaneline-a5-markmik\/\",\"url\":\"https:\/\/kruze.ee\/et\/toode\/grs-sertifikaadiga-taaskasutatud-nahast-kovakaaneline-a5-markmik\/\",\"name\":\"GRS-sertifikaadiga taaskasutatud nahast k\u00f5vakaaneline A5 m\u00e4rkmik - Kruze.ee\",\"isPartOf\":{\"@id\":\"https:\/\/kruze.ee\/et\/#website\"},\"datePublished\":\"2026-01-11T14:58:15+00:00\",\"dateModified\":\"2026-03-16T21:58:47+00:00\",\"breadcrumb\":{\"@id\":\"https:\/\/kruze.ee\/et\/toode\/grs-sertifikaadiga-taaskasutatud-nahast-kovakaaneline-a5-markmik\/#breadcrumb\"},\"inLanguage\":\"et\",\"potentialAction\":[{\"@type\":\"ReadAction\",\"target\":[\"https:\/\/kruze.ee\/et\/toode\/grs-sertifikaadiga-taaskasutatud-nahast-kovakaaneline-a5-markmik\/\"]}]},{\"@type\":\"BreadcrumbList\",\"@id\":\"https:\/\/kruze.ee\/et\/toode\/grs-sertifikaadiga-taaskasutatud-nahast-kovakaaneline-a5-markmik\/#breadcrumb\",\"itemListElement\":[{\"@type\":\"ListItem\",\"position\":1,\"name\":\"Home\",\"item\":\"https:\/\/kruze.ee\/et\/\"},{\"@type\":\"ListItem\",\"position\":2,\"name\":\"Tooted\",\"item\":\"https:\/\/kruze.ee\/et\/tooted\/\"},{\"@type\":\"ListItem\",\"position\":3,\"name\":\"GRS-sertifikaadiga taaskasutatud nahast k\u00f5vakaaneline A5 m\u00e4rkmik\"}]},{\"@type\":\"WebSite\",\"@id\":\"https:\/\/kruze.ee\/et\/#website\",\"url\":\"https:\/\/kruze.ee\/et\/\",\"name\":\"Kruze.ee\",\"description\":\"Reklaamkingitused, tr&uuml;kiga T-s&auml;rgid, fliisid, dressipluused, tekstiil, joped ja paljud teised logoga meened, &Auml;rikingitused sinu partnerile! Telli juba t&auml;na.\",\"potentialAction\":[{\"@type\":\"SearchAction\",\"target\":{\"@type\":\"EntryPoint\",\"urlTemplate\":\"https:\/\/kruze.ee\/et\/?s={search_term_string}\"},\"query-input\":{\"@type\":\"PropertyValueSpecification\",\"valueRequired\":true,\"valueName\":\"search_term_string\"}}],\"inLanguage\":\"et\"}]}<\/script>\n<!-- \/ Yoast SEO plugin. -->","yoast_head_json":{"title":"GRS-sertifikaadiga taaskasutatud nahast k\u00f5vakaaneline A5 m\u00e4rkmik - Kruze.ee","robots":{"index":"index","follow":"follow","max-snippet":"max-snippet:-1","max-image-preview":"max-image-preview:large","max-video-preview":"max-video-preview:-1"},"canonical":"https:\/\/kruze.ee\/et\/toode\/grs-sertifikaadiga-taaskasutatud-nahast-kovakaaneline-a5-markmik\/","og_locale":"et_EE","og_type":"article","og_title":"GRS-sertifikaadiga taaskasutatud nahast k\u00f5vakaaneline A5 m\u00e4rkmik - Kruze.ee","og_description":"Pane kirja k\u00f5ik oma m\u00e4rkmed ja loomingulised ideed selle A5 GRS-sertifikaadiga taaskasutatud nahast k\u00f5vakaanelise m\u00e4rkmikuga. Stiilne ja kauni viimistlusega....","og_url":"https:\/\/kruze.ee\/et\/toode\/grs-sertifikaadiga-taaskasutatud-nahast-kovakaaneline-a5-markmik\/","og_site_name":"Kruze.ee","article_modified_time":"2026-03-16T21:58:47+00:00","twitter_card":"summary_large_image","schema":{"@context":"https:\/\/schema.org","@graph":[{"@type":"WebPage","@id":"https:\/\/kruze.ee\/et\/toode\/grs-sertifikaadiga-taaskasutatud-nahast-kovakaaneline-a5-markmik\/","url":"https:\/\/kruze.ee\/et\/toode\/grs-sertifikaadiga-taaskasutatud-nahast-kovakaaneline-a5-markmik\/","name":"GRS-sertifikaadiga taaskasutatud nahast k\u00f5vakaaneline A5 m\u00e4rkmik - Kruze.ee","isPartOf":{"@id":"https:\/\/kruze.ee\/et\/#website"},"datePublished":"2026-01-11T14:58:15+00:00","dateModified":"2026-03-16T21:58:47+00:00","breadcrumb":{"@id":"https:\/\/kruze.ee\/et\/toode\/grs-sertifikaadiga-taaskasutatud-nahast-kovakaaneline-a5-markmik\/#breadcrumb"},"inLanguage":"et","potentialAction":[{"@type":"ReadAction","target":["https:\/\/kruze.ee\/et\/toode\/grs-sertifikaadiga-taaskasutatud-nahast-kovakaaneline-a5-markmik\/"]}]},{"@type":"BreadcrumbList","@id":"https:\/\/kruze.ee\/et\/toode\/grs-sertifikaadiga-taaskasutatud-nahast-kovakaaneline-a5-markmik\/#breadcrumb","itemListElement":[{"@type":"ListItem","position":1,"name":"Home","item":"https:\/\/kruze.ee\/et\/"},{"@type":"ListItem","position":2,"name":"Tooted","item":"https:\/\/kruze.ee\/et\/tooted\/"},{"@type":"ListItem","position":3,"name":"GRS-sertifikaadiga taaskasutatud nahast k\u00f5vakaaneline A5 m\u00e4rkmik"}]},{"@type":"WebSite","@id":"https:\/\/kruze.ee\/et\/#website","url":"https:\/\/kruze.ee\/et\/","name":"Kruze.ee","description":"Reklaamkingitused, tr&uuml;kiga T-s&auml;rgid, fliisid, dressipluused, tekstiil, joped ja paljud teised logoga meened, &Auml;rikingitused sinu partnerile! Telli juba t&auml;na.","potentialAction":[{"@type":"SearchAction","target":{"@type":"EntryPoint","urlTemplate":"https:\/\/kruze.ee\/et\/?s={search_term_string}"},"query-input":{"@type":"PropertyValueSpecification","valueRequired":true,"valueName":"search_term_string"}}],"inLanguage":"et"}]}},"_links":{"self":[{"href":"https:\/\/kruze.ee\/et\/wp-json\/wp\/v2\/product\/1433218","targetHints":{"allow":["GET"]}}],"collection":[{"href":"https:\/\/kruze.ee\/et\/wp-json\/wp\/v2\/product"}],"about":[{"href":"https:\/\/kruze.ee\/et\/wp-json\/wp\/v2\/types\/product"}],"wp:attachment":[{"href":"https:\/\/kruze.ee\/et\/wp-json\/wp\/v2\/media?parent=1433218"}],"wp:term":[{"taxonomy":"product_brand","embeddable":true,"href":"https:\/\/kruze.ee\/et\/wp-json\/wp\/v2\/product_brand?post=1433218"},{"taxonomy":"product_cat","embeddable":true,"href":"https:\/\/kruze.ee\/et\/wp-json\/wp\/v2\/product_cat?post=1433218"},{"taxonomy":"product_tag","embeddable":true,"href":"https:\/\/kruze.ee\/et\/wp-json\/wp\/v2\/product_tag?post=1433218"}],"curies":[{"name":"wp","href":"https:\/\/api.w.org\/{rel}","templated":true}]}}