{"id":1433210,"date":"2026-01-11T17:58:04","date_gmt":"2026-01-11T14:58:04","guid":{"rendered":"https:\/\/kruze.ee\/product\/impact-aware-rpet-a5-markmik\/"},"modified":"2026-03-17T00:58:45","modified_gmt":"2026-03-16T21:58:45","slug":"impact-aware-rpet-a5-markmik","status":"publish","type":"product","link":"https:\/\/kruze.ee\/et\/toode\/impact-aware-rpet-a5-markmik\/","title":{"rendered":"Impact AWARE\u2122 RPET A5 m\u00e4rkmik"},"content":{"rendered":"<p>See Impact kollektsioon on valmistatud AWARE\u2122 j\u00e4lgimistehnoloogiaga. AWARE\u2122 abil on tagatud ehtsate taaskasutatud kangaste kasutus ning vees\u00e4\u00e4stu m\u00f5jude v\u00e4ited, kasutades AWARE\u2122 f\u00fc\u00fcsilist j\u00e4lgijat ja plokiahela tehnoloogiat. S\u00e4\u00e4sta vett ja kasuta t\u00f5eliselt taaskasutatud materjale. Selle toote valimisel s\u00e4\u00e4stad 4 liitrit vett ja taaskasutusse on v\u00f5etud 7 plastpudelit. Veeteemale keskendudes annetatakse 2% iga m\u00fc\u00fcdud Impact-toote tulust organisatsioonile Water.org.<\/p>\n","protected":false},"excerpt":{"rendered":"<p>See Impact kollektsioon on valmistatud AWARE\u2122 j\u00e4lgimistehnoloogiaga. AWARE\u2122 abil on tagatud ehtsate taaskasutatud kangaste kasutus ning vees\u00e4\u00e4stu m\u00f5jude&#8230;<\/p>\n","protected":false},"featured_media":0,"template":"","meta":[],"product_brand":[],"product_cat":[5406],"product_tag":[],"class_list":{"0":"post-1433210","1":"product","2":"type-product","3":"status-publish","5":"product_cat-markmikud","6":"pa_brand-xd-xclusive-2","7":"pa_color-antratsiit","8":"pa_color-black-2","9":"pa_color-tumesinine","10":"pa_gender-uniseks","11":"pa_gender-unisex","14":"pa_material-rpetpaper","16":"first","17":"instock","18":"taxable","19":"shipping-taxable","20":"purchasable","21":"product-type-variable"},"acf":[],"yoast_head":"<!-- This site is optimized with the Yoast SEO plugin v26.0 - https:\/\/yoast.com\/wordpress\/plugins\/seo\/ -->\n<title>Impact AWARE\u2122 RPET A5 m\u00e4rkmik - Kruze.ee<\/title>\n<meta name=\"robots\" content=\"index, follow, max-snippet:-1, max-image-preview:large, max-video-preview:-1\" \/>\n<link rel=\"canonical\" href=\"https:\/\/kruze.ee\/et\/toode\/impact-aware-rpet-a5-markmik\/\" \/>\n<meta property=\"og:locale\" content=\"et_EE\" \/>\n<meta property=\"og:type\" content=\"article\" \/>\n<meta property=\"og:title\" content=\"Impact AWARE\u2122 RPET A5 m\u00e4rkmik - Kruze.ee\" \/>\n<meta property=\"og:description\" content=\"See Impact kollektsioon on valmistatud AWARE\u2122 j\u00e4lgimistehnoloogiaga. AWARE\u2122 abil on tagatud ehtsate taaskasutatud kangaste kasutus ning vees\u00e4\u00e4stu m\u00f5jude...\" \/>\n<meta property=\"og:url\" content=\"https:\/\/kruze.ee\/et\/toode\/impact-aware-rpet-a5-markmik\/\" \/>\n<meta property=\"og:site_name\" content=\"Kruze.ee\" \/>\n<meta property=\"article:modified_time\" content=\"2026-03-16T21:58:45+00:00\" \/>\n<meta name=\"twitter:card\" content=\"summary_large_image\" \/>\n<script type=\"application\/ld+json\" class=\"yoast-schema-graph\">{\"@context\":\"https:\/\/schema.org\",\"@graph\":[{\"@type\":\"WebPage\",\"@id\":\"https:\/\/kruze.ee\/et\/toode\/impact-aware-rpet-a5-markmik\/\",\"url\":\"https:\/\/kruze.ee\/et\/toode\/impact-aware-rpet-a5-markmik\/\",\"name\":\"Impact AWARE\u2122 RPET A5 m\u00e4rkmik - Kruze.ee\",\"isPartOf\":{\"@id\":\"https:\/\/kruze.ee\/et\/#website\"},\"datePublished\":\"2026-01-11T14:58:04+00:00\",\"dateModified\":\"2026-03-16T21:58:45+00:00\",\"breadcrumb\":{\"@id\":\"https:\/\/kruze.ee\/et\/toode\/impact-aware-rpet-a5-markmik\/#breadcrumb\"},\"inLanguage\":\"et\",\"potentialAction\":[{\"@type\":\"ReadAction\",\"target\":[\"https:\/\/kruze.ee\/et\/toode\/impact-aware-rpet-a5-markmik\/\"]}]},{\"@type\":\"BreadcrumbList\",\"@id\":\"https:\/\/kruze.ee\/et\/toode\/impact-aware-rpet-a5-markmik\/#breadcrumb\",\"itemListElement\":[{\"@type\":\"ListItem\",\"position\":1,\"name\":\"Home\",\"item\":\"https:\/\/kruze.ee\/et\/\"},{\"@type\":\"ListItem\",\"position\":2,\"name\":\"Tooted\",\"item\":\"https:\/\/kruze.ee\/et\/tooted\/\"},{\"@type\":\"ListItem\",\"position\":3,\"name\":\"Impact AWARE\u2122 RPET A5 m\u00e4rkmik\"}]},{\"@type\":\"WebSite\",\"@id\":\"https:\/\/kruze.ee\/et\/#website\",\"url\":\"https:\/\/kruze.ee\/et\/\",\"name\":\"Kruze.ee\",\"description\":\"Reklaamkingitused, tr&uuml;kiga T-s&auml;rgid, fliisid, dressipluused, tekstiil, joped ja paljud teised logoga meened, &Auml;rikingitused sinu partnerile! Telli juba t&auml;na.\",\"potentialAction\":[{\"@type\":\"SearchAction\",\"target\":{\"@type\":\"EntryPoint\",\"urlTemplate\":\"https:\/\/kruze.ee\/et\/?s={search_term_string}\"},\"query-input\":{\"@type\":\"PropertyValueSpecification\",\"valueRequired\":true,\"valueName\":\"search_term_string\"}}],\"inLanguage\":\"et\"}]}<\/script>\n<!-- \/ Yoast SEO plugin. -->","yoast_head_json":{"title":"Impact AWARE\u2122 RPET A5 m\u00e4rkmik - Kruze.ee","robots":{"index":"index","follow":"follow","max-snippet":"max-snippet:-1","max-image-preview":"max-image-preview:large","max-video-preview":"max-video-preview:-1"},"canonical":"https:\/\/kruze.ee\/et\/toode\/impact-aware-rpet-a5-markmik\/","og_locale":"et_EE","og_type":"article","og_title":"Impact AWARE\u2122 RPET A5 m\u00e4rkmik - Kruze.ee","og_description":"See Impact kollektsioon on valmistatud AWARE\u2122 j\u00e4lgimistehnoloogiaga. AWARE\u2122 abil on tagatud ehtsate taaskasutatud kangaste kasutus ning vees\u00e4\u00e4stu m\u00f5jude...","og_url":"https:\/\/kruze.ee\/et\/toode\/impact-aware-rpet-a5-markmik\/","og_site_name":"Kruze.ee","article_modified_time":"2026-03-16T21:58:45+00:00","twitter_card":"summary_large_image","schema":{"@context":"https:\/\/schema.org","@graph":[{"@type":"WebPage","@id":"https:\/\/kruze.ee\/et\/toode\/impact-aware-rpet-a5-markmik\/","url":"https:\/\/kruze.ee\/et\/toode\/impact-aware-rpet-a5-markmik\/","name":"Impact AWARE\u2122 RPET A5 m\u00e4rkmik - Kruze.ee","isPartOf":{"@id":"https:\/\/kruze.ee\/et\/#website"},"datePublished":"2026-01-11T14:58:04+00:00","dateModified":"2026-03-16T21:58:45+00:00","breadcrumb":{"@id":"https:\/\/kruze.ee\/et\/toode\/impact-aware-rpet-a5-markmik\/#breadcrumb"},"inLanguage":"et","potentialAction":[{"@type":"ReadAction","target":["https:\/\/kruze.ee\/et\/toode\/impact-aware-rpet-a5-markmik\/"]}]},{"@type":"BreadcrumbList","@id":"https:\/\/kruze.ee\/et\/toode\/impact-aware-rpet-a5-markmik\/#breadcrumb","itemListElement":[{"@type":"ListItem","position":1,"name":"Home","item":"https:\/\/kruze.ee\/et\/"},{"@type":"ListItem","position":2,"name":"Tooted","item":"https:\/\/kruze.ee\/et\/tooted\/"},{"@type":"ListItem","position":3,"name":"Impact AWARE\u2122 RPET A5 m\u00e4rkmik"}]},{"@type":"WebSite","@id":"https:\/\/kruze.ee\/et\/#website","url":"https:\/\/kruze.ee\/et\/","name":"Kruze.ee","description":"Reklaamkingitused, tr&uuml;kiga T-s&auml;rgid, fliisid, dressipluused, tekstiil, joped ja paljud teised logoga meened, &Auml;rikingitused sinu partnerile! Telli juba t&auml;na.","potentialAction":[{"@type":"SearchAction","target":{"@type":"EntryPoint","urlTemplate":"https:\/\/kruze.ee\/et\/?s={search_term_string}"},"query-input":{"@type":"PropertyValueSpecification","valueRequired":true,"valueName":"search_term_string"}}],"inLanguage":"et"}]}},"_links":{"self":[{"href":"https:\/\/kruze.ee\/et\/wp-json\/wp\/v2\/product\/1433210","targetHints":{"allow":["GET"]}}],"collection":[{"href":"https:\/\/kruze.ee\/et\/wp-json\/wp\/v2\/product"}],"about":[{"href":"https:\/\/kruze.ee\/et\/wp-json\/wp\/v2\/types\/product"}],"wp:attachment":[{"href":"https:\/\/kruze.ee\/et\/wp-json\/wp\/v2\/media?parent=1433210"}],"wp:term":[{"taxonomy":"product_brand","embeddable":true,"href":"https:\/\/kruze.ee\/et\/wp-json\/wp\/v2\/product_brand?post=1433210"},{"taxonomy":"product_cat","embeddable":true,"href":"https:\/\/kruze.ee\/et\/wp-json\/wp\/v2\/product_cat?post=1433210"},{"taxonomy":"product_tag","embeddable":true,"href":"https:\/\/kruze.ee\/et\/wp-json\/wp\/v2\/product_tag?post=1433210"}],"curies":[{"name":"wp","href":"https:\/\/api.w.org\/{rel}","templated":true}]}}