{"id":1433140,"date":"2026-01-11T17:56:24","date_gmt":"2026-01-11T14:56:24","guid":{"rendered":"https:\/\/kruze.ee\/product\/a5-bambusest-markmiku-ja-pastaka-komplekt\/"},"modified":"2026-03-17T00:58:27","modified_gmt":"2026-03-16T21:58:27","slug":"a5-bambusest-markmiku-ja-pastaka-komplekt","status":"publish","type":"product","link":"https:\/\/kruze.ee\/et\/toode\/a5-bambusest-markmiku-ja-pastaka-komplekt\/","title":{"rendered":"A5 bambusest m\u00e4rkmiku ja pastaka komplekt"},"content":{"rendered":"<p>See kaunis bambusest m\u00e4rkmik on valmistatud j\u00e4tkusuutlikust bambusest ning sisaldab 90 lehte \/ 180 lehek\u00fclge 70 g\/m\u00b2 taaskasutatud paberit. Komplekti kuulub bambusest pastapliiats, mis on pakendatud kraft-paberist kinkekarpi.<\/p>\n","protected":false},"excerpt":{"rendered":"<p>See kaunis bambusest m\u00e4rkmik on valmistatud j\u00e4tkusuutlikust bambusest ning sisaldab 90 lehte \/ 180 lehek\u00fclge 70 g\/m\u00b2 taaskasutatud paberit. Komplekti kuulub&#8230;<\/p>\n","protected":false},"featured_media":0,"template":"","meta":[],"product_brand":[],"product_cat":[5406],"product_tag":[],"class_list":{"0":"post-1433140","1":"product","2":"type-product","3":"status-publish","5":"product_cat-markmikud","6":"pa_gender-uniseks","7":"pa_gender-unisex","11":"first","12":"instock","13":"purchasable","14":"product-type-simple"},"acf":[],"yoast_head":"<!-- This site is optimized with the Yoast SEO plugin v26.0 - https:\/\/yoast.com\/wordpress\/plugins\/seo\/ -->\n<title>A5 bambusest m\u00e4rkmiku ja pastaka komplekt - Kruze.ee<\/title>\n<meta name=\"robots\" content=\"index, follow, max-snippet:-1, max-image-preview:large, max-video-preview:-1\" \/>\n<link rel=\"canonical\" href=\"https:\/\/kruze.ee\/et\/toode\/a5-bambusest-markmiku-ja-pastaka-komplekt\/\" \/>\n<meta property=\"og:locale\" content=\"et_EE\" \/>\n<meta property=\"og:type\" content=\"article\" \/>\n<meta property=\"og:title\" content=\"A5 bambusest m\u00e4rkmiku ja pastaka komplekt - Kruze.ee\" \/>\n<meta property=\"og:description\" content=\"See kaunis bambusest m\u00e4rkmik on valmistatud j\u00e4tkusuutlikust bambusest ning sisaldab 90 lehte \/ 180 lehek\u00fclge 70 g\/m\u00b2 taaskasutatud paberit. Komplekti kuulub...\" \/>\n<meta property=\"og:url\" content=\"https:\/\/kruze.ee\/et\/toode\/a5-bambusest-markmiku-ja-pastaka-komplekt\/\" \/>\n<meta property=\"og:site_name\" content=\"Kruze.ee\" \/>\n<meta property=\"article:modified_time\" content=\"2026-03-16T21:58:27+00:00\" \/>\n<meta name=\"twitter:card\" content=\"summary_large_image\" \/>\n<script type=\"application\/ld+json\" class=\"yoast-schema-graph\">{\"@context\":\"https:\/\/schema.org\",\"@graph\":[{\"@type\":\"WebPage\",\"@id\":\"https:\/\/kruze.ee\/et\/toode\/a5-bambusest-markmiku-ja-pastaka-komplekt\/\",\"url\":\"https:\/\/kruze.ee\/et\/toode\/a5-bambusest-markmiku-ja-pastaka-komplekt\/\",\"name\":\"A5 bambusest m\u00e4rkmiku ja pastaka komplekt - Kruze.ee\",\"isPartOf\":{\"@id\":\"https:\/\/kruze.ee\/et\/#website\"},\"datePublished\":\"2026-01-11T14:56:24+00:00\",\"dateModified\":\"2026-03-16T21:58:27+00:00\",\"breadcrumb\":{\"@id\":\"https:\/\/kruze.ee\/et\/toode\/a5-bambusest-markmiku-ja-pastaka-komplekt\/#breadcrumb\"},\"inLanguage\":\"et\",\"potentialAction\":[{\"@type\":\"ReadAction\",\"target\":[\"https:\/\/kruze.ee\/et\/toode\/a5-bambusest-markmiku-ja-pastaka-komplekt\/\"]}]},{\"@type\":\"BreadcrumbList\",\"@id\":\"https:\/\/kruze.ee\/et\/toode\/a5-bambusest-markmiku-ja-pastaka-komplekt\/#breadcrumb\",\"itemListElement\":[{\"@type\":\"ListItem\",\"position\":1,\"name\":\"Home\",\"item\":\"https:\/\/kruze.ee\/et\/\"},{\"@type\":\"ListItem\",\"position\":2,\"name\":\"Tooted\",\"item\":\"https:\/\/kruze.ee\/et\/tooted\/\"},{\"@type\":\"ListItem\",\"position\":3,\"name\":\"A5 bambusest m\u00e4rkmiku ja pastaka komplekt\"}]},{\"@type\":\"WebSite\",\"@id\":\"https:\/\/kruze.ee\/et\/#website\",\"url\":\"https:\/\/kruze.ee\/et\/\",\"name\":\"Kruze.ee\",\"description\":\"Reklaamkingitused, tr&uuml;kiga T-s&auml;rgid, fliisid, dressipluused, tekstiil, joped ja paljud teised logoga meened, &Auml;rikingitused sinu partnerile! Telli juba t&auml;na.\",\"potentialAction\":[{\"@type\":\"SearchAction\",\"target\":{\"@type\":\"EntryPoint\",\"urlTemplate\":\"https:\/\/kruze.ee\/et\/?s={search_term_string}\"},\"query-input\":{\"@type\":\"PropertyValueSpecification\",\"valueRequired\":true,\"valueName\":\"search_term_string\"}}],\"inLanguage\":\"et\"}]}<\/script>\n<!-- \/ Yoast SEO plugin. -->","yoast_head_json":{"title":"A5 bambusest m\u00e4rkmiku ja pastaka komplekt - Kruze.ee","robots":{"index":"index","follow":"follow","max-snippet":"max-snippet:-1","max-image-preview":"max-image-preview:large","max-video-preview":"max-video-preview:-1"},"canonical":"https:\/\/kruze.ee\/et\/toode\/a5-bambusest-markmiku-ja-pastaka-komplekt\/","og_locale":"et_EE","og_type":"article","og_title":"A5 bambusest m\u00e4rkmiku ja pastaka komplekt - Kruze.ee","og_description":"See kaunis bambusest m\u00e4rkmik on valmistatud j\u00e4tkusuutlikust bambusest ning sisaldab 90 lehte \/ 180 lehek\u00fclge 70 g\/m\u00b2 taaskasutatud paberit. Komplekti kuulub...","og_url":"https:\/\/kruze.ee\/et\/toode\/a5-bambusest-markmiku-ja-pastaka-komplekt\/","og_site_name":"Kruze.ee","article_modified_time":"2026-03-16T21:58:27+00:00","twitter_card":"summary_large_image","schema":{"@context":"https:\/\/schema.org","@graph":[{"@type":"WebPage","@id":"https:\/\/kruze.ee\/et\/toode\/a5-bambusest-markmiku-ja-pastaka-komplekt\/","url":"https:\/\/kruze.ee\/et\/toode\/a5-bambusest-markmiku-ja-pastaka-komplekt\/","name":"A5 bambusest m\u00e4rkmiku ja pastaka komplekt - Kruze.ee","isPartOf":{"@id":"https:\/\/kruze.ee\/et\/#website"},"datePublished":"2026-01-11T14:56:24+00:00","dateModified":"2026-03-16T21:58:27+00:00","breadcrumb":{"@id":"https:\/\/kruze.ee\/et\/toode\/a5-bambusest-markmiku-ja-pastaka-komplekt\/#breadcrumb"},"inLanguage":"et","potentialAction":[{"@type":"ReadAction","target":["https:\/\/kruze.ee\/et\/toode\/a5-bambusest-markmiku-ja-pastaka-komplekt\/"]}]},{"@type":"BreadcrumbList","@id":"https:\/\/kruze.ee\/et\/toode\/a5-bambusest-markmiku-ja-pastaka-komplekt\/#breadcrumb","itemListElement":[{"@type":"ListItem","position":1,"name":"Home","item":"https:\/\/kruze.ee\/et\/"},{"@type":"ListItem","position":2,"name":"Tooted","item":"https:\/\/kruze.ee\/et\/tooted\/"},{"@type":"ListItem","position":3,"name":"A5 bambusest m\u00e4rkmiku ja pastaka komplekt"}]},{"@type":"WebSite","@id":"https:\/\/kruze.ee\/et\/#website","url":"https:\/\/kruze.ee\/et\/","name":"Kruze.ee","description":"Reklaamkingitused, tr&uuml;kiga T-s&auml;rgid, fliisid, dressipluused, tekstiil, joped ja paljud teised logoga meened, &Auml;rikingitused sinu partnerile! Telli juba t&auml;na.","potentialAction":[{"@type":"SearchAction","target":{"@type":"EntryPoint","urlTemplate":"https:\/\/kruze.ee\/et\/?s={search_term_string}"},"query-input":{"@type":"PropertyValueSpecification","valueRequired":true,"valueName":"search_term_string"}}],"inLanguage":"et"}]}},"_links":{"self":[{"href":"https:\/\/kruze.ee\/et\/wp-json\/wp\/v2\/product\/1433140","targetHints":{"allow":["GET"]}}],"collection":[{"href":"https:\/\/kruze.ee\/et\/wp-json\/wp\/v2\/product"}],"about":[{"href":"https:\/\/kruze.ee\/et\/wp-json\/wp\/v2\/types\/product"}],"wp:attachment":[{"href":"https:\/\/kruze.ee\/et\/wp-json\/wp\/v2\/media?parent=1433140"}],"wp:term":[{"taxonomy":"product_brand","embeddable":true,"href":"https:\/\/kruze.ee\/et\/wp-json\/wp\/v2\/product_brand?post=1433140"},{"taxonomy":"product_cat","embeddable":true,"href":"https:\/\/kruze.ee\/et\/wp-json\/wp\/v2\/product_cat?post=1433140"},{"taxonomy":"product_tag","embeddable":true,"href":"https:\/\/kruze.ee\/et\/wp-json\/wp\/v2\/product_tag?post=1433140"}],"curies":[{"name":"wp","href":"https:\/\/api.w.org\/{rel}","templated":true}]}}