{"id":1433130,"date":"2026-01-11T17:56:14","date_gmt":"2026-01-11T14:56:14","guid":{"rendered":"https:\/\/kruze.ee\/product\/crescent-xl-aware-rpet-poolkuu-kujuline-olakott\/"},"modified":"2026-03-17T00:58:25","modified_gmt":"2026-03-16T21:58:25","slug":"crescent-xl-aware-rpet-poolkuu-kujuline-olakott","status":"publish","type":"product","link":"https:\/\/kruze.ee\/et\/toode\/crescent-xl-aware-rpet-poolkuu-kujuline-olakott\/","title":{"rendered":"Crescent XL AWARE\u2122 RPET poolkuu-kujuline \u00f5lakott"},"content":{"rendered":"<p>Avasta ideaalne kaaslane igap\u00e4evasteks k\u00e4ikudeks \u2013 n\u00fc\u00fcd XL-versioonis, mis pakub veelgi rohkem ruumi ja funktsionaalsust. Valmistatud AWARE\u2122 taaskasutatud pol\u00fcestrist, see mitmek\u00fclgne unisex-\u00f5lakott istub mugavalt keha vastas, tagades mugavuse ja stiili kogu p\u00e4evaks. Suurem disain mahutab rohkem vajalikke esemeid ning lisatud v\u00e4limine lukuga tasku v\u00f5imaldab kiiret ligip\u00e4\u00e4su v\u00e4iksematele asjadele. Reguleeritav \u00f5larihm v\u00f5imaldab personaalse sobivuse. Sisaldab AWARE\u2122 j\u00e4lgijat, mis kinnitab taaskasutatud materjalide ehtsat kasutust. 2% iga m\u00fc\u00fcdud AWARE\u2122 tootega teenitud tulust annetatakse organisatsioonile Water.org. PVC-vaba.<\/p>\n","protected":false},"excerpt":{"rendered":"<p>Avasta ideaalne kaaslane igap\u00e4evasteks k\u00e4ikudeks \u2013 n\u00fc\u00fcd XL-versioonis, mis pakub veelgi rohkem ruumi ja funktsionaalsust. Valmistatud AWARE\u2122 taaskasutatud&#8230;<\/p>\n","protected":false},"featured_media":0,"template":"","meta":[],"product_brand":[],"product_cat":[5397],"product_tag":[],"class_list":{"0":"post-1433130","1":"product","2":"type-product","3":"status-publish","5":"product_cat-olakotid","6":"pa_brand-xd-collection","7":"pa_color-beez","8":"pa_color-black-2","9":"pa_color-blue-2","10":"pa_gender-uniseks","11":"pa_gender-unisex","14":"pa_material-rpetrpet","16":"first","17":"instock","18":"taxable","19":"shipping-taxable","20":"purchasable","21":"product-type-variable"},"acf":[],"yoast_head":"<!-- This site is optimized with the Yoast SEO plugin v26.0 - https:\/\/yoast.com\/wordpress\/plugins\/seo\/ -->\n<title>Crescent XL AWARE\u2122 RPET poolkuu-kujuline \u00f5lakott - Kruze.ee<\/title>\n<meta name=\"robots\" content=\"index, follow, max-snippet:-1, max-image-preview:large, max-video-preview:-1\" \/>\n<link rel=\"canonical\" href=\"https:\/\/kruze.ee\/et\/toode\/crescent-xl-aware-rpet-poolkuu-kujuline-olakott\/\" \/>\n<meta property=\"og:locale\" content=\"et_EE\" \/>\n<meta property=\"og:type\" content=\"article\" \/>\n<meta property=\"og:title\" content=\"Crescent XL AWARE\u2122 RPET poolkuu-kujuline \u00f5lakott - Kruze.ee\" \/>\n<meta property=\"og:description\" content=\"Avasta ideaalne kaaslane igap\u00e4evasteks k\u00e4ikudeks \u2013 n\u00fc\u00fcd XL-versioonis, mis pakub veelgi rohkem ruumi ja funktsionaalsust. Valmistatud AWARE\u2122 taaskasutatud...\" \/>\n<meta property=\"og:url\" content=\"https:\/\/kruze.ee\/et\/toode\/crescent-xl-aware-rpet-poolkuu-kujuline-olakott\/\" \/>\n<meta property=\"og:site_name\" content=\"Kruze.ee\" \/>\n<meta property=\"article:modified_time\" content=\"2026-03-16T21:58:25+00:00\" \/>\n<meta name=\"twitter:card\" content=\"summary_large_image\" \/>\n<script type=\"application\/ld+json\" class=\"yoast-schema-graph\">{\"@context\":\"https:\/\/schema.org\",\"@graph\":[{\"@type\":\"WebPage\",\"@id\":\"https:\/\/kruze.ee\/et\/toode\/crescent-xl-aware-rpet-poolkuu-kujuline-olakott\/\",\"url\":\"https:\/\/kruze.ee\/et\/toode\/crescent-xl-aware-rpet-poolkuu-kujuline-olakott\/\",\"name\":\"Crescent XL AWARE\u2122 RPET poolkuu-kujuline \u00f5lakott - Kruze.ee\",\"isPartOf\":{\"@id\":\"https:\/\/kruze.ee\/et\/#website\"},\"datePublished\":\"2026-01-11T14:56:14+00:00\",\"dateModified\":\"2026-03-16T21:58:25+00:00\",\"breadcrumb\":{\"@id\":\"https:\/\/kruze.ee\/et\/toode\/crescent-xl-aware-rpet-poolkuu-kujuline-olakott\/#breadcrumb\"},\"inLanguage\":\"et\",\"potentialAction\":[{\"@type\":\"ReadAction\",\"target\":[\"https:\/\/kruze.ee\/et\/toode\/crescent-xl-aware-rpet-poolkuu-kujuline-olakott\/\"]}]},{\"@type\":\"BreadcrumbList\",\"@id\":\"https:\/\/kruze.ee\/et\/toode\/crescent-xl-aware-rpet-poolkuu-kujuline-olakott\/#breadcrumb\",\"itemListElement\":[{\"@type\":\"ListItem\",\"position\":1,\"name\":\"Home\",\"item\":\"https:\/\/kruze.ee\/et\/\"},{\"@type\":\"ListItem\",\"position\":2,\"name\":\"Tooted\",\"item\":\"https:\/\/kruze.ee\/et\/tooted\/\"},{\"@type\":\"ListItem\",\"position\":3,\"name\":\"Crescent XL AWARE\u2122 RPET poolkuu-kujuline \u00f5lakott\"}]},{\"@type\":\"WebSite\",\"@id\":\"https:\/\/kruze.ee\/et\/#website\",\"url\":\"https:\/\/kruze.ee\/et\/\",\"name\":\"Kruze.ee\",\"description\":\"Reklaamkingitused, tr&uuml;kiga T-s&auml;rgid, fliisid, dressipluused, tekstiil, joped ja paljud teised logoga meened, &Auml;rikingitused sinu partnerile! Telli juba t&auml;na.\",\"potentialAction\":[{\"@type\":\"SearchAction\",\"target\":{\"@type\":\"EntryPoint\",\"urlTemplate\":\"https:\/\/kruze.ee\/et\/?s={search_term_string}\"},\"query-input\":{\"@type\":\"PropertyValueSpecification\",\"valueRequired\":true,\"valueName\":\"search_term_string\"}}],\"inLanguage\":\"et\"}]}<\/script>\n<!-- \/ Yoast SEO plugin. -->","yoast_head_json":{"title":"Crescent XL AWARE\u2122 RPET poolkuu-kujuline \u00f5lakott - Kruze.ee","robots":{"index":"index","follow":"follow","max-snippet":"max-snippet:-1","max-image-preview":"max-image-preview:large","max-video-preview":"max-video-preview:-1"},"canonical":"https:\/\/kruze.ee\/et\/toode\/crescent-xl-aware-rpet-poolkuu-kujuline-olakott\/","og_locale":"et_EE","og_type":"article","og_title":"Crescent XL AWARE\u2122 RPET poolkuu-kujuline \u00f5lakott - Kruze.ee","og_description":"Avasta ideaalne kaaslane igap\u00e4evasteks k\u00e4ikudeks \u2013 n\u00fc\u00fcd XL-versioonis, mis pakub veelgi rohkem ruumi ja funktsionaalsust. Valmistatud AWARE\u2122 taaskasutatud...","og_url":"https:\/\/kruze.ee\/et\/toode\/crescent-xl-aware-rpet-poolkuu-kujuline-olakott\/","og_site_name":"Kruze.ee","article_modified_time":"2026-03-16T21:58:25+00:00","twitter_card":"summary_large_image","schema":{"@context":"https:\/\/schema.org","@graph":[{"@type":"WebPage","@id":"https:\/\/kruze.ee\/et\/toode\/crescent-xl-aware-rpet-poolkuu-kujuline-olakott\/","url":"https:\/\/kruze.ee\/et\/toode\/crescent-xl-aware-rpet-poolkuu-kujuline-olakott\/","name":"Crescent XL AWARE\u2122 RPET poolkuu-kujuline \u00f5lakott - Kruze.ee","isPartOf":{"@id":"https:\/\/kruze.ee\/et\/#website"},"datePublished":"2026-01-11T14:56:14+00:00","dateModified":"2026-03-16T21:58:25+00:00","breadcrumb":{"@id":"https:\/\/kruze.ee\/et\/toode\/crescent-xl-aware-rpet-poolkuu-kujuline-olakott\/#breadcrumb"},"inLanguage":"et","potentialAction":[{"@type":"ReadAction","target":["https:\/\/kruze.ee\/et\/toode\/crescent-xl-aware-rpet-poolkuu-kujuline-olakott\/"]}]},{"@type":"BreadcrumbList","@id":"https:\/\/kruze.ee\/et\/toode\/crescent-xl-aware-rpet-poolkuu-kujuline-olakott\/#breadcrumb","itemListElement":[{"@type":"ListItem","position":1,"name":"Home","item":"https:\/\/kruze.ee\/et\/"},{"@type":"ListItem","position":2,"name":"Tooted","item":"https:\/\/kruze.ee\/et\/tooted\/"},{"@type":"ListItem","position":3,"name":"Crescent XL AWARE\u2122 RPET poolkuu-kujuline \u00f5lakott"}]},{"@type":"WebSite","@id":"https:\/\/kruze.ee\/et\/#website","url":"https:\/\/kruze.ee\/et\/","name":"Kruze.ee","description":"Reklaamkingitused, tr&uuml;kiga T-s&auml;rgid, fliisid, dressipluused, tekstiil, joped ja paljud teised logoga meened, &Auml;rikingitused sinu partnerile! Telli juba t&auml;na.","potentialAction":[{"@type":"SearchAction","target":{"@type":"EntryPoint","urlTemplate":"https:\/\/kruze.ee\/et\/?s={search_term_string}"},"query-input":{"@type":"PropertyValueSpecification","valueRequired":true,"valueName":"search_term_string"}}],"inLanguage":"et"}]}},"_links":{"self":[{"href":"https:\/\/kruze.ee\/et\/wp-json\/wp\/v2\/product\/1433130","targetHints":{"allow":["GET"]}}],"collection":[{"href":"https:\/\/kruze.ee\/et\/wp-json\/wp\/v2\/product"}],"about":[{"href":"https:\/\/kruze.ee\/et\/wp-json\/wp\/v2\/types\/product"}],"wp:attachment":[{"href":"https:\/\/kruze.ee\/et\/wp-json\/wp\/v2\/media?parent=1433130"}],"wp:term":[{"taxonomy":"product_brand","embeddable":true,"href":"https:\/\/kruze.ee\/et\/wp-json\/wp\/v2\/product_brand?post=1433130"},{"taxonomy":"product_cat","embeddable":true,"href":"https:\/\/kruze.ee\/et\/wp-json\/wp\/v2\/product_cat?post=1433130"},{"taxonomy":"product_tag","embeddable":true,"href":"https:\/\/kruze.ee\/et\/wp-json\/wp\/v2\/product_tag?post=1433130"}],"curies":[{"name":"wp","href":"https:\/\/api.w.org\/{rel}","templated":true}]}}