{"id":1433126,"date":"2026-01-11T17:56:08","date_gmt":"2026-01-11T14:56:08","guid":{"rendered":"https:\/\/kruze.ee\/product\/citypack-aware-rpet-ariseljakott-156-tollisele-sulearvutile\/"},"modified":"2026-03-17T00:58:24","modified_gmt":"2026-03-16T21:58:24","slug":"citypack-aware-rpet-ariseljakott-156-tollisele-sulearvutile","status":"publish","type":"product","link":"https:\/\/kruze.ee\/et\/toode\/citypack-aware-rpet-ariseljakott-156-tollisele-sulearvutile\/","title":{"rendered":"CityPack AWARE\u2122 RPET \u00e4riseljakott 15,6-tollisele s\u00fclearvutile"},"content":{"rendered":"<p>Tutvu CityPack AWARE\u2122 RPET \u00e4riseljakotiga \u2013 t\u00e4iuslik kooslus avarast disainist, mitmek\u00fclgsusest ja kvaliteedist. Kaasaegsetele liikuvatele professionaalidele loodud v\u00e4ga mahukas seljakott kohandub sinu vajadustega ning hoiab olulised esemed turvaliselt ja korrastatult. Varustatud kahe k\u00fclgmise joogipudeli taskuga. Valmistatud taaskasutatud pol\u00fcestrist, millesse on integreeritud AWARE\u2122 j\u00e4lgimistehnoloogia. 2% iga AWARE\u2122 tootega teenitud tulust annetatakse organisatsioonile Water.org. PVC-vaba.<\/p>\n","protected":false},"excerpt":{"rendered":"<p>Tutvu CityPack AWARE\u2122 RPET \u00e4riseljakotiga \u2013 t\u00e4iuslik kooslus avarast disainist, mitmek\u00fclgsusest ja kvaliteedist. Kaasaegsetele liikuvatele professionaalidele&#8230;<\/p>\n","protected":false},"featured_media":0,"template":"","meta":[],"product_brand":[],"product_cat":[5392],"product_tag":[],"class_list":{"0":"post-1433126","1":"product","2":"type-product","3":"status-publish","5":"product_cat-logoga-seljakotid","6":"pa_brand-xd-collection","7":"pa_color-black-2","8":"pa_color-tumesinine","9":"pa_gender-uniseks","10":"pa_gender-unisex","13":"pa_material-rpetrpet","15":"first","16":"instock","17":"taxable","18":"shipping-taxable","19":"purchasable","20":"product-type-variable"},"acf":[],"yoast_head":"<!-- This site is optimized with the Yoast SEO plugin v26.0 - https:\/\/yoast.com\/wordpress\/plugins\/seo\/ -->\n<title>CityPack AWARE\u2122 RPET \u00e4riseljakott 15,6-tollisele s\u00fclearvutile - Kruze.ee<\/title>\n<meta name=\"robots\" content=\"index, follow, max-snippet:-1, max-image-preview:large, max-video-preview:-1\" \/>\n<link rel=\"canonical\" href=\"https:\/\/kruze.ee\/et\/toode\/citypack-aware-rpet-ariseljakott-156-tollisele-sulearvutile\/\" \/>\n<meta property=\"og:locale\" content=\"et_EE\" \/>\n<meta property=\"og:type\" content=\"article\" \/>\n<meta property=\"og:title\" content=\"CityPack AWARE\u2122 RPET \u00e4riseljakott 15,6-tollisele s\u00fclearvutile - Kruze.ee\" \/>\n<meta property=\"og:description\" content=\"Tutvu CityPack AWARE\u2122 RPET \u00e4riseljakotiga \u2013 t\u00e4iuslik kooslus avarast disainist, mitmek\u00fclgsusest ja kvaliteedist. Kaasaegsetele liikuvatele professionaalidele...\" \/>\n<meta property=\"og:url\" content=\"https:\/\/kruze.ee\/et\/toode\/citypack-aware-rpet-ariseljakott-156-tollisele-sulearvutile\/\" \/>\n<meta property=\"og:site_name\" content=\"Kruze.ee\" \/>\n<meta property=\"article:modified_time\" content=\"2026-03-16T21:58:24+00:00\" \/>\n<meta name=\"twitter:card\" content=\"summary_large_image\" \/>\n<script type=\"application\/ld+json\" class=\"yoast-schema-graph\">{\"@context\":\"https:\/\/schema.org\",\"@graph\":[{\"@type\":\"WebPage\",\"@id\":\"https:\/\/kruze.ee\/et\/toode\/citypack-aware-rpet-ariseljakott-156-tollisele-sulearvutile\/\",\"url\":\"https:\/\/kruze.ee\/et\/toode\/citypack-aware-rpet-ariseljakott-156-tollisele-sulearvutile\/\",\"name\":\"CityPack AWARE\u2122 RPET \u00e4riseljakott 15,6-tollisele s\u00fclearvutile - Kruze.ee\",\"isPartOf\":{\"@id\":\"https:\/\/kruze.ee\/et\/#website\"},\"datePublished\":\"2026-01-11T14:56:08+00:00\",\"dateModified\":\"2026-03-16T21:58:24+00:00\",\"breadcrumb\":{\"@id\":\"https:\/\/kruze.ee\/et\/toode\/citypack-aware-rpet-ariseljakott-156-tollisele-sulearvutile\/#breadcrumb\"},\"inLanguage\":\"et\",\"potentialAction\":[{\"@type\":\"ReadAction\",\"target\":[\"https:\/\/kruze.ee\/et\/toode\/citypack-aware-rpet-ariseljakott-156-tollisele-sulearvutile\/\"]}]},{\"@type\":\"BreadcrumbList\",\"@id\":\"https:\/\/kruze.ee\/et\/toode\/citypack-aware-rpet-ariseljakott-156-tollisele-sulearvutile\/#breadcrumb\",\"itemListElement\":[{\"@type\":\"ListItem\",\"position\":1,\"name\":\"Home\",\"item\":\"https:\/\/kruze.ee\/et\/\"},{\"@type\":\"ListItem\",\"position\":2,\"name\":\"Tooted\",\"item\":\"https:\/\/kruze.ee\/et\/tooted\/\"},{\"@type\":\"ListItem\",\"position\":3,\"name\":\"CityPack AWARE\u2122 RPET \u00e4riseljakott 15,6-tollisele s\u00fclearvutile\"}]},{\"@type\":\"WebSite\",\"@id\":\"https:\/\/kruze.ee\/et\/#website\",\"url\":\"https:\/\/kruze.ee\/et\/\",\"name\":\"Kruze.ee\",\"description\":\"Reklaamkingitused, tr&uuml;kiga T-s&auml;rgid, fliisid, dressipluused, tekstiil, joped ja paljud teised logoga meened, &Auml;rikingitused sinu partnerile! Telli juba t&auml;na.\",\"potentialAction\":[{\"@type\":\"SearchAction\",\"target\":{\"@type\":\"EntryPoint\",\"urlTemplate\":\"https:\/\/kruze.ee\/et\/?s={search_term_string}\"},\"query-input\":{\"@type\":\"PropertyValueSpecification\",\"valueRequired\":true,\"valueName\":\"search_term_string\"}}],\"inLanguage\":\"et\"}]}<\/script>\n<!-- \/ Yoast SEO plugin. -->","yoast_head_json":{"title":"CityPack AWARE\u2122 RPET \u00e4riseljakott 15,6-tollisele s\u00fclearvutile - Kruze.ee","robots":{"index":"index","follow":"follow","max-snippet":"max-snippet:-1","max-image-preview":"max-image-preview:large","max-video-preview":"max-video-preview:-1"},"canonical":"https:\/\/kruze.ee\/et\/toode\/citypack-aware-rpet-ariseljakott-156-tollisele-sulearvutile\/","og_locale":"et_EE","og_type":"article","og_title":"CityPack AWARE\u2122 RPET \u00e4riseljakott 15,6-tollisele s\u00fclearvutile - Kruze.ee","og_description":"Tutvu CityPack AWARE\u2122 RPET \u00e4riseljakotiga \u2013 t\u00e4iuslik kooslus avarast disainist, mitmek\u00fclgsusest ja kvaliteedist. Kaasaegsetele liikuvatele professionaalidele...","og_url":"https:\/\/kruze.ee\/et\/toode\/citypack-aware-rpet-ariseljakott-156-tollisele-sulearvutile\/","og_site_name":"Kruze.ee","article_modified_time":"2026-03-16T21:58:24+00:00","twitter_card":"summary_large_image","schema":{"@context":"https:\/\/schema.org","@graph":[{"@type":"WebPage","@id":"https:\/\/kruze.ee\/et\/toode\/citypack-aware-rpet-ariseljakott-156-tollisele-sulearvutile\/","url":"https:\/\/kruze.ee\/et\/toode\/citypack-aware-rpet-ariseljakott-156-tollisele-sulearvutile\/","name":"CityPack AWARE\u2122 RPET \u00e4riseljakott 15,6-tollisele s\u00fclearvutile - Kruze.ee","isPartOf":{"@id":"https:\/\/kruze.ee\/et\/#website"},"datePublished":"2026-01-11T14:56:08+00:00","dateModified":"2026-03-16T21:58:24+00:00","breadcrumb":{"@id":"https:\/\/kruze.ee\/et\/toode\/citypack-aware-rpet-ariseljakott-156-tollisele-sulearvutile\/#breadcrumb"},"inLanguage":"et","potentialAction":[{"@type":"ReadAction","target":["https:\/\/kruze.ee\/et\/toode\/citypack-aware-rpet-ariseljakott-156-tollisele-sulearvutile\/"]}]},{"@type":"BreadcrumbList","@id":"https:\/\/kruze.ee\/et\/toode\/citypack-aware-rpet-ariseljakott-156-tollisele-sulearvutile\/#breadcrumb","itemListElement":[{"@type":"ListItem","position":1,"name":"Home","item":"https:\/\/kruze.ee\/et\/"},{"@type":"ListItem","position":2,"name":"Tooted","item":"https:\/\/kruze.ee\/et\/tooted\/"},{"@type":"ListItem","position":3,"name":"CityPack AWARE\u2122 RPET \u00e4riseljakott 15,6-tollisele s\u00fclearvutile"}]},{"@type":"WebSite","@id":"https:\/\/kruze.ee\/et\/#website","url":"https:\/\/kruze.ee\/et\/","name":"Kruze.ee","description":"Reklaamkingitused, tr&uuml;kiga T-s&auml;rgid, fliisid, dressipluused, tekstiil, joped ja paljud teised logoga meened, &Auml;rikingitused sinu partnerile! Telli juba t&auml;na.","potentialAction":[{"@type":"SearchAction","target":{"@type":"EntryPoint","urlTemplate":"https:\/\/kruze.ee\/et\/?s={search_term_string}"},"query-input":{"@type":"PropertyValueSpecification","valueRequired":true,"valueName":"search_term_string"}}],"inLanguage":"et"}]}},"_links":{"self":[{"href":"https:\/\/kruze.ee\/et\/wp-json\/wp\/v2\/product\/1433126","targetHints":{"allow":["GET"]}}],"collection":[{"href":"https:\/\/kruze.ee\/et\/wp-json\/wp\/v2\/product"}],"about":[{"href":"https:\/\/kruze.ee\/et\/wp-json\/wp\/v2\/types\/product"}],"wp:attachment":[{"href":"https:\/\/kruze.ee\/et\/wp-json\/wp\/v2\/media?parent=1433126"}],"wp:term":[{"taxonomy":"product_brand","embeddable":true,"href":"https:\/\/kruze.ee\/et\/wp-json\/wp\/v2\/product_brand?post=1433126"},{"taxonomy":"product_cat","embeddable":true,"href":"https:\/\/kruze.ee\/et\/wp-json\/wp\/v2\/product_cat?post=1433126"},{"taxonomy":"product_tag","embeddable":true,"href":"https:\/\/kruze.ee\/et\/wp-json\/wp\/v2\/product_tag?post=1433126"}],"curies":[{"name":"wp","href":"https:\/\/api.w.org\/{rel}","templated":true}]}}