{"id":1433118,"date":"2026-01-11T17:55:55","date_gmt":"2026-01-11T14:55:55","guid":{"rendered":"https:\/\/kruze.ee\/product\/sp-aware-rpet-edin-100-taaskasutatud-156-tollise-sulearvuti-seljakott\/"},"modified":"2026-03-17T00:58:21","modified_gmt":"2026-03-16T21:58:21","slug":"sp-aware-rpet-edin-100-taaskasutatud-156-tollise-sulearvuti-seljakott","status":"publish","type":"product","link":"https:\/\/kruze.ee\/et\/toode\/sp-aware-rpet-edin-100-taaskasutatud-156-tollise-sulearvuti-seljakott\/","title":{"rendered":"SP AWARE\u2122 RPET Edin 100% taaskasutatud 15,6-tollise s\u00fclearvuti seljakott"},"content":{"rendered":"<p>SP AWARE\u2122 RPET Edin 100% taaskasutatud 15,6-tollise s\u00fclearvuti seljakott \u00fchendab funktsionaalsuse ja j\u00e4tkusuutlikkuse sinu \u00e4rivajadusteks. Valmistatud 100% taaskasutatud rPET-materjalist koos sobiva rPET-voodriga, seljakotil on s\u00fclearvutisahtel, mis sobib nii 15,6- kui ka 16-tollistele s\u00fclearvutitele. Lisaks on kotil eesmine lukuga tasku, keskmine lukuga sahtel v\u00f5rkkangast lukuga taskuga, kaks passisuuruses varruktaskut ning avatud tasku pastakate jaoks. Reisideks mugavust lisab pagasirihm ning peal tugev tekstiilist kandesang, mis teeb selle seljakoti praktiliseks ja mugavaks igap\u00e4evaseks kasutamiseks.<\/p>\n","protected":false},"excerpt":{"rendered":"<p>SP AWARE\u2122 RPET Edin 100% taaskasutatud 15,6-tollise s\u00fclearvuti seljakott \u00fchendab funktsionaalsuse ja j\u00e4tkusuutlikkuse sinu \u00e4rivajadusteks. Valmistatud 100%&#8230;<\/p>\n","protected":false},"featured_media":0,"template":"","meta":[],"product_brand":[],"product_cat":[5392],"product_tag":[],"class_list":{"0":"post-1433118","1":"product","2":"type-product","3":"status-publish","5":"product_cat-logoga-seljakotid","6":"pa_gender-uniseks","7":"pa_gender-unisex","11":"first","12":"instock","13":"purchasable","14":"product-type-simple"},"acf":[],"yoast_head":"<!-- This site is optimized with the Yoast SEO plugin v26.0 - https:\/\/yoast.com\/wordpress\/plugins\/seo\/ -->\n<title>SP AWARE\u2122 RPET Edin 100% taaskasutatud 15,6-tollise s\u00fclearvuti seljakott - Kruze.ee<\/title>\n<meta name=\"robots\" content=\"index, follow, max-snippet:-1, max-image-preview:large, max-video-preview:-1\" \/>\n<link rel=\"canonical\" href=\"https:\/\/kruze.ee\/et\/toode\/sp-aware-rpet-edin-100-taaskasutatud-156-tollise-sulearvuti-seljakott\/\" \/>\n<meta property=\"og:locale\" content=\"et_EE\" \/>\n<meta property=\"og:type\" content=\"article\" \/>\n<meta property=\"og:title\" content=\"SP AWARE\u2122 RPET Edin 100% taaskasutatud 15,6-tollise s\u00fclearvuti seljakott - Kruze.ee\" \/>\n<meta property=\"og:description\" content=\"SP AWARE\u2122 RPET Edin 100% taaskasutatud 15,6-tollise s\u00fclearvuti seljakott \u00fchendab funktsionaalsuse ja j\u00e4tkusuutlikkuse sinu \u00e4rivajadusteks. Valmistatud 100%...\" \/>\n<meta property=\"og:url\" content=\"https:\/\/kruze.ee\/et\/toode\/sp-aware-rpet-edin-100-taaskasutatud-156-tollise-sulearvuti-seljakott\/\" \/>\n<meta property=\"og:site_name\" content=\"Kruze.ee\" \/>\n<meta property=\"article:modified_time\" content=\"2026-03-16T21:58:21+00:00\" \/>\n<meta name=\"twitter:card\" content=\"summary_large_image\" \/>\n<script type=\"application\/ld+json\" class=\"yoast-schema-graph\">{\"@context\":\"https:\/\/schema.org\",\"@graph\":[{\"@type\":\"WebPage\",\"@id\":\"https:\/\/kruze.ee\/et\/toode\/sp-aware-rpet-edin-100-taaskasutatud-156-tollise-sulearvuti-seljakott\/\",\"url\":\"https:\/\/kruze.ee\/et\/toode\/sp-aware-rpet-edin-100-taaskasutatud-156-tollise-sulearvuti-seljakott\/\",\"name\":\"SP AWARE\u2122 RPET Edin 100% taaskasutatud 15,6-tollise s\u00fclearvuti seljakott - Kruze.ee\",\"isPartOf\":{\"@id\":\"https:\/\/kruze.ee\/et\/#website\"},\"datePublished\":\"2026-01-11T14:55:55+00:00\",\"dateModified\":\"2026-03-16T21:58:21+00:00\",\"breadcrumb\":{\"@id\":\"https:\/\/kruze.ee\/et\/toode\/sp-aware-rpet-edin-100-taaskasutatud-156-tollise-sulearvuti-seljakott\/#breadcrumb\"},\"inLanguage\":\"et\",\"potentialAction\":[{\"@type\":\"ReadAction\",\"target\":[\"https:\/\/kruze.ee\/et\/toode\/sp-aware-rpet-edin-100-taaskasutatud-156-tollise-sulearvuti-seljakott\/\"]}]},{\"@type\":\"BreadcrumbList\",\"@id\":\"https:\/\/kruze.ee\/et\/toode\/sp-aware-rpet-edin-100-taaskasutatud-156-tollise-sulearvuti-seljakott\/#breadcrumb\",\"itemListElement\":[{\"@type\":\"ListItem\",\"position\":1,\"name\":\"Home\",\"item\":\"https:\/\/kruze.ee\/et\/\"},{\"@type\":\"ListItem\",\"position\":2,\"name\":\"Tooted\",\"item\":\"https:\/\/kruze.ee\/et\/tooted\/\"},{\"@type\":\"ListItem\",\"position\":3,\"name\":\"SP AWARE\u2122 RPET Edin 100% taaskasutatud 15,6-tollise s\u00fclearvuti seljakott\"}]},{\"@type\":\"WebSite\",\"@id\":\"https:\/\/kruze.ee\/et\/#website\",\"url\":\"https:\/\/kruze.ee\/et\/\",\"name\":\"Kruze.ee\",\"description\":\"Reklaamkingitused, tr&uuml;kiga T-s&auml;rgid, fliisid, dressipluused, tekstiil, joped ja paljud teised logoga meened, &Auml;rikingitused sinu partnerile! Telli juba t&auml;na.\",\"potentialAction\":[{\"@type\":\"SearchAction\",\"target\":{\"@type\":\"EntryPoint\",\"urlTemplate\":\"https:\/\/kruze.ee\/et\/?s={search_term_string}\"},\"query-input\":{\"@type\":\"PropertyValueSpecification\",\"valueRequired\":true,\"valueName\":\"search_term_string\"}}],\"inLanguage\":\"et\"}]}<\/script>\n<!-- \/ Yoast SEO plugin. -->","yoast_head_json":{"title":"SP AWARE\u2122 RPET Edin 100% taaskasutatud 15,6-tollise s\u00fclearvuti seljakott - Kruze.ee","robots":{"index":"index","follow":"follow","max-snippet":"max-snippet:-1","max-image-preview":"max-image-preview:large","max-video-preview":"max-video-preview:-1"},"canonical":"https:\/\/kruze.ee\/et\/toode\/sp-aware-rpet-edin-100-taaskasutatud-156-tollise-sulearvuti-seljakott\/","og_locale":"et_EE","og_type":"article","og_title":"SP AWARE\u2122 RPET Edin 100% taaskasutatud 15,6-tollise s\u00fclearvuti seljakott - Kruze.ee","og_description":"SP AWARE\u2122 RPET Edin 100% taaskasutatud 15,6-tollise s\u00fclearvuti seljakott \u00fchendab funktsionaalsuse ja j\u00e4tkusuutlikkuse sinu \u00e4rivajadusteks. Valmistatud 100%...","og_url":"https:\/\/kruze.ee\/et\/toode\/sp-aware-rpet-edin-100-taaskasutatud-156-tollise-sulearvuti-seljakott\/","og_site_name":"Kruze.ee","article_modified_time":"2026-03-16T21:58:21+00:00","twitter_card":"summary_large_image","schema":{"@context":"https:\/\/schema.org","@graph":[{"@type":"WebPage","@id":"https:\/\/kruze.ee\/et\/toode\/sp-aware-rpet-edin-100-taaskasutatud-156-tollise-sulearvuti-seljakott\/","url":"https:\/\/kruze.ee\/et\/toode\/sp-aware-rpet-edin-100-taaskasutatud-156-tollise-sulearvuti-seljakott\/","name":"SP AWARE\u2122 RPET Edin 100% taaskasutatud 15,6-tollise s\u00fclearvuti seljakott - Kruze.ee","isPartOf":{"@id":"https:\/\/kruze.ee\/et\/#website"},"datePublished":"2026-01-11T14:55:55+00:00","dateModified":"2026-03-16T21:58:21+00:00","breadcrumb":{"@id":"https:\/\/kruze.ee\/et\/toode\/sp-aware-rpet-edin-100-taaskasutatud-156-tollise-sulearvuti-seljakott\/#breadcrumb"},"inLanguage":"et","potentialAction":[{"@type":"ReadAction","target":["https:\/\/kruze.ee\/et\/toode\/sp-aware-rpet-edin-100-taaskasutatud-156-tollise-sulearvuti-seljakott\/"]}]},{"@type":"BreadcrumbList","@id":"https:\/\/kruze.ee\/et\/toode\/sp-aware-rpet-edin-100-taaskasutatud-156-tollise-sulearvuti-seljakott\/#breadcrumb","itemListElement":[{"@type":"ListItem","position":1,"name":"Home","item":"https:\/\/kruze.ee\/et\/"},{"@type":"ListItem","position":2,"name":"Tooted","item":"https:\/\/kruze.ee\/et\/tooted\/"},{"@type":"ListItem","position":3,"name":"SP AWARE\u2122 RPET Edin 100% taaskasutatud 15,6-tollise s\u00fclearvuti seljakott"}]},{"@type":"WebSite","@id":"https:\/\/kruze.ee\/et\/#website","url":"https:\/\/kruze.ee\/et\/","name":"Kruze.ee","description":"Reklaamkingitused, tr&uuml;kiga T-s&auml;rgid, fliisid, dressipluused, tekstiil, joped ja paljud teised logoga meened, &Auml;rikingitused sinu partnerile! Telli juba t&auml;na.","potentialAction":[{"@type":"SearchAction","target":{"@type":"EntryPoint","urlTemplate":"https:\/\/kruze.ee\/et\/?s={search_term_string}"},"query-input":{"@type":"PropertyValueSpecification","valueRequired":true,"valueName":"search_term_string"}}],"inLanguage":"et"}]}},"_links":{"self":[{"href":"https:\/\/kruze.ee\/et\/wp-json\/wp\/v2\/product\/1433118","targetHints":{"allow":["GET"]}}],"collection":[{"href":"https:\/\/kruze.ee\/et\/wp-json\/wp\/v2\/product"}],"about":[{"href":"https:\/\/kruze.ee\/et\/wp-json\/wp\/v2\/types\/product"}],"wp:attachment":[{"href":"https:\/\/kruze.ee\/et\/wp-json\/wp\/v2\/media?parent=1433118"}],"wp:term":[{"taxonomy":"product_brand","embeddable":true,"href":"https:\/\/kruze.ee\/et\/wp-json\/wp\/v2\/product_brand?post=1433118"},{"taxonomy":"product_cat","embeddable":true,"href":"https:\/\/kruze.ee\/et\/wp-json\/wp\/v2\/product_cat?post=1433118"},{"taxonomy":"product_tag","embeddable":true,"href":"https:\/\/kruze.ee\/et\/wp-json\/wp\/v2\/product_tag?post=1433118"}],"curies":[{"name":"wp","href":"https:\/\/api.w.org\/{rel}","templated":true}]}}