{"id":1433106,"date":"2026-01-11T17:55:41","date_gmt":"2026-01-11T14:55:41","guid":{"rendered":"https:\/\/kruze.ee\/product\/ace-aware-rpet-kasipagasi-mootu-reisikott\/"},"modified":"2026-03-17T00:58:19","modified_gmt":"2026-03-16T21:58:19","slug":"ace-aware-rpet-kasipagasi-mootu-reisikott","status":"publish","type":"product","link":"https:\/\/kruze.ee\/et\/toode\/ace-aware-rpet-kasipagasi-mootu-reisikott\/","title":{"rendered":"Ace AWARE\u2122 RPET k\u00e4sipagasi m\u00f5\u00f5tu reisikott"},"content":{"rendered":"<p>Ace AWARE\u2122 RPET Free On Board reisikott on loodud eelarveteadlikule reisijale, kes hindab mugavust ja praktilisust. Valmistatud 100% taaskasutatud rPET-materjalist, see kompaktne seljakott on varustatud reguleeritavate \u00f5larihmade, pealmise kanderihma ning eesmise lukuga taskuga kiireks ligip\u00e4\u00e4suks vajalikele esemetele. P\u00f5hisahtlis on elastne kohvri k\u00fclge kinnituv rihm lisamugavuseks ning 19-liitrine maht v\u00f5imaldab koti paigutada iga lennufirma istme alla. Ideaalne n\u00e4dalavahetuse reisideks \u2013 seljakott vastab soodsate lennufirmade tasuta k\u00e4sipagasi maksimaalsele lubatud suurusele, aidates v\u00e4ltida lisatasusid. Valmistatud taaskasutatud pol\u00fcestrist, millesse on integreeritud AWARE\u2122 j\u00e4lgimistehnoloogia. 2% iga AWARE\u2122 tootega teenitud tulust annetatakse organisatsioonile Water.org. PVC-vaba.<\/p>\n","protected":false},"excerpt":{"rendered":"<p>Ace AWARE\u2122 RPET Free On Board reisikott on loodud eelarveteadlikule reisijale, kes hindab mugavust ja praktilisust. Valmistatud 100% taaskasutatud&#8230;<\/p>\n","protected":false},"featured_media":0,"template":"","meta":[],"product_brand":[],"product_cat":[5393],"product_tag":[],"class_list":{"0":"post-1433106","1":"product","2":"type-product","3":"status-publish","5":"product_cat-spordi-ja-reisikotid","6":"pa_brand-xd-collection","7":"pa_color-hall","8":"pa_color-black-2","9":"pa_color-blue-2","10":"pa_gender-uniseks","11":"pa_gender-unisex","14":"pa_material-rpetrpet","16":"first","17":"instock","18":"taxable","19":"shipping-taxable","20":"purchasable","21":"product-type-variable"},"acf":[],"yoast_head":"<!-- This site is optimized with the Yoast SEO plugin v26.0 - https:\/\/yoast.com\/wordpress\/plugins\/seo\/ -->\n<title>Ace AWARE\u2122 RPET k\u00e4sipagasi m\u00f5\u00f5tu reisikott - Kruze.ee<\/title>\n<meta name=\"robots\" content=\"index, follow, max-snippet:-1, max-image-preview:large, max-video-preview:-1\" \/>\n<link rel=\"canonical\" href=\"https:\/\/kruze.ee\/et\/toode\/ace-aware-rpet-kasipagasi-mootu-reisikott\/\" \/>\n<meta property=\"og:locale\" content=\"et_EE\" \/>\n<meta property=\"og:type\" content=\"article\" \/>\n<meta property=\"og:title\" content=\"Ace AWARE\u2122 RPET k\u00e4sipagasi m\u00f5\u00f5tu reisikott - Kruze.ee\" \/>\n<meta property=\"og:description\" content=\"Ace AWARE\u2122 RPET Free On Board reisikott on loodud eelarveteadlikule reisijale, kes hindab mugavust ja praktilisust. Valmistatud 100% taaskasutatud...\" \/>\n<meta property=\"og:url\" content=\"https:\/\/kruze.ee\/et\/toode\/ace-aware-rpet-kasipagasi-mootu-reisikott\/\" \/>\n<meta property=\"og:site_name\" content=\"Kruze.ee\" \/>\n<meta property=\"article:modified_time\" content=\"2026-03-16T21:58:19+00:00\" \/>\n<meta name=\"twitter:card\" content=\"summary_large_image\" \/>\n<meta name=\"twitter:label1\" content=\"Est. reading time\" \/>\n\t<meta name=\"twitter:data1\" content=\"1 minut\" \/>\n<script type=\"application\/ld+json\" class=\"yoast-schema-graph\">{\"@context\":\"https:\/\/schema.org\",\"@graph\":[{\"@type\":\"WebPage\",\"@id\":\"https:\/\/kruze.ee\/et\/toode\/ace-aware-rpet-kasipagasi-mootu-reisikott\/\",\"url\":\"https:\/\/kruze.ee\/et\/toode\/ace-aware-rpet-kasipagasi-mootu-reisikott\/\",\"name\":\"Ace AWARE\u2122 RPET k\u00e4sipagasi m\u00f5\u00f5tu reisikott - Kruze.ee\",\"isPartOf\":{\"@id\":\"https:\/\/kruze.ee\/et\/#website\"},\"datePublished\":\"2026-01-11T14:55:41+00:00\",\"dateModified\":\"2026-03-16T21:58:19+00:00\",\"breadcrumb\":{\"@id\":\"https:\/\/kruze.ee\/et\/toode\/ace-aware-rpet-kasipagasi-mootu-reisikott\/#breadcrumb\"},\"inLanguage\":\"et\",\"potentialAction\":[{\"@type\":\"ReadAction\",\"target\":[\"https:\/\/kruze.ee\/et\/toode\/ace-aware-rpet-kasipagasi-mootu-reisikott\/\"]}]},{\"@type\":\"BreadcrumbList\",\"@id\":\"https:\/\/kruze.ee\/et\/toode\/ace-aware-rpet-kasipagasi-mootu-reisikott\/#breadcrumb\",\"itemListElement\":[{\"@type\":\"ListItem\",\"position\":1,\"name\":\"Home\",\"item\":\"https:\/\/kruze.ee\/et\/\"},{\"@type\":\"ListItem\",\"position\":2,\"name\":\"Tooted\",\"item\":\"https:\/\/kruze.ee\/et\/tooted\/\"},{\"@type\":\"ListItem\",\"position\":3,\"name\":\"Ace AWARE\u2122 RPET k\u00e4sipagasi m\u00f5\u00f5tu reisikott\"}]},{\"@type\":\"WebSite\",\"@id\":\"https:\/\/kruze.ee\/et\/#website\",\"url\":\"https:\/\/kruze.ee\/et\/\",\"name\":\"Kruze.ee\",\"description\":\"Reklaamkingitused, tr&uuml;kiga T-s&auml;rgid, fliisid, dressipluused, tekstiil, joped ja paljud teised logoga meened, &Auml;rikingitused sinu partnerile! Telli juba t&auml;na.\",\"potentialAction\":[{\"@type\":\"SearchAction\",\"target\":{\"@type\":\"EntryPoint\",\"urlTemplate\":\"https:\/\/kruze.ee\/et\/?s={search_term_string}\"},\"query-input\":{\"@type\":\"PropertyValueSpecification\",\"valueRequired\":true,\"valueName\":\"search_term_string\"}}],\"inLanguage\":\"et\"}]}<\/script>\n<!-- \/ Yoast SEO plugin. -->","yoast_head_json":{"title":"Ace AWARE\u2122 RPET k\u00e4sipagasi m\u00f5\u00f5tu reisikott - Kruze.ee","robots":{"index":"index","follow":"follow","max-snippet":"max-snippet:-1","max-image-preview":"max-image-preview:large","max-video-preview":"max-video-preview:-1"},"canonical":"https:\/\/kruze.ee\/et\/toode\/ace-aware-rpet-kasipagasi-mootu-reisikott\/","og_locale":"et_EE","og_type":"article","og_title":"Ace AWARE\u2122 RPET k\u00e4sipagasi m\u00f5\u00f5tu reisikott - Kruze.ee","og_description":"Ace AWARE\u2122 RPET Free On Board reisikott on loodud eelarveteadlikule reisijale, kes hindab mugavust ja praktilisust. Valmistatud 100% taaskasutatud...","og_url":"https:\/\/kruze.ee\/et\/toode\/ace-aware-rpet-kasipagasi-mootu-reisikott\/","og_site_name":"Kruze.ee","article_modified_time":"2026-03-16T21:58:19+00:00","twitter_card":"summary_large_image","twitter_misc":{"Est. reading time":"1 minut"},"schema":{"@context":"https:\/\/schema.org","@graph":[{"@type":"WebPage","@id":"https:\/\/kruze.ee\/et\/toode\/ace-aware-rpet-kasipagasi-mootu-reisikott\/","url":"https:\/\/kruze.ee\/et\/toode\/ace-aware-rpet-kasipagasi-mootu-reisikott\/","name":"Ace AWARE\u2122 RPET k\u00e4sipagasi m\u00f5\u00f5tu reisikott - Kruze.ee","isPartOf":{"@id":"https:\/\/kruze.ee\/et\/#website"},"datePublished":"2026-01-11T14:55:41+00:00","dateModified":"2026-03-16T21:58:19+00:00","breadcrumb":{"@id":"https:\/\/kruze.ee\/et\/toode\/ace-aware-rpet-kasipagasi-mootu-reisikott\/#breadcrumb"},"inLanguage":"et","potentialAction":[{"@type":"ReadAction","target":["https:\/\/kruze.ee\/et\/toode\/ace-aware-rpet-kasipagasi-mootu-reisikott\/"]}]},{"@type":"BreadcrumbList","@id":"https:\/\/kruze.ee\/et\/toode\/ace-aware-rpet-kasipagasi-mootu-reisikott\/#breadcrumb","itemListElement":[{"@type":"ListItem","position":1,"name":"Home","item":"https:\/\/kruze.ee\/et\/"},{"@type":"ListItem","position":2,"name":"Tooted","item":"https:\/\/kruze.ee\/et\/tooted\/"},{"@type":"ListItem","position":3,"name":"Ace AWARE\u2122 RPET k\u00e4sipagasi m\u00f5\u00f5tu reisikott"}]},{"@type":"WebSite","@id":"https:\/\/kruze.ee\/et\/#website","url":"https:\/\/kruze.ee\/et\/","name":"Kruze.ee","description":"Reklaamkingitused, tr&uuml;kiga T-s&auml;rgid, fliisid, dressipluused, tekstiil, joped ja paljud teised logoga meened, &Auml;rikingitused sinu partnerile! Telli juba t&auml;na.","potentialAction":[{"@type":"SearchAction","target":{"@type":"EntryPoint","urlTemplate":"https:\/\/kruze.ee\/et\/?s={search_term_string}"},"query-input":{"@type":"PropertyValueSpecification","valueRequired":true,"valueName":"search_term_string"}}],"inLanguage":"et"}]}},"_links":{"self":[{"href":"https:\/\/kruze.ee\/et\/wp-json\/wp\/v2\/product\/1433106","targetHints":{"allow":["GET"]}}],"collection":[{"href":"https:\/\/kruze.ee\/et\/wp-json\/wp\/v2\/product"}],"about":[{"href":"https:\/\/kruze.ee\/et\/wp-json\/wp\/v2\/types\/product"}],"wp:attachment":[{"href":"https:\/\/kruze.ee\/et\/wp-json\/wp\/v2\/media?parent=1433106"}],"wp:term":[{"taxonomy":"product_brand","embeddable":true,"href":"https:\/\/kruze.ee\/et\/wp-json\/wp\/v2\/product_brand?post=1433106"},{"taxonomy":"product_cat","embeddable":true,"href":"https:\/\/kruze.ee\/et\/wp-json\/wp\/v2\/product_cat?post=1433106"},{"taxonomy":"product_tag","embeddable":true,"href":"https:\/\/kruze.ee\/et\/wp-json\/wp\/v2\/product_tag?post=1433106"}],"curies":[{"name":"wp","href":"https:\/\/api.w.org\/{rel}","templated":true}]}}