{"id":1433104,"date":"2026-01-11T17:55:35","date_gmt":"2026-01-11T14:55:35","guid":{"rendered":"https:\/\/kruze.ee\/product\/lima-aware-rpet-veekindel-156-tollise-sulearvuti-seljakott\/"},"modified":"2026-03-17T00:58:18","modified_gmt":"2026-03-16T21:58:18","slug":"lima-aware-rpet-veekindel-156-tollise-sulearvuti-seljakott","status":"publish","type":"product","link":"https:\/\/kruze.ee\/et\/toode\/lima-aware-rpet-veekindel-156-tollise-sulearvuti-seljakott\/","title":{"rendered":"Lima AWARE\u2122 RPET veekindel 15,6-tollise s\u00fclearvuti seljakott"},"content":{"rendered":"<p>Lima AWARE\u2122 RPET veekindel 15,6-tollise s\u00fclearvuti seljakott pakub ideaalset tasakaalu stiili ja tehnika kaitse vahel. Valmistatud 100% taaskasutatud rPET-materjalist PU-taustaga, see seljakott on loodud sinu igap\u00e4evaste esemete kaitsmiseks. P\u00f5hisahtlis on eraldi s\u00fclearvutitasku kuni 15,6-tollisele s\u00fclearvutile, millel on vasakus \u00fclanurgas eksklusiivne logo ja lisaturvalisust pakkuv takjakinnitus. Sees on kaks RFID-kaitsega taskut ja kaks pastaka-aasa korrastatud hoiustamiseks. Kotil on kaks eesmist lukuga taskut, neli mustade detailidega lukut\u00f5mmitsat ning kaks k\u00fcljetaskut, mis on valmistatud pooleldi v\u00f5rkkangast ja pooleldi pol\u00fcestrist. Reguleeritavad \u00f5larihmad tagavad mugava kandmise ning eesmine ja tagumine veekindel lukk kaitsevad sisu ilmastikuolude eest. Valmistatud taaskasutatud pol\u00fcestrist, millesse on integreeritud AWARE\u2122 j\u00e4lgimistehnoloogia. 2% iga AWARE\u2122 tootega teenitud tulust annetatakse organisatsioonile Water.org. PVC-vaba.<\/p>\n","protected":false},"excerpt":{"rendered":"<p>Lima AWARE\u2122 RPET veekindel 15,6-tollise s\u00fclearvuti seljakott pakub ideaalset tasakaalu stiili ja tehnika kaitse vahel. Valmistatud 100% taaskasutatud&#8230;<\/p>\n","protected":false},"featured_media":0,"template":"","meta":[],"product_brand":[],"product_cat":[5392],"product_tag":[],"class_list":{"0":"post-1433104","1":"product","2":"type-product","3":"status-publish","5":"product_cat-logoga-seljakotid","6":"pa_gender-uniseks","7":"pa_gender-unisex","11":"first","12":"instock","13":"purchasable","14":"product-type-simple"},"acf":[],"yoast_head":"<!-- This site is optimized with the Yoast SEO plugin v26.0 - https:\/\/yoast.com\/wordpress\/plugins\/seo\/ -->\n<title>Lima AWARE\u2122 RPET veekindel 15,6-tollise s\u00fclearvuti seljakott - Kruze.ee<\/title>\n<meta name=\"robots\" content=\"index, follow, max-snippet:-1, max-image-preview:large, max-video-preview:-1\" \/>\n<link rel=\"canonical\" href=\"https:\/\/kruze.ee\/et\/toode\/lima-aware-rpet-veekindel-156-tollise-sulearvuti-seljakott\/\" \/>\n<meta property=\"og:locale\" content=\"et_EE\" \/>\n<meta property=\"og:type\" content=\"article\" \/>\n<meta property=\"og:title\" content=\"Lima AWARE\u2122 RPET veekindel 15,6-tollise s\u00fclearvuti seljakott - Kruze.ee\" \/>\n<meta property=\"og:description\" content=\"Lima AWARE\u2122 RPET veekindel 15,6-tollise s\u00fclearvuti seljakott pakub ideaalset tasakaalu stiili ja tehnika kaitse vahel. Valmistatud 100% taaskasutatud...\" \/>\n<meta property=\"og:url\" content=\"https:\/\/kruze.ee\/et\/toode\/lima-aware-rpet-veekindel-156-tollise-sulearvuti-seljakott\/\" \/>\n<meta property=\"og:site_name\" content=\"Kruze.ee\" \/>\n<meta property=\"article:modified_time\" content=\"2026-03-16T21:58:18+00:00\" \/>\n<meta name=\"twitter:card\" content=\"summary_large_image\" \/>\n<meta name=\"twitter:label1\" content=\"Est. reading time\" \/>\n\t<meta name=\"twitter:data1\" content=\"1 minut\" \/>\n<script type=\"application\/ld+json\" class=\"yoast-schema-graph\">{\"@context\":\"https:\/\/schema.org\",\"@graph\":[{\"@type\":\"WebPage\",\"@id\":\"https:\/\/kruze.ee\/et\/toode\/lima-aware-rpet-veekindel-156-tollise-sulearvuti-seljakott\/\",\"url\":\"https:\/\/kruze.ee\/et\/toode\/lima-aware-rpet-veekindel-156-tollise-sulearvuti-seljakott\/\",\"name\":\"Lima AWARE\u2122 RPET veekindel 15,6-tollise s\u00fclearvuti seljakott - Kruze.ee\",\"isPartOf\":{\"@id\":\"https:\/\/kruze.ee\/et\/#website\"},\"datePublished\":\"2026-01-11T14:55:35+00:00\",\"dateModified\":\"2026-03-16T21:58:18+00:00\",\"breadcrumb\":{\"@id\":\"https:\/\/kruze.ee\/et\/toode\/lima-aware-rpet-veekindel-156-tollise-sulearvuti-seljakott\/#breadcrumb\"},\"inLanguage\":\"et\",\"potentialAction\":[{\"@type\":\"ReadAction\",\"target\":[\"https:\/\/kruze.ee\/et\/toode\/lima-aware-rpet-veekindel-156-tollise-sulearvuti-seljakott\/\"]}]},{\"@type\":\"BreadcrumbList\",\"@id\":\"https:\/\/kruze.ee\/et\/toode\/lima-aware-rpet-veekindel-156-tollise-sulearvuti-seljakott\/#breadcrumb\",\"itemListElement\":[{\"@type\":\"ListItem\",\"position\":1,\"name\":\"Home\",\"item\":\"https:\/\/kruze.ee\/et\/\"},{\"@type\":\"ListItem\",\"position\":2,\"name\":\"Tooted\",\"item\":\"https:\/\/kruze.ee\/et\/tooted\/\"},{\"@type\":\"ListItem\",\"position\":3,\"name\":\"Lima AWARE\u2122 RPET veekindel 15,6-tollise s\u00fclearvuti seljakott\"}]},{\"@type\":\"WebSite\",\"@id\":\"https:\/\/kruze.ee\/et\/#website\",\"url\":\"https:\/\/kruze.ee\/et\/\",\"name\":\"Kruze.ee\",\"description\":\"Reklaamkingitused, tr&uuml;kiga T-s&auml;rgid, fliisid, dressipluused, tekstiil, joped ja paljud teised logoga meened, &Auml;rikingitused sinu partnerile! Telli juba t&auml;na.\",\"potentialAction\":[{\"@type\":\"SearchAction\",\"target\":{\"@type\":\"EntryPoint\",\"urlTemplate\":\"https:\/\/kruze.ee\/et\/?s={search_term_string}\"},\"query-input\":{\"@type\":\"PropertyValueSpecification\",\"valueRequired\":true,\"valueName\":\"search_term_string\"}}],\"inLanguage\":\"et\"}]}<\/script>\n<!-- \/ Yoast SEO plugin. -->","yoast_head_json":{"title":"Lima AWARE\u2122 RPET veekindel 15,6-tollise s\u00fclearvuti seljakott - Kruze.ee","robots":{"index":"index","follow":"follow","max-snippet":"max-snippet:-1","max-image-preview":"max-image-preview:large","max-video-preview":"max-video-preview:-1"},"canonical":"https:\/\/kruze.ee\/et\/toode\/lima-aware-rpet-veekindel-156-tollise-sulearvuti-seljakott\/","og_locale":"et_EE","og_type":"article","og_title":"Lima AWARE\u2122 RPET veekindel 15,6-tollise s\u00fclearvuti seljakott - Kruze.ee","og_description":"Lima AWARE\u2122 RPET veekindel 15,6-tollise s\u00fclearvuti seljakott pakub ideaalset tasakaalu stiili ja tehnika kaitse vahel. Valmistatud 100% taaskasutatud...","og_url":"https:\/\/kruze.ee\/et\/toode\/lima-aware-rpet-veekindel-156-tollise-sulearvuti-seljakott\/","og_site_name":"Kruze.ee","article_modified_time":"2026-03-16T21:58:18+00:00","twitter_card":"summary_large_image","twitter_misc":{"Est. reading time":"1 minut"},"schema":{"@context":"https:\/\/schema.org","@graph":[{"@type":"WebPage","@id":"https:\/\/kruze.ee\/et\/toode\/lima-aware-rpet-veekindel-156-tollise-sulearvuti-seljakott\/","url":"https:\/\/kruze.ee\/et\/toode\/lima-aware-rpet-veekindel-156-tollise-sulearvuti-seljakott\/","name":"Lima AWARE\u2122 RPET veekindel 15,6-tollise s\u00fclearvuti seljakott - Kruze.ee","isPartOf":{"@id":"https:\/\/kruze.ee\/et\/#website"},"datePublished":"2026-01-11T14:55:35+00:00","dateModified":"2026-03-16T21:58:18+00:00","breadcrumb":{"@id":"https:\/\/kruze.ee\/et\/toode\/lima-aware-rpet-veekindel-156-tollise-sulearvuti-seljakott\/#breadcrumb"},"inLanguage":"et","potentialAction":[{"@type":"ReadAction","target":["https:\/\/kruze.ee\/et\/toode\/lima-aware-rpet-veekindel-156-tollise-sulearvuti-seljakott\/"]}]},{"@type":"BreadcrumbList","@id":"https:\/\/kruze.ee\/et\/toode\/lima-aware-rpet-veekindel-156-tollise-sulearvuti-seljakott\/#breadcrumb","itemListElement":[{"@type":"ListItem","position":1,"name":"Home","item":"https:\/\/kruze.ee\/et\/"},{"@type":"ListItem","position":2,"name":"Tooted","item":"https:\/\/kruze.ee\/et\/tooted\/"},{"@type":"ListItem","position":3,"name":"Lima AWARE\u2122 RPET veekindel 15,6-tollise s\u00fclearvuti seljakott"}]},{"@type":"WebSite","@id":"https:\/\/kruze.ee\/et\/#website","url":"https:\/\/kruze.ee\/et\/","name":"Kruze.ee","description":"Reklaamkingitused, tr&uuml;kiga T-s&auml;rgid, fliisid, dressipluused, tekstiil, joped ja paljud teised logoga meened, &Auml;rikingitused sinu partnerile! Telli juba t&auml;na.","potentialAction":[{"@type":"SearchAction","target":{"@type":"EntryPoint","urlTemplate":"https:\/\/kruze.ee\/et\/?s={search_term_string}"},"query-input":{"@type":"PropertyValueSpecification","valueRequired":true,"valueName":"search_term_string"}}],"inLanguage":"et"}]}},"_links":{"self":[{"href":"https:\/\/kruze.ee\/et\/wp-json\/wp\/v2\/product\/1433104","targetHints":{"allow":["GET"]}}],"collection":[{"href":"https:\/\/kruze.ee\/et\/wp-json\/wp\/v2\/product"}],"about":[{"href":"https:\/\/kruze.ee\/et\/wp-json\/wp\/v2\/types\/product"}],"wp:attachment":[{"href":"https:\/\/kruze.ee\/et\/wp-json\/wp\/v2\/media?parent=1433104"}],"wp:term":[{"taxonomy":"product_brand","embeddable":true,"href":"https:\/\/kruze.ee\/et\/wp-json\/wp\/v2\/product_brand?post=1433104"},{"taxonomy":"product_cat","embeddable":true,"href":"https:\/\/kruze.ee\/et\/wp-json\/wp\/v2\/product_cat?post=1433104"},{"taxonomy":"product_tag","embeddable":true,"href":"https:\/\/kruze.ee\/et\/wp-json\/wp\/v2\/product_tag?post=1433104"}],"curies":[{"name":"wp","href":"https:\/\/api.w.org\/{rel}","templated":true}]}}