{"id":1433100,"date":"2026-01-11T17:55:27","date_gmt":"2026-01-11T14:55:27","guid":{"rendered":"https:\/\/kruze.ee\/product\/bellroy-market-tote-poekott\/"},"modified":"2026-03-17T00:58:16","modified_gmt":"2026-03-16T21:58:16","slug":"bellroy-market-tote-poekott","status":"publish","type":"product","link":"https:\/\/kruze.ee\/et\/toode\/bellroy-market-tote-poekott\/","title":{"rendered":"Bellroy Market Tote poekott"},"content":{"rendered":"<p>See mitmek\u00fclgne kandekott on sobiva suurusega poesk\u00e4ikudeks ning selle sees olevad praktilised pudelitaskud hoiavad joogid kindlalt p\u00fcstiasendis. Kotti on lihtne kokku voltida ning see v\u00f5tab poes taas kiiresti kuju. Avatuna seisab iseseisvalt p\u00fcsti. Volditav lamedaks hoiustamiseks. Kaks k\u00fcljetaskut hoiavad pudelid p\u00fcsti. Keskmine avatud tasku v\u00e4ikeste esmatarvikute jaoks. Pikad \u00f5larihmad. Kerge ja vastupidav.<\/p>\n","protected":false},"excerpt":{"rendered":"<p>See mitmek\u00fclgne kandekott on sobiva suurusega poesk\u00e4ikudeks ning selle sees olevad praktilised pudelitaskud hoiavad joogid kindlalt p\u00fcstiasendis. Kotti on&#8230;<\/p>\n","protected":false},"featured_media":0,"template":"","meta":[],"product_brand":[],"product_cat":[5391],"product_tag":[],"class_list":{"0":"post-1433100","1":"product","2":"type-product","3":"status-publish","5":"product_cat-poekotid-kotid","6":"pa_gender-uniseks","7":"pa_gender-unisex","11":"first","12":"instock","13":"purchasable","14":"product-type-simple"},"acf":[],"yoast_head":"<!-- This site is optimized with the Yoast SEO plugin v26.0 - https:\/\/yoast.com\/wordpress\/plugins\/seo\/ -->\n<title>Bellroy Market Tote poekott - Kruze.ee<\/title>\n<meta name=\"robots\" content=\"index, follow, max-snippet:-1, max-image-preview:large, max-video-preview:-1\" \/>\n<link rel=\"canonical\" href=\"https:\/\/kruze.ee\/et\/toode\/bellroy-market-tote-poekott\/\" \/>\n<meta property=\"og:locale\" content=\"et_EE\" \/>\n<meta property=\"og:type\" content=\"article\" \/>\n<meta property=\"og:title\" content=\"Bellroy Market Tote poekott - Kruze.ee\" \/>\n<meta property=\"og:description\" content=\"See mitmek\u00fclgne kandekott on sobiva suurusega poesk\u00e4ikudeks ning selle sees olevad praktilised pudelitaskud hoiavad joogid kindlalt p\u00fcstiasendis. Kotti on...\" \/>\n<meta property=\"og:url\" content=\"https:\/\/kruze.ee\/et\/toode\/bellroy-market-tote-poekott\/\" \/>\n<meta property=\"og:site_name\" content=\"Kruze.ee\" \/>\n<meta property=\"article:modified_time\" content=\"2026-03-16T21:58:16+00:00\" \/>\n<meta name=\"twitter:card\" content=\"summary_large_image\" \/>\n<script type=\"application\/ld+json\" class=\"yoast-schema-graph\">{\"@context\":\"https:\/\/schema.org\",\"@graph\":[{\"@type\":\"WebPage\",\"@id\":\"https:\/\/kruze.ee\/et\/toode\/bellroy-market-tote-poekott\/\",\"url\":\"https:\/\/kruze.ee\/et\/toode\/bellroy-market-tote-poekott\/\",\"name\":\"Bellroy Market Tote poekott - Kruze.ee\",\"isPartOf\":{\"@id\":\"https:\/\/kruze.ee\/et\/#website\"},\"datePublished\":\"2026-01-11T14:55:27+00:00\",\"dateModified\":\"2026-03-16T21:58:16+00:00\",\"breadcrumb\":{\"@id\":\"https:\/\/kruze.ee\/et\/toode\/bellroy-market-tote-poekott\/#breadcrumb\"},\"inLanguage\":\"et\",\"potentialAction\":[{\"@type\":\"ReadAction\",\"target\":[\"https:\/\/kruze.ee\/et\/toode\/bellroy-market-tote-poekott\/\"]}]},{\"@type\":\"BreadcrumbList\",\"@id\":\"https:\/\/kruze.ee\/et\/toode\/bellroy-market-tote-poekott\/#breadcrumb\",\"itemListElement\":[{\"@type\":\"ListItem\",\"position\":1,\"name\":\"Home\",\"item\":\"https:\/\/kruze.ee\/et\/\"},{\"@type\":\"ListItem\",\"position\":2,\"name\":\"Tooted\",\"item\":\"https:\/\/kruze.ee\/et\/tooted\/\"},{\"@type\":\"ListItem\",\"position\":3,\"name\":\"Bellroy Market Tote poekott\"}]},{\"@type\":\"WebSite\",\"@id\":\"https:\/\/kruze.ee\/et\/#website\",\"url\":\"https:\/\/kruze.ee\/et\/\",\"name\":\"Kruze.ee\",\"description\":\"Reklaamkingitused, tr&uuml;kiga T-s&auml;rgid, fliisid, dressipluused, tekstiil, joped ja paljud teised logoga meened, &Auml;rikingitused sinu partnerile! Telli juba t&auml;na.\",\"potentialAction\":[{\"@type\":\"SearchAction\",\"target\":{\"@type\":\"EntryPoint\",\"urlTemplate\":\"https:\/\/kruze.ee\/et\/?s={search_term_string}\"},\"query-input\":{\"@type\":\"PropertyValueSpecification\",\"valueRequired\":true,\"valueName\":\"search_term_string\"}}],\"inLanguage\":\"et\"}]}<\/script>\n<!-- \/ Yoast SEO plugin. -->","yoast_head_json":{"title":"Bellroy Market Tote poekott - Kruze.ee","robots":{"index":"index","follow":"follow","max-snippet":"max-snippet:-1","max-image-preview":"max-image-preview:large","max-video-preview":"max-video-preview:-1"},"canonical":"https:\/\/kruze.ee\/et\/toode\/bellroy-market-tote-poekott\/","og_locale":"et_EE","og_type":"article","og_title":"Bellroy Market Tote poekott - Kruze.ee","og_description":"See mitmek\u00fclgne kandekott on sobiva suurusega poesk\u00e4ikudeks ning selle sees olevad praktilised pudelitaskud hoiavad joogid kindlalt p\u00fcstiasendis. Kotti on...","og_url":"https:\/\/kruze.ee\/et\/toode\/bellroy-market-tote-poekott\/","og_site_name":"Kruze.ee","article_modified_time":"2026-03-16T21:58:16+00:00","twitter_card":"summary_large_image","schema":{"@context":"https:\/\/schema.org","@graph":[{"@type":"WebPage","@id":"https:\/\/kruze.ee\/et\/toode\/bellroy-market-tote-poekott\/","url":"https:\/\/kruze.ee\/et\/toode\/bellroy-market-tote-poekott\/","name":"Bellroy Market Tote poekott - Kruze.ee","isPartOf":{"@id":"https:\/\/kruze.ee\/et\/#website"},"datePublished":"2026-01-11T14:55:27+00:00","dateModified":"2026-03-16T21:58:16+00:00","breadcrumb":{"@id":"https:\/\/kruze.ee\/et\/toode\/bellroy-market-tote-poekott\/#breadcrumb"},"inLanguage":"et","potentialAction":[{"@type":"ReadAction","target":["https:\/\/kruze.ee\/et\/toode\/bellroy-market-tote-poekott\/"]}]},{"@type":"BreadcrumbList","@id":"https:\/\/kruze.ee\/et\/toode\/bellroy-market-tote-poekott\/#breadcrumb","itemListElement":[{"@type":"ListItem","position":1,"name":"Home","item":"https:\/\/kruze.ee\/et\/"},{"@type":"ListItem","position":2,"name":"Tooted","item":"https:\/\/kruze.ee\/et\/tooted\/"},{"@type":"ListItem","position":3,"name":"Bellroy Market Tote poekott"}]},{"@type":"WebSite","@id":"https:\/\/kruze.ee\/et\/#website","url":"https:\/\/kruze.ee\/et\/","name":"Kruze.ee","description":"Reklaamkingitused, tr&uuml;kiga T-s&auml;rgid, fliisid, dressipluused, tekstiil, joped ja paljud teised logoga meened, &Auml;rikingitused sinu partnerile! Telli juba t&auml;na.","potentialAction":[{"@type":"SearchAction","target":{"@type":"EntryPoint","urlTemplate":"https:\/\/kruze.ee\/et\/?s={search_term_string}"},"query-input":{"@type":"PropertyValueSpecification","valueRequired":true,"valueName":"search_term_string"}}],"inLanguage":"et"}]}},"_links":{"self":[{"href":"https:\/\/kruze.ee\/et\/wp-json\/wp\/v2\/product\/1433100","targetHints":{"allow":["GET"]}}],"collection":[{"href":"https:\/\/kruze.ee\/et\/wp-json\/wp\/v2\/product"}],"about":[{"href":"https:\/\/kruze.ee\/et\/wp-json\/wp\/v2\/types\/product"}],"wp:attachment":[{"href":"https:\/\/kruze.ee\/et\/wp-json\/wp\/v2\/media?parent=1433100"}],"wp:term":[{"taxonomy":"product_brand","embeddable":true,"href":"https:\/\/kruze.ee\/et\/wp-json\/wp\/v2\/product_brand?post=1433100"},{"taxonomy":"product_cat","embeddable":true,"href":"https:\/\/kruze.ee\/et\/wp-json\/wp\/v2\/product_cat?post=1433100"},{"taxonomy":"product_tag","embeddable":true,"href":"https:\/\/kruze.ee\/et\/wp-json\/wp\/v2\/product_tag?post=1433100"}],"curies":[{"name":"wp","href":"https:\/\/api.w.org\/{rel}","templated":true}]}}