{"id":1433098,"date":"2026-01-11T17:55:23","date_gmt":"2026-01-11T14:55:23","guid":{"rendered":"https:\/\/kruze.ee\/product\/bellroy-tech-kit-tarvikukott\/"},"modified":"2026-03-17T00:58:16","modified_gmt":"2026-03-16T21:58:16","slug":"bellroy-tech-kit-tarvikukott","status":"publish","type":"product","link":"https:\/\/kruze.ee\/et\/toode\/bellroy-tech-kit-tarvikukott\/","title":{"rendered":"Bellroy Tech Kit tarvikukott"},"content":{"rendered":"<p>See avara mahutavusega tarvikukott hoiab k\u00f5ik sujuvalt ja s\u00fcsteemselt paigas. Mahutab k\u00f5ik tehnilised tarvikud \u00fchte kohta. Optimeeritud suurematele lisaseadmetele ja lisavidinatele. Avaneb t\u00e4iesti lamedaks, et tagada lihtne ligip\u00e4\u00e4s. Magnetiline avatud tasku sobib akupangale. Venivad v\u00f5rktaskud v\u00e4iksemate esemete hoiustamiseks. Ujuv vahesein sees elastse kaablihoidikuga.<\/p>\n","protected":false},"excerpt":{"rendered":"<p>See avara mahutavusega tarvikukott hoiab k\u00f5ik sujuvalt ja s\u00fcsteemselt paigas. Mahutab k\u00f5ik tehnilised tarvikud \u00fchte kohta. Optimeeritud suurematele&#8230;<\/p>\n","protected":false},"featured_media":0,"template":"","meta":[],"product_brand":[],"product_cat":[5403],"product_tag":[],"class_list":{"0":"post-1433098","1":"product","2":"type-product","3":"status-publish","5":"product_cat-muud-reisitarbed-kotid","6":"pa_gender-uniseks","7":"pa_gender-unisex","11":"first","12":"instock","13":"purchasable","14":"product-type-simple"},"acf":[],"yoast_head":"<!-- This site is optimized with the Yoast SEO plugin v26.0 - https:\/\/yoast.com\/wordpress\/plugins\/seo\/ -->\n<title>Bellroy Tech Kit tarvikukott - Kruze.ee<\/title>\n<meta name=\"robots\" content=\"index, follow, max-snippet:-1, max-image-preview:large, max-video-preview:-1\" \/>\n<link rel=\"canonical\" href=\"https:\/\/kruze.ee\/et\/toode\/bellroy-tech-kit-tarvikukott\/\" \/>\n<meta property=\"og:locale\" content=\"et_EE\" \/>\n<meta property=\"og:type\" content=\"article\" \/>\n<meta property=\"og:title\" content=\"Bellroy Tech Kit tarvikukott - Kruze.ee\" \/>\n<meta property=\"og:description\" content=\"See avara mahutavusega tarvikukott hoiab k\u00f5ik sujuvalt ja s\u00fcsteemselt paigas. Mahutab k\u00f5ik tehnilised tarvikud \u00fchte kohta. Optimeeritud suurematele...\" \/>\n<meta property=\"og:url\" content=\"https:\/\/kruze.ee\/et\/toode\/bellroy-tech-kit-tarvikukott\/\" \/>\n<meta property=\"og:site_name\" content=\"Kruze.ee\" \/>\n<meta property=\"article:modified_time\" content=\"2026-03-16T21:58:16+00:00\" \/>\n<meta name=\"twitter:card\" content=\"summary_large_image\" \/>\n<script type=\"application\/ld+json\" class=\"yoast-schema-graph\">{\"@context\":\"https:\/\/schema.org\",\"@graph\":[{\"@type\":\"WebPage\",\"@id\":\"https:\/\/kruze.ee\/et\/toode\/bellroy-tech-kit-tarvikukott\/\",\"url\":\"https:\/\/kruze.ee\/et\/toode\/bellroy-tech-kit-tarvikukott\/\",\"name\":\"Bellroy Tech Kit tarvikukott - Kruze.ee\",\"isPartOf\":{\"@id\":\"https:\/\/kruze.ee\/et\/#website\"},\"datePublished\":\"2026-01-11T14:55:23+00:00\",\"dateModified\":\"2026-03-16T21:58:16+00:00\",\"breadcrumb\":{\"@id\":\"https:\/\/kruze.ee\/et\/toode\/bellroy-tech-kit-tarvikukott\/#breadcrumb\"},\"inLanguage\":\"et\",\"potentialAction\":[{\"@type\":\"ReadAction\",\"target\":[\"https:\/\/kruze.ee\/et\/toode\/bellroy-tech-kit-tarvikukott\/\"]}]},{\"@type\":\"BreadcrumbList\",\"@id\":\"https:\/\/kruze.ee\/et\/toode\/bellroy-tech-kit-tarvikukott\/#breadcrumb\",\"itemListElement\":[{\"@type\":\"ListItem\",\"position\":1,\"name\":\"Home\",\"item\":\"https:\/\/kruze.ee\/et\/\"},{\"@type\":\"ListItem\",\"position\":2,\"name\":\"Tooted\",\"item\":\"https:\/\/kruze.ee\/et\/tooted\/\"},{\"@type\":\"ListItem\",\"position\":3,\"name\":\"Bellroy Tech Kit tarvikukott\"}]},{\"@type\":\"WebSite\",\"@id\":\"https:\/\/kruze.ee\/et\/#website\",\"url\":\"https:\/\/kruze.ee\/et\/\",\"name\":\"Kruze.ee\",\"description\":\"Reklaamkingitused, tr&uuml;kiga T-s&auml;rgid, fliisid, dressipluused, tekstiil, joped ja paljud teised logoga meened, &Auml;rikingitused sinu partnerile! Telli juba t&auml;na.\",\"potentialAction\":[{\"@type\":\"SearchAction\",\"target\":{\"@type\":\"EntryPoint\",\"urlTemplate\":\"https:\/\/kruze.ee\/et\/?s={search_term_string}\"},\"query-input\":{\"@type\":\"PropertyValueSpecification\",\"valueRequired\":true,\"valueName\":\"search_term_string\"}}],\"inLanguage\":\"et\"}]}<\/script>\n<!-- \/ Yoast SEO plugin. -->","yoast_head_json":{"title":"Bellroy Tech Kit tarvikukott - Kruze.ee","robots":{"index":"index","follow":"follow","max-snippet":"max-snippet:-1","max-image-preview":"max-image-preview:large","max-video-preview":"max-video-preview:-1"},"canonical":"https:\/\/kruze.ee\/et\/toode\/bellroy-tech-kit-tarvikukott\/","og_locale":"et_EE","og_type":"article","og_title":"Bellroy Tech Kit tarvikukott - Kruze.ee","og_description":"See avara mahutavusega tarvikukott hoiab k\u00f5ik sujuvalt ja s\u00fcsteemselt paigas. Mahutab k\u00f5ik tehnilised tarvikud \u00fchte kohta. Optimeeritud suurematele...","og_url":"https:\/\/kruze.ee\/et\/toode\/bellroy-tech-kit-tarvikukott\/","og_site_name":"Kruze.ee","article_modified_time":"2026-03-16T21:58:16+00:00","twitter_card":"summary_large_image","schema":{"@context":"https:\/\/schema.org","@graph":[{"@type":"WebPage","@id":"https:\/\/kruze.ee\/et\/toode\/bellroy-tech-kit-tarvikukott\/","url":"https:\/\/kruze.ee\/et\/toode\/bellroy-tech-kit-tarvikukott\/","name":"Bellroy Tech Kit tarvikukott - Kruze.ee","isPartOf":{"@id":"https:\/\/kruze.ee\/et\/#website"},"datePublished":"2026-01-11T14:55:23+00:00","dateModified":"2026-03-16T21:58:16+00:00","breadcrumb":{"@id":"https:\/\/kruze.ee\/et\/toode\/bellroy-tech-kit-tarvikukott\/#breadcrumb"},"inLanguage":"et","potentialAction":[{"@type":"ReadAction","target":["https:\/\/kruze.ee\/et\/toode\/bellroy-tech-kit-tarvikukott\/"]}]},{"@type":"BreadcrumbList","@id":"https:\/\/kruze.ee\/et\/toode\/bellroy-tech-kit-tarvikukott\/#breadcrumb","itemListElement":[{"@type":"ListItem","position":1,"name":"Home","item":"https:\/\/kruze.ee\/et\/"},{"@type":"ListItem","position":2,"name":"Tooted","item":"https:\/\/kruze.ee\/et\/tooted\/"},{"@type":"ListItem","position":3,"name":"Bellroy Tech Kit tarvikukott"}]},{"@type":"WebSite","@id":"https:\/\/kruze.ee\/et\/#website","url":"https:\/\/kruze.ee\/et\/","name":"Kruze.ee","description":"Reklaamkingitused, tr&uuml;kiga T-s&auml;rgid, fliisid, dressipluused, tekstiil, joped ja paljud teised logoga meened, &Auml;rikingitused sinu partnerile! Telli juba t&auml;na.","potentialAction":[{"@type":"SearchAction","target":{"@type":"EntryPoint","urlTemplate":"https:\/\/kruze.ee\/et\/?s={search_term_string}"},"query-input":{"@type":"PropertyValueSpecification","valueRequired":true,"valueName":"search_term_string"}}],"inLanguage":"et"}]}},"_links":{"self":[{"href":"https:\/\/kruze.ee\/et\/wp-json\/wp\/v2\/product\/1433098","targetHints":{"allow":["GET"]}}],"collection":[{"href":"https:\/\/kruze.ee\/et\/wp-json\/wp\/v2\/product"}],"about":[{"href":"https:\/\/kruze.ee\/et\/wp-json\/wp\/v2\/types\/product"}],"wp:attachment":[{"href":"https:\/\/kruze.ee\/et\/wp-json\/wp\/v2\/media?parent=1433098"}],"wp:term":[{"taxonomy":"product_brand","embeddable":true,"href":"https:\/\/kruze.ee\/et\/wp-json\/wp\/v2\/product_brand?post=1433098"},{"taxonomy":"product_cat","embeddable":true,"href":"https:\/\/kruze.ee\/et\/wp-json\/wp\/v2\/product_cat?post=1433098"},{"taxonomy":"product_tag","embeddable":true,"href":"https:\/\/kruze.ee\/et\/wp-json\/wp\/v2\/product_tag?post=1433098"}],"curies":[{"name":"wp","href":"https:\/\/api.w.org\/{rel}","templated":true}]}}