{"id":1433092,"date":"2026-01-11T17:55:13","date_gmt":"2026-01-11T14:55:13","guid":{"rendered":"https:\/\/kruze.ee\/product\/bellroy-lite-sacoche-olakott\/"},"modified":"2026-03-17T00:58:14","modified_gmt":"2026-03-16T21:58:14","slug":"bellroy-lite-sacoche-olakott","status":"publish","type":"product","link":"https:\/\/kruze.ee\/et\/toode\/bellroy-lite-sacoche-olakott\/","title":{"rendered":"Bellroy Lite Sacoche \u00f5lakott"},"content":{"rendered":"<p>See \u00fclimalt \u00f5huke ja minimalistlik kerge \u00f5lakott hoiab sinu taskud vabana nii linnas liikudes kui ka reisil. Vastupidav ripstop-kangas on 3 korda kergem kui meie teised materjalid. Kotti saab kokku voltida v\u00f5i rulli keerata ning reisile kaasa pakkida. Laiendatav mahutavus. Eesmine lukuga tasku integreeritud v\u00f5tmeklambriga. \u00dcllatavalt mahukas p\u00f5hitasku. Kaks avatud taskut v\u00e4iksemate esemete jaoks. Kerge ja reguleeritav \u00f5larihm.<\/p>\n","protected":false},"excerpt":{"rendered":"<p>See \u00fclimalt \u00f5huke ja minimalistlik kerge \u00f5lakott hoiab sinu taskud vabana nii linnas liikudes kui ka reisil. Vastupidav ripstop-kangas on 3 korda kergem kui&#8230;<\/p>\n","protected":false},"featured_media":0,"template":"","meta":[],"product_brand":[],"product_cat":[5397],"product_tag":[],"class_list":{"0":"post-1433092","1":"product","2":"type-product","3":"status-publish","5":"product_cat-olakotid","6":"pa_brand-bellroy","7":"pa_color-beez","8":"pa_color-black-2","9":"pa_gender-uniseks","10":"pa_gender-unisex","13":"pa_material-rpet","15":"first","16":"instock","17":"taxable","18":"shipping-taxable","19":"purchasable","20":"product-type-variable"},"acf":[],"yoast_head":"<!-- This site is optimized with the Yoast SEO plugin v26.0 - https:\/\/yoast.com\/wordpress\/plugins\/seo\/ -->\n<title>Bellroy Lite Sacoche \u00f5lakott - Kruze.ee<\/title>\n<meta name=\"robots\" content=\"index, follow, max-snippet:-1, max-image-preview:large, max-video-preview:-1\" \/>\n<link rel=\"canonical\" href=\"https:\/\/kruze.ee\/et\/toode\/bellroy-lite-sacoche-olakott\/\" \/>\n<meta property=\"og:locale\" content=\"et_EE\" \/>\n<meta property=\"og:type\" content=\"article\" \/>\n<meta property=\"og:title\" content=\"Bellroy Lite Sacoche \u00f5lakott - Kruze.ee\" \/>\n<meta property=\"og:description\" content=\"See \u00fclimalt \u00f5huke ja minimalistlik kerge \u00f5lakott hoiab sinu taskud vabana nii linnas liikudes kui ka reisil. Vastupidav ripstop-kangas on 3 korda kergem kui...\" \/>\n<meta property=\"og:url\" content=\"https:\/\/kruze.ee\/et\/toode\/bellroy-lite-sacoche-olakott\/\" \/>\n<meta property=\"og:site_name\" content=\"Kruze.ee\" \/>\n<meta property=\"article:modified_time\" content=\"2026-03-16T21:58:14+00:00\" \/>\n<meta name=\"twitter:card\" content=\"summary_large_image\" \/>\n<script type=\"application\/ld+json\" class=\"yoast-schema-graph\">{\"@context\":\"https:\/\/schema.org\",\"@graph\":[{\"@type\":\"WebPage\",\"@id\":\"https:\/\/kruze.ee\/et\/toode\/bellroy-lite-sacoche-olakott\/\",\"url\":\"https:\/\/kruze.ee\/et\/toode\/bellroy-lite-sacoche-olakott\/\",\"name\":\"Bellroy Lite Sacoche \u00f5lakott - Kruze.ee\",\"isPartOf\":{\"@id\":\"https:\/\/kruze.ee\/et\/#website\"},\"datePublished\":\"2026-01-11T14:55:13+00:00\",\"dateModified\":\"2026-03-16T21:58:14+00:00\",\"breadcrumb\":{\"@id\":\"https:\/\/kruze.ee\/et\/toode\/bellroy-lite-sacoche-olakott\/#breadcrumb\"},\"inLanguage\":\"et\",\"potentialAction\":[{\"@type\":\"ReadAction\",\"target\":[\"https:\/\/kruze.ee\/et\/toode\/bellroy-lite-sacoche-olakott\/\"]}]},{\"@type\":\"BreadcrumbList\",\"@id\":\"https:\/\/kruze.ee\/et\/toode\/bellroy-lite-sacoche-olakott\/#breadcrumb\",\"itemListElement\":[{\"@type\":\"ListItem\",\"position\":1,\"name\":\"Home\",\"item\":\"https:\/\/kruze.ee\/et\/\"},{\"@type\":\"ListItem\",\"position\":2,\"name\":\"Tooted\",\"item\":\"https:\/\/kruze.ee\/et\/tooted\/\"},{\"@type\":\"ListItem\",\"position\":3,\"name\":\"Bellroy Lite Sacoche \u00f5lakott\"}]},{\"@type\":\"WebSite\",\"@id\":\"https:\/\/kruze.ee\/et\/#website\",\"url\":\"https:\/\/kruze.ee\/et\/\",\"name\":\"Kruze.ee\",\"description\":\"Reklaamkingitused, tr&uuml;kiga T-s&auml;rgid, fliisid, dressipluused, tekstiil, joped ja paljud teised logoga meened, &Auml;rikingitused sinu partnerile! Telli juba t&auml;na.\",\"potentialAction\":[{\"@type\":\"SearchAction\",\"target\":{\"@type\":\"EntryPoint\",\"urlTemplate\":\"https:\/\/kruze.ee\/et\/?s={search_term_string}\"},\"query-input\":{\"@type\":\"PropertyValueSpecification\",\"valueRequired\":true,\"valueName\":\"search_term_string\"}}],\"inLanguage\":\"et\"}]}<\/script>\n<!-- \/ Yoast SEO plugin. -->","yoast_head_json":{"title":"Bellroy Lite Sacoche \u00f5lakott - Kruze.ee","robots":{"index":"index","follow":"follow","max-snippet":"max-snippet:-1","max-image-preview":"max-image-preview:large","max-video-preview":"max-video-preview:-1"},"canonical":"https:\/\/kruze.ee\/et\/toode\/bellroy-lite-sacoche-olakott\/","og_locale":"et_EE","og_type":"article","og_title":"Bellroy Lite Sacoche \u00f5lakott - Kruze.ee","og_description":"See \u00fclimalt \u00f5huke ja minimalistlik kerge \u00f5lakott hoiab sinu taskud vabana nii linnas liikudes kui ka reisil. Vastupidav ripstop-kangas on 3 korda kergem kui...","og_url":"https:\/\/kruze.ee\/et\/toode\/bellroy-lite-sacoche-olakott\/","og_site_name":"Kruze.ee","article_modified_time":"2026-03-16T21:58:14+00:00","twitter_card":"summary_large_image","schema":{"@context":"https:\/\/schema.org","@graph":[{"@type":"WebPage","@id":"https:\/\/kruze.ee\/et\/toode\/bellroy-lite-sacoche-olakott\/","url":"https:\/\/kruze.ee\/et\/toode\/bellroy-lite-sacoche-olakott\/","name":"Bellroy Lite Sacoche \u00f5lakott - Kruze.ee","isPartOf":{"@id":"https:\/\/kruze.ee\/et\/#website"},"datePublished":"2026-01-11T14:55:13+00:00","dateModified":"2026-03-16T21:58:14+00:00","breadcrumb":{"@id":"https:\/\/kruze.ee\/et\/toode\/bellroy-lite-sacoche-olakott\/#breadcrumb"},"inLanguage":"et","potentialAction":[{"@type":"ReadAction","target":["https:\/\/kruze.ee\/et\/toode\/bellroy-lite-sacoche-olakott\/"]}]},{"@type":"BreadcrumbList","@id":"https:\/\/kruze.ee\/et\/toode\/bellroy-lite-sacoche-olakott\/#breadcrumb","itemListElement":[{"@type":"ListItem","position":1,"name":"Home","item":"https:\/\/kruze.ee\/et\/"},{"@type":"ListItem","position":2,"name":"Tooted","item":"https:\/\/kruze.ee\/et\/tooted\/"},{"@type":"ListItem","position":3,"name":"Bellroy Lite Sacoche \u00f5lakott"}]},{"@type":"WebSite","@id":"https:\/\/kruze.ee\/et\/#website","url":"https:\/\/kruze.ee\/et\/","name":"Kruze.ee","description":"Reklaamkingitused, tr&uuml;kiga T-s&auml;rgid, fliisid, dressipluused, tekstiil, joped ja paljud teised logoga meened, &Auml;rikingitused sinu partnerile! Telli juba t&auml;na.","potentialAction":[{"@type":"SearchAction","target":{"@type":"EntryPoint","urlTemplate":"https:\/\/kruze.ee\/et\/?s={search_term_string}"},"query-input":{"@type":"PropertyValueSpecification","valueRequired":true,"valueName":"search_term_string"}}],"inLanguage":"et"}]}},"_links":{"self":[{"href":"https:\/\/kruze.ee\/et\/wp-json\/wp\/v2\/product\/1433092","targetHints":{"allow":["GET"]}}],"collection":[{"href":"https:\/\/kruze.ee\/et\/wp-json\/wp\/v2\/product"}],"about":[{"href":"https:\/\/kruze.ee\/et\/wp-json\/wp\/v2\/types\/product"}],"wp:attachment":[{"href":"https:\/\/kruze.ee\/et\/wp-json\/wp\/v2\/media?parent=1433092"}],"wp:term":[{"taxonomy":"product_brand","embeddable":true,"href":"https:\/\/kruze.ee\/et\/wp-json\/wp\/v2\/product_brand?post=1433092"},{"taxonomy":"product_cat","embeddable":true,"href":"https:\/\/kruze.ee\/et\/wp-json\/wp\/v2\/product_cat?post=1433092"},{"taxonomy":"product_tag","embeddable":true,"href":"https:\/\/kruze.ee\/et\/wp-json\/wp\/v2\/product_tag?post=1433092"}],"curies":[{"name":"wp","href":"https:\/\/api.w.org\/{rel}","templated":true}]}}