{"id":1433088,"date":"2026-01-11T17:55:06","date_gmt":"2026-01-11T14:55:06","guid":{"rendered":"https:\/\/kruze.ee\/product\/bellroy-lite-duffel-spordikott\/"},"modified":"2026-03-17T00:58:13","modified_gmt":"2026-03-16T21:58:13","slug":"bellroy-lite-duffel-spordikott","status":"publish","type":"product","link":"https:\/\/kruze.ee\/et\/toode\/bellroy-lite-duffel-spordikott\/","title":{"rendered":"Bellroy Lite Duffel spordikott"},"content":{"rendered":"<p>See traditsiooniline, kuid nutika lahendusega spordikott on piisavalt vastupidav seiklusteks ning samas piisavalt kerge, et saaksid liikuda vabalt ja kiirelt. Vastupidav ripstop-kangas on 3 korda kergem kui meie teised materjalid. Kotti saab kokku voltida v\u00f5i rulli keerata ning reisile kaasa pakkida. Lukk avaneb m\u00f5lemast otsast, pakkudes eriti laia ja takistusteta ligip\u00e4\u00e4su. V\u00e4line lukuga tasku sisetaskute ja integreeritud v\u00f5tmeklambriga. Sisemised otsataskud m\u00f5lemas otsas. Tugevdatud \u00e4\u00e4r annab lukustamisel stabiilsuse. Reguleeritav ja eemaldatav pehmendatud \u00f5larihm.<\/p>\n","protected":false},"excerpt":{"rendered":"<p>See traditsiooniline, kuid nutika lahendusega spordikott on piisavalt vastupidav seiklusteks ning samas piisavalt kerge, et saaksid liikuda vabalt ja kiirelt&#8230;.<\/p>\n","protected":false},"featured_media":0,"template":"","meta":[],"product_brand":[],"product_cat":[5393],"product_tag":[],"class_list":{"0":"post-1433088","1":"product","2":"type-product","3":"status-publish","5":"product_cat-spordi-ja-reisikotid","6":"pa_brand-bellroy","7":"pa_color-beez","8":"pa_color-black-2","9":"pa_gender-uniseks","10":"pa_gender-unisex","13":"pa_material-rpet","15":"first","16":"instock","17":"taxable","18":"shipping-taxable","19":"purchasable","20":"product-type-variable"},"acf":[],"yoast_head":"<!-- This site is optimized with the Yoast SEO plugin v26.0 - https:\/\/yoast.com\/wordpress\/plugins\/seo\/ -->\n<title>Bellroy Lite Duffel spordikott - Kruze.ee<\/title>\n<meta name=\"robots\" content=\"index, follow, max-snippet:-1, max-image-preview:large, max-video-preview:-1\" \/>\n<link rel=\"canonical\" href=\"https:\/\/kruze.ee\/et\/toode\/bellroy-lite-duffel-spordikott\/\" \/>\n<meta property=\"og:locale\" content=\"et_EE\" \/>\n<meta property=\"og:type\" content=\"article\" \/>\n<meta property=\"og:title\" content=\"Bellroy Lite Duffel spordikott - Kruze.ee\" \/>\n<meta property=\"og:description\" content=\"See traditsiooniline, kuid nutika lahendusega spordikott on piisavalt vastupidav seiklusteks ning samas piisavalt kerge, et saaksid liikuda vabalt ja kiirelt....\" \/>\n<meta property=\"og:url\" content=\"https:\/\/kruze.ee\/et\/toode\/bellroy-lite-duffel-spordikott\/\" \/>\n<meta property=\"og:site_name\" content=\"Kruze.ee\" \/>\n<meta property=\"article:modified_time\" content=\"2026-03-16T21:58:13+00:00\" \/>\n<meta name=\"twitter:card\" content=\"summary_large_image\" \/>\n<meta name=\"twitter:label1\" content=\"Est. reading time\" \/>\n\t<meta name=\"twitter:data1\" content=\"1 minut\" \/>\n<script type=\"application\/ld+json\" class=\"yoast-schema-graph\">{\"@context\":\"https:\/\/schema.org\",\"@graph\":[{\"@type\":\"WebPage\",\"@id\":\"https:\/\/kruze.ee\/et\/toode\/bellroy-lite-duffel-spordikott\/\",\"url\":\"https:\/\/kruze.ee\/et\/toode\/bellroy-lite-duffel-spordikott\/\",\"name\":\"Bellroy Lite Duffel spordikott - Kruze.ee\",\"isPartOf\":{\"@id\":\"https:\/\/kruze.ee\/et\/#website\"},\"datePublished\":\"2026-01-11T14:55:06+00:00\",\"dateModified\":\"2026-03-16T21:58:13+00:00\",\"breadcrumb\":{\"@id\":\"https:\/\/kruze.ee\/et\/toode\/bellroy-lite-duffel-spordikott\/#breadcrumb\"},\"inLanguage\":\"et\",\"potentialAction\":[{\"@type\":\"ReadAction\",\"target\":[\"https:\/\/kruze.ee\/et\/toode\/bellroy-lite-duffel-spordikott\/\"]}]},{\"@type\":\"BreadcrumbList\",\"@id\":\"https:\/\/kruze.ee\/et\/toode\/bellroy-lite-duffel-spordikott\/#breadcrumb\",\"itemListElement\":[{\"@type\":\"ListItem\",\"position\":1,\"name\":\"Home\",\"item\":\"https:\/\/kruze.ee\/et\/\"},{\"@type\":\"ListItem\",\"position\":2,\"name\":\"Tooted\",\"item\":\"https:\/\/kruze.ee\/et\/tooted\/\"},{\"@type\":\"ListItem\",\"position\":3,\"name\":\"Bellroy Lite Duffel spordikott\"}]},{\"@type\":\"WebSite\",\"@id\":\"https:\/\/kruze.ee\/et\/#website\",\"url\":\"https:\/\/kruze.ee\/et\/\",\"name\":\"Kruze.ee\",\"description\":\"Reklaamkingitused, tr&uuml;kiga T-s&auml;rgid, fliisid, dressipluused, tekstiil, joped ja paljud teised logoga meened, &Auml;rikingitused sinu partnerile! Telli juba t&auml;na.\",\"potentialAction\":[{\"@type\":\"SearchAction\",\"target\":{\"@type\":\"EntryPoint\",\"urlTemplate\":\"https:\/\/kruze.ee\/et\/?s={search_term_string}\"},\"query-input\":{\"@type\":\"PropertyValueSpecification\",\"valueRequired\":true,\"valueName\":\"search_term_string\"}}],\"inLanguage\":\"et\"}]}<\/script>\n<!-- \/ Yoast SEO plugin. -->","yoast_head_json":{"title":"Bellroy Lite Duffel spordikott - Kruze.ee","robots":{"index":"index","follow":"follow","max-snippet":"max-snippet:-1","max-image-preview":"max-image-preview:large","max-video-preview":"max-video-preview:-1"},"canonical":"https:\/\/kruze.ee\/et\/toode\/bellroy-lite-duffel-spordikott\/","og_locale":"et_EE","og_type":"article","og_title":"Bellroy Lite Duffel spordikott - Kruze.ee","og_description":"See traditsiooniline, kuid nutika lahendusega spordikott on piisavalt vastupidav seiklusteks ning samas piisavalt kerge, et saaksid liikuda vabalt ja kiirelt....","og_url":"https:\/\/kruze.ee\/et\/toode\/bellroy-lite-duffel-spordikott\/","og_site_name":"Kruze.ee","article_modified_time":"2026-03-16T21:58:13+00:00","twitter_card":"summary_large_image","twitter_misc":{"Est. reading time":"1 minut"},"schema":{"@context":"https:\/\/schema.org","@graph":[{"@type":"WebPage","@id":"https:\/\/kruze.ee\/et\/toode\/bellroy-lite-duffel-spordikott\/","url":"https:\/\/kruze.ee\/et\/toode\/bellroy-lite-duffel-spordikott\/","name":"Bellroy Lite Duffel spordikott - Kruze.ee","isPartOf":{"@id":"https:\/\/kruze.ee\/et\/#website"},"datePublished":"2026-01-11T14:55:06+00:00","dateModified":"2026-03-16T21:58:13+00:00","breadcrumb":{"@id":"https:\/\/kruze.ee\/et\/toode\/bellroy-lite-duffel-spordikott\/#breadcrumb"},"inLanguage":"et","potentialAction":[{"@type":"ReadAction","target":["https:\/\/kruze.ee\/et\/toode\/bellroy-lite-duffel-spordikott\/"]}]},{"@type":"BreadcrumbList","@id":"https:\/\/kruze.ee\/et\/toode\/bellroy-lite-duffel-spordikott\/#breadcrumb","itemListElement":[{"@type":"ListItem","position":1,"name":"Home","item":"https:\/\/kruze.ee\/et\/"},{"@type":"ListItem","position":2,"name":"Tooted","item":"https:\/\/kruze.ee\/et\/tooted\/"},{"@type":"ListItem","position":3,"name":"Bellroy Lite Duffel spordikott"}]},{"@type":"WebSite","@id":"https:\/\/kruze.ee\/et\/#website","url":"https:\/\/kruze.ee\/et\/","name":"Kruze.ee","description":"Reklaamkingitused, tr&uuml;kiga T-s&auml;rgid, fliisid, dressipluused, tekstiil, joped ja paljud teised logoga meened, &Auml;rikingitused sinu partnerile! Telli juba t&auml;na.","potentialAction":[{"@type":"SearchAction","target":{"@type":"EntryPoint","urlTemplate":"https:\/\/kruze.ee\/et\/?s={search_term_string}"},"query-input":{"@type":"PropertyValueSpecification","valueRequired":true,"valueName":"search_term_string"}}],"inLanguage":"et"}]}},"_links":{"self":[{"href":"https:\/\/kruze.ee\/et\/wp-json\/wp\/v2\/product\/1433088","targetHints":{"allow":["GET"]}}],"collection":[{"href":"https:\/\/kruze.ee\/et\/wp-json\/wp\/v2\/product"}],"about":[{"href":"https:\/\/kruze.ee\/et\/wp-json\/wp\/v2\/types\/product"}],"wp:attachment":[{"href":"https:\/\/kruze.ee\/et\/wp-json\/wp\/v2\/media?parent=1433088"}],"wp:term":[{"taxonomy":"product_brand","embeddable":true,"href":"https:\/\/kruze.ee\/et\/wp-json\/wp\/v2\/product_brand?post=1433088"},{"taxonomy":"product_cat","embeddable":true,"href":"https:\/\/kruze.ee\/et\/wp-json\/wp\/v2\/product_cat?post=1433088"},{"taxonomy":"product_tag","embeddable":true,"href":"https:\/\/kruze.ee\/et\/wp-json\/wp\/v2\/product_tag?post=1433088"}],"curies":[{"name":"wp","href":"https:\/\/api.w.org\/{rel}","templated":true}]}}