{"id":1433084,"date":"2026-01-11T17:54:58","date_gmt":"2026-01-11T14:54:58","guid":{"rendered":"https:\/\/kruze.ee\/product\/bellroy-lite-daypack-seljakott\/"},"modified":"2026-03-17T00:58:12","modified_gmt":"2026-03-16T21:58:12","slug":"bellroy-lite-daypack-seljakott","status":"publish","type":"product","link":"https:\/\/kruze.ee\/et\/toode\/bellroy-lite-daypack-seljakott\/","title":{"rendered":"Bellroy Lite Daypack seljakott"},"content":{"rendered":"<p>See \u00fclikerge seljakott \u00fchendab j\u00f5udluse ja mugavuse, et saaksid liikuda vabalt ja kiiresti k\u00f5ikjal, kuhu seiklus sind viib. Vastupidav ripstop-kangas on 3 korda kergem kui meie teised materjalid ning valmistatud 100% taaskasutatud PET-ist. Seljakotti saab kokku voltida v\u00f5i rulli keerata ja reisile kaasa pakkida. Sisemine dokumenditasku. K\u00f5rgendatud esmatarvikute tasku v\u00f5tmeklambriga. Pehmendatud ja hingavad v\u00f5rkkangast seljapaneelid ning \u00f5larihmad. Reguleeritav ja eemaldatav rinnarihm. Integreeritud jalgrattatule kinnituskoht.<\/p>\n","protected":false},"excerpt":{"rendered":"<p>See \u00fclikerge seljakott \u00fchendab j\u00f5udluse ja mugavuse, et saaksid liikuda vabalt ja kiiresti k\u00f5ikjal, kuhu seiklus sind viib. Vastupidav ripstop-kangas on 3&#8230;<\/p>\n","protected":false},"featured_media":0,"template":"","meta":[],"product_brand":[],"product_cat":[5392],"product_tag":[],"class_list":{"0":"post-1433084","1":"product","2":"type-product","3":"status-publish","5":"product_cat-logoga-seljakotid","6":"pa_brand-bellroy","7":"pa_color-beez","8":"pa_color-black-2","9":"pa_gender-uniseks","10":"pa_gender-unisex","13":"pa_material-rpet","15":"first","16":"instock","17":"taxable","18":"shipping-taxable","19":"purchasable","20":"product-type-variable"},"acf":[],"yoast_head":"<!-- This site is optimized with the Yoast SEO plugin v26.0 - https:\/\/yoast.com\/wordpress\/plugins\/seo\/ -->\n<title>Bellroy Lite Daypack seljakott - Kruze.ee<\/title>\n<meta name=\"robots\" content=\"index, follow, max-snippet:-1, max-image-preview:large, max-video-preview:-1\" \/>\n<link rel=\"canonical\" href=\"https:\/\/kruze.ee\/et\/toode\/bellroy-lite-daypack-seljakott\/\" \/>\n<meta property=\"og:locale\" content=\"et_EE\" \/>\n<meta property=\"og:type\" content=\"article\" \/>\n<meta property=\"og:title\" content=\"Bellroy Lite Daypack seljakott - Kruze.ee\" \/>\n<meta property=\"og:description\" content=\"See \u00fclikerge seljakott \u00fchendab j\u00f5udluse ja mugavuse, et saaksid liikuda vabalt ja kiiresti k\u00f5ikjal, kuhu seiklus sind viib. Vastupidav ripstop-kangas on 3...\" \/>\n<meta property=\"og:url\" content=\"https:\/\/kruze.ee\/et\/toode\/bellroy-lite-daypack-seljakott\/\" \/>\n<meta property=\"og:site_name\" content=\"Kruze.ee\" \/>\n<meta property=\"article:modified_time\" content=\"2026-03-16T21:58:12+00:00\" \/>\n<meta name=\"twitter:card\" content=\"summary_large_image\" \/>\n<script type=\"application\/ld+json\" class=\"yoast-schema-graph\">{\"@context\":\"https:\/\/schema.org\",\"@graph\":[{\"@type\":\"WebPage\",\"@id\":\"https:\/\/kruze.ee\/et\/toode\/bellroy-lite-daypack-seljakott\/\",\"url\":\"https:\/\/kruze.ee\/et\/toode\/bellroy-lite-daypack-seljakott\/\",\"name\":\"Bellroy Lite Daypack seljakott - Kruze.ee\",\"isPartOf\":{\"@id\":\"https:\/\/kruze.ee\/et\/#website\"},\"datePublished\":\"2026-01-11T14:54:58+00:00\",\"dateModified\":\"2026-03-16T21:58:12+00:00\",\"breadcrumb\":{\"@id\":\"https:\/\/kruze.ee\/et\/toode\/bellroy-lite-daypack-seljakott\/#breadcrumb\"},\"inLanguage\":\"et\",\"potentialAction\":[{\"@type\":\"ReadAction\",\"target\":[\"https:\/\/kruze.ee\/et\/toode\/bellroy-lite-daypack-seljakott\/\"]}]},{\"@type\":\"BreadcrumbList\",\"@id\":\"https:\/\/kruze.ee\/et\/toode\/bellroy-lite-daypack-seljakott\/#breadcrumb\",\"itemListElement\":[{\"@type\":\"ListItem\",\"position\":1,\"name\":\"Home\",\"item\":\"https:\/\/kruze.ee\/et\/\"},{\"@type\":\"ListItem\",\"position\":2,\"name\":\"Tooted\",\"item\":\"https:\/\/kruze.ee\/et\/tooted\/\"},{\"@type\":\"ListItem\",\"position\":3,\"name\":\"Bellroy Lite Daypack seljakott\"}]},{\"@type\":\"WebSite\",\"@id\":\"https:\/\/kruze.ee\/et\/#website\",\"url\":\"https:\/\/kruze.ee\/et\/\",\"name\":\"Kruze.ee\",\"description\":\"Reklaamkingitused, tr&uuml;kiga T-s&auml;rgid, fliisid, dressipluused, tekstiil, joped ja paljud teised logoga meened, &Auml;rikingitused sinu partnerile! Telli juba t&auml;na.\",\"potentialAction\":[{\"@type\":\"SearchAction\",\"target\":{\"@type\":\"EntryPoint\",\"urlTemplate\":\"https:\/\/kruze.ee\/et\/?s={search_term_string}\"},\"query-input\":{\"@type\":\"PropertyValueSpecification\",\"valueRequired\":true,\"valueName\":\"search_term_string\"}}],\"inLanguage\":\"et\"}]}<\/script>\n<!-- \/ Yoast SEO plugin. -->","yoast_head_json":{"title":"Bellroy Lite Daypack seljakott - Kruze.ee","robots":{"index":"index","follow":"follow","max-snippet":"max-snippet:-1","max-image-preview":"max-image-preview:large","max-video-preview":"max-video-preview:-1"},"canonical":"https:\/\/kruze.ee\/et\/toode\/bellroy-lite-daypack-seljakott\/","og_locale":"et_EE","og_type":"article","og_title":"Bellroy Lite Daypack seljakott - Kruze.ee","og_description":"See \u00fclikerge seljakott \u00fchendab j\u00f5udluse ja mugavuse, et saaksid liikuda vabalt ja kiiresti k\u00f5ikjal, kuhu seiklus sind viib. Vastupidav ripstop-kangas on 3...","og_url":"https:\/\/kruze.ee\/et\/toode\/bellroy-lite-daypack-seljakott\/","og_site_name":"Kruze.ee","article_modified_time":"2026-03-16T21:58:12+00:00","twitter_card":"summary_large_image","schema":{"@context":"https:\/\/schema.org","@graph":[{"@type":"WebPage","@id":"https:\/\/kruze.ee\/et\/toode\/bellroy-lite-daypack-seljakott\/","url":"https:\/\/kruze.ee\/et\/toode\/bellroy-lite-daypack-seljakott\/","name":"Bellroy Lite Daypack seljakott - Kruze.ee","isPartOf":{"@id":"https:\/\/kruze.ee\/et\/#website"},"datePublished":"2026-01-11T14:54:58+00:00","dateModified":"2026-03-16T21:58:12+00:00","breadcrumb":{"@id":"https:\/\/kruze.ee\/et\/toode\/bellroy-lite-daypack-seljakott\/#breadcrumb"},"inLanguage":"et","potentialAction":[{"@type":"ReadAction","target":["https:\/\/kruze.ee\/et\/toode\/bellroy-lite-daypack-seljakott\/"]}]},{"@type":"BreadcrumbList","@id":"https:\/\/kruze.ee\/et\/toode\/bellroy-lite-daypack-seljakott\/#breadcrumb","itemListElement":[{"@type":"ListItem","position":1,"name":"Home","item":"https:\/\/kruze.ee\/et\/"},{"@type":"ListItem","position":2,"name":"Tooted","item":"https:\/\/kruze.ee\/et\/tooted\/"},{"@type":"ListItem","position":3,"name":"Bellroy Lite Daypack seljakott"}]},{"@type":"WebSite","@id":"https:\/\/kruze.ee\/et\/#website","url":"https:\/\/kruze.ee\/et\/","name":"Kruze.ee","description":"Reklaamkingitused, tr&uuml;kiga T-s&auml;rgid, fliisid, dressipluused, tekstiil, joped ja paljud teised logoga meened, &Auml;rikingitused sinu partnerile! Telli juba t&auml;na.","potentialAction":[{"@type":"SearchAction","target":{"@type":"EntryPoint","urlTemplate":"https:\/\/kruze.ee\/et\/?s={search_term_string}"},"query-input":{"@type":"PropertyValueSpecification","valueRequired":true,"valueName":"search_term_string"}}],"inLanguage":"et"}]}},"_links":{"self":[{"href":"https:\/\/kruze.ee\/et\/wp-json\/wp\/v2\/product\/1433084","targetHints":{"allow":["GET"]}}],"collection":[{"href":"https:\/\/kruze.ee\/et\/wp-json\/wp\/v2\/product"}],"about":[{"href":"https:\/\/kruze.ee\/et\/wp-json\/wp\/v2\/types\/product"}],"wp:attachment":[{"href":"https:\/\/kruze.ee\/et\/wp-json\/wp\/v2\/media?parent=1433084"}],"wp:term":[{"taxonomy":"product_brand","embeddable":true,"href":"https:\/\/kruze.ee\/et\/wp-json\/wp\/v2\/product_brand?post=1433084"},{"taxonomy":"product_cat","embeddable":true,"href":"https:\/\/kruze.ee\/et\/wp-json\/wp\/v2\/product_cat?post=1433084"},{"taxonomy":"product_tag","embeddable":true,"href":"https:\/\/kruze.ee\/et\/wp-json\/wp\/v2\/product_tag?post=1433084"}],"curies":[{"name":"wp","href":"https:\/\/api.w.org\/{rel}","templated":true}]}}