{"id":1433068,"date":"2026-01-09T20:22:59","date_gmt":"2026-01-09T17:22:59","guid":{"rendered":"https:\/\/kruze.ee\/product\/urban-vitamin-pacific-grove-rcs-taaskasutatud-plastikust-30-w-kolar-ipx7-veekindlus\/"},"modified":"2026-03-17T00:51:55","modified_gmt":"2026-03-16T21:51:55","slug":"urban-vitamin-pacific-grove-rcs-taaskasutatud-plastikust-30-w-kolar-ipx7-veekindlus","status":"publish","type":"product","link":"https:\/\/kruze.ee\/et\/toode\/urban-vitamin-pacific-grove-rcs-taaskasutatud-plastikust-30-w-kolar-ipx7-veekindlus\/","title":{"rendered":"Urban Vitamin Pacific Grove RCS taaskasutatud plastikust 30 W k\u00f5lar, IPX7 veekindlus"},"content":{"rendered":"<p>Pacific Grove\u2019i juhtmevaba k\u00f5lar on vastupidav 30 W k\u00f5lar on loodud taluma erinevaid tingimusi ning pakub k\u00f5ike, mida vajad kaasahaaravaks muusikaelamuseks. Praktiline integreeritud kanderihm ja vastupidav IPX7 veekindel disain tagavad, et saad oma lemmikmuusika k\u00f5ikjale kaasa v\u00f5tta. Lisaks on sul v\u00f5imalus \u00fchendada kaks k\u00f5larit stereo sidumise funktsiooni abil, et luua t\u00f5eline stereohelielamus. T\u00e4islaadimine v\u00f5imaldab<\/p>\n","protected":false},"excerpt":{"rendered":"<p>Pacific Grove\u2019i juhtmevaba k\u00f5lar on vastupidav 30 W k\u00f5lar on loodud taluma erinevaid tingimusi ning pakub k\u00f5ike, mida vajad kaasahaaravaks muusikaelamuseks&#8230;.<\/p>\n","protected":false},"featured_media":0,"template":"","meta":[],"product_brand":[],"product_cat":[5412],"product_tag":[],"class_list":{"0":"post-1433068","1":"product","2":"type-product","3":"status-publish","5":"product_cat-kolarid","6":"pa_gender-uniseks","7":"pa_gender-unisex","11":"first","12":"instock","13":"purchasable","14":"product-type-simple"},"acf":[],"yoast_head":"<!-- This site is optimized with the Yoast SEO plugin v26.0 - https:\/\/yoast.com\/wordpress\/plugins\/seo\/ -->\n<title>Urban Vitamin Pacific Grove RCS taaskasutatud plastikust 30 W k\u00f5lar, IPX7 veekindlus - Kruze.ee<\/title>\n<meta name=\"robots\" content=\"index, follow, max-snippet:-1, max-image-preview:large, max-video-preview:-1\" \/>\n<link rel=\"canonical\" href=\"https:\/\/kruze.ee\/et\/toode\/urban-vitamin-pacific-grove-rcs-taaskasutatud-plastikust-30-w-kolar-ipx7-veekindlus\/\" \/>\n<meta property=\"og:locale\" content=\"et_EE\" \/>\n<meta property=\"og:type\" content=\"article\" \/>\n<meta property=\"og:title\" content=\"Urban Vitamin Pacific Grove RCS taaskasutatud plastikust 30 W k\u00f5lar, IPX7 veekindlus - Kruze.ee\" \/>\n<meta property=\"og:description\" content=\"Pacific Grove\u2019i juhtmevaba k\u00f5lar on vastupidav 30 W k\u00f5lar on loodud taluma erinevaid tingimusi ning pakub k\u00f5ike, mida vajad kaasahaaravaks muusikaelamuseks....\" \/>\n<meta property=\"og:url\" content=\"https:\/\/kruze.ee\/et\/toode\/urban-vitamin-pacific-grove-rcs-taaskasutatud-plastikust-30-w-kolar-ipx7-veekindlus\/\" \/>\n<meta property=\"og:site_name\" content=\"Kruze.ee\" \/>\n<meta property=\"article:modified_time\" content=\"2026-03-16T21:51:55+00:00\" \/>\n<meta name=\"twitter:card\" content=\"summary_large_image\" \/>\n<script type=\"application\/ld+json\" class=\"yoast-schema-graph\">{\"@context\":\"https:\/\/schema.org\",\"@graph\":[{\"@type\":\"WebPage\",\"@id\":\"https:\/\/kruze.ee\/et\/toode\/urban-vitamin-pacific-grove-rcs-taaskasutatud-plastikust-30-w-kolar-ipx7-veekindlus\/\",\"url\":\"https:\/\/kruze.ee\/et\/toode\/urban-vitamin-pacific-grove-rcs-taaskasutatud-plastikust-30-w-kolar-ipx7-veekindlus\/\",\"name\":\"Urban Vitamin Pacific Grove RCS taaskasutatud plastikust 30 W k\u00f5lar, IPX7 veekindlus - Kruze.ee\",\"isPartOf\":{\"@id\":\"https:\/\/kruze.ee\/et\/#website\"},\"datePublished\":\"2026-01-09T17:22:59+00:00\",\"dateModified\":\"2026-03-16T21:51:55+00:00\",\"breadcrumb\":{\"@id\":\"https:\/\/kruze.ee\/et\/toode\/urban-vitamin-pacific-grove-rcs-taaskasutatud-plastikust-30-w-kolar-ipx7-veekindlus\/#breadcrumb\"},\"inLanguage\":\"et\",\"potentialAction\":[{\"@type\":\"ReadAction\",\"target\":[\"https:\/\/kruze.ee\/et\/toode\/urban-vitamin-pacific-grove-rcs-taaskasutatud-plastikust-30-w-kolar-ipx7-veekindlus\/\"]}]},{\"@type\":\"BreadcrumbList\",\"@id\":\"https:\/\/kruze.ee\/et\/toode\/urban-vitamin-pacific-grove-rcs-taaskasutatud-plastikust-30-w-kolar-ipx7-veekindlus\/#breadcrumb\",\"itemListElement\":[{\"@type\":\"ListItem\",\"position\":1,\"name\":\"Home\",\"item\":\"https:\/\/kruze.ee\/et\/\"},{\"@type\":\"ListItem\",\"position\":2,\"name\":\"Tooted\",\"item\":\"https:\/\/kruze.ee\/et\/tooted\/\"},{\"@type\":\"ListItem\",\"position\":3,\"name\":\"Urban Vitamin Pacific Grove RCS taaskasutatud plastikust 30 W k\u00f5lar, IPX7 veekindlus\"}]},{\"@type\":\"WebSite\",\"@id\":\"https:\/\/kruze.ee\/et\/#website\",\"url\":\"https:\/\/kruze.ee\/et\/\",\"name\":\"Kruze.ee\",\"description\":\"Reklaamkingitused, tr&uuml;kiga T-s&auml;rgid, fliisid, dressipluused, tekstiil, joped ja paljud teised logoga meened, &Auml;rikingitused sinu partnerile! Telli juba t&auml;na.\",\"potentialAction\":[{\"@type\":\"SearchAction\",\"target\":{\"@type\":\"EntryPoint\",\"urlTemplate\":\"https:\/\/kruze.ee\/et\/?s={search_term_string}\"},\"query-input\":{\"@type\":\"PropertyValueSpecification\",\"valueRequired\":true,\"valueName\":\"search_term_string\"}}],\"inLanguage\":\"et\"}]}<\/script>\n<!-- \/ Yoast SEO plugin. -->","yoast_head_json":{"title":"Urban Vitamin Pacific Grove RCS taaskasutatud plastikust 30 W k\u00f5lar, IPX7 veekindlus - Kruze.ee","robots":{"index":"index","follow":"follow","max-snippet":"max-snippet:-1","max-image-preview":"max-image-preview:large","max-video-preview":"max-video-preview:-1"},"canonical":"https:\/\/kruze.ee\/et\/toode\/urban-vitamin-pacific-grove-rcs-taaskasutatud-plastikust-30-w-kolar-ipx7-veekindlus\/","og_locale":"et_EE","og_type":"article","og_title":"Urban Vitamin Pacific Grove RCS taaskasutatud plastikust 30 W k\u00f5lar, IPX7 veekindlus - Kruze.ee","og_description":"Pacific Grove\u2019i juhtmevaba k\u00f5lar on vastupidav 30 W k\u00f5lar on loodud taluma erinevaid tingimusi ning pakub k\u00f5ike, mida vajad kaasahaaravaks muusikaelamuseks....","og_url":"https:\/\/kruze.ee\/et\/toode\/urban-vitamin-pacific-grove-rcs-taaskasutatud-plastikust-30-w-kolar-ipx7-veekindlus\/","og_site_name":"Kruze.ee","article_modified_time":"2026-03-16T21:51:55+00:00","twitter_card":"summary_large_image","schema":{"@context":"https:\/\/schema.org","@graph":[{"@type":"WebPage","@id":"https:\/\/kruze.ee\/et\/toode\/urban-vitamin-pacific-grove-rcs-taaskasutatud-plastikust-30-w-kolar-ipx7-veekindlus\/","url":"https:\/\/kruze.ee\/et\/toode\/urban-vitamin-pacific-grove-rcs-taaskasutatud-plastikust-30-w-kolar-ipx7-veekindlus\/","name":"Urban Vitamin Pacific Grove RCS taaskasutatud plastikust 30 W k\u00f5lar, IPX7 veekindlus - Kruze.ee","isPartOf":{"@id":"https:\/\/kruze.ee\/et\/#website"},"datePublished":"2026-01-09T17:22:59+00:00","dateModified":"2026-03-16T21:51:55+00:00","breadcrumb":{"@id":"https:\/\/kruze.ee\/et\/toode\/urban-vitamin-pacific-grove-rcs-taaskasutatud-plastikust-30-w-kolar-ipx7-veekindlus\/#breadcrumb"},"inLanguage":"et","potentialAction":[{"@type":"ReadAction","target":["https:\/\/kruze.ee\/et\/toode\/urban-vitamin-pacific-grove-rcs-taaskasutatud-plastikust-30-w-kolar-ipx7-veekindlus\/"]}]},{"@type":"BreadcrumbList","@id":"https:\/\/kruze.ee\/et\/toode\/urban-vitamin-pacific-grove-rcs-taaskasutatud-plastikust-30-w-kolar-ipx7-veekindlus\/#breadcrumb","itemListElement":[{"@type":"ListItem","position":1,"name":"Home","item":"https:\/\/kruze.ee\/et\/"},{"@type":"ListItem","position":2,"name":"Tooted","item":"https:\/\/kruze.ee\/et\/tooted\/"},{"@type":"ListItem","position":3,"name":"Urban Vitamin Pacific Grove RCS taaskasutatud plastikust 30 W k\u00f5lar, IPX7 veekindlus"}]},{"@type":"WebSite","@id":"https:\/\/kruze.ee\/et\/#website","url":"https:\/\/kruze.ee\/et\/","name":"Kruze.ee","description":"Reklaamkingitused, tr&uuml;kiga T-s&auml;rgid, fliisid, dressipluused, tekstiil, joped ja paljud teised logoga meened, &Auml;rikingitused sinu partnerile! Telli juba t&auml;na.","potentialAction":[{"@type":"SearchAction","target":{"@type":"EntryPoint","urlTemplate":"https:\/\/kruze.ee\/et\/?s={search_term_string}"},"query-input":{"@type":"PropertyValueSpecification","valueRequired":true,"valueName":"search_term_string"}}],"inLanguage":"et"}]}},"_links":{"self":[{"href":"https:\/\/kruze.ee\/et\/wp-json\/wp\/v2\/product\/1433068","targetHints":{"allow":["GET"]}}],"collection":[{"href":"https:\/\/kruze.ee\/et\/wp-json\/wp\/v2\/product"}],"about":[{"href":"https:\/\/kruze.ee\/et\/wp-json\/wp\/v2\/types\/product"}],"wp:attachment":[{"href":"https:\/\/kruze.ee\/et\/wp-json\/wp\/v2\/media?parent=1433068"}],"wp:term":[{"taxonomy":"product_brand","embeddable":true,"href":"https:\/\/kruze.ee\/et\/wp-json\/wp\/v2\/product_brand?post=1433068"},{"taxonomy":"product_cat","embeddable":true,"href":"https:\/\/kruze.ee\/et\/wp-json\/wp\/v2\/product_cat?post=1433068"},{"taxonomy":"product_tag","embeddable":true,"href":"https:\/\/kruze.ee\/et\/wp-json\/wp\/v2\/product_tag?post=1433068"}],"curies":[{"name":"wp","href":"https:\/\/api.w.org\/{rel}","templated":true}]}}