{"id":1433062,"date":"2026-01-09T20:22:54","date_gmt":"2026-01-09T17:22:54","guid":{"rendered":"https:\/\/kruze.ee\/product\/prisma-rcs-taaskasutatud-plastikust-16-w-kolar-ipx4-veekindel\/"},"modified":"2026-03-17T00:51:53","modified_gmt":"2026-03-16T21:51:53","slug":"prisma-rcs-taaskasutatud-plastikust-16-w-kolar-ipx4-veekindel","status":"publish","type":"product","link":"https:\/\/kruze.ee\/et\/toode\/prisma-rcs-taaskasutatud-plastikust-16-w-kolar-ipx4-veekindel\/","title":{"rendered":"Prisma RCS taaskasutatud plastikust 16 W k\u00f5lar, IPX4 veekindel"},"content":{"rendered":"<p>Prisma RCS taaskasutatud plastist 16 W k\u00f5lar \u00fchendab endas suurep\u00e4rase helikvaliteedi, vastupidavuse ja v\u00e4iksema keskkonnam\u00f5ju. V\u00f5imas 16 W v\u00e4ljund ja kaks bassik\u00f5larit tagavad s\u00fcgava bassi ning selge heli kaasahaaravaks kuulamiskogemuseks. IPX4 veekindlus teeb k\u00f5lari vastupidavaks pritsmete ja kerge vihma suhtes, mist\u00f5ttu sobib see nii sise- kui ka v\u00e4listingimustesse. Integreeritud kandesang ja laetav 1500 mAh liitiumioonaku tagavad hea kaasaskantavuse ning kuni 7 tundi m\u00e4nguaega 50% helitugevuse juures, samas kui Bluetooth 5.3 v\u00f5imaldab sujuvat \u00fchendust ja automaatset sidumist. Prismal on ka sisseehitatud mikrofon ja k\u00f5ne vastuv\u00f5tmise funktsioon, mis sobib ideaalselt k\u00e4ed-vabad k\u00f5nedeks. Korpus on valmistatud RCS-sertifikaadiga taaskasutatud ABS-plastikust ja RPET-kangast. RCS (Recycled Claim Standard) on standard, mis kinnitab tootes kasutatud taaskasutatud materjalide osakaalu kogu tarneahela ulatuses.<\/p>\n","protected":false},"excerpt":{"rendered":"<p>Prisma RCS taaskasutatud plastist 16 W k\u00f5lar \u00fchendab endas suurep\u00e4rase helikvaliteedi, vastupidavuse ja v\u00e4iksema keskkonnam\u00f5ju. V\u00f5imas 16 W v\u00e4ljund ja kaks&#8230;<\/p>\n","protected":false},"featured_media":0,"template":"","meta":[],"product_brand":[],"product_cat":[5412],"product_tag":[],"class_list":{"0":"post-1433062","1":"product","2":"type-product","3":"status-publish","5":"product_cat-kolarid","6":"pa_brand-xd-collection","7":"pa_color-hall","8":"pa_color-black-2","9":"pa_color-blue-2","10":"pa_gender-uniseks","11":"pa_gender-unisex","14":"pa_material-recycled-absrpet","16":"first","17":"instock","18":"taxable","19":"shipping-taxable","20":"purchasable","21":"product-type-variable"},"acf":[],"yoast_head":"<!-- This site is optimized with the Yoast SEO plugin v26.0 - https:\/\/yoast.com\/wordpress\/plugins\/seo\/ -->\n<title>Prisma RCS taaskasutatud plastikust 16 W k\u00f5lar, IPX4 veekindel - Kruze.ee<\/title>\n<meta name=\"robots\" content=\"index, follow, max-snippet:-1, max-image-preview:large, max-video-preview:-1\" \/>\n<link rel=\"canonical\" href=\"https:\/\/kruze.ee\/et\/toode\/prisma-rcs-taaskasutatud-plastikust-16-w-kolar-ipx4-veekindel\/\" \/>\n<meta property=\"og:locale\" content=\"et_EE\" \/>\n<meta property=\"og:type\" content=\"article\" \/>\n<meta property=\"og:title\" content=\"Prisma RCS taaskasutatud plastikust 16 W k\u00f5lar, IPX4 veekindel - Kruze.ee\" \/>\n<meta property=\"og:description\" content=\"Prisma RCS taaskasutatud plastist 16 W k\u00f5lar \u00fchendab endas suurep\u00e4rase helikvaliteedi, vastupidavuse ja v\u00e4iksema keskkonnam\u00f5ju. V\u00f5imas 16 W v\u00e4ljund ja kaks...\" \/>\n<meta property=\"og:url\" content=\"https:\/\/kruze.ee\/et\/toode\/prisma-rcs-taaskasutatud-plastikust-16-w-kolar-ipx4-veekindel\/\" \/>\n<meta property=\"og:site_name\" content=\"Kruze.ee\" \/>\n<meta property=\"article:modified_time\" content=\"2026-03-16T21:51:53+00:00\" \/>\n<meta name=\"twitter:card\" content=\"summary_large_image\" \/>\n<meta name=\"twitter:label1\" content=\"Est. reading time\" \/>\n\t<meta name=\"twitter:data1\" content=\"1 minut\" \/>\n<script type=\"application\/ld+json\" class=\"yoast-schema-graph\">{\"@context\":\"https:\/\/schema.org\",\"@graph\":[{\"@type\":\"WebPage\",\"@id\":\"https:\/\/kruze.ee\/et\/toode\/prisma-rcs-taaskasutatud-plastikust-16-w-kolar-ipx4-veekindel\/\",\"url\":\"https:\/\/kruze.ee\/et\/toode\/prisma-rcs-taaskasutatud-plastikust-16-w-kolar-ipx4-veekindel\/\",\"name\":\"Prisma RCS taaskasutatud plastikust 16 W k\u00f5lar, IPX4 veekindel - Kruze.ee\",\"isPartOf\":{\"@id\":\"https:\/\/kruze.ee\/et\/#website\"},\"datePublished\":\"2026-01-09T17:22:54+00:00\",\"dateModified\":\"2026-03-16T21:51:53+00:00\",\"breadcrumb\":{\"@id\":\"https:\/\/kruze.ee\/et\/toode\/prisma-rcs-taaskasutatud-plastikust-16-w-kolar-ipx4-veekindel\/#breadcrumb\"},\"inLanguage\":\"et\",\"potentialAction\":[{\"@type\":\"ReadAction\",\"target\":[\"https:\/\/kruze.ee\/et\/toode\/prisma-rcs-taaskasutatud-plastikust-16-w-kolar-ipx4-veekindel\/\"]}]},{\"@type\":\"BreadcrumbList\",\"@id\":\"https:\/\/kruze.ee\/et\/toode\/prisma-rcs-taaskasutatud-plastikust-16-w-kolar-ipx4-veekindel\/#breadcrumb\",\"itemListElement\":[{\"@type\":\"ListItem\",\"position\":1,\"name\":\"Home\",\"item\":\"https:\/\/kruze.ee\/et\/\"},{\"@type\":\"ListItem\",\"position\":2,\"name\":\"Tooted\",\"item\":\"https:\/\/kruze.ee\/et\/tooted\/\"},{\"@type\":\"ListItem\",\"position\":3,\"name\":\"Prisma RCS taaskasutatud plastikust 16 W k\u00f5lar, IPX4 veekindel\"}]},{\"@type\":\"WebSite\",\"@id\":\"https:\/\/kruze.ee\/et\/#website\",\"url\":\"https:\/\/kruze.ee\/et\/\",\"name\":\"Kruze.ee\",\"description\":\"Reklaamkingitused, tr&uuml;kiga T-s&auml;rgid, fliisid, dressipluused, tekstiil, joped ja paljud teised logoga meened, &Auml;rikingitused sinu partnerile! Telli juba t&auml;na.\",\"potentialAction\":[{\"@type\":\"SearchAction\",\"target\":{\"@type\":\"EntryPoint\",\"urlTemplate\":\"https:\/\/kruze.ee\/et\/?s={search_term_string}\"},\"query-input\":{\"@type\":\"PropertyValueSpecification\",\"valueRequired\":true,\"valueName\":\"search_term_string\"}}],\"inLanguage\":\"et\"}]}<\/script>\n<!-- \/ Yoast SEO plugin. -->","yoast_head_json":{"title":"Prisma RCS taaskasutatud plastikust 16 W k\u00f5lar, IPX4 veekindel - Kruze.ee","robots":{"index":"index","follow":"follow","max-snippet":"max-snippet:-1","max-image-preview":"max-image-preview:large","max-video-preview":"max-video-preview:-1"},"canonical":"https:\/\/kruze.ee\/et\/toode\/prisma-rcs-taaskasutatud-plastikust-16-w-kolar-ipx4-veekindel\/","og_locale":"et_EE","og_type":"article","og_title":"Prisma RCS taaskasutatud plastikust 16 W k\u00f5lar, IPX4 veekindel - Kruze.ee","og_description":"Prisma RCS taaskasutatud plastist 16 W k\u00f5lar \u00fchendab endas suurep\u00e4rase helikvaliteedi, vastupidavuse ja v\u00e4iksema keskkonnam\u00f5ju. V\u00f5imas 16 W v\u00e4ljund ja kaks...","og_url":"https:\/\/kruze.ee\/et\/toode\/prisma-rcs-taaskasutatud-plastikust-16-w-kolar-ipx4-veekindel\/","og_site_name":"Kruze.ee","article_modified_time":"2026-03-16T21:51:53+00:00","twitter_card":"summary_large_image","twitter_misc":{"Est. reading time":"1 minut"},"schema":{"@context":"https:\/\/schema.org","@graph":[{"@type":"WebPage","@id":"https:\/\/kruze.ee\/et\/toode\/prisma-rcs-taaskasutatud-plastikust-16-w-kolar-ipx4-veekindel\/","url":"https:\/\/kruze.ee\/et\/toode\/prisma-rcs-taaskasutatud-plastikust-16-w-kolar-ipx4-veekindel\/","name":"Prisma RCS taaskasutatud plastikust 16 W k\u00f5lar, IPX4 veekindel - Kruze.ee","isPartOf":{"@id":"https:\/\/kruze.ee\/et\/#website"},"datePublished":"2026-01-09T17:22:54+00:00","dateModified":"2026-03-16T21:51:53+00:00","breadcrumb":{"@id":"https:\/\/kruze.ee\/et\/toode\/prisma-rcs-taaskasutatud-plastikust-16-w-kolar-ipx4-veekindel\/#breadcrumb"},"inLanguage":"et","potentialAction":[{"@type":"ReadAction","target":["https:\/\/kruze.ee\/et\/toode\/prisma-rcs-taaskasutatud-plastikust-16-w-kolar-ipx4-veekindel\/"]}]},{"@type":"BreadcrumbList","@id":"https:\/\/kruze.ee\/et\/toode\/prisma-rcs-taaskasutatud-plastikust-16-w-kolar-ipx4-veekindel\/#breadcrumb","itemListElement":[{"@type":"ListItem","position":1,"name":"Home","item":"https:\/\/kruze.ee\/et\/"},{"@type":"ListItem","position":2,"name":"Tooted","item":"https:\/\/kruze.ee\/et\/tooted\/"},{"@type":"ListItem","position":3,"name":"Prisma RCS taaskasutatud plastikust 16 W k\u00f5lar, IPX4 veekindel"}]},{"@type":"WebSite","@id":"https:\/\/kruze.ee\/et\/#website","url":"https:\/\/kruze.ee\/et\/","name":"Kruze.ee","description":"Reklaamkingitused, tr&uuml;kiga T-s&auml;rgid, fliisid, dressipluused, tekstiil, joped ja paljud teised logoga meened, &Auml;rikingitused sinu partnerile! Telli juba t&auml;na.","potentialAction":[{"@type":"SearchAction","target":{"@type":"EntryPoint","urlTemplate":"https:\/\/kruze.ee\/et\/?s={search_term_string}"},"query-input":{"@type":"PropertyValueSpecification","valueRequired":true,"valueName":"search_term_string"}}],"inLanguage":"et"}]}},"_links":{"self":[{"href":"https:\/\/kruze.ee\/et\/wp-json\/wp\/v2\/product\/1433062","targetHints":{"allow":["GET"]}}],"collection":[{"href":"https:\/\/kruze.ee\/et\/wp-json\/wp\/v2\/product"}],"about":[{"href":"https:\/\/kruze.ee\/et\/wp-json\/wp\/v2\/types\/product"}],"wp:attachment":[{"href":"https:\/\/kruze.ee\/et\/wp-json\/wp\/v2\/media?parent=1433062"}],"wp:term":[{"taxonomy":"product_brand","embeddable":true,"href":"https:\/\/kruze.ee\/et\/wp-json\/wp\/v2\/product_brand?post=1433062"},{"taxonomy":"product_cat","embeddable":true,"href":"https:\/\/kruze.ee\/et\/wp-json\/wp\/v2\/product_cat?post=1433062"},{"taxonomy":"product_tag","embeddable":true,"href":"https:\/\/kruze.ee\/et\/wp-json\/wp\/v2\/product_tag?post=1433062"}],"curies":[{"name":"wp","href":"https:\/\/api.w.org\/{rel}","templated":true}]}}