{"id":1433046,"date":"2026-01-09T20:22:22","date_gmt":"2026-01-09T17:22:22","guid":{"rendered":"https:\/\/kruze.ee\/product\/swiss-peak-rcs-taaskasutatud-alumiiniumist-3-w-bassikolar\/"},"modified":"2026-03-17T00:51:47","modified_gmt":"2026-03-16T21:51:47","slug":"swiss-peak-rcs-taaskasutatud-alumiiniumist-3-w-bassikolar","status":"publish","type":"product","link":"https:\/\/kruze.ee\/et\/toode\/swiss-peak-rcs-taaskasutatud-alumiiniumist-3-w-bassikolar\/","title":{"rendered":"Swiss Peak RCS taaskasutatud alumiiniumist 3 W bassik\u00f5lar"},"content":{"rendered":"<p>V\u00e4ike, kuid v\u00f5imas 3 W juhtmevaba k\u00f5lar, mis on valmistatud RCS-sertifikaadiga (Recycled Claim Standard) taaskasutatud alumiiniumist ja taaskasutatud ABS-plastikust. Taaskasutatud materjali osakaal on 28% toote kogukaalust ning RCS-sertifikaat tagab taaskasutatud materjalide t\u00e4ielikult sertifitseeritud tarneahela. Alumiinium ei kaota ringlussev\u00f5tul oma omadusi ning seda saab l\u00f5putult taaskasutada. Komplektis on RCS-sertifikaadiga taaskasutatud TPE-st valmistatud taaskasutatud Type-C laadimiskaabel. Pakendatud FSC\u00ae mix pakendisse. 500 mAh aku v\u00f5imaldab kuni 4 tundi m\u00e4nguaega ning laeb end t\u00e4is umbes 2 tunniga. Bluetooth 5.0 tagab sujuva \u00fchenduse kuni 10 meetri kauguselt. Toode ja tarvikud on PVC-vabad.<\/p>\n","protected":false},"excerpt":{"rendered":"<p>V\u00e4ike, kuid v\u00f5imas 3 W juhtmevaba k\u00f5lar, mis on valmistatud RCS-sertifikaadiga (Recycled Claim Standard) taaskasutatud alumiiniumist ja taaskasutatud&#8230;<\/p>\n","protected":false},"featured_media":0,"template":"","meta":[],"product_brand":[],"product_cat":[5412],"product_tag":[],"class_list":{"0":"post-1433046","1":"product","2":"type-product","3":"status-publish","5":"product_cat-kolarid","6":"pa_gender-uniseks","7":"pa_gender-unisex","11":"first","12":"instock","13":"purchasable","14":"product-type-simple"},"acf":[],"yoast_head":"<!-- This site is optimized with the Yoast SEO plugin v26.0 - https:\/\/yoast.com\/wordpress\/plugins\/seo\/ -->\n<title>Swiss Peak RCS taaskasutatud alumiiniumist 3 W bassik\u00f5lar - Kruze.ee<\/title>\n<meta name=\"robots\" content=\"index, follow, max-snippet:-1, max-image-preview:large, max-video-preview:-1\" \/>\n<link rel=\"canonical\" href=\"https:\/\/kruze.ee\/et\/toode\/swiss-peak-rcs-taaskasutatud-alumiiniumist-3-w-bassikolar\/\" \/>\n<meta property=\"og:locale\" content=\"et_EE\" \/>\n<meta property=\"og:type\" content=\"article\" \/>\n<meta property=\"og:title\" content=\"Swiss Peak RCS taaskasutatud alumiiniumist 3 W bassik\u00f5lar - Kruze.ee\" \/>\n<meta property=\"og:description\" content=\"V\u00e4ike, kuid v\u00f5imas 3 W juhtmevaba k\u00f5lar, mis on valmistatud RCS-sertifikaadiga (Recycled Claim Standard) taaskasutatud alumiiniumist ja taaskasutatud...\" \/>\n<meta property=\"og:url\" content=\"https:\/\/kruze.ee\/et\/toode\/swiss-peak-rcs-taaskasutatud-alumiiniumist-3-w-bassikolar\/\" \/>\n<meta property=\"og:site_name\" content=\"Kruze.ee\" \/>\n<meta property=\"article:modified_time\" content=\"2026-03-16T21:51:47+00:00\" \/>\n<meta name=\"twitter:card\" content=\"summary_large_image\" \/>\n<script type=\"application\/ld+json\" class=\"yoast-schema-graph\">{\"@context\":\"https:\/\/schema.org\",\"@graph\":[{\"@type\":\"WebPage\",\"@id\":\"https:\/\/kruze.ee\/et\/toode\/swiss-peak-rcs-taaskasutatud-alumiiniumist-3-w-bassikolar\/\",\"url\":\"https:\/\/kruze.ee\/et\/toode\/swiss-peak-rcs-taaskasutatud-alumiiniumist-3-w-bassikolar\/\",\"name\":\"Swiss Peak RCS taaskasutatud alumiiniumist 3 W bassik\u00f5lar - Kruze.ee\",\"isPartOf\":{\"@id\":\"https:\/\/kruze.ee\/et\/#website\"},\"datePublished\":\"2026-01-09T17:22:22+00:00\",\"dateModified\":\"2026-03-16T21:51:47+00:00\",\"breadcrumb\":{\"@id\":\"https:\/\/kruze.ee\/et\/toode\/swiss-peak-rcs-taaskasutatud-alumiiniumist-3-w-bassikolar\/#breadcrumb\"},\"inLanguage\":\"et\",\"potentialAction\":[{\"@type\":\"ReadAction\",\"target\":[\"https:\/\/kruze.ee\/et\/toode\/swiss-peak-rcs-taaskasutatud-alumiiniumist-3-w-bassikolar\/\"]}]},{\"@type\":\"BreadcrumbList\",\"@id\":\"https:\/\/kruze.ee\/et\/toode\/swiss-peak-rcs-taaskasutatud-alumiiniumist-3-w-bassikolar\/#breadcrumb\",\"itemListElement\":[{\"@type\":\"ListItem\",\"position\":1,\"name\":\"Home\",\"item\":\"https:\/\/kruze.ee\/et\/\"},{\"@type\":\"ListItem\",\"position\":2,\"name\":\"Tooted\",\"item\":\"https:\/\/kruze.ee\/et\/tooted\/\"},{\"@type\":\"ListItem\",\"position\":3,\"name\":\"Swiss Peak RCS taaskasutatud alumiiniumist 3 W bassik\u00f5lar\"}]},{\"@type\":\"WebSite\",\"@id\":\"https:\/\/kruze.ee\/et\/#website\",\"url\":\"https:\/\/kruze.ee\/et\/\",\"name\":\"Kruze.ee\",\"description\":\"Reklaamkingitused, tr&uuml;kiga T-s&auml;rgid, fliisid, dressipluused, tekstiil, joped ja paljud teised logoga meened, &Auml;rikingitused sinu partnerile! Telli juba t&auml;na.\",\"potentialAction\":[{\"@type\":\"SearchAction\",\"target\":{\"@type\":\"EntryPoint\",\"urlTemplate\":\"https:\/\/kruze.ee\/et\/?s={search_term_string}\"},\"query-input\":{\"@type\":\"PropertyValueSpecification\",\"valueRequired\":true,\"valueName\":\"search_term_string\"}}],\"inLanguage\":\"et\"}]}<\/script>\n<!-- \/ Yoast SEO plugin. -->","yoast_head_json":{"title":"Swiss Peak RCS taaskasutatud alumiiniumist 3 W bassik\u00f5lar - Kruze.ee","robots":{"index":"index","follow":"follow","max-snippet":"max-snippet:-1","max-image-preview":"max-image-preview:large","max-video-preview":"max-video-preview:-1"},"canonical":"https:\/\/kruze.ee\/et\/toode\/swiss-peak-rcs-taaskasutatud-alumiiniumist-3-w-bassikolar\/","og_locale":"et_EE","og_type":"article","og_title":"Swiss Peak RCS taaskasutatud alumiiniumist 3 W bassik\u00f5lar - Kruze.ee","og_description":"V\u00e4ike, kuid v\u00f5imas 3 W juhtmevaba k\u00f5lar, mis on valmistatud RCS-sertifikaadiga (Recycled Claim Standard) taaskasutatud alumiiniumist ja taaskasutatud...","og_url":"https:\/\/kruze.ee\/et\/toode\/swiss-peak-rcs-taaskasutatud-alumiiniumist-3-w-bassikolar\/","og_site_name":"Kruze.ee","article_modified_time":"2026-03-16T21:51:47+00:00","twitter_card":"summary_large_image","schema":{"@context":"https:\/\/schema.org","@graph":[{"@type":"WebPage","@id":"https:\/\/kruze.ee\/et\/toode\/swiss-peak-rcs-taaskasutatud-alumiiniumist-3-w-bassikolar\/","url":"https:\/\/kruze.ee\/et\/toode\/swiss-peak-rcs-taaskasutatud-alumiiniumist-3-w-bassikolar\/","name":"Swiss Peak RCS taaskasutatud alumiiniumist 3 W bassik\u00f5lar - Kruze.ee","isPartOf":{"@id":"https:\/\/kruze.ee\/et\/#website"},"datePublished":"2026-01-09T17:22:22+00:00","dateModified":"2026-03-16T21:51:47+00:00","breadcrumb":{"@id":"https:\/\/kruze.ee\/et\/toode\/swiss-peak-rcs-taaskasutatud-alumiiniumist-3-w-bassikolar\/#breadcrumb"},"inLanguage":"et","potentialAction":[{"@type":"ReadAction","target":["https:\/\/kruze.ee\/et\/toode\/swiss-peak-rcs-taaskasutatud-alumiiniumist-3-w-bassikolar\/"]}]},{"@type":"BreadcrumbList","@id":"https:\/\/kruze.ee\/et\/toode\/swiss-peak-rcs-taaskasutatud-alumiiniumist-3-w-bassikolar\/#breadcrumb","itemListElement":[{"@type":"ListItem","position":1,"name":"Home","item":"https:\/\/kruze.ee\/et\/"},{"@type":"ListItem","position":2,"name":"Tooted","item":"https:\/\/kruze.ee\/et\/tooted\/"},{"@type":"ListItem","position":3,"name":"Swiss Peak RCS taaskasutatud alumiiniumist 3 W bassik\u00f5lar"}]},{"@type":"WebSite","@id":"https:\/\/kruze.ee\/et\/#website","url":"https:\/\/kruze.ee\/et\/","name":"Kruze.ee","description":"Reklaamkingitused, tr&uuml;kiga T-s&auml;rgid, fliisid, dressipluused, tekstiil, joped ja paljud teised logoga meened, &Auml;rikingitused sinu partnerile! Telli juba t&auml;na.","potentialAction":[{"@type":"SearchAction","target":{"@type":"EntryPoint","urlTemplate":"https:\/\/kruze.ee\/et\/?s={search_term_string}"},"query-input":{"@type":"PropertyValueSpecification","valueRequired":true,"valueName":"search_term_string"}}],"inLanguage":"et"}]}},"_links":{"self":[{"href":"https:\/\/kruze.ee\/et\/wp-json\/wp\/v2\/product\/1433046","targetHints":{"allow":["GET"]}}],"collection":[{"href":"https:\/\/kruze.ee\/et\/wp-json\/wp\/v2\/product"}],"about":[{"href":"https:\/\/kruze.ee\/et\/wp-json\/wp\/v2\/types\/product"}],"wp:attachment":[{"href":"https:\/\/kruze.ee\/et\/wp-json\/wp\/v2\/media?parent=1433046"}],"wp:term":[{"taxonomy":"product_brand","embeddable":true,"href":"https:\/\/kruze.ee\/et\/wp-json\/wp\/v2\/product_brand?post=1433046"},{"taxonomy":"product_cat","embeddable":true,"href":"https:\/\/kruze.ee\/et\/wp-json\/wp\/v2\/product_cat?post=1433046"},{"taxonomy":"product_tag","embeddable":true,"href":"https:\/\/kruze.ee\/et\/wp-json\/wp\/v2\/product_tag?post=1433046"}],"curies":[{"name":"wp","href":"https:\/\/api.w.org\/{rel}","templated":true}]}}