{"id":1433044,"date":"2026-01-09T20:22:19","date_gmt":"2026-01-09T17:22:19","guid":{"rendered":"https:\/\/kruze.ee\/product\/robert-tantsiv-robotkolar\/"},"modified":"2026-03-17T00:51:47","modified_gmt":"2026-03-16T21:51:47","slug":"robert-tantsiv-robotkolar","status":"publish","type":"product","link":"https:\/\/kruze.ee\/et\/toode\/robert-tantsiv-robotkolar\/","title":{"rendered":"Robert tantsiv robotk\u00f5lar"},"content":{"rendered":"<p>Tutvustame Robertit \u2013 \u00fclimat tantsivat robotit, mis on valmis sinu meelelahutuskogemust t\u00e4ielikult muutma! \u00dchenda Robert juhtmevabalt oma mobiiliseadmega ja lase maagial alata. Integreeritud k\u00f5lariga m\u00e4ngib Robert kristallselget muusikat ning liigub r\u00fctmi j\u00e4rgi, muutes iga ruumi tantsup\u00f5randaks. S\u00fcnkrooni Robert kiiresti oma Androidi<\/p>\n","protected":false},"excerpt":{"rendered":"<p>Tutvustame Robertit \u2013 \u00fclimat tantsivat robotit, mis on valmis sinu meelelahutuskogemust t\u00e4ielikult muutma! \u00dchenda Robert juhtmevabalt oma mobiiliseadmega ja&#8230;<\/p>\n","protected":false},"featured_media":0,"template":"","meta":[],"product_brand":[],"product_cat":[5418],"product_tag":[],"class_list":{"0":"post-1433044","1":"product","2":"type-product","3":"status-publish","5":"product_cat-nutiseadmete-lisatarvikud","6":"pa_gender-uniseks","7":"pa_gender-unisex","11":"first","12":"instock","13":"purchasable","14":"product-type-simple"},"acf":[],"yoast_head":"<!-- This site is optimized with the Yoast SEO plugin v26.0 - https:\/\/yoast.com\/wordpress\/plugins\/seo\/ -->\n<title>Robert tantsiv robotk\u00f5lar - Kruze.ee<\/title>\n<meta name=\"robots\" content=\"index, follow, max-snippet:-1, max-image-preview:large, max-video-preview:-1\" \/>\n<link rel=\"canonical\" href=\"https:\/\/kruze.ee\/et\/toode\/robert-tantsiv-robotkolar\/\" \/>\n<meta property=\"og:locale\" content=\"et_EE\" \/>\n<meta property=\"og:type\" content=\"article\" \/>\n<meta property=\"og:title\" content=\"Robert tantsiv robotk\u00f5lar - Kruze.ee\" \/>\n<meta property=\"og:description\" content=\"Tutvustame Robertit \u2013 \u00fclimat tantsivat robotit, mis on valmis sinu meelelahutuskogemust t\u00e4ielikult muutma! \u00dchenda Robert juhtmevabalt oma mobiiliseadmega ja...\" \/>\n<meta property=\"og:url\" content=\"https:\/\/kruze.ee\/et\/toode\/robert-tantsiv-robotkolar\/\" \/>\n<meta property=\"og:site_name\" content=\"Kruze.ee\" \/>\n<meta property=\"article:modified_time\" content=\"2026-03-16T21:51:47+00:00\" \/>\n<meta name=\"twitter:card\" content=\"summary_large_image\" \/>\n<script type=\"application\/ld+json\" class=\"yoast-schema-graph\">{\"@context\":\"https:\/\/schema.org\",\"@graph\":[{\"@type\":\"WebPage\",\"@id\":\"https:\/\/kruze.ee\/et\/toode\/robert-tantsiv-robotkolar\/\",\"url\":\"https:\/\/kruze.ee\/et\/toode\/robert-tantsiv-robotkolar\/\",\"name\":\"Robert tantsiv robotk\u00f5lar - Kruze.ee\",\"isPartOf\":{\"@id\":\"https:\/\/kruze.ee\/et\/#website\"},\"datePublished\":\"2026-01-09T17:22:19+00:00\",\"dateModified\":\"2026-03-16T21:51:47+00:00\",\"breadcrumb\":{\"@id\":\"https:\/\/kruze.ee\/et\/toode\/robert-tantsiv-robotkolar\/#breadcrumb\"},\"inLanguage\":\"et\",\"potentialAction\":[{\"@type\":\"ReadAction\",\"target\":[\"https:\/\/kruze.ee\/et\/toode\/robert-tantsiv-robotkolar\/\"]}]},{\"@type\":\"BreadcrumbList\",\"@id\":\"https:\/\/kruze.ee\/et\/toode\/robert-tantsiv-robotkolar\/#breadcrumb\",\"itemListElement\":[{\"@type\":\"ListItem\",\"position\":1,\"name\":\"Home\",\"item\":\"https:\/\/kruze.ee\/et\/\"},{\"@type\":\"ListItem\",\"position\":2,\"name\":\"Tooted\",\"item\":\"https:\/\/kruze.ee\/et\/tooted\/\"},{\"@type\":\"ListItem\",\"position\":3,\"name\":\"Robert tantsiv robotk\u00f5lar\"}]},{\"@type\":\"WebSite\",\"@id\":\"https:\/\/kruze.ee\/et\/#website\",\"url\":\"https:\/\/kruze.ee\/et\/\",\"name\":\"Kruze.ee\",\"description\":\"Reklaamkingitused, tr&uuml;kiga T-s&auml;rgid, fliisid, dressipluused, tekstiil, joped ja paljud teised logoga meened, &Auml;rikingitused sinu partnerile! Telli juba t&auml;na.\",\"potentialAction\":[{\"@type\":\"SearchAction\",\"target\":{\"@type\":\"EntryPoint\",\"urlTemplate\":\"https:\/\/kruze.ee\/et\/?s={search_term_string}\"},\"query-input\":{\"@type\":\"PropertyValueSpecification\",\"valueRequired\":true,\"valueName\":\"search_term_string\"}}],\"inLanguage\":\"et\"}]}<\/script>\n<!-- \/ Yoast SEO plugin. -->","yoast_head_json":{"title":"Robert tantsiv robotk\u00f5lar - Kruze.ee","robots":{"index":"index","follow":"follow","max-snippet":"max-snippet:-1","max-image-preview":"max-image-preview:large","max-video-preview":"max-video-preview:-1"},"canonical":"https:\/\/kruze.ee\/et\/toode\/robert-tantsiv-robotkolar\/","og_locale":"et_EE","og_type":"article","og_title":"Robert tantsiv robotk\u00f5lar - Kruze.ee","og_description":"Tutvustame Robertit \u2013 \u00fclimat tantsivat robotit, mis on valmis sinu meelelahutuskogemust t\u00e4ielikult muutma! \u00dchenda Robert juhtmevabalt oma mobiiliseadmega ja...","og_url":"https:\/\/kruze.ee\/et\/toode\/robert-tantsiv-robotkolar\/","og_site_name":"Kruze.ee","article_modified_time":"2026-03-16T21:51:47+00:00","twitter_card":"summary_large_image","schema":{"@context":"https:\/\/schema.org","@graph":[{"@type":"WebPage","@id":"https:\/\/kruze.ee\/et\/toode\/robert-tantsiv-robotkolar\/","url":"https:\/\/kruze.ee\/et\/toode\/robert-tantsiv-robotkolar\/","name":"Robert tantsiv robotk\u00f5lar - Kruze.ee","isPartOf":{"@id":"https:\/\/kruze.ee\/et\/#website"},"datePublished":"2026-01-09T17:22:19+00:00","dateModified":"2026-03-16T21:51:47+00:00","breadcrumb":{"@id":"https:\/\/kruze.ee\/et\/toode\/robert-tantsiv-robotkolar\/#breadcrumb"},"inLanguage":"et","potentialAction":[{"@type":"ReadAction","target":["https:\/\/kruze.ee\/et\/toode\/robert-tantsiv-robotkolar\/"]}]},{"@type":"BreadcrumbList","@id":"https:\/\/kruze.ee\/et\/toode\/robert-tantsiv-robotkolar\/#breadcrumb","itemListElement":[{"@type":"ListItem","position":1,"name":"Home","item":"https:\/\/kruze.ee\/et\/"},{"@type":"ListItem","position":2,"name":"Tooted","item":"https:\/\/kruze.ee\/et\/tooted\/"},{"@type":"ListItem","position":3,"name":"Robert tantsiv robotk\u00f5lar"}]},{"@type":"WebSite","@id":"https:\/\/kruze.ee\/et\/#website","url":"https:\/\/kruze.ee\/et\/","name":"Kruze.ee","description":"Reklaamkingitused, tr&uuml;kiga T-s&auml;rgid, fliisid, dressipluused, tekstiil, joped ja paljud teised logoga meened, &Auml;rikingitused sinu partnerile! Telli juba t&auml;na.","potentialAction":[{"@type":"SearchAction","target":{"@type":"EntryPoint","urlTemplate":"https:\/\/kruze.ee\/et\/?s={search_term_string}"},"query-input":{"@type":"PropertyValueSpecification","valueRequired":true,"valueName":"search_term_string"}}],"inLanguage":"et"}]}},"_links":{"self":[{"href":"https:\/\/kruze.ee\/et\/wp-json\/wp\/v2\/product\/1433044","targetHints":{"allow":["GET"]}}],"collection":[{"href":"https:\/\/kruze.ee\/et\/wp-json\/wp\/v2\/product"}],"about":[{"href":"https:\/\/kruze.ee\/et\/wp-json\/wp\/v2\/types\/product"}],"wp:attachment":[{"href":"https:\/\/kruze.ee\/et\/wp-json\/wp\/v2\/media?parent=1433044"}],"wp:term":[{"taxonomy":"product_brand","embeddable":true,"href":"https:\/\/kruze.ee\/et\/wp-json\/wp\/v2\/product_brand?post=1433044"},{"taxonomy":"product_cat","embeddable":true,"href":"https:\/\/kruze.ee\/et\/wp-json\/wp\/v2\/product_cat?post=1433044"},{"taxonomy":"product_tag","embeddable":true,"href":"https:\/\/kruze.ee\/et\/wp-json\/wp\/v2\/product_tag?post=1433044"}],"curies":[{"name":"wp","href":"https:\/\/api.w.org\/{rel}","templated":true}]}}