{"id":1433042,"date":"2026-01-09T20:22:15","date_gmt":"2026-01-09T17:22:15","guid":{"rendered":"https:\/\/kruze.ee\/product\/rcs-taaskasutatud-plastikust-soundbox-3-w-kolar\/"},"modified":"2026-03-17T00:51:46","modified_gmt":"2026-03-16T21:51:46","slug":"rcs-taaskasutatud-plastikust-soundbox-3-w-kolar","status":"publish","type":"product","link":"https:\/\/kruze.ee\/et\/toode\/rcs-taaskasutatud-plastikust-soundbox-3-w-kolar\/","title":{"rendered":"RCS taaskasutatud plastikust Soundbox 3 W k\u00f5lar"},"content":{"rendered":"<p>3 W juhtmevaba k\u00f5lar, mis on valmistatud RCS-sertifikaadiga (Recycled Claim Standard) taaskasutatud ABS-plastikust. Taaskasutatud materjali osakaal on 41% toote kogukaalust ning RCS-sertifikaat tagab taaskasutatud materjalide t\u00e4ielikult sertifitseeritud tarneahela. K\u00f5lar on varustatud 400 mAh akuga, mis tagab kuni 3,5 tundi m\u00e4nguaega, ning Bluetooth 5.3-ga sujuvaks \u00fchenduseks ja selgeks heliks. \u00dchenduse ulatus on kuni 10 meetrit. Sisseehitatud mikrofon v\u00f5imaldab k\u00f5nedele vastata. Pakendatud FSC\u00ae mix karpi. Komplektis on RCS-sertifikaadiga taaskasutatud TPE-st valmistatud laadimiskaabel. Toode ja tarvikud on 100% PVC-vabad. Veekindlusklass IPX4.<\/p>\n","protected":false},"excerpt":{"rendered":"<p>3 W juhtmevaba k\u00f5lar, mis on valmistatud RCS-sertifikaadiga (Recycled Claim Standard) taaskasutatud ABS-plastikust. Taaskasutatud materjali osakaal on 41%&#8230;<\/p>\n","protected":false},"featured_media":0,"template":"","meta":[],"product_brand":[],"product_cat":[5412],"product_tag":[],"class_list":{"0":"post-1433042","1":"product","2":"type-product","3":"status-publish","5":"product_cat-kolarid","6":"pa_gender-uniseks","7":"pa_gender-unisex","11":"first","12":"instock","13":"purchasable","14":"product-type-simple"},"acf":[],"yoast_head":"<!-- This site is optimized with the Yoast SEO plugin v26.0 - https:\/\/yoast.com\/wordpress\/plugins\/seo\/ -->\n<title>RCS taaskasutatud plastikust Soundbox 3 W k\u00f5lar - Kruze.ee<\/title>\n<meta name=\"robots\" content=\"index, follow, max-snippet:-1, max-image-preview:large, max-video-preview:-1\" \/>\n<link rel=\"canonical\" href=\"https:\/\/kruze.ee\/et\/toode\/rcs-taaskasutatud-plastikust-soundbox-3-w-kolar\/\" \/>\n<meta property=\"og:locale\" content=\"et_EE\" \/>\n<meta property=\"og:type\" content=\"article\" \/>\n<meta property=\"og:title\" content=\"RCS taaskasutatud plastikust Soundbox 3 W k\u00f5lar - Kruze.ee\" \/>\n<meta property=\"og:description\" content=\"3 W juhtmevaba k\u00f5lar, mis on valmistatud RCS-sertifikaadiga (Recycled Claim Standard) taaskasutatud ABS-plastikust. Taaskasutatud materjali osakaal on 41%...\" \/>\n<meta property=\"og:url\" content=\"https:\/\/kruze.ee\/et\/toode\/rcs-taaskasutatud-plastikust-soundbox-3-w-kolar\/\" \/>\n<meta property=\"og:site_name\" content=\"Kruze.ee\" \/>\n<meta property=\"article:modified_time\" content=\"2026-03-16T21:51:46+00:00\" \/>\n<meta name=\"twitter:card\" content=\"summary_large_image\" \/>\n<script type=\"application\/ld+json\" class=\"yoast-schema-graph\">{\"@context\":\"https:\/\/schema.org\",\"@graph\":[{\"@type\":\"WebPage\",\"@id\":\"https:\/\/kruze.ee\/et\/toode\/rcs-taaskasutatud-plastikust-soundbox-3-w-kolar\/\",\"url\":\"https:\/\/kruze.ee\/et\/toode\/rcs-taaskasutatud-plastikust-soundbox-3-w-kolar\/\",\"name\":\"RCS taaskasutatud plastikust Soundbox 3 W k\u00f5lar - Kruze.ee\",\"isPartOf\":{\"@id\":\"https:\/\/kruze.ee\/et\/#website\"},\"datePublished\":\"2026-01-09T17:22:15+00:00\",\"dateModified\":\"2026-03-16T21:51:46+00:00\",\"breadcrumb\":{\"@id\":\"https:\/\/kruze.ee\/et\/toode\/rcs-taaskasutatud-plastikust-soundbox-3-w-kolar\/#breadcrumb\"},\"inLanguage\":\"et\",\"potentialAction\":[{\"@type\":\"ReadAction\",\"target\":[\"https:\/\/kruze.ee\/et\/toode\/rcs-taaskasutatud-plastikust-soundbox-3-w-kolar\/\"]}]},{\"@type\":\"BreadcrumbList\",\"@id\":\"https:\/\/kruze.ee\/et\/toode\/rcs-taaskasutatud-plastikust-soundbox-3-w-kolar\/#breadcrumb\",\"itemListElement\":[{\"@type\":\"ListItem\",\"position\":1,\"name\":\"Home\",\"item\":\"https:\/\/kruze.ee\/et\/\"},{\"@type\":\"ListItem\",\"position\":2,\"name\":\"Tooted\",\"item\":\"https:\/\/kruze.ee\/et\/tooted\/\"},{\"@type\":\"ListItem\",\"position\":3,\"name\":\"RCS taaskasutatud plastikust Soundbox 3 W k\u00f5lar\"}]},{\"@type\":\"WebSite\",\"@id\":\"https:\/\/kruze.ee\/et\/#website\",\"url\":\"https:\/\/kruze.ee\/et\/\",\"name\":\"Kruze.ee\",\"description\":\"Reklaamkingitused, tr&uuml;kiga T-s&auml;rgid, fliisid, dressipluused, tekstiil, joped ja paljud teised logoga meened, &Auml;rikingitused sinu partnerile! Telli juba t&auml;na.\",\"potentialAction\":[{\"@type\":\"SearchAction\",\"target\":{\"@type\":\"EntryPoint\",\"urlTemplate\":\"https:\/\/kruze.ee\/et\/?s={search_term_string}\"},\"query-input\":{\"@type\":\"PropertyValueSpecification\",\"valueRequired\":true,\"valueName\":\"search_term_string\"}}],\"inLanguage\":\"et\"}]}<\/script>\n<!-- \/ Yoast SEO plugin. -->","yoast_head_json":{"title":"RCS taaskasutatud plastikust Soundbox 3 W k\u00f5lar - Kruze.ee","robots":{"index":"index","follow":"follow","max-snippet":"max-snippet:-1","max-image-preview":"max-image-preview:large","max-video-preview":"max-video-preview:-1"},"canonical":"https:\/\/kruze.ee\/et\/toode\/rcs-taaskasutatud-plastikust-soundbox-3-w-kolar\/","og_locale":"et_EE","og_type":"article","og_title":"RCS taaskasutatud plastikust Soundbox 3 W k\u00f5lar - Kruze.ee","og_description":"3 W juhtmevaba k\u00f5lar, mis on valmistatud RCS-sertifikaadiga (Recycled Claim Standard) taaskasutatud ABS-plastikust. Taaskasutatud materjali osakaal on 41%...","og_url":"https:\/\/kruze.ee\/et\/toode\/rcs-taaskasutatud-plastikust-soundbox-3-w-kolar\/","og_site_name":"Kruze.ee","article_modified_time":"2026-03-16T21:51:46+00:00","twitter_card":"summary_large_image","schema":{"@context":"https:\/\/schema.org","@graph":[{"@type":"WebPage","@id":"https:\/\/kruze.ee\/et\/toode\/rcs-taaskasutatud-plastikust-soundbox-3-w-kolar\/","url":"https:\/\/kruze.ee\/et\/toode\/rcs-taaskasutatud-plastikust-soundbox-3-w-kolar\/","name":"RCS taaskasutatud plastikust Soundbox 3 W k\u00f5lar - Kruze.ee","isPartOf":{"@id":"https:\/\/kruze.ee\/et\/#website"},"datePublished":"2026-01-09T17:22:15+00:00","dateModified":"2026-03-16T21:51:46+00:00","breadcrumb":{"@id":"https:\/\/kruze.ee\/et\/toode\/rcs-taaskasutatud-plastikust-soundbox-3-w-kolar\/#breadcrumb"},"inLanguage":"et","potentialAction":[{"@type":"ReadAction","target":["https:\/\/kruze.ee\/et\/toode\/rcs-taaskasutatud-plastikust-soundbox-3-w-kolar\/"]}]},{"@type":"BreadcrumbList","@id":"https:\/\/kruze.ee\/et\/toode\/rcs-taaskasutatud-plastikust-soundbox-3-w-kolar\/#breadcrumb","itemListElement":[{"@type":"ListItem","position":1,"name":"Home","item":"https:\/\/kruze.ee\/et\/"},{"@type":"ListItem","position":2,"name":"Tooted","item":"https:\/\/kruze.ee\/et\/tooted\/"},{"@type":"ListItem","position":3,"name":"RCS taaskasutatud plastikust Soundbox 3 W k\u00f5lar"}]},{"@type":"WebSite","@id":"https:\/\/kruze.ee\/et\/#website","url":"https:\/\/kruze.ee\/et\/","name":"Kruze.ee","description":"Reklaamkingitused, tr&uuml;kiga T-s&auml;rgid, fliisid, dressipluused, tekstiil, joped ja paljud teised logoga meened, &Auml;rikingitused sinu partnerile! Telli juba t&auml;na.","potentialAction":[{"@type":"SearchAction","target":{"@type":"EntryPoint","urlTemplate":"https:\/\/kruze.ee\/et\/?s={search_term_string}"},"query-input":{"@type":"PropertyValueSpecification","valueRequired":true,"valueName":"search_term_string"}}],"inLanguage":"et"}]}},"_links":{"self":[{"href":"https:\/\/kruze.ee\/et\/wp-json\/wp\/v2\/product\/1433042","targetHints":{"allow":["GET"]}}],"collection":[{"href":"https:\/\/kruze.ee\/et\/wp-json\/wp\/v2\/product"}],"about":[{"href":"https:\/\/kruze.ee\/et\/wp-json\/wp\/v2\/types\/product"}],"wp:attachment":[{"href":"https:\/\/kruze.ee\/et\/wp-json\/wp\/v2\/media?parent=1433042"}],"wp:term":[{"taxonomy":"product_brand","embeddable":true,"href":"https:\/\/kruze.ee\/et\/wp-json\/wp\/v2\/product_brand?post=1433042"},{"taxonomy":"product_cat","embeddable":true,"href":"https:\/\/kruze.ee\/et\/wp-json\/wp\/v2\/product_cat?post=1433042"},{"taxonomy":"product_tag","embeddable":true,"href":"https:\/\/kruze.ee\/et\/wp-json\/wp\/v2\/product_tag?post=1433042"}],"curies":[{"name":"wp","href":"https:\/\/api.w.org\/{rel}","templated":true}]}}