{"id":1433034,"date":"2026-01-09T20:21:59","date_gmt":"2026-01-09T17:21:59","guid":{"rendered":"https:\/\/kruze.ee\/product\/urban-vitamin-berkeley-ipx7-veekindel-10-w-kolar\/"},"modified":"2026-03-17T00:51:44","modified_gmt":"2026-03-16T21:51:44","slug":"urban-vitamin-berkeley-ipx7-veekindel-10-w-kolar","status":"publish","type":"product","link":"https:\/\/kruze.ee\/et\/toode\/urban-vitamin-berkeley-ipx7-veekindel-10-w-kolar\/","title":{"rendered":"Urban Vitamin Berkeley IPX7 veekindel 10 W k\u00f5lar"},"content":{"rendered":"<p>V\u00f5ta oma k\u00f5lar k\u00f5ikjale kaasa. Oled rannas aega veetmas? Ideaalne! Pidu basseini \u00e4\u00e4res? Kaetud! \u00c4kiline vihm? Pole muret! K\u00f5lar on IPX7 veekindel kuni 1 meetri s\u00fcgavusel maksimaalselt 30 minutit. P\u00e4rast liivast p\u00e4eva rannas saad selle lihtsalt du\u0161i all puhtaks loputada. 10 W k\u00f5lar pakub v\u00f5imsat bassi, mida toetavad kaks bassik\u00f5larit k\u00f5lari m\u00f5lemas otsas. V\u00f5imas heli on piisav, et hoida ka suurem pidu k\u00e4imas kuni p\u00e4ikeset\u00f5usuni. Vastupidav kangas ja tugev korpus tagavad, et k\u00f5lar peab vastu ka v\u00e4iksematele p\u00f5rutustele. Naudi kuni 15 tundi m\u00e4nguaega. K\u00f5ne saabumisel saad vastata selge heliga t\u00e4nu sisseehitatud mikrofonile. Urban Vitamini tooted on PVC-vabad ja pakendatud v\u00e4hendatud plastikuga pakendisse.<\/p>\n","protected":false},"excerpt":{"rendered":"<p>V\u00f5ta oma k\u00f5lar k\u00f5ikjale kaasa. Oled rannas aega veetmas? Ideaalne! Pidu basseini \u00e4\u00e4res? Kaetud! \u00c4kiline vihm? Pole muret! K\u00f5lar on IPX7 veekindel kuni 1 meetri&#8230;<\/p>\n","protected":false},"featured_media":0,"template":"","meta":[],"product_brand":[],"product_cat":[5412],"product_tag":[],"class_list":{"0":"post-1433034","1":"product","2":"type-product","3":"status-publish","5":"product_cat-kolarid","6":"pa_gender-uniseks","7":"pa_gender-unisex","11":"first","12":"instock","13":"purchasable","14":"product-type-simple"},"acf":[],"yoast_head":"<!-- This site is optimized with the Yoast SEO plugin v26.0 - https:\/\/yoast.com\/wordpress\/plugins\/seo\/ -->\n<title>Urban Vitamin Berkeley IPX7 veekindel 10 W k\u00f5lar - Kruze.ee<\/title>\n<meta name=\"robots\" content=\"index, follow, max-snippet:-1, max-image-preview:large, max-video-preview:-1\" \/>\n<link rel=\"canonical\" href=\"https:\/\/kruze.ee\/et\/toode\/urban-vitamin-berkeley-ipx7-veekindel-10-w-kolar\/\" \/>\n<meta property=\"og:locale\" content=\"et_EE\" \/>\n<meta property=\"og:type\" content=\"article\" \/>\n<meta property=\"og:title\" content=\"Urban Vitamin Berkeley IPX7 veekindel 10 W k\u00f5lar - Kruze.ee\" \/>\n<meta property=\"og:description\" content=\"V\u00f5ta oma k\u00f5lar k\u00f5ikjale kaasa. Oled rannas aega veetmas? Ideaalne! Pidu basseini \u00e4\u00e4res? Kaetud! \u00c4kiline vihm? Pole muret! K\u00f5lar on IPX7 veekindel kuni 1 meetri...\" \/>\n<meta property=\"og:url\" content=\"https:\/\/kruze.ee\/et\/toode\/urban-vitamin-berkeley-ipx7-veekindel-10-w-kolar\/\" \/>\n<meta property=\"og:site_name\" content=\"Kruze.ee\" \/>\n<meta property=\"article:modified_time\" content=\"2026-03-16T21:51:44+00:00\" \/>\n<meta name=\"twitter:card\" content=\"summary_large_image\" \/>\n<meta name=\"twitter:label1\" content=\"Est. reading time\" \/>\n\t<meta name=\"twitter:data1\" content=\"1 minut\" \/>\n<script type=\"application\/ld+json\" class=\"yoast-schema-graph\">{\"@context\":\"https:\/\/schema.org\",\"@graph\":[{\"@type\":\"WebPage\",\"@id\":\"https:\/\/kruze.ee\/et\/toode\/urban-vitamin-berkeley-ipx7-veekindel-10-w-kolar\/\",\"url\":\"https:\/\/kruze.ee\/et\/toode\/urban-vitamin-berkeley-ipx7-veekindel-10-w-kolar\/\",\"name\":\"Urban Vitamin Berkeley IPX7 veekindel 10 W k\u00f5lar - Kruze.ee\",\"isPartOf\":{\"@id\":\"https:\/\/kruze.ee\/et\/#website\"},\"datePublished\":\"2026-01-09T17:21:59+00:00\",\"dateModified\":\"2026-03-16T21:51:44+00:00\",\"breadcrumb\":{\"@id\":\"https:\/\/kruze.ee\/et\/toode\/urban-vitamin-berkeley-ipx7-veekindel-10-w-kolar\/#breadcrumb\"},\"inLanguage\":\"et\",\"potentialAction\":[{\"@type\":\"ReadAction\",\"target\":[\"https:\/\/kruze.ee\/et\/toode\/urban-vitamin-berkeley-ipx7-veekindel-10-w-kolar\/\"]}]},{\"@type\":\"BreadcrumbList\",\"@id\":\"https:\/\/kruze.ee\/et\/toode\/urban-vitamin-berkeley-ipx7-veekindel-10-w-kolar\/#breadcrumb\",\"itemListElement\":[{\"@type\":\"ListItem\",\"position\":1,\"name\":\"Home\",\"item\":\"https:\/\/kruze.ee\/et\/\"},{\"@type\":\"ListItem\",\"position\":2,\"name\":\"Tooted\",\"item\":\"https:\/\/kruze.ee\/et\/tooted\/\"},{\"@type\":\"ListItem\",\"position\":3,\"name\":\"Urban Vitamin Berkeley IPX7 veekindel 10 W k\u00f5lar\"}]},{\"@type\":\"WebSite\",\"@id\":\"https:\/\/kruze.ee\/et\/#website\",\"url\":\"https:\/\/kruze.ee\/et\/\",\"name\":\"Kruze.ee\",\"description\":\"Reklaamkingitused, tr&uuml;kiga T-s&auml;rgid, fliisid, dressipluused, tekstiil, joped ja paljud teised logoga meened, &Auml;rikingitused sinu partnerile! Telli juba t&auml;na.\",\"potentialAction\":[{\"@type\":\"SearchAction\",\"target\":{\"@type\":\"EntryPoint\",\"urlTemplate\":\"https:\/\/kruze.ee\/et\/?s={search_term_string}\"},\"query-input\":{\"@type\":\"PropertyValueSpecification\",\"valueRequired\":true,\"valueName\":\"search_term_string\"}}],\"inLanguage\":\"et\"}]}<\/script>\n<!-- \/ Yoast SEO plugin. -->","yoast_head_json":{"title":"Urban Vitamin Berkeley IPX7 veekindel 10 W k\u00f5lar - Kruze.ee","robots":{"index":"index","follow":"follow","max-snippet":"max-snippet:-1","max-image-preview":"max-image-preview:large","max-video-preview":"max-video-preview:-1"},"canonical":"https:\/\/kruze.ee\/et\/toode\/urban-vitamin-berkeley-ipx7-veekindel-10-w-kolar\/","og_locale":"et_EE","og_type":"article","og_title":"Urban Vitamin Berkeley IPX7 veekindel 10 W k\u00f5lar - Kruze.ee","og_description":"V\u00f5ta oma k\u00f5lar k\u00f5ikjale kaasa. Oled rannas aega veetmas? Ideaalne! Pidu basseini \u00e4\u00e4res? Kaetud! \u00c4kiline vihm? Pole muret! K\u00f5lar on IPX7 veekindel kuni 1 meetri...","og_url":"https:\/\/kruze.ee\/et\/toode\/urban-vitamin-berkeley-ipx7-veekindel-10-w-kolar\/","og_site_name":"Kruze.ee","article_modified_time":"2026-03-16T21:51:44+00:00","twitter_card":"summary_large_image","twitter_misc":{"Est. reading time":"1 minut"},"schema":{"@context":"https:\/\/schema.org","@graph":[{"@type":"WebPage","@id":"https:\/\/kruze.ee\/et\/toode\/urban-vitamin-berkeley-ipx7-veekindel-10-w-kolar\/","url":"https:\/\/kruze.ee\/et\/toode\/urban-vitamin-berkeley-ipx7-veekindel-10-w-kolar\/","name":"Urban Vitamin Berkeley IPX7 veekindel 10 W k\u00f5lar - Kruze.ee","isPartOf":{"@id":"https:\/\/kruze.ee\/et\/#website"},"datePublished":"2026-01-09T17:21:59+00:00","dateModified":"2026-03-16T21:51:44+00:00","breadcrumb":{"@id":"https:\/\/kruze.ee\/et\/toode\/urban-vitamin-berkeley-ipx7-veekindel-10-w-kolar\/#breadcrumb"},"inLanguage":"et","potentialAction":[{"@type":"ReadAction","target":["https:\/\/kruze.ee\/et\/toode\/urban-vitamin-berkeley-ipx7-veekindel-10-w-kolar\/"]}]},{"@type":"BreadcrumbList","@id":"https:\/\/kruze.ee\/et\/toode\/urban-vitamin-berkeley-ipx7-veekindel-10-w-kolar\/#breadcrumb","itemListElement":[{"@type":"ListItem","position":1,"name":"Home","item":"https:\/\/kruze.ee\/et\/"},{"@type":"ListItem","position":2,"name":"Tooted","item":"https:\/\/kruze.ee\/et\/tooted\/"},{"@type":"ListItem","position":3,"name":"Urban Vitamin Berkeley IPX7 veekindel 10 W k\u00f5lar"}]},{"@type":"WebSite","@id":"https:\/\/kruze.ee\/et\/#website","url":"https:\/\/kruze.ee\/et\/","name":"Kruze.ee","description":"Reklaamkingitused, tr&uuml;kiga T-s&auml;rgid, fliisid, dressipluused, tekstiil, joped ja paljud teised logoga meened, &Auml;rikingitused sinu partnerile! Telli juba t&auml;na.","potentialAction":[{"@type":"SearchAction","target":{"@type":"EntryPoint","urlTemplate":"https:\/\/kruze.ee\/et\/?s={search_term_string}"},"query-input":{"@type":"PropertyValueSpecification","valueRequired":true,"valueName":"search_term_string"}}],"inLanguage":"et"}]}},"_links":{"self":[{"href":"https:\/\/kruze.ee\/et\/wp-json\/wp\/v2\/product\/1433034","targetHints":{"allow":["GET"]}}],"collection":[{"href":"https:\/\/kruze.ee\/et\/wp-json\/wp\/v2\/product"}],"about":[{"href":"https:\/\/kruze.ee\/et\/wp-json\/wp\/v2\/types\/product"}],"wp:attachment":[{"href":"https:\/\/kruze.ee\/et\/wp-json\/wp\/v2\/media?parent=1433034"}],"wp:term":[{"taxonomy":"product_brand","embeddable":true,"href":"https:\/\/kruze.ee\/et\/wp-json\/wp\/v2\/product_brand?post=1433034"},{"taxonomy":"product_cat","embeddable":true,"href":"https:\/\/kruze.ee\/et\/wp-json\/wp\/v2\/product_cat?post=1433034"},{"taxonomy":"product_tag","embeddable":true,"href":"https:\/\/kruze.ee\/et\/wp-json\/wp\/v2\/product_tag?post=1433034"}],"curies":[{"name":"wp","href":"https:\/\/api.w.org\/{rel}","templated":true}]}}