{"id":1433032,"date":"2026-01-09T20:21:56","date_gmt":"2026-01-09T17:21:56","guid":{"rendered":"https:\/\/kruze.ee\/product\/rcs-taaskasutatud-plastikust-soundboom-veekindel-6-w-kolar\/"},"modified":"2026-03-17T00:51:42","modified_gmt":"2026-03-16T21:51:42","slug":"rcs-taaskasutatud-plastikust-soundboom-veekindel-6-w-kolar","status":"publish","type":"product","link":"https:\/\/kruze.ee\/et\/toode\/rcs-taaskasutatud-plastikust-soundboom-veekindel-6-w-kolar\/","title":{"rendered":"RCS taaskasutatud plastikust Soundboom veekindel 6 W k\u00f5lar"},"content":{"rendered":"<p>V\u00f5imas 6 W juhtmevaba k\u00f5lar, mis on valmistatud RCS-sertifikaadiga (Recycled Claim Standard) taaskasutatud ABS-plastikust ja PET-materjalist. Taaskasutatud materjali osakaal on 35% toote kogukaalust ning RCS-sertifikaat tagab taaskasutatud materjalide t\u00e4ielikult sertifitseeritud tarneahela. K\u00f5lar on IPX4 veekindel, mist\u00f5ttu sobib suurep\u00e4raselt v\u00e4listingimustesse, n\u00e4iteks piknikule, grillipeole, randa v\u00f5i isegi basseinipeole. K\u00f5lar on varustatud 1200 mAh akuga, mis tagab kuni 6 tundi m\u00e4nguaega, ning Bluetooth 5.0-ga sujuvaks \u00fchenduseks ja selgeks heliks. \u00dchenduse ulatus on kuni 10 meetrit. Sisseehitatud mikrofon ja k\u00f5nede vastuv\u00f5tmise funktsioon. Pakendatud FSC\u00ae mix kraft-karpi. Komplektis on RCS-sertifikaadiga taaskasutatud TPE-st valmistatud laadimiskaabel.<\/p>\n","protected":false},"excerpt":{"rendered":"<p>V\u00f5imas 6 W juhtmevaba k\u00f5lar, mis on valmistatud RCS-sertifikaadiga (Recycled Claim Standard) taaskasutatud ABS-plastikust ja PET-materjalist. Taaskasutatud&#8230;<\/p>\n","protected":false},"featured_media":0,"template":"","meta":[],"product_brand":[],"product_cat":[5412],"product_tag":[],"class_list":{"0":"post-1433032","1":"product","2":"type-product","3":"status-publish","5":"product_cat-kolarid","6":"pa_gender-uniseks","7":"pa_gender-unisex","11":"first","12":"instock","13":"purchasable","14":"product-type-simple"},"acf":[],"yoast_head":"<!-- This site is optimized with the Yoast SEO plugin v26.0 - https:\/\/yoast.com\/wordpress\/plugins\/seo\/ -->\n<title>RCS taaskasutatud plastikust Soundboom veekindel 6 W k\u00f5lar - Kruze.ee<\/title>\n<meta name=\"robots\" content=\"index, follow, max-snippet:-1, max-image-preview:large, max-video-preview:-1\" \/>\n<link rel=\"canonical\" href=\"https:\/\/kruze.ee\/et\/toode\/rcs-taaskasutatud-plastikust-soundboom-veekindel-6-w-kolar\/\" \/>\n<meta property=\"og:locale\" content=\"et_EE\" \/>\n<meta property=\"og:type\" content=\"article\" \/>\n<meta property=\"og:title\" content=\"RCS taaskasutatud plastikust Soundboom veekindel 6 W k\u00f5lar - Kruze.ee\" \/>\n<meta property=\"og:description\" content=\"V\u00f5imas 6 W juhtmevaba k\u00f5lar, mis on valmistatud RCS-sertifikaadiga (Recycled Claim Standard) taaskasutatud ABS-plastikust ja PET-materjalist. Taaskasutatud...\" \/>\n<meta property=\"og:url\" content=\"https:\/\/kruze.ee\/et\/toode\/rcs-taaskasutatud-plastikust-soundboom-veekindel-6-w-kolar\/\" \/>\n<meta property=\"og:site_name\" content=\"Kruze.ee\" \/>\n<meta property=\"article:modified_time\" content=\"2026-03-16T21:51:42+00:00\" \/>\n<meta name=\"twitter:card\" content=\"summary_large_image\" \/>\n<script type=\"application\/ld+json\" class=\"yoast-schema-graph\">{\"@context\":\"https:\/\/schema.org\",\"@graph\":[{\"@type\":\"WebPage\",\"@id\":\"https:\/\/kruze.ee\/et\/toode\/rcs-taaskasutatud-plastikust-soundboom-veekindel-6-w-kolar\/\",\"url\":\"https:\/\/kruze.ee\/et\/toode\/rcs-taaskasutatud-plastikust-soundboom-veekindel-6-w-kolar\/\",\"name\":\"RCS taaskasutatud plastikust Soundboom veekindel 6 W k\u00f5lar - Kruze.ee\",\"isPartOf\":{\"@id\":\"https:\/\/kruze.ee\/et\/#website\"},\"datePublished\":\"2026-01-09T17:21:56+00:00\",\"dateModified\":\"2026-03-16T21:51:42+00:00\",\"breadcrumb\":{\"@id\":\"https:\/\/kruze.ee\/et\/toode\/rcs-taaskasutatud-plastikust-soundboom-veekindel-6-w-kolar\/#breadcrumb\"},\"inLanguage\":\"et\",\"potentialAction\":[{\"@type\":\"ReadAction\",\"target\":[\"https:\/\/kruze.ee\/et\/toode\/rcs-taaskasutatud-plastikust-soundboom-veekindel-6-w-kolar\/\"]}]},{\"@type\":\"BreadcrumbList\",\"@id\":\"https:\/\/kruze.ee\/et\/toode\/rcs-taaskasutatud-plastikust-soundboom-veekindel-6-w-kolar\/#breadcrumb\",\"itemListElement\":[{\"@type\":\"ListItem\",\"position\":1,\"name\":\"Home\",\"item\":\"https:\/\/kruze.ee\/et\/\"},{\"@type\":\"ListItem\",\"position\":2,\"name\":\"Tooted\",\"item\":\"https:\/\/kruze.ee\/et\/tooted\/\"},{\"@type\":\"ListItem\",\"position\":3,\"name\":\"RCS taaskasutatud plastikust Soundboom veekindel 6 W k\u00f5lar\"}]},{\"@type\":\"WebSite\",\"@id\":\"https:\/\/kruze.ee\/et\/#website\",\"url\":\"https:\/\/kruze.ee\/et\/\",\"name\":\"Kruze.ee\",\"description\":\"Reklaamkingitused, tr&uuml;kiga T-s&auml;rgid, fliisid, dressipluused, tekstiil, joped ja paljud teised logoga meened, &Auml;rikingitused sinu partnerile! Telli juba t&auml;na.\",\"potentialAction\":[{\"@type\":\"SearchAction\",\"target\":{\"@type\":\"EntryPoint\",\"urlTemplate\":\"https:\/\/kruze.ee\/et\/?s={search_term_string}\"},\"query-input\":{\"@type\":\"PropertyValueSpecification\",\"valueRequired\":true,\"valueName\":\"search_term_string\"}}],\"inLanguage\":\"et\"}]}<\/script>\n<!-- \/ Yoast SEO plugin. -->","yoast_head_json":{"title":"RCS taaskasutatud plastikust Soundboom veekindel 6 W k\u00f5lar - Kruze.ee","robots":{"index":"index","follow":"follow","max-snippet":"max-snippet:-1","max-image-preview":"max-image-preview:large","max-video-preview":"max-video-preview:-1"},"canonical":"https:\/\/kruze.ee\/et\/toode\/rcs-taaskasutatud-plastikust-soundboom-veekindel-6-w-kolar\/","og_locale":"et_EE","og_type":"article","og_title":"RCS taaskasutatud plastikust Soundboom veekindel 6 W k\u00f5lar - Kruze.ee","og_description":"V\u00f5imas 6 W juhtmevaba k\u00f5lar, mis on valmistatud RCS-sertifikaadiga (Recycled Claim Standard) taaskasutatud ABS-plastikust ja PET-materjalist. Taaskasutatud...","og_url":"https:\/\/kruze.ee\/et\/toode\/rcs-taaskasutatud-plastikust-soundboom-veekindel-6-w-kolar\/","og_site_name":"Kruze.ee","article_modified_time":"2026-03-16T21:51:42+00:00","twitter_card":"summary_large_image","schema":{"@context":"https:\/\/schema.org","@graph":[{"@type":"WebPage","@id":"https:\/\/kruze.ee\/et\/toode\/rcs-taaskasutatud-plastikust-soundboom-veekindel-6-w-kolar\/","url":"https:\/\/kruze.ee\/et\/toode\/rcs-taaskasutatud-plastikust-soundboom-veekindel-6-w-kolar\/","name":"RCS taaskasutatud plastikust Soundboom veekindel 6 W k\u00f5lar - Kruze.ee","isPartOf":{"@id":"https:\/\/kruze.ee\/et\/#website"},"datePublished":"2026-01-09T17:21:56+00:00","dateModified":"2026-03-16T21:51:42+00:00","breadcrumb":{"@id":"https:\/\/kruze.ee\/et\/toode\/rcs-taaskasutatud-plastikust-soundboom-veekindel-6-w-kolar\/#breadcrumb"},"inLanguage":"et","potentialAction":[{"@type":"ReadAction","target":["https:\/\/kruze.ee\/et\/toode\/rcs-taaskasutatud-plastikust-soundboom-veekindel-6-w-kolar\/"]}]},{"@type":"BreadcrumbList","@id":"https:\/\/kruze.ee\/et\/toode\/rcs-taaskasutatud-plastikust-soundboom-veekindel-6-w-kolar\/#breadcrumb","itemListElement":[{"@type":"ListItem","position":1,"name":"Home","item":"https:\/\/kruze.ee\/et\/"},{"@type":"ListItem","position":2,"name":"Tooted","item":"https:\/\/kruze.ee\/et\/tooted\/"},{"@type":"ListItem","position":3,"name":"RCS taaskasutatud plastikust Soundboom veekindel 6 W k\u00f5lar"}]},{"@type":"WebSite","@id":"https:\/\/kruze.ee\/et\/#website","url":"https:\/\/kruze.ee\/et\/","name":"Kruze.ee","description":"Reklaamkingitused, tr&uuml;kiga T-s&auml;rgid, fliisid, dressipluused, tekstiil, joped ja paljud teised logoga meened, &Auml;rikingitused sinu partnerile! Telli juba t&auml;na.","potentialAction":[{"@type":"SearchAction","target":{"@type":"EntryPoint","urlTemplate":"https:\/\/kruze.ee\/et\/?s={search_term_string}"},"query-input":{"@type":"PropertyValueSpecification","valueRequired":true,"valueName":"search_term_string"}}],"inLanguage":"et"}]}},"_links":{"self":[{"href":"https:\/\/kruze.ee\/et\/wp-json\/wp\/v2\/product\/1433032","targetHints":{"allow":["GET"]}}],"collection":[{"href":"https:\/\/kruze.ee\/et\/wp-json\/wp\/v2\/product"}],"about":[{"href":"https:\/\/kruze.ee\/et\/wp-json\/wp\/v2\/types\/product"}],"wp:attachment":[{"href":"https:\/\/kruze.ee\/et\/wp-json\/wp\/v2\/media?parent=1433032"}],"wp:term":[{"taxonomy":"product_brand","embeddable":true,"href":"https:\/\/kruze.ee\/et\/wp-json\/wp\/v2\/product_brand?post=1433032"},{"taxonomy":"product_cat","embeddable":true,"href":"https:\/\/kruze.ee\/et\/wp-json\/wp\/v2\/product_cat?post=1433032"},{"taxonomy":"product_tag","embeddable":true,"href":"https:\/\/kruze.ee\/et\/wp-json\/wp\/v2\/product_tag?post=1433032"}],"curies":[{"name":"wp","href":"https:\/\/api.w.org\/{rel}","templated":true}]}}