{"id":1433014,"date":"2026-01-09T20:21:24","date_gmt":"2026-01-09T17:21:24","guid":{"rendered":"https:\/\/kruze.ee\/product\/konverentskone-kolar\/"},"modified":"2026-03-17T00:51:31","modified_gmt":"2026-03-16T21:51:31","slug":"konverentskone-kolar","status":"publish","type":"product","link":"https:\/\/kruze.ee\/et\/toode\/konverentskone-kolar\/","title":{"rendered":"Konverentsk\u00f5ne k\u00f5lar"},"content":{"rendered":"<p>Muuda iga ruum koosolekuruumiks selle juhtmevaba konverentsk\u00f5lariga. K\u00f5lari saab \u00fchendada iga seadmega, mis toetab juhtmevaba \u00fchendust, et parandada koosolekute helikvaliteeti. Seade kasutab Bluetooth 5.1 tehnoloogiat eriti sujuvaks \u00fchenduseks ning on varustatud kahe kvaliteetse 360\u00b0 mikrofoniga, mis tagavad selge h\u00e4\u00e4le edastuse kuni 3 meetri kauguselt. 1200 mAh aku v\u00f5imaldab kuni 6 tundi kasutusaega \u00fche laadimisega. K\u00f5lar sobib kasutamiseks enamike levinud veebikoosoleku rakendustega. Varustatud vaigistusnupu ning helitugevuse suurendamise ja v\u00e4hendamise nuppudega. Komplektis on 100 cm Type-C kaabel.<\/p>\n","protected":false},"excerpt":{"rendered":"<p>Muuda iga ruum koosolekuruumiks selle juhtmevaba konverentsk\u00f5lariga. K\u00f5lari saab \u00fchendada iga seadmega, mis toetab juhtmevaba \u00fchendust, et parandada&#8230;<\/p>\n","protected":false},"featured_media":0,"template":"","meta":[],"product_brand":[],"product_cat":[5412],"product_tag":[],"class_list":{"0":"post-1433014","1":"product","2":"type-product","3":"status-publish","5":"product_cat-kolarid","6":"pa_gender-uniseks","7":"pa_gender-unisex","11":"first","12":"instock","13":"purchasable","14":"product-type-simple"},"acf":[],"yoast_head":"<!-- This site is optimized with the Yoast SEO plugin v26.0 - https:\/\/yoast.com\/wordpress\/plugins\/seo\/ -->\n<title>Konverentsk\u00f5ne k\u00f5lar - Kruze.ee<\/title>\n<meta name=\"robots\" content=\"index, follow, max-snippet:-1, max-image-preview:large, max-video-preview:-1\" \/>\n<link rel=\"canonical\" href=\"https:\/\/kruze.ee\/et\/toode\/konverentskone-kolar\/\" \/>\n<meta property=\"og:locale\" content=\"et_EE\" \/>\n<meta property=\"og:type\" content=\"article\" \/>\n<meta property=\"og:title\" content=\"Konverentsk\u00f5ne k\u00f5lar - Kruze.ee\" \/>\n<meta property=\"og:description\" content=\"Muuda iga ruum koosolekuruumiks selle juhtmevaba konverentsk\u00f5lariga. K\u00f5lari saab \u00fchendada iga seadmega, mis toetab juhtmevaba \u00fchendust, et parandada...\" \/>\n<meta property=\"og:url\" content=\"https:\/\/kruze.ee\/et\/toode\/konverentskone-kolar\/\" \/>\n<meta property=\"og:site_name\" content=\"Kruze.ee\" \/>\n<meta property=\"article:modified_time\" content=\"2026-03-16T21:51:31+00:00\" \/>\n<meta name=\"twitter:card\" content=\"summary_large_image\" \/>\n<script type=\"application\/ld+json\" class=\"yoast-schema-graph\">{\"@context\":\"https:\/\/schema.org\",\"@graph\":[{\"@type\":\"WebPage\",\"@id\":\"https:\/\/kruze.ee\/et\/toode\/konverentskone-kolar\/\",\"url\":\"https:\/\/kruze.ee\/et\/toode\/konverentskone-kolar\/\",\"name\":\"Konverentsk\u00f5ne k\u00f5lar - Kruze.ee\",\"isPartOf\":{\"@id\":\"https:\/\/kruze.ee\/et\/#website\"},\"datePublished\":\"2026-01-09T17:21:24+00:00\",\"dateModified\":\"2026-03-16T21:51:31+00:00\",\"breadcrumb\":{\"@id\":\"https:\/\/kruze.ee\/et\/toode\/konverentskone-kolar\/#breadcrumb\"},\"inLanguage\":\"et\",\"potentialAction\":[{\"@type\":\"ReadAction\",\"target\":[\"https:\/\/kruze.ee\/et\/toode\/konverentskone-kolar\/\"]}]},{\"@type\":\"BreadcrumbList\",\"@id\":\"https:\/\/kruze.ee\/et\/toode\/konverentskone-kolar\/#breadcrumb\",\"itemListElement\":[{\"@type\":\"ListItem\",\"position\":1,\"name\":\"Home\",\"item\":\"https:\/\/kruze.ee\/et\/\"},{\"@type\":\"ListItem\",\"position\":2,\"name\":\"Tooted\",\"item\":\"https:\/\/kruze.ee\/et\/tooted\/\"},{\"@type\":\"ListItem\",\"position\":3,\"name\":\"Konverentsk\u00f5ne k\u00f5lar\"}]},{\"@type\":\"WebSite\",\"@id\":\"https:\/\/kruze.ee\/et\/#website\",\"url\":\"https:\/\/kruze.ee\/et\/\",\"name\":\"Kruze.ee\",\"description\":\"Reklaamkingitused, tr&uuml;kiga T-s&auml;rgid, fliisid, dressipluused, tekstiil, joped ja paljud teised logoga meened, &Auml;rikingitused sinu partnerile! Telli juba t&auml;na.\",\"potentialAction\":[{\"@type\":\"SearchAction\",\"target\":{\"@type\":\"EntryPoint\",\"urlTemplate\":\"https:\/\/kruze.ee\/et\/?s={search_term_string}\"},\"query-input\":{\"@type\":\"PropertyValueSpecification\",\"valueRequired\":true,\"valueName\":\"search_term_string\"}}],\"inLanguage\":\"et\"}]}<\/script>\n<!-- \/ Yoast SEO plugin. -->","yoast_head_json":{"title":"Konverentsk\u00f5ne k\u00f5lar - Kruze.ee","robots":{"index":"index","follow":"follow","max-snippet":"max-snippet:-1","max-image-preview":"max-image-preview:large","max-video-preview":"max-video-preview:-1"},"canonical":"https:\/\/kruze.ee\/et\/toode\/konverentskone-kolar\/","og_locale":"et_EE","og_type":"article","og_title":"Konverentsk\u00f5ne k\u00f5lar - Kruze.ee","og_description":"Muuda iga ruum koosolekuruumiks selle juhtmevaba konverentsk\u00f5lariga. K\u00f5lari saab \u00fchendada iga seadmega, mis toetab juhtmevaba \u00fchendust, et parandada...","og_url":"https:\/\/kruze.ee\/et\/toode\/konverentskone-kolar\/","og_site_name":"Kruze.ee","article_modified_time":"2026-03-16T21:51:31+00:00","twitter_card":"summary_large_image","schema":{"@context":"https:\/\/schema.org","@graph":[{"@type":"WebPage","@id":"https:\/\/kruze.ee\/et\/toode\/konverentskone-kolar\/","url":"https:\/\/kruze.ee\/et\/toode\/konverentskone-kolar\/","name":"Konverentsk\u00f5ne k\u00f5lar - Kruze.ee","isPartOf":{"@id":"https:\/\/kruze.ee\/et\/#website"},"datePublished":"2026-01-09T17:21:24+00:00","dateModified":"2026-03-16T21:51:31+00:00","breadcrumb":{"@id":"https:\/\/kruze.ee\/et\/toode\/konverentskone-kolar\/#breadcrumb"},"inLanguage":"et","potentialAction":[{"@type":"ReadAction","target":["https:\/\/kruze.ee\/et\/toode\/konverentskone-kolar\/"]}]},{"@type":"BreadcrumbList","@id":"https:\/\/kruze.ee\/et\/toode\/konverentskone-kolar\/#breadcrumb","itemListElement":[{"@type":"ListItem","position":1,"name":"Home","item":"https:\/\/kruze.ee\/et\/"},{"@type":"ListItem","position":2,"name":"Tooted","item":"https:\/\/kruze.ee\/et\/tooted\/"},{"@type":"ListItem","position":3,"name":"Konverentsk\u00f5ne k\u00f5lar"}]},{"@type":"WebSite","@id":"https:\/\/kruze.ee\/et\/#website","url":"https:\/\/kruze.ee\/et\/","name":"Kruze.ee","description":"Reklaamkingitused, tr&uuml;kiga T-s&auml;rgid, fliisid, dressipluused, tekstiil, joped ja paljud teised logoga meened, &Auml;rikingitused sinu partnerile! Telli juba t&auml;na.","potentialAction":[{"@type":"SearchAction","target":{"@type":"EntryPoint","urlTemplate":"https:\/\/kruze.ee\/et\/?s={search_term_string}"},"query-input":{"@type":"PropertyValueSpecification","valueRequired":true,"valueName":"search_term_string"}}],"inLanguage":"et"}]}},"_links":{"self":[{"href":"https:\/\/kruze.ee\/et\/wp-json\/wp\/v2\/product\/1433014","targetHints":{"allow":["GET"]}}],"collection":[{"href":"https:\/\/kruze.ee\/et\/wp-json\/wp\/v2\/product"}],"about":[{"href":"https:\/\/kruze.ee\/et\/wp-json\/wp\/v2\/types\/product"}],"wp:attachment":[{"href":"https:\/\/kruze.ee\/et\/wp-json\/wp\/v2\/media?parent=1433014"}],"wp:term":[{"taxonomy":"product_brand","embeddable":true,"href":"https:\/\/kruze.ee\/et\/wp-json\/wp\/v2\/product_brand?post=1433014"},{"taxonomy":"product_cat","embeddable":true,"href":"https:\/\/kruze.ee\/et\/wp-json\/wp\/v2\/product_cat?post=1433014"},{"taxonomy":"product_tag","embeddable":true,"href":"https:\/\/kruze.ee\/et\/wp-json\/wp\/v2\/product_tag?post=1433014"}],"curies":[{"name":"wp","href":"https:\/\/api.w.org\/{rel}","templated":true}]}}