{"id":1433010,"date":"2026-01-09T20:21:16","date_gmt":"2026-01-09T17:21:16","guid":{"rendered":"https:\/\/kruze.ee\/product\/bambusest-varvimuutev-3-w-kolariga-valgusti\/"},"modified":"2026-03-17T00:51:30","modified_gmt":"2026-03-16T21:51:30","slug":"bambusest-varvimuutev-3-w-kolariga-valgusti","status":"publish","type":"product","link":"https:\/\/kruze.ee\/et\/toode\/bambusest-varvimuutev-3-w-kolariga-valgusti\/","title":{"rendered":"Bambusest v\u00e4rvimuutev 3 W k\u00f5lariga valgusti"},"content":{"rendered":"<p>Juhtmevaba 3 W k\u00f5lar, valmistatud naturaalsest bambusest. K\u00f5laril on integreeritud meeleoluvalgus, mis saab valgustada neljas erinevas re\u017eiimis. Bluetooth 5.0 tagab stabiilse \u00fchenduse kuni 10 meetri kauguselt. 400 mAh aku v\u00f5imaldab kuni 3 tundi m\u00e4nguaega s\u00f5ltuvalt kasutusest ning laeb end t\u00e4is umbes 2 tunniga. Komplektis on PVC-vaba TPE USB-C laadimiskaabel.<\/p>\n","protected":false},"excerpt":{"rendered":"<p>Juhtmevaba 3 W k\u00f5lar, valmistatud naturaalsest bambusest. K\u00f5laril on integreeritud meeleoluvalgus, mis saab valgustada neljas erinevas re\u017eiimis. Bluetooth 5.0&#8230;<\/p>\n","protected":false},"featured_media":0,"template":"","meta":[],"product_brand":[],"product_cat":[5412],"product_tag":[],"class_list":{"0":"post-1433010","1":"product","2":"type-product","3":"status-publish","5":"product_cat-kolarid","6":"pa_gender-uniseks","7":"pa_gender-unisex","11":"first","12":"instock","13":"purchasable","14":"product-type-simple"},"acf":[],"yoast_head":"<!-- This site is optimized with the Yoast SEO plugin v26.0 - https:\/\/yoast.com\/wordpress\/plugins\/seo\/ -->\n<title>Bambusest v\u00e4rvimuutev 3 W k\u00f5lariga valgusti - Kruze.ee<\/title>\n<meta name=\"robots\" content=\"index, follow, max-snippet:-1, max-image-preview:large, max-video-preview:-1\" \/>\n<link rel=\"canonical\" href=\"https:\/\/kruze.ee\/et\/toode\/bambusest-varvimuutev-3-w-kolariga-valgusti\/\" \/>\n<meta property=\"og:locale\" content=\"et_EE\" \/>\n<meta property=\"og:type\" content=\"article\" \/>\n<meta property=\"og:title\" content=\"Bambusest v\u00e4rvimuutev 3 W k\u00f5lariga valgusti - Kruze.ee\" \/>\n<meta property=\"og:description\" content=\"Juhtmevaba 3 W k\u00f5lar, valmistatud naturaalsest bambusest. K\u00f5laril on integreeritud meeleoluvalgus, mis saab valgustada neljas erinevas re\u017eiimis. Bluetooth 5.0...\" \/>\n<meta property=\"og:url\" content=\"https:\/\/kruze.ee\/et\/toode\/bambusest-varvimuutev-3-w-kolariga-valgusti\/\" \/>\n<meta property=\"og:site_name\" content=\"Kruze.ee\" \/>\n<meta property=\"article:modified_time\" content=\"2026-03-16T21:51:30+00:00\" \/>\n<meta name=\"twitter:card\" content=\"summary_large_image\" \/>\n<script type=\"application\/ld+json\" class=\"yoast-schema-graph\">{\"@context\":\"https:\/\/schema.org\",\"@graph\":[{\"@type\":\"WebPage\",\"@id\":\"https:\/\/kruze.ee\/et\/toode\/bambusest-varvimuutev-3-w-kolariga-valgusti\/\",\"url\":\"https:\/\/kruze.ee\/et\/toode\/bambusest-varvimuutev-3-w-kolariga-valgusti\/\",\"name\":\"Bambusest v\u00e4rvimuutev 3 W k\u00f5lariga valgusti - Kruze.ee\",\"isPartOf\":{\"@id\":\"https:\/\/kruze.ee\/et\/#website\"},\"datePublished\":\"2026-01-09T17:21:16+00:00\",\"dateModified\":\"2026-03-16T21:51:30+00:00\",\"breadcrumb\":{\"@id\":\"https:\/\/kruze.ee\/et\/toode\/bambusest-varvimuutev-3-w-kolariga-valgusti\/#breadcrumb\"},\"inLanguage\":\"et\",\"potentialAction\":[{\"@type\":\"ReadAction\",\"target\":[\"https:\/\/kruze.ee\/et\/toode\/bambusest-varvimuutev-3-w-kolariga-valgusti\/\"]}]},{\"@type\":\"BreadcrumbList\",\"@id\":\"https:\/\/kruze.ee\/et\/toode\/bambusest-varvimuutev-3-w-kolariga-valgusti\/#breadcrumb\",\"itemListElement\":[{\"@type\":\"ListItem\",\"position\":1,\"name\":\"Home\",\"item\":\"https:\/\/kruze.ee\/et\/\"},{\"@type\":\"ListItem\",\"position\":2,\"name\":\"Tooted\",\"item\":\"https:\/\/kruze.ee\/et\/tooted\/\"},{\"@type\":\"ListItem\",\"position\":3,\"name\":\"Bambusest v\u00e4rvimuutev 3 W k\u00f5lariga valgusti\"}]},{\"@type\":\"WebSite\",\"@id\":\"https:\/\/kruze.ee\/et\/#website\",\"url\":\"https:\/\/kruze.ee\/et\/\",\"name\":\"Kruze.ee\",\"description\":\"Reklaamkingitused, tr&uuml;kiga T-s&auml;rgid, fliisid, dressipluused, tekstiil, joped ja paljud teised logoga meened, &Auml;rikingitused sinu partnerile! Telli juba t&auml;na.\",\"potentialAction\":[{\"@type\":\"SearchAction\",\"target\":{\"@type\":\"EntryPoint\",\"urlTemplate\":\"https:\/\/kruze.ee\/et\/?s={search_term_string}\"},\"query-input\":{\"@type\":\"PropertyValueSpecification\",\"valueRequired\":true,\"valueName\":\"search_term_string\"}}],\"inLanguage\":\"et\"}]}<\/script>\n<!-- \/ Yoast SEO plugin. -->","yoast_head_json":{"title":"Bambusest v\u00e4rvimuutev 3 W k\u00f5lariga valgusti - Kruze.ee","robots":{"index":"index","follow":"follow","max-snippet":"max-snippet:-1","max-image-preview":"max-image-preview:large","max-video-preview":"max-video-preview:-1"},"canonical":"https:\/\/kruze.ee\/et\/toode\/bambusest-varvimuutev-3-w-kolariga-valgusti\/","og_locale":"et_EE","og_type":"article","og_title":"Bambusest v\u00e4rvimuutev 3 W k\u00f5lariga valgusti - Kruze.ee","og_description":"Juhtmevaba 3 W k\u00f5lar, valmistatud naturaalsest bambusest. K\u00f5laril on integreeritud meeleoluvalgus, mis saab valgustada neljas erinevas re\u017eiimis. Bluetooth 5.0...","og_url":"https:\/\/kruze.ee\/et\/toode\/bambusest-varvimuutev-3-w-kolariga-valgusti\/","og_site_name":"Kruze.ee","article_modified_time":"2026-03-16T21:51:30+00:00","twitter_card":"summary_large_image","schema":{"@context":"https:\/\/schema.org","@graph":[{"@type":"WebPage","@id":"https:\/\/kruze.ee\/et\/toode\/bambusest-varvimuutev-3-w-kolariga-valgusti\/","url":"https:\/\/kruze.ee\/et\/toode\/bambusest-varvimuutev-3-w-kolariga-valgusti\/","name":"Bambusest v\u00e4rvimuutev 3 W k\u00f5lariga valgusti - Kruze.ee","isPartOf":{"@id":"https:\/\/kruze.ee\/et\/#website"},"datePublished":"2026-01-09T17:21:16+00:00","dateModified":"2026-03-16T21:51:30+00:00","breadcrumb":{"@id":"https:\/\/kruze.ee\/et\/toode\/bambusest-varvimuutev-3-w-kolariga-valgusti\/#breadcrumb"},"inLanguage":"et","potentialAction":[{"@type":"ReadAction","target":["https:\/\/kruze.ee\/et\/toode\/bambusest-varvimuutev-3-w-kolariga-valgusti\/"]}]},{"@type":"BreadcrumbList","@id":"https:\/\/kruze.ee\/et\/toode\/bambusest-varvimuutev-3-w-kolariga-valgusti\/#breadcrumb","itemListElement":[{"@type":"ListItem","position":1,"name":"Home","item":"https:\/\/kruze.ee\/et\/"},{"@type":"ListItem","position":2,"name":"Tooted","item":"https:\/\/kruze.ee\/et\/tooted\/"},{"@type":"ListItem","position":3,"name":"Bambusest v\u00e4rvimuutev 3 W k\u00f5lariga valgusti"}]},{"@type":"WebSite","@id":"https:\/\/kruze.ee\/et\/#website","url":"https:\/\/kruze.ee\/et\/","name":"Kruze.ee","description":"Reklaamkingitused, tr&uuml;kiga T-s&auml;rgid, fliisid, dressipluused, tekstiil, joped ja paljud teised logoga meened, &Auml;rikingitused sinu partnerile! Telli juba t&auml;na.","potentialAction":[{"@type":"SearchAction","target":{"@type":"EntryPoint","urlTemplate":"https:\/\/kruze.ee\/et\/?s={search_term_string}"},"query-input":{"@type":"PropertyValueSpecification","valueRequired":true,"valueName":"search_term_string"}}],"inLanguage":"et"}]}},"_links":{"self":[{"href":"https:\/\/kruze.ee\/et\/wp-json\/wp\/v2\/product\/1433010","targetHints":{"allow":["GET"]}}],"collection":[{"href":"https:\/\/kruze.ee\/et\/wp-json\/wp\/v2\/product"}],"about":[{"href":"https:\/\/kruze.ee\/et\/wp-json\/wp\/v2\/types\/product"}],"wp:attachment":[{"href":"https:\/\/kruze.ee\/et\/wp-json\/wp\/v2\/media?parent=1433010"}],"wp:term":[{"taxonomy":"product_brand","embeddable":true,"href":"https:\/\/kruze.ee\/et\/wp-json\/wp\/v2\/product_brand?post=1433010"},{"taxonomy":"product_cat","embeddable":true,"href":"https:\/\/kruze.ee\/et\/wp-json\/wp\/v2\/product_cat?post=1433010"},{"taxonomy":"product_tag","embeddable":true,"href":"https:\/\/kruze.ee\/et\/wp-json\/wp\/v2\/product_tag?post=1433010"}],"curies":[{"name":"wp","href":"https:\/\/api.w.org\/{rel}","templated":true}]}}