{"id":1432994,"date":"2026-01-09T20:20:47","date_gmt":"2026-01-09T17:20:47","guid":{"rendered":"https:\/\/kruze.ee\/product\/vogue-juhtmevaba-kolar-koos-juhtmevaba-laadijaga\/"},"modified":"2026-03-17T00:51:22","modified_gmt":"2026-03-16T21:51:22","slug":"vogue-juhtmevaba-kolar-koos-juhtmevaba-laadijaga","status":"publish","type":"product","link":"https:\/\/kruze.ee\/et\/toode\/vogue-juhtmevaba-kolar-koos-juhtmevaba-laadijaga\/","title":{"rendered":"Vogue juhtmevaba k\u00f5lar koos juhtmevaba laadijaga"},"content":{"rendered":"<p>Vogue 6 W juhtmevaba laadimisega k\u00f5lar \u00fchendab kaks t\u00e4nap\u00e4eva elu olulist funktsiooni: lemmikmuusika kuulamise ja mobiiliseadme laadimise ilma juhtmeteta. Trendikas kangadisain sobib suurep\u00e4raselt t\u00f6\u00f6lauale, koju v\u00f5i liikvel olles kasutamiseks. K\u00f5lar kasutab Bluetooth 3.0 tehnoloogiat sujuvaks \u00fchenduseks ning t\u00f6\u00f6ulatus on kuni 10 meetrit. Varustatud k\u00e4ed-vabad funktsiooni ja k\u00f5nede vastuv\u00f5tmise v\u00f5imalusega. 4000 mAh aku v\u00f5imaldab kuulata muusikat kuni 10 tundi v\u00f5i laadida mobiiltelefoni kuni kaks korda (s\u00f5ltuvalt telefoni aku mahust). Kui sinu telefon ei toeta juhtmevaba laadimist, saad kasutada ka tagak\u00fcljel asuvat USB-porti telefoni tavap\u00e4raseks laadimiseks kaabliga. M\u00f5lema funktsiooni samaaegsel kasutamisel on soovitatav hoida seade \u00fchendatuna vooluallikaga, kasutades kaasasolevat 150 cm Micro USB kaablit. Sisend: 5 V \/ 1 A. V\u00e4ljund: 5 V \/ 1 A. Juhtmevaba v\u00e4ljund: 5 V \/ 1 A, 5 W. Registreeritud disain\u00ae.<\/p>\n","protected":false},"excerpt":{"rendered":"<p>Vogue 6 W juhtmevaba laadimisega k\u00f5lar \u00fchendab kaks t\u00e4nap\u00e4eva elu olulist funktsiooni: lemmikmuusika kuulamise ja mobiiliseadme laadimise ilma juhtmeteta&#8230;.<\/p>\n","protected":false},"featured_media":0,"template":"","meta":[],"product_brand":[],"product_cat":[5412],"product_tag":[],"class_list":{"0":"post-1432994","1":"product","2":"type-product","3":"status-publish","5":"product_cat-kolarid","6":"pa_gender-uniseks","7":"pa_gender-unisex","11":"first","12":"instock","13":"purchasable","14":"product-type-simple"},"acf":[],"yoast_head":"<!-- This site is optimized with the Yoast SEO plugin v26.0 - https:\/\/yoast.com\/wordpress\/plugins\/seo\/ -->\n<title>Vogue juhtmevaba k\u00f5lar koos juhtmevaba laadijaga - Kruze.ee<\/title>\n<meta name=\"robots\" content=\"index, follow, max-snippet:-1, max-image-preview:large, max-video-preview:-1\" \/>\n<link rel=\"canonical\" href=\"https:\/\/kruze.ee\/et\/toode\/vogue-juhtmevaba-kolar-koos-juhtmevaba-laadijaga\/\" \/>\n<meta property=\"og:locale\" content=\"et_EE\" \/>\n<meta property=\"og:type\" content=\"article\" \/>\n<meta property=\"og:title\" content=\"Vogue juhtmevaba k\u00f5lar koos juhtmevaba laadijaga - Kruze.ee\" \/>\n<meta property=\"og:description\" content=\"Vogue 6 W juhtmevaba laadimisega k\u00f5lar \u00fchendab kaks t\u00e4nap\u00e4eva elu olulist funktsiooni: lemmikmuusika kuulamise ja mobiiliseadme laadimise ilma juhtmeteta....\" \/>\n<meta property=\"og:url\" content=\"https:\/\/kruze.ee\/et\/toode\/vogue-juhtmevaba-kolar-koos-juhtmevaba-laadijaga\/\" \/>\n<meta property=\"og:site_name\" content=\"Kruze.ee\" \/>\n<meta property=\"article:modified_time\" content=\"2026-03-16T21:51:22+00:00\" \/>\n<meta name=\"twitter:card\" content=\"summary_large_image\" \/>\n<meta name=\"twitter:label1\" content=\"Est. reading time\" \/>\n\t<meta name=\"twitter:data1\" content=\"1 minut\" \/>\n<script type=\"application\/ld+json\" class=\"yoast-schema-graph\">{\"@context\":\"https:\/\/schema.org\",\"@graph\":[{\"@type\":\"WebPage\",\"@id\":\"https:\/\/kruze.ee\/et\/toode\/vogue-juhtmevaba-kolar-koos-juhtmevaba-laadijaga\/\",\"url\":\"https:\/\/kruze.ee\/et\/toode\/vogue-juhtmevaba-kolar-koos-juhtmevaba-laadijaga\/\",\"name\":\"Vogue juhtmevaba k\u00f5lar koos juhtmevaba laadijaga - Kruze.ee\",\"isPartOf\":{\"@id\":\"https:\/\/kruze.ee\/et\/#website\"},\"datePublished\":\"2026-01-09T17:20:47+00:00\",\"dateModified\":\"2026-03-16T21:51:22+00:00\",\"breadcrumb\":{\"@id\":\"https:\/\/kruze.ee\/et\/toode\/vogue-juhtmevaba-kolar-koos-juhtmevaba-laadijaga\/#breadcrumb\"},\"inLanguage\":\"et\",\"potentialAction\":[{\"@type\":\"ReadAction\",\"target\":[\"https:\/\/kruze.ee\/et\/toode\/vogue-juhtmevaba-kolar-koos-juhtmevaba-laadijaga\/\"]}]},{\"@type\":\"BreadcrumbList\",\"@id\":\"https:\/\/kruze.ee\/et\/toode\/vogue-juhtmevaba-kolar-koos-juhtmevaba-laadijaga\/#breadcrumb\",\"itemListElement\":[{\"@type\":\"ListItem\",\"position\":1,\"name\":\"Home\",\"item\":\"https:\/\/kruze.ee\/et\/\"},{\"@type\":\"ListItem\",\"position\":2,\"name\":\"Tooted\",\"item\":\"https:\/\/kruze.ee\/et\/tooted\/\"},{\"@type\":\"ListItem\",\"position\":3,\"name\":\"Vogue juhtmevaba k\u00f5lar koos juhtmevaba laadijaga\"}]},{\"@type\":\"WebSite\",\"@id\":\"https:\/\/kruze.ee\/et\/#website\",\"url\":\"https:\/\/kruze.ee\/et\/\",\"name\":\"Kruze.ee\",\"description\":\"Reklaamkingitused, tr&uuml;kiga T-s&auml;rgid, fliisid, dressipluused, tekstiil, joped ja paljud teised logoga meened, &Auml;rikingitused sinu partnerile! Telli juba t&auml;na.\",\"potentialAction\":[{\"@type\":\"SearchAction\",\"target\":{\"@type\":\"EntryPoint\",\"urlTemplate\":\"https:\/\/kruze.ee\/et\/?s={search_term_string}\"},\"query-input\":{\"@type\":\"PropertyValueSpecification\",\"valueRequired\":true,\"valueName\":\"search_term_string\"}}],\"inLanguage\":\"et\"}]}<\/script>\n<!-- \/ Yoast SEO plugin. -->","yoast_head_json":{"title":"Vogue juhtmevaba k\u00f5lar koos juhtmevaba laadijaga - Kruze.ee","robots":{"index":"index","follow":"follow","max-snippet":"max-snippet:-1","max-image-preview":"max-image-preview:large","max-video-preview":"max-video-preview:-1"},"canonical":"https:\/\/kruze.ee\/et\/toode\/vogue-juhtmevaba-kolar-koos-juhtmevaba-laadijaga\/","og_locale":"et_EE","og_type":"article","og_title":"Vogue juhtmevaba k\u00f5lar koos juhtmevaba laadijaga - Kruze.ee","og_description":"Vogue 6 W juhtmevaba laadimisega k\u00f5lar \u00fchendab kaks t\u00e4nap\u00e4eva elu olulist funktsiooni: lemmikmuusika kuulamise ja mobiiliseadme laadimise ilma juhtmeteta....","og_url":"https:\/\/kruze.ee\/et\/toode\/vogue-juhtmevaba-kolar-koos-juhtmevaba-laadijaga\/","og_site_name":"Kruze.ee","article_modified_time":"2026-03-16T21:51:22+00:00","twitter_card":"summary_large_image","twitter_misc":{"Est. reading time":"1 minut"},"schema":{"@context":"https:\/\/schema.org","@graph":[{"@type":"WebPage","@id":"https:\/\/kruze.ee\/et\/toode\/vogue-juhtmevaba-kolar-koos-juhtmevaba-laadijaga\/","url":"https:\/\/kruze.ee\/et\/toode\/vogue-juhtmevaba-kolar-koos-juhtmevaba-laadijaga\/","name":"Vogue juhtmevaba k\u00f5lar koos juhtmevaba laadijaga - Kruze.ee","isPartOf":{"@id":"https:\/\/kruze.ee\/et\/#website"},"datePublished":"2026-01-09T17:20:47+00:00","dateModified":"2026-03-16T21:51:22+00:00","breadcrumb":{"@id":"https:\/\/kruze.ee\/et\/toode\/vogue-juhtmevaba-kolar-koos-juhtmevaba-laadijaga\/#breadcrumb"},"inLanguage":"et","potentialAction":[{"@type":"ReadAction","target":["https:\/\/kruze.ee\/et\/toode\/vogue-juhtmevaba-kolar-koos-juhtmevaba-laadijaga\/"]}]},{"@type":"BreadcrumbList","@id":"https:\/\/kruze.ee\/et\/toode\/vogue-juhtmevaba-kolar-koos-juhtmevaba-laadijaga\/#breadcrumb","itemListElement":[{"@type":"ListItem","position":1,"name":"Home","item":"https:\/\/kruze.ee\/et\/"},{"@type":"ListItem","position":2,"name":"Tooted","item":"https:\/\/kruze.ee\/et\/tooted\/"},{"@type":"ListItem","position":3,"name":"Vogue juhtmevaba k\u00f5lar koos juhtmevaba laadijaga"}]},{"@type":"WebSite","@id":"https:\/\/kruze.ee\/et\/#website","url":"https:\/\/kruze.ee\/et\/","name":"Kruze.ee","description":"Reklaamkingitused, tr&uuml;kiga T-s&auml;rgid, fliisid, dressipluused, tekstiil, joped ja paljud teised logoga meened, &Auml;rikingitused sinu partnerile! Telli juba t&auml;na.","potentialAction":[{"@type":"SearchAction","target":{"@type":"EntryPoint","urlTemplate":"https:\/\/kruze.ee\/et\/?s={search_term_string}"},"query-input":{"@type":"PropertyValueSpecification","valueRequired":true,"valueName":"search_term_string"}}],"inLanguage":"et"}]}},"_links":{"self":[{"href":"https:\/\/kruze.ee\/et\/wp-json\/wp\/v2\/product\/1432994","targetHints":{"allow":["GET"]}}],"collection":[{"href":"https:\/\/kruze.ee\/et\/wp-json\/wp\/v2\/product"}],"about":[{"href":"https:\/\/kruze.ee\/et\/wp-json\/wp\/v2\/types\/product"}],"wp:attachment":[{"href":"https:\/\/kruze.ee\/et\/wp-json\/wp\/v2\/media?parent=1432994"}],"wp:term":[{"taxonomy":"product_brand","embeddable":true,"href":"https:\/\/kruze.ee\/et\/wp-json\/wp\/v2\/product_brand?post=1432994"},{"taxonomy":"product_cat","embeddable":true,"href":"https:\/\/kruze.ee\/et\/wp-json\/wp\/v2\/product_cat?post=1432994"},{"taxonomy":"product_tag","embeddable":true,"href":"https:\/\/kruze.ee\/et\/wp-json\/wp\/v2\/product_tag?post=1432994"}],"curies":[{"name":"wp","href":"https:\/\/api.w.org\/{rel}","templated":true}]}}