{"id":1432986,"date":"2026-01-09T20:20:27","date_gmt":"2026-01-09T17:20:27","guid":{"rendered":"https:\/\/kruze.ee\/product\/findmate-dual-rcs-recycled-plastic-item-finder-ipx-5\/"},"modified":"2026-03-17T00:50:14","modified_gmt":"2026-03-16T21:50:14","slug":"findmate-dual-rcs-recycled-plastic-item-finder-ipx-5","status":"publish","type":"product","link":"https:\/\/kruze.ee\/et\/toode\/findmate-dual-rcs-recycled-plastic-item-finder-ipx-5\/","title":{"rendered":"XD Collection Findmate Dual RCS taaskasutatud plastikust esemeotsija IPX5 kaitseklassiga"},"content":{"rendered":"<p>Leia oma esemed \u00fcles s\u00f5ltumata sellest, millist telefoni kasutad! Findmate Dual on kvaliteetne taaskasutatud ABS-plastikust esemeotsija, mis t\u00f6\u00f6tab sujuvalt nii Apple\u2019i Find My v\u00f5rgustiku kui ka Androidi Find Hub v\u00f5rguga. Apple\u2019i ja Google\u2019i pakutav otsast l\u00f5puni kr\u00fcpteerimine tagab sinu asukohaandmete turvalisuse, v\u00f5imaldades j\u00e4lgida oma lemmikesemeid reaalajas \u2013 \u00fcksk\u00f5ik kus sa maailmas viibid. Kinnita see rahakoti, v\u00f5tmete, koti, pagasi v\u00f5i isegi lemmiklooma k\u00fclge ning leia see koheselt Apple\u2019i Find My rakenduse v\u00f5i Androidi Find rakenduse abil.<\/p>\n","protected":false},"excerpt":{"rendered":"<p>Leia oma esemed \u00fcles s\u00f5ltumata sellest, millist telefoni kasutad! Findmate Dual on kvaliteetne taaskasutatud ABS-plastikust esemeotsija, mis t\u00f6\u00f6tab sujuvalt&#8230;<\/p>\n","protected":false},"featured_media":0,"template":"","meta":[],"product_brand":[],"product_cat":[5440],"product_tag":[],"class_list":{"0":"post-1432986","1":"product","2":"type-product","3":"status-publish","5":"product_cat-votmehoidjad","6":"pa_gender-uniseks","7":"pa_gender-unisex","11":"first","12":"instock","13":"purchasable","14":"product-type-simple"},"acf":[],"yoast_head":"<!-- This site is optimized with the Yoast SEO plugin v26.0 - https:\/\/yoast.com\/wordpress\/plugins\/seo\/ -->\n<title>XD Collection Findmate Dual RCS taaskasutatud plastikust esemeotsija IPX5 kaitseklassiga - Kruze.ee<\/title>\n<meta name=\"robots\" content=\"index, follow, max-snippet:-1, max-image-preview:large, max-video-preview:-1\" \/>\n<link rel=\"canonical\" href=\"https:\/\/kruze.ee\/et\/toode\/findmate-dual-rcs-recycled-plastic-item-finder-ipx-5\/\" \/>\n<meta property=\"og:locale\" content=\"et_EE\" \/>\n<meta property=\"og:type\" content=\"article\" \/>\n<meta property=\"og:title\" content=\"XD Collection Findmate Dual RCS taaskasutatud plastikust esemeotsija IPX5 kaitseklassiga - Kruze.ee\" \/>\n<meta property=\"og:description\" content=\"Leia oma esemed \u00fcles s\u00f5ltumata sellest, millist telefoni kasutad! Findmate Dual on kvaliteetne taaskasutatud ABS-plastikust esemeotsija, mis t\u00f6\u00f6tab sujuvalt...\" \/>\n<meta property=\"og:url\" content=\"https:\/\/kruze.ee\/et\/toode\/findmate-dual-rcs-recycled-plastic-item-finder-ipx-5\/\" \/>\n<meta property=\"og:site_name\" content=\"Kruze.ee\" \/>\n<meta property=\"article:modified_time\" content=\"2026-03-16T21:50:14+00:00\" \/>\n<meta name=\"twitter:card\" content=\"summary_large_image\" \/>\n<script type=\"application\/ld+json\" class=\"yoast-schema-graph\">{\"@context\":\"https:\/\/schema.org\",\"@graph\":[{\"@type\":\"WebPage\",\"@id\":\"https:\/\/kruze.ee\/et\/toode\/findmate-dual-rcs-recycled-plastic-item-finder-ipx-5\/\",\"url\":\"https:\/\/kruze.ee\/et\/toode\/findmate-dual-rcs-recycled-plastic-item-finder-ipx-5\/\",\"name\":\"XD Collection Findmate Dual RCS taaskasutatud plastikust esemeotsija IPX5 kaitseklassiga - Kruze.ee\",\"isPartOf\":{\"@id\":\"https:\/\/kruze.ee\/et\/#website\"},\"datePublished\":\"2026-01-09T17:20:27+00:00\",\"dateModified\":\"2026-03-16T21:50:14+00:00\",\"breadcrumb\":{\"@id\":\"https:\/\/kruze.ee\/et\/toode\/findmate-dual-rcs-recycled-plastic-item-finder-ipx-5\/#breadcrumb\"},\"inLanguage\":\"et\",\"potentialAction\":[{\"@type\":\"ReadAction\",\"target\":[\"https:\/\/kruze.ee\/et\/toode\/findmate-dual-rcs-recycled-plastic-item-finder-ipx-5\/\"]}]},{\"@type\":\"BreadcrumbList\",\"@id\":\"https:\/\/kruze.ee\/et\/toode\/findmate-dual-rcs-recycled-plastic-item-finder-ipx-5\/#breadcrumb\",\"itemListElement\":[{\"@type\":\"ListItem\",\"position\":1,\"name\":\"Home\",\"item\":\"https:\/\/kruze.ee\/et\/\"},{\"@type\":\"ListItem\",\"position\":2,\"name\":\"Tooted\",\"item\":\"https:\/\/kruze.ee\/et\/tooted\/\"},{\"@type\":\"ListItem\",\"position\":3,\"name\":\"XD Collection Findmate Dual RCS taaskasutatud plastikust esemeotsija IPX5 kaitseklassiga\"}]},{\"@type\":\"WebSite\",\"@id\":\"https:\/\/kruze.ee\/et\/#website\",\"url\":\"https:\/\/kruze.ee\/et\/\",\"name\":\"Kruze.ee\",\"description\":\"Reklaamkingitused, tr&uuml;kiga T-s&auml;rgid, fliisid, dressipluused, tekstiil, joped ja paljud teised logoga meened, &Auml;rikingitused sinu partnerile! Telli juba t&auml;na.\",\"potentialAction\":[{\"@type\":\"SearchAction\",\"target\":{\"@type\":\"EntryPoint\",\"urlTemplate\":\"https:\/\/kruze.ee\/et\/?s={search_term_string}\"},\"query-input\":{\"@type\":\"PropertyValueSpecification\",\"valueRequired\":true,\"valueName\":\"search_term_string\"}}],\"inLanguage\":\"et\"}]}<\/script>\n<!-- \/ Yoast SEO plugin. -->","yoast_head_json":{"title":"XD Collection Findmate Dual RCS taaskasutatud plastikust esemeotsija IPX5 kaitseklassiga - Kruze.ee","robots":{"index":"index","follow":"follow","max-snippet":"max-snippet:-1","max-image-preview":"max-image-preview:large","max-video-preview":"max-video-preview:-1"},"canonical":"https:\/\/kruze.ee\/et\/toode\/findmate-dual-rcs-recycled-plastic-item-finder-ipx-5\/","og_locale":"et_EE","og_type":"article","og_title":"XD Collection Findmate Dual RCS taaskasutatud plastikust esemeotsija IPX5 kaitseklassiga - Kruze.ee","og_description":"Leia oma esemed \u00fcles s\u00f5ltumata sellest, millist telefoni kasutad! Findmate Dual on kvaliteetne taaskasutatud ABS-plastikust esemeotsija, mis t\u00f6\u00f6tab sujuvalt...","og_url":"https:\/\/kruze.ee\/et\/toode\/findmate-dual-rcs-recycled-plastic-item-finder-ipx-5\/","og_site_name":"Kruze.ee","article_modified_time":"2026-03-16T21:50:14+00:00","twitter_card":"summary_large_image","schema":{"@context":"https:\/\/schema.org","@graph":[{"@type":"WebPage","@id":"https:\/\/kruze.ee\/et\/toode\/findmate-dual-rcs-recycled-plastic-item-finder-ipx-5\/","url":"https:\/\/kruze.ee\/et\/toode\/findmate-dual-rcs-recycled-plastic-item-finder-ipx-5\/","name":"XD Collection Findmate Dual RCS taaskasutatud plastikust esemeotsija IPX5 kaitseklassiga - Kruze.ee","isPartOf":{"@id":"https:\/\/kruze.ee\/et\/#website"},"datePublished":"2026-01-09T17:20:27+00:00","dateModified":"2026-03-16T21:50:14+00:00","breadcrumb":{"@id":"https:\/\/kruze.ee\/et\/toode\/findmate-dual-rcs-recycled-plastic-item-finder-ipx-5\/#breadcrumb"},"inLanguage":"et","potentialAction":[{"@type":"ReadAction","target":["https:\/\/kruze.ee\/et\/toode\/findmate-dual-rcs-recycled-plastic-item-finder-ipx-5\/"]}]},{"@type":"BreadcrumbList","@id":"https:\/\/kruze.ee\/et\/toode\/findmate-dual-rcs-recycled-plastic-item-finder-ipx-5\/#breadcrumb","itemListElement":[{"@type":"ListItem","position":1,"name":"Home","item":"https:\/\/kruze.ee\/et\/"},{"@type":"ListItem","position":2,"name":"Tooted","item":"https:\/\/kruze.ee\/et\/tooted\/"},{"@type":"ListItem","position":3,"name":"XD Collection Findmate Dual RCS taaskasutatud plastikust esemeotsija IPX5 kaitseklassiga"}]},{"@type":"WebSite","@id":"https:\/\/kruze.ee\/et\/#website","url":"https:\/\/kruze.ee\/et\/","name":"Kruze.ee","description":"Reklaamkingitused, tr&uuml;kiga T-s&auml;rgid, fliisid, dressipluused, tekstiil, joped ja paljud teised logoga meened, &Auml;rikingitused sinu partnerile! Telli juba t&auml;na.","potentialAction":[{"@type":"SearchAction","target":{"@type":"EntryPoint","urlTemplate":"https:\/\/kruze.ee\/et\/?s={search_term_string}"},"query-input":{"@type":"PropertyValueSpecification","valueRequired":true,"valueName":"search_term_string"}}],"inLanguage":"et"}]}},"_links":{"self":[{"href":"https:\/\/kruze.ee\/et\/wp-json\/wp\/v2\/product\/1432986","targetHints":{"allow":["GET"]}}],"collection":[{"href":"https:\/\/kruze.ee\/et\/wp-json\/wp\/v2\/product"}],"about":[{"href":"https:\/\/kruze.ee\/et\/wp-json\/wp\/v2\/types\/product"}],"wp:attachment":[{"href":"https:\/\/kruze.ee\/et\/wp-json\/wp\/v2\/media?parent=1432986"}],"wp:term":[{"taxonomy":"product_brand","embeddable":true,"href":"https:\/\/kruze.ee\/et\/wp-json\/wp\/v2\/product_brand?post=1432986"},{"taxonomy":"product_cat","embeddable":true,"href":"https:\/\/kruze.ee\/et\/wp-json\/wp\/v2\/product_cat?post=1432986"},{"taxonomy":"product_tag","embeddable":true,"href":"https:\/\/kruze.ee\/et\/wp-json\/wp\/v2\/product_tag?post=1432986"}],"curies":[{"name":"wp","href":"https:\/\/api.w.org\/{rel}","templated":true}]}}