{"id":1432542,"date":"2026-01-08T18:27:40","date_gmt":"2026-01-08T15:27:40","guid":{"rendered":"https:\/\/kruze.ee\/product\/bobby-soft-vargusvastane-seljakott\/"},"modified":"2026-03-17T00:55:56","modified_gmt":"2026-03-16T21:55:56","slug":"bobby-soft-vargusvastane-seljakott","status":"publish","type":"product","link":"https:\/\/kruze.ee\/et\/toode\/bobby-soft-vargusvastane-seljakott\/","title":{"rendered":"Bobby Soft vargusvastane seljakott"},"content":{"rendered":"<p>\u00dclikooli, kooli, t\u00f6\u00f6le v\u00f5i j\u00e4rgmiseks reisiks \u2013 Bobby Soft seljakott on alati valmis! Ikonilist Bobby vargusvastast disaini, millel on peidetud RFID-kaitsega taskud, puudub eesmine ligip\u00e4\u00e4s ning on peidetud lukud, t\u00e4iendab n\u00fc\u00fcd keeratava lukukeelega lukut\u00f5mmits. P\u00f5hisahtlis saad oma varustuse mugavalt organiseerida t\u00e4nu polsterdatud 15,6&#8243; s\u00fclearvutitaskule, dokumenditaskule, nutikatele taskutele ja v\u00f5tmekinnitusele. Seljakoti \u00fclaosa on laiendatav, pakkudes vajadusel lisaruumi. Lisaks on seljakott varustatud integreeritud USB-laadimispordiga ja vett h\u00fclgava materjaliga. Valmistatud R-PET kangast AWARE\u2122 j\u00e4lgimistehnoloogiaga, mis tagab taaskasutatud materjali ehtsuse. 46% taaskasutatud sisu. Registreeritud disain\u00ae.<\/p>\n","protected":false},"excerpt":{"rendered":"<p>\u00dclikooli, kooli, t\u00f6\u00f6le v\u00f5i j\u00e4rgmiseks reisiks \u2013 Bobby Soft seljakott on alati valmis! Ikonilist Bobby vargusvastast disaini, millel on peidetud RFID-kaitsega&#8230;<\/p>\n","protected":false},"featured_media":0,"template":"","meta":[],"product_brand":[],"product_cat":[5392],"product_tag":[],"class_list":{"0":"post-1432542","1":"product","2":"type-product","3":"status-publish","5":"product_cat-logoga-seljakotid","6":"pa_brand-xd-design-2","7":"pa_color-beez","8":"pa_color-hall","9":"pa_color-kollane","10":"pa_color-purple-2","11":"pa_color-black-2","12":"pa_color-punane","13":"pa_color-roheline","14":"pa_color-blue-2","15":"pa_gender-uniseks","16":"pa_gender-unisex","19":"pa_material-rpetpolyester","21":"first","22":"instock","23":"taxable","24":"shipping-taxable","25":"purchasable","26":"product-type-variable"},"acf":[],"yoast_head":"<!-- This site is optimized with the Yoast SEO plugin v26.0 - https:\/\/yoast.com\/wordpress\/plugins\/seo\/ -->\n<title>Bobby Soft vargusvastane seljakott - Kruze.ee<\/title>\n<meta name=\"robots\" content=\"index, follow, max-snippet:-1, max-image-preview:large, max-video-preview:-1\" \/>\n<link rel=\"canonical\" href=\"https:\/\/kruze.ee\/et\/toode\/bobby-soft-vargusvastane-seljakott\/\" \/>\n<meta property=\"og:locale\" content=\"et_EE\" \/>\n<meta property=\"og:type\" content=\"article\" \/>\n<meta property=\"og:title\" content=\"Bobby Soft vargusvastane seljakott - Kruze.ee\" \/>\n<meta property=\"og:description\" content=\"\u00dclikooli, kooli, t\u00f6\u00f6le v\u00f5i j\u00e4rgmiseks reisiks \u2013 Bobby Soft seljakott on alati valmis! Ikonilist Bobby vargusvastast disaini, millel on peidetud RFID-kaitsega...\" \/>\n<meta property=\"og:url\" content=\"https:\/\/kruze.ee\/et\/toode\/bobby-soft-vargusvastane-seljakott\/\" \/>\n<meta property=\"og:site_name\" content=\"Kruze.ee\" \/>\n<meta property=\"article:modified_time\" content=\"2026-03-16T21:55:56+00:00\" \/>\n<meta name=\"twitter:card\" content=\"summary_large_image\" \/>\n<script type=\"application\/ld+json\" class=\"yoast-schema-graph\">{\"@context\":\"https:\/\/schema.org\",\"@graph\":[{\"@type\":\"WebPage\",\"@id\":\"https:\/\/kruze.ee\/et\/toode\/bobby-soft-vargusvastane-seljakott\/\",\"url\":\"https:\/\/kruze.ee\/et\/toode\/bobby-soft-vargusvastane-seljakott\/\",\"name\":\"Bobby Soft vargusvastane seljakott - Kruze.ee\",\"isPartOf\":{\"@id\":\"https:\/\/kruze.ee\/et\/#website\"},\"datePublished\":\"2026-01-08T15:27:40+00:00\",\"dateModified\":\"2026-03-16T21:55:56+00:00\",\"breadcrumb\":{\"@id\":\"https:\/\/kruze.ee\/et\/toode\/bobby-soft-vargusvastane-seljakott\/#breadcrumb\"},\"inLanguage\":\"et\",\"potentialAction\":[{\"@type\":\"ReadAction\",\"target\":[\"https:\/\/kruze.ee\/et\/toode\/bobby-soft-vargusvastane-seljakott\/\"]}]},{\"@type\":\"BreadcrumbList\",\"@id\":\"https:\/\/kruze.ee\/et\/toode\/bobby-soft-vargusvastane-seljakott\/#breadcrumb\",\"itemListElement\":[{\"@type\":\"ListItem\",\"position\":1,\"name\":\"Home\",\"item\":\"https:\/\/kruze.ee\/et\/\"},{\"@type\":\"ListItem\",\"position\":2,\"name\":\"Tooted\",\"item\":\"https:\/\/kruze.ee\/et\/tooted\/\"},{\"@type\":\"ListItem\",\"position\":3,\"name\":\"Bobby Soft vargusvastane seljakott\"}]},{\"@type\":\"WebSite\",\"@id\":\"https:\/\/kruze.ee\/et\/#website\",\"url\":\"https:\/\/kruze.ee\/et\/\",\"name\":\"Kruze.ee\",\"description\":\"Reklaamkingitused, tr&uuml;kiga T-s&auml;rgid, fliisid, dressipluused, tekstiil, joped ja paljud teised logoga meened, &Auml;rikingitused sinu partnerile! Telli juba t&auml;na.\",\"potentialAction\":[{\"@type\":\"SearchAction\",\"target\":{\"@type\":\"EntryPoint\",\"urlTemplate\":\"https:\/\/kruze.ee\/et\/?s={search_term_string}\"},\"query-input\":{\"@type\":\"PropertyValueSpecification\",\"valueRequired\":true,\"valueName\":\"search_term_string\"}}],\"inLanguage\":\"et\"}]}<\/script>\n<!-- \/ Yoast SEO plugin. -->","yoast_head_json":{"title":"Bobby Soft vargusvastane seljakott - Kruze.ee","robots":{"index":"index","follow":"follow","max-snippet":"max-snippet:-1","max-image-preview":"max-image-preview:large","max-video-preview":"max-video-preview:-1"},"canonical":"https:\/\/kruze.ee\/et\/toode\/bobby-soft-vargusvastane-seljakott\/","og_locale":"et_EE","og_type":"article","og_title":"Bobby Soft vargusvastane seljakott - Kruze.ee","og_description":"\u00dclikooli, kooli, t\u00f6\u00f6le v\u00f5i j\u00e4rgmiseks reisiks \u2013 Bobby Soft seljakott on alati valmis! Ikonilist Bobby vargusvastast disaini, millel on peidetud RFID-kaitsega...","og_url":"https:\/\/kruze.ee\/et\/toode\/bobby-soft-vargusvastane-seljakott\/","og_site_name":"Kruze.ee","article_modified_time":"2026-03-16T21:55:56+00:00","twitter_card":"summary_large_image","schema":{"@context":"https:\/\/schema.org","@graph":[{"@type":"WebPage","@id":"https:\/\/kruze.ee\/et\/toode\/bobby-soft-vargusvastane-seljakott\/","url":"https:\/\/kruze.ee\/et\/toode\/bobby-soft-vargusvastane-seljakott\/","name":"Bobby Soft vargusvastane seljakott - Kruze.ee","isPartOf":{"@id":"https:\/\/kruze.ee\/et\/#website"},"datePublished":"2026-01-08T15:27:40+00:00","dateModified":"2026-03-16T21:55:56+00:00","breadcrumb":{"@id":"https:\/\/kruze.ee\/et\/toode\/bobby-soft-vargusvastane-seljakott\/#breadcrumb"},"inLanguage":"et","potentialAction":[{"@type":"ReadAction","target":["https:\/\/kruze.ee\/et\/toode\/bobby-soft-vargusvastane-seljakott\/"]}]},{"@type":"BreadcrumbList","@id":"https:\/\/kruze.ee\/et\/toode\/bobby-soft-vargusvastane-seljakott\/#breadcrumb","itemListElement":[{"@type":"ListItem","position":1,"name":"Home","item":"https:\/\/kruze.ee\/et\/"},{"@type":"ListItem","position":2,"name":"Tooted","item":"https:\/\/kruze.ee\/et\/tooted\/"},{"@type":"ListItem","position":3,"name":"Bobby Soft vargusvastane seljakott"}]},{"@type":"WebSite","@id":"https:\/\/kruze.ee\/et\/#website","url":"https:\/\/kruze.ee\/et\/","name":"Kruze.ee","description":"Reklaamkingitused, tr&uuml;kiga T-s&auml;rgid, fliisid, dressipluused, tekstiil, joped ja paljud teised logoga meened, &Auml;rikingitused sinu partnerile! Telli juba t&auml;na.","potentialAction":[{"@type":"SearchAction","target":{"@type":"EntryPoint","urlTemplate":"https:\/\/kruze.ee\/et\/?s={search_term_string}"},"query-input":{"@type":"PropertyValueSpecification","valueRequired":true,"valueName":"search_term_string"}}],"inLanguage":"et"}]}},"_links":{"self":[{"href":"https:\/\/kruze.ee\/et\/wp-json\/wp\/v2\/product\/1432542","targetHints":{"allow":["GET"]}}],"collection":[{"href":"https:\/\/kruze.ee\/et\/wp-json\/wp\/v2\/product"}],"about":[{"href":"https:\/\/kruze.ee\/et\/wp-json\/wp\/v2\/types\/product"}],"wp:attachment":[{"href":"https:\/\/kruze.ee\/et\/wp-json\/wp\/v2\/media?parent=1432542"}],"wp:term":[{"taxonomy":"product_brand","embeddable":true,"href":"https:\/\/kruze.ee\/et\/wp-json\/wp\/v2\/product_brand?post=1432542"},{"taxonomy":"product_cat","embeddable":true,"href":"https:\/\/kruze.ee\/et\/wp-json\/wp\/v2\/product_cat?post=1432542"},{"taxonomy":"product_tag","embeddable":true,"href":"https:\/\/kruze.ee\/et\/wp-json\/wp\/v2\/product_tag?post=1432542"}],"curies":[{"name":"wp","href":"https:\/\/api.w.org\/{rel}","templated":true}]}}