{"id":1432536,"date":"2026-01-08T18:27:32","date_gmt":"2026-01-08T15:27:32","guid":{"rendered":"https:\/\/kruze.ee\/product\/bobby-sling-olakott\/"},"modified":"2026-03-17T00:55:53","modified_gmt":"2026-03-16T21:55:53","slug":"bobby-sling-olakott","status":"publish","type":"product","link":"https:\/\/kruze.ee\/et\/toode\/bobby-sling-olakott\/","title":{"rendered":"Bobby Sling \u00f5lakott"},"content":{"rendered":"<p>Turvaline, mugav ja nutikas \u2013 Bobby Sling on loodud linnareisijatele. Tunnustatud Bobby vargusvastased omadused, nagu peidetud lukud, eesmise ligip\u00e4\u00e4su puudumine, RFID-kaitsega tasku ja l\u00f5ikekindel materjal, pakuvad kindlat kaitset. Lisaks on kotil 3-punktiline turvapannal, mis hoiab igap\u00e4evased esmatarbed alati kindlalt keha ligi. T\u00e4iendavad omadused, nagu vett h\u00fclgav materjal ja integreeritud USB-laadimispesa, teevad sellest ristkandmiskotist mugava ja praktilise valiku igap\u00e4evaseks kasutamiseks. Valmistatud R-PET kangast AWARE\u2122 j\u00e4lgimistehnoloogiaga, mis tagab taaskasutatud materjali ehtsuse. 37% taaskasutatud sisu. Registreeritud disain\u00ae.<\/p>\n","protected":false},"excerpt":{"rendered":"<p>Turvaline, mugav ja nutikas \u2013 Bobby Sling on loodud linnareisijatele. Tunnustatud Bobby vargusvastased omadused, nagu peidetud lukud, eesmise ligip\u00e4\u00e4su&#8230;<\/p>\n","protected":false},"featured_media":0,"template":"","meta":[],"product_brand":[],"product_cat":[5397],"product_tag":[],"class_list":{"0":"post-1432536","1":"product","2":"type-product","3":"status-publish","5":"product_cat-olakotid","6":"pa_brand-xd-design-2","7":"pa_color-hall","8":"pa_color-black-2","9":"pa_color-blue-2","10":"pa_gender-uniseks","11":"pa_gender-unisex","14":"pa_material-rpetpolyurethane","16":"first","17":"instock","18":"taxable","19":"shipping-taxable","20":"purchasable","21":"product-type-variable"},"acf":[],"yoast_head":"<!-- This site is optimized with the Yoast SEO plugin v26.0 - https:\/\/yoast.com\/wordpress\/plugins\/seo\/ -->\n<title>Bobby Sling \u00f5lakott - Kruze.ee<\/title>\n<meta name=\"robots\" content=\"index, follow, max-snippet:-1, max-image-preview:large, max-video-preview:-1\" \/>\n<link rel=\"canonical\" href=\"https:\/\/kruze.ee\/et\/toode\/bobby-sling-olakott\/\" \/>\n<meta property=\"og:locale\" content=\"et_EE\" \/>\n<meta property=\"og:type\" content=\"article\" \/>\n<meta property=\"og:title\" content=\"Bobby Sling \u00f5lakott - Kruze.ee\" \/>\n<meta property=\"og:description\" content=\"Turvaline, mugav ja nutikas \u2013 Bobby Sling on loodud linnareisijatele. Tunnustatud Bobby vargusvastased omadused, nagu peidetud lukud, eesmise ligip\u00e4\u00e4su...\" \/>\n<meta property=\"og:url\" content=\"https:\/\/kruze.ee\/et\/toode\/bobby-sling-olakott\/\" \/>\n<meta property=\"og:site_name\" content=\"Kruze.ee\" \/>\n<meta property=\"article:modified_time\" content=\"2026-03-16T21:55:53+00:00\" \/>\n<meta name=\"twitter:card\" content=\"summary_large_image\" \/>\n<script type=\"application\/ld+json\" class=\"yoast-schema-graph\">{\"@context\":\"https:\/\/schema.org\",\"@graph\":[{\"@type\":\"WebPage\",\"@id\":\"https:\/\/kruze.ee\/et\/toode\/bobby-sling-olakott\/\",\"url\":\"https:\/\/kruze.ee\/et\/toode\/bobby-sling-olakott\/\",\"name\":\"Bobby Sling \u00f5lakott - Kruze.ee\",\"isPartOf\":{\"@id\":\"https:\/\/kruze.ee\/et\/#website\"},\"datePublished\":\"2026-01-08T15:27:32+00:00\",\"dateModified\":\"2026-03-16T21:55:53+00:00\",\"breadcrumb\":{\"@id\":\"https:\/\/kruze.ee\/et\/toode\/bobby-sling-olakott\/#breadcrumb\"},\"inLanguage\":\"et\",\"potentialAction\":[{\"@type\":\"ReadAction\",\"target\":[\"https:\/\/kruze.ee\/et\/toode\/bobby-sling-olakott\/\"]}]},{\"@type\":\"BreadcrumbList\",\"@id\":\"https:\/\/kruze.ee\/et\/toode\/bobby-sling-olakott\/#breadcrumb\",\"itemListElement\":[{\"@type\":\"ListItem\",\"position\":1,\"name\":\"Home\",\"item\":\"https:\/\/kruze.ee\/et\/\"},{\"@type\":\"ListItem\",\"position\":2,\"name\":\"Tooted\",\"item\":\"https:\/\/kruze.ee\/et\/tooted\/\"},{\"@type\":\"ListItem\",\"position\":3,\"name\":\"Bobby Sling \u00f5lakott\"}]},{\"@type\":\"WebSite\",\"@id\":\"https:\/\/kruze.ee\/et\/#website\",\"url\":\"https:\/\/kruze.ee\/et\/\",\"name\":\"Kruze.ee\",\"description\":\"Reklaamkingitused, tr&uuml;kiga T-s&auml;rgid, fliisid, dressipluused, tekstiil, joped ja paljud teised logoga meened, &Auml;rikingitused sinu partnerile! Telli juba t&auml;na.\",\"potentialAction\":[{\"@type\":\"SearchAction\",\"target\":{\"@type\":\"EntryPoint\",\"urlTemplate\":\"https:\/\/kruze.ee\/et\/?s={search_term_string}\"},\"query-input\":{\"@type\":\"PropertyValueSpecification\",\"valueRequired\":true,\"valueName\":\"search_term_string\"}}],\"inLanguage\":\"et\"}]}<\/script>\n<!-- \/ Yoast SEO plugin. -->","yoast_head_json":{"title":"Bobby Sling \u00f5lakott - Kruze.ee","robots":{"index":"index","follow":"follow","max-snippet":"max-snippet:-1","max-image-preview":"max-image-preview:large","max-video-preview":"max-video-preview:-1"},"canonical":"https:\/\/kruze.ee\/et\/toode\/bobby-sling-olakott\/","og_locale":"et_EE","og_type":"article","og_title":"Bobby Sling \u00f5lakott - Kruze.ee","og_description":"Turvaline, mugav ja nutikas \u2013 Bobby Sling on loodud linnareisijatele. Tunnustatud Bobby vargusvastased omadused, nagu peidetud lukud, eesmise ligip\u00e4\u00e4su...","og_url":"https:\/\/kruze.ee\/et\/toode\/bobby-sling-olakott\/","og_site_name":"Kruze.ee","article_modified_time":"2026-03-16T21:55:53+00:00","twitter_card":"summary_large_image","schema":{"@context":"https:\/\/schema.org","@graph":[{"@type":"WebPage","@id":"https:\/\/kruze.ee\/et\/toode\/bobby-sling-olakott\/","url":"https:\/\/kruze.ee\/et\/toode\/bobby-sling-olakott\/","name":"Bobby Sling \u00f5lakott - Kruze.ee","isPartOf":{"@id":"https:\/\/kruze.ee\/et\/#website"},"datePublished":"2026-01-08T15:27:32+00:00","dateModified":"2026-03-16T21:55:53+00:00","breadcrumb":{"@id":"https:\/\/kruze.ee\/et\/toode\/bobby-sling-olakott\/#breadcrumb"},"inLanguage":"et","potentialAction":[{"@type":"ReadAction","target":["https:\/\/kruze.ee\/et\/toode\/bobby-sling-olakott\/"]}]},{"@type":"BreadcrumbList","@id":"https:\/\/kruze.ee\/et\/toode\/bobby-sling-olakott\/#breadcrumb","itemListElement":[{"@type":"ListItem","position":1,"name":"Home","item":"https:\/\/kruze.ee\/et\/"},{"@type":"ListItem","position":2,"name":"Tooted","item":"https:\/\/kruze.ee\/et\/tooted\/"},{"@type":"ListItem","position":3,"name":"Bobby Sling \u00f5lakott"}]},{"@type":"WebSite","@id":"https:\/\/kruze.ee\/et\/#website","url":"https:\/\/kruze.ee\/et\/","name":"Kruze.ee","description":"Reklaamkingitused, tr&uuml;kiga T-s&auml;rgid, fliisid, dressipluused, tekstiil, joped ja paljud teised logoga meened, &Auml;rikingitused sinu partnerile! Telli juba t&auml;na.","potentialAction":[{"@type":"SearchAction","target":{"@type":"EntryPoint","urlTemplate":"https:\/\/kruze.ee\/et\/?s={search_term_string}"},"query-input":{"@type":"PropertyValueSpecification","valueRequired":true,"valueName":"search_term_string"}}],"inLanguage":"et"}]}},"_links":{"self":[{"href":"https:\/\/kruze.ee\/et\/wp-json\/wp\/v2\/product\/1432536","targetHints":{"allow":["GET"]}}],"collection":[{"href":"https:\/\/kruze.ee\/et\/wp-json\/wp\/v2\/product"}],"about":[{"href":"https:\/\/kruze.ee\/et\/wp-json\/wp\/v2\/types\/product"}],"wp:attachment":[{"href":"https:\/\/kruze.ee\/et\/wp-json\/wp\/v2\/media?parent=1432536"}],"wp:term":[{"taxonomy":"product_brand","embeddable":true,"href":"https:\/\/kruze.ee\/et\/wp-json\/wp\/v2\/product_brand?post=1432536"},{"taxonomy":"product_cat","embeddable":true,"href":"https:\/\/kruze.ee\/et\/wp-json\/wp\/v2\/product_cat?post=1432536"},{"taxonomy":"product_tag","embeddable":true,"href":"https:\/\/kruze.ee\/et\/wp-json\/wp\/v2\/product_tag?post=1432536"}],"curies":[{"name":"wp","href":"https:\/\/api.w.org\/{rel}","templated":true}]}}