{"id":1432532,"date":"2026-01-08T18:23:08","date_gmt":"2026-01-08T15:23:08","guid":{"rendered":"https:\/\/kruze.ee\/product\/flex-gym-kott\/"},"modified":"2026-03-17T00:55:57","modified_gmt":"2026-03-16T21:55:57","slug":"flex-gym-kott","status":"publish","type":"product","link":"https:\/\/kruze.ee\/et\/toode\/flex-gym-kott\/","title":{"rendered":"Flex Gym kott"},"content":{"rendered":"<p>Paindlik ja praktiline XD Design Flex Gym kott on esimene seljakott, mis \u00fchendab \u00e4rikoti ja spordikoti \u00fches lahenduses. Seljakoti saab kiiresti muuta \u00e4ristiilist spordikotiks, laiendades esitasku mahutavust 16 liitrilt 24 liitrini. Vargusvastane disain ilma eesmise ligip\u00e4\u00e4suta ning peidetud lukud p\u00f5hisahtlis tagavad, et sinu professionaalsed seadmed on turvaliselt hoitud. Seljaosas asuvas RFID-kaitsega taskus saad ohutult hoiustada rahakotti, mobiiltelefoni v\u00f5i krediitkaarte<\/p>\n","protected":false},"excerpt":{"rendered":"<p>Paindlik ja praktiline XD Design Flex Gym kott on esimene seljakott, mis \u00fchendab \u00e4rikoti ja spordikoti \u00fches lahenduses. Seljakoti saab kiiresti muuta&#8230;<\/p>\n","protected":false},"featured_media":0,"template":"","meta":[],"product_brand":[],"product_cat":[5392],"product_tag":[],"class_list":{"0":"post-1432532","1":"product","2":"type-product","3":"status-publish","5":"product_cat-logoga-seljakotid","6":"pa_gender-uniseks","7":"pa_gender-unisex","11":"first","12":"instock","13":"purchasable","14":"product-type-simple"},"acf":[],"yoast_head":"<!-- This site is optimized with the Yoast SEO plugin v26.0 - https:\/\/yoast.com\/wordpress\/plugins\/seo\/ -->\n<title>Flex Gym kott - Kruze.ee<\/title>\n<meta name=\"robots\" content=\"index, follow, max-snippet:-1, max-image-preview:large, max-video-preview:-1\" \/>\n<link rel=\"canonical\" href=\"https:\/\/kruze.ee\/et\/toode\/flex-gym-kott\/\" \/>\n<meta property=\"og:locale\" content=\"et_EE\" \/>\n<meta property=\"og:type\" content=\"article\" \/>\n<meta property=\"og:title\" content=\"Flex Gym kott - Kruze.ee\" \/>\n<meta property=\"og:description\" content=\"Paindlik ja praktiline XD Design Flex Gym kott on esimene seljakott, mis \u00fchendab \u00e4rikoti ja spordikoti \u00fches lahenduses. Seljakoti saab kiiresti muuta...\" \/>\n<meta property=\"og:url\" content=\"https:\/\/kruze.ee\/et\/toode\/flex-gym-kott\/\" \/>\n<meta property=\"og:site_name\" content=\"Kruze.ee\" \/>\n<meta property=\"article:modified_time\" content=\"2026-03-16T21:55:57+00:00\" \/>\n<meta name=\"twitter:card\" content=\"summary_large_image\" \/>\n<script type=\"application\/ld+json\" class=\"yoast-schema-graph\">{\"@context\":\"https:\/\/schema.org\",\"@graph\":[{\"@type\":\"WebPage\",\"@id\":\"https:\/\/kruze.ee\/et\/toode\/flex-gym-kott\/\",\"url\":\"https:\/\/kruze.ee\/et\/toode\/flex-gym-kott\/\",\"name\":\"Flex Gym kott - Kruze.ee\",\"isPartOf\":{\"@id\":\"https:\/\/kruze.ee\/et\/#website\"},\"datePublished\":\"2026-01-08T15:23:08+00:00\",\"dateModified\":\"2026-03-16T21:55:57+00:00\",\"breadcrumb\":{\"@id\":\"https:\/\/kruze.ee\/et\/toode\/flex-gym-kott\/#breadcrumb\"},\"inLanguage\":\"et\",\"potentialAction\":[{\"@type\":\"ReadAction\",\"target\":[\"https:\/\/kruze.ee\/et\/toode\/flex-gym-kott\/\"]}]},{\"@type\":\"BreadcrumbList\",\"@id\":\"https:\/\/kruze.ee\/et\/toode\/flex-gym-kott\/#breadcrumb\",\"itemListElement\":[{\"@type\":\"ListItem\",\"position\":1,\"name\":\"Home\",\"item\":\"https:\/\/kruze.ee\/et\/\"},{\"@type\":\"ListItem\",\"position\":2,\"name\":\"Tooted\",\"item\":\"https:\/\/kruze.ee\/et\/tooted\/\"},{\"@type\":\"ListItem\",\"position\":3,\"name\":\"Flex Gym kott\"}]},{\"@type\":\"WebSite\",\"@id\":\"https:\/\/kruze.ee\/et\/#website\",\"url\":\"https:\/\/kruze.ee\/et\/\",\"name\":\"Kruze.ee\",\"description\":\"Reklaamkingitused, tr&uuml;kiga T-s&auml;rgid, fliisid, dressipluused, tekstiil, joped ja paljud teised logoga meened, &Auml;rikingitused sinu partnerile! Telli juba t&auml;na.\",\"potentialAction\":[{\"@type\":\"SearchAction\",\"target\":{\"@type\":\"EntryPoint\",\"urlTemplate\":\"https:\/\/kruze.ee\/et\/?s={search_term_string}\"},\"query-input\":{\"@type\":\"PropertyValueSpecification\",\"valueRequired\":true,\"valueName\":\"search_term_string\"}}],\"inLanguage\":\"et\"}]}<\/script>\n<!-- \/ Yoast SEO plugin. -->","yoast_head_json":{"title":"Flex Gym kott - Kruze.ee","robots":{"index":"index","follow":"follow","max-snippet":"max-snippet:-1","max-image-preview":"max-image-preview:large","max-video-preview":"max-video-preview:-1"},"canonical":"https:\/\/kruze.ee\/et\/toode\/flex-gym-kott\/","og_locale":"et_EE","og_type":"article","og_title":"Flex Gym kott - Kruze.ee","og_description":"Paindlik ja praktiline XD Design Flex Gym kott on esimene seljakott, mis \u00fchendab \u00e4rikoti ja spordikoti \u00fches lahenduses. Seljakoti saab kiiresti muuta...","og_url":"https:\/\/kruze.ee\/et\/toode\/flex-gym-kott\/","og_site_name":"Kruze.ee","article_modified_time":"2026-03-16T21:55:57+00:00","twitter_card":"summary_large_image","schema":{"@context":"https:\/\/schema.org","@graph":[{"@type":"WebPage","@id":"https:\/\/kruze.ee\/et\/toode\/flex-gym-kott\/","url":"https:\/\/kruze.ee\/et\/toode\/flex-gym-kott\/","name":"Flex Gym kott - Kruze.ee","isPartOf":{"@id":"https:\/\/kruze.ee\/et\/#website"},"datePublished":"2026-01-08T15:23:08+00:00","dateModified":"2026-03-16T21:55:57+00:00","breadcrumb":{"@id":"https:\/\/kruze.ee\/et\/toode\/flex-gym-kott\/#breadcrumb"},"inLanguage":"et","potentialAction":[{"@type":"ReadAction","target":["https:\/\/kruze.ee\/et\/toode\/flex-gym-kott\/"]}]},{"@type":"BreadcrumbList","@id":"https:\/\/kruze.ee\/et\/toode\/flex-gym-kott\/#breadcrumb","itemListElement":[{"@type":"ListItem","position":1,"name":"Home","item":"https:\/\/kruze.ee\/et\/"},{"@type":"ListItem","position":2,"name":"Tooted","item":"https:\/\/kruze.ee\/et\/tooted\/"},{"@type":"ListItem","position":3,"name":"Flex Gym kott"}]},{"@type":"WebSite","@id":"https:\/\/kruze.ee\/et\/#website","url":"https:\/\/kruze.ee\/et\/","name":"Kruze.ee","description":"Reklaamkingitused, tr&uuml;kiga T-s&auml;rgid, fliisid, dressipluused, tekstiil, joped ja paljud teised logoga meened, &Auml;rikingitused sinu partnerile! Telli juba t&auml;na.","potentialAction":[{"@type":"SearchAction","target":{"@type":"EntryPoint","urlTemplate":"https:\/\/kruze.ee\/et\/?s={search_term_string}"},"query-input":{"@type":"PropertyValueSpecification","valueRequired":true,"valueName":"search_term_string"}}],"inLanguage":"et"}]}},"_links":{"self":[{"href":"https:\/\/kruze.ee\/et\/wp-json\/wp\/v2\/product\/1432532","targetHints":{"allow":["GET"]}}],"collection":[{"href":"https:\/\/kruze.ee\/et\/wp-json\/wp\/v2\/product"}],"about":[{"href":"https:\/\/kruze.ee\/et\/wp-json\/wp\/v2\/types\/product"}],"wp:attachment":[{"href":"https:\/\/kruze.ee\/et\/wp-json\/wp\/v2\/media?parent=1432532"}],"wp:term":[{"taxonomy":"product_brand","embeddable":true,"href":"https:\/\/kruze.ee\/et\/wp-json\/wp\/v2\/product_brand?post=1432532"},{"taxonomy":"product_cat","embeddable":true,"href":"https:\/\/kruze.ee\/et\/wp-json\/wp\/v2\/product_cat?post=1432532"},{"taxonomy":"product_tag","embeddable":true,"href":"https:\/\/kruze.ee\/et\/wp-json\/wp\/v2\/product_tag?post=1432532"}],"curies":[{"name":"wp","href":"https:\/\/api.w.org\/{rel}","templated":true}]}}