{"id":1432526,"date":"2026-01-08T18:15:59","date_gmt":"2026-01-08T15:15:59","guid":{"rendered":"https:\/\/kruze.ee\/product\/vinga-bilton-rumbertoodeldud-materjalist-pleed\/"},"modified":"2026-03-17T00:48:34","modified_gmt":"2026-03-16T21:48:34","slug":"vinga-bilton-rumbertoodeldud-materjalist-pleed","status":"publish","type":"product","link":"https:\/\/kruze.ee\/et\/toode\/vinga-bilton-rumbertoodeldud-materjalist-pleed\/","title":{"rendered":"VINGA Bilton r\u00fcmbert\u00f6\u00f6deldud materjalist pleed"},"content":{"rendered":"<p>Kaunis meleeritud fliispleed, millest ei taha loobuda \u2013 olgu see m\u00f5nus suve\u00f5htu \u00f5ues v\u00f5i l\u00f5\u00f5gastumine kodudiivanil. Valmistatud 30% ulatuses taaskasutatud pol\u00fcesterkiust. T\u00e4nu pleedi pikal k\u00fcljel olevale diskreetsele n\u00f6\u00f6bile saab selle h\u00f5lpsasti muuta praktiliseks pont\u0161oks. OEKO-TEX\u00ae Standard 100 t\u00e4hendab, et pleedi materjal vastab mitmetele rangetele tooteohutuse kriteeriumidele.<\/p>\n","protected":false},"excerpt":{"rendered":"<p>Kaunis meleeritud fliispleed, millest ei taha loobuda \u2013 olgu see m\u00f5nus suve\u00f5htu \u00f5ues v\u00f5i l\u00f5\u00f5gastumine kodudiivanil. Valmistatud 30% ulatuses taaskasutatud&#8230;<\/p>\n","protected":false},"featured_media":0,"template":"","meta":[],"product_brand":[],"product_cat":[15076],"product_tag":[],"class_list":{"0":"post-1432526","1":"product","2":"type-product","3":"status-publish","5":"product_cat-pleedid","6":"pa_brand-vinga-2","7":"pa_color-beez","8":"pa_color-hall","9":"pa_color-roheline","10":"pa_gender-uniseks","11":"pa_gender-unisex","14":"pa_material-rpet","16":"first","17":"instock","18":"taxable","19":"shipping-taxable","20":"purchasable","21":"product-type-variable"},"acf":[],"yoast_head":"<!-- This site is optimized with the Yoast SEO plugin v26.0 - https:\/\/yoast.com\/wordpress\/plugins\/seo\/ -->\n<title>VINGA Bilton r\u00fcmbert\u00f6\u00f6deldud materjalist pleed - Kruze.ee<\/title>\n<meta name=\"robots\" content=\"index, follow, max-snippet:-1, max-image-preview:large, max-video-preview:-1\" \/>\n<link rel=\"canonical\" href=\"https:\/\/kruze.ee\/et\/toode\/vinga-bilton-rumbertoodeldud-materjalist-pleed\/\" \/>\n<meta property=\"og:locale\" content=\"et_EE\" \/>\n<meta property=\"og:type\" content=\"article\" \/>\n<meta property=\"og:title\" content=\"VINGA Bilton r\u00fcmbert\u00f6\u00f6deldud materjalist pleed - Kruze.ee\" \/>\n<meta property=\"og:description\" content=\"Kaunis meleeritud fliispleed, millest ei taha loobuda \u2013 olgu see m\u00f5nus suve\u00f5htu \u00f5ues v\u00f5i l\u00f5\u00f5gastumine kodudiivanil. Valmistatud 30% ulatuses taaskasutatud...\" \/>\n<meta property=\"og:url\" content=\"https:\/\/kruze.ee\/et\/toode\/vinga-bilton-rumbertoodeldud-materjalist-pleed\/\" \/>\n<meta property=\"og:site_name\" content=\"Kruze.ee\" \/>\n<meta property=\"article:modified_time\" content=\"2026-03-16T21:48:34+00:00\" \/>\n<meta name=\"twitter:card\" content=\"summary_large_image\" \/>\n<script type=\"application\/ld+json\" class=\"yoast-schema-graph\">{\"@context\":\"https:\/\/schema.org\",\"@graph\":[{\"@type\":\"WebPage\",\"@id\":\"https:\/\/kruze.ee\/et\/toode\/vinga-bilton-rumbertoodeldud-materjalist-pleed\/\",\"url\":\"https:\/\/kruze.ee\/et\/toode\/vinga-bilton-rumbertoodeldud-materjalist-pleed\/\",\"name\":\"VINGA Bilton r\u00fcmbert\u00f6\u00f6deldud materjalist pleed - Kruze.ee\",\"isPartOf\":{\"@id\":\"https:\/\/kruze.ee\/et\/#website\"},\"datePublished\":\"2026-01-08T15:15:59+00:00\",\"dateModified\":\"2026-03-16T21:48:34+00:00\",\"breadcrumb\":{\"@id\":\"https:\/\/kruze.ee\/et\/toode\/vinga-bilton-rumbertoodeldud-materjalist-pleed\/#breadcrumb\"},\"inLanguage\":\"et\",\"potentialAction\":[{\"@type\":\"ReadAction\",\"target\":[\"https:\/\/kruze.ee\/et\/toode\/vinga-bilton-rumbertoodeldud-materjalist-pleed\/\"]}]},{\"@type\":\"BreadcrumbList\",\"@id\":\"https:\/\/kruze.ee\/et\/toode\/vinga-bilton-rumbertoodeldud-materjalist-pleed\/#breadcrumb\",\"itemListElement\":[{\"@type\":\"ListItem\",\"position\":1,\"name\":\"Home\",\"item\":\"https:\/\/kruze.ee\/et\/\"},{\"@type\":\"ListItem\",\"position\":2,\"name\":\"Tooted\",\"item\":\"https:\/\/kruze.ee\/et\/tooted\/\"},{\"@type\":\"ListItem\",\"position\":3,\"name\":\"VINGA Bilton r\u00fcmbert\u00f6\u00f6deldud materjalist pleed\"}]},{\"@type\":\"WebSite\",\"@id\":\"https:\/\/kruze.ee\/et\/#website\",\"url\":\"https:\/\/kruze.ee\/et\/\",\"name\":\"Kruze.ee\",\"description\":\"Reklaamkingitused, tr&uuml;kiga T-s&auml;rgid, fliisid, dressipluused, tekstiil, joped ja paljud teised logoga meened, &Auml;rikingitused sinu partnerile! Telli juba t&auml;na.\",\"potentialAction\":[{\"@type\":\"SearchAction\",\"target\":{\"@type\":\"EntryPoint\",\"urlTemplate\":\"https:\/\/kruze.ee\/et\/?s={search_term_string}\"},\"query-input\":{\"@type\":\"PropertyValueSpecification\",\"valueRequired\":true,\"valueName\":\"search_term_string\"}}],\"inLanguage\":\"et\"}]}<\/script>\n<!-- \/ Yoast SEO plugin. -->","yoast_head_json":{"title":"VINGA Bilton r\u00fcmbert\u00f6\u00f6deldud materjalist pleed - Kruze.ee","robots":{"index":"index","follow":"follow","max-snippet":"max-snippet:-1","max-image-preview":"max-image-preview:large","max-video-preview":"max-video-preview:-1"},"canonical":"https:\/\/kruze.ee\/et\/toode\/vinga-bilton-rumbertoodeldud-materjalist-pleed\/","og_locale":"et_EE","og_type":"article","og_title":"VINGA Bilton r\u00fcmbert\u00f6\u00f6deldud materjalist pleed - Kruze.ee","og_description":"Kaunis meleeritud fliispleed, millest ei taha loobuda \u2013 olgu see m\u00f5nus suve\u00f5htu \u00f5ues v\u00f5i l\u00f5\u00f5gastumine kodudiivanil. Valmistatud 30% ulatuses taaskasutatud...","og_url":"https:\/\/kruze.ee\/et\/toode\/vinga-bilton-rumbertoodeldud-materjalist-pleed\/","og_site_name":"Kruze.ee","article_modified_time":"2026-03-16T21:48:34+00:00","twitter_card":"summary_large_image","schema":{"@context":"https:\/\/schema.org","@graph":[{"@type":"WebPage","@id":"https:\/\/kruze.ee\/et\/toode\/vinga-bilton-rumbertoodeldud-materjalist-pleed\/","url":"https:\/\/kruze.ee\/et\/toode\/vinga-bilton-rumbertoodeldud-materjalist-pleed\/","name":"VINGA Bilton r\u00fcmbert\u00f6\u00f6deldud materjalist pleed - Kruze.ee","isPartOf":{"@id":"https:\/\/kruze.ee\/et\/#website"},"datePublished":"2026-01-08T15:15:59+00:00","dateModified":"2026-03-16T21:48:34+00:00","breadcrumb":{"@id":"https:\/\/kruze.ee\/et\/toode\/vinga-bilton-rumbertoodeldud-materjalist-pleed\/#breadcrumb"},"inLanguage":"et","potentialAction":[{"@type":"ReadAction","target":["https:\/\/kruze.ee\/et\/toode\/vinga-bilton-rumbertoodeldud-materjalist-pleed\/"]}]},{"@type":"BreadcrumbList","@id":"https:\/\/kruze.ee\/et\/toode\/vinga-bilton-rumbertoodeldud-materjalist-pleed\/#breadcrumb","itemListElement":[{"@type":"ListItem","position":1,"name":"Home","item":"https:\/\/kruze.ee\/et\/"},{"@type":"ListItem","position":2,"name":"Tooted","item":"https:\/\/kruze.ee\/et\/tooted\/"},{"@type":"ListItem","position":3,"name":"VINGA Bilton r\u00fcmbert\u00f6\u00f6deldud materjalist pleed"}]},{"@type":"WebSite","@id":"https:\/\/kruze.ee\/et\/#website","url":"https:\/\/kruze.ee\/et\/","name":"Kruze.ee","description":"Reklaamkingitused, tr&uuml;kiga T-s&auml;rgid, fliisid, dressipluused, tekstiil, joped ja paljud teised logoga meened, &Auml;rikingitused sinu partnerile! Telli juba t&auml;na.","potentialAction":[{"@type":"SearchAction","target":{"@type":"EntryPoint","urlTemplate":"https:\/\/kruze.ee\/et\/?s={search_term_string}"},"query-input":{"@type":"PropertyValueSpecification","valueRequired":true,"valueName":"search_term_string"}}],"inLanguage":"et"}]}},"_links":{"self":[{"href":"https:\/\/kruze.ee\/et\/wp-json\/wp\/v2\/product\/1432526","targetHints":{"allow":["GET"]}}],"collection":[{"href":"https:\/\/kruze.ee\/et\/wp-json\/wp\/v2\/product"}],"about":[{"href":"https:\/\/kruze.ee\/et\/wp-json\/wp\/v2\/types\/product"}],"wp:attachment":[{"href":"https:\/\/kruze.ee\/et\/wp-json\/wp\/v2\/media?parent=1432526"}],"wp:term":[{"taxonomy":"product_brand","embeddable":true,"href":"https:\/\/kruze.ee\/et\/wp-json\/wp\/v2\/product_brand?post=1432526"},{"taxonomy":"product_cat","embeddable":true,"href":"https:\/\/kruze.ee\/et\/wp-json\/wp\/v2\/product_cat?post=1432526"},{"taxonomy":"product_tag","embeddable":true,"href":"https:\/\/kruze.ee\/et\/wp-json\/wp\/v2\/product_tag?post=1432526"}],"curies":[{"name":"wp","href":"https:\/\/api.w.org\/{rel}","templated":true}]}}