{"id":1432510,"date":"2026-01-08T18:06:46","date_gmt":"2026-01-08T15:06:46","guid":{"rendered":"https:\/\/kruze.ee\/product\/vinga-louis-luxury-plush-grs-rpet-hommikumantel-suurus-s-m\/"},"modified":"2026-03-17T00:48:46","modified_gmt":"2026-03-16T21:48:46","slug":"vinga-louis-luxury-plush-grs-rpet-hommikumantel-suurus-s-m","status":"publish","type":"product","link":"https:\/\/kruze.ee\/et\/toode\/vinga-louis-luxury-plush-grs-rpet-hommikumantel-suurus-s-m\/","title":{"rendered":"VINGA Louis luxury plush GRS RPET hommikumantel suurus S-M"},"content":{"rendered":"<p>Pehme ja mugav hommikumantel luksuslikust pl\u00fc\u00fcs-materjalist, millel on suur kapuuts ja dekoratiivne kant. Mantlil on kaks esitaskut ning v\u00f6\u00f6kohal reguleeritav v\u00f6\u00f6. Hommikumantel on valmistatud 70% ulatuses taaskasutatud PET-pudelitest.<\/p>\n<p>Kuna me ei soovi transportida \u00f5hku, on toode vaakumpakendatud, et v\u00e4hendada transpordimahtu ja s\u00fcsinikujalaj\u00e4lge. OEKO-TEX\u00ae Standard 100 t\u00e4hendab, et hommikumantli materjal vastab mitmetele rangetele tooteohutuse kriteeriumidele.<\/p>\n","protected":false},"excerpt":{"rendered":"<p>Pehme ja mugav hommikumantel luksuslikust pl\u00fc\u00fcs-materjalist, millel on suur kapuuts ja dekoratiivne kant. Mantlil on kaks esitaskut ning v\u00f6\u00f6kohal reguleeritav&#8230;<\/p>\n","protected":false},"featured_media":0,"template":"","meta":[],"product_brand":[],"product_cat":[5435],"product_tag":[],"class_list":{"0":"post-1432510","1":"product","2":"type-product","3":"status-publish","5":"product_cat-ratikud-ja-hommikumantlid","6":"pa_brand-vinga-2","7":"pa_color-hall","8":"pa_color-roheline","9":"pa_color-blue-2","10":"pa_gender-mehed","11":"pa_gender-men","12":"pa_material-rpet","14":"first","15":"instock","16":"taxable","17":"shipping-taxable","18":"purchasable","19":"product-type-variable"},"acf":[],"yoast_head":"<!-- This site is optimized with the Yoast SEO plugin v26.0 - https:\/\/yoast.com\/wordpress\/plugins\/seo\/ -->\n<title>VINGA Louis luxury plush GRS RPET hommikumantel suurus S-M - Kruze.ee<\/title>\n<meta name=\"robots\" content=\"index, follow, max-snippet:-1, max-image-preview:large, max-video-preview:-1\" \/>\n<link rel=\"canonical\" href=\"https:\/\/kruze.ee\/et\/toode\/vinga-louis-luxury-plush-grs-rpet-hommikumantel-suurus-s-m\/\" \/>\n<meta property=\"og:locale\" content=\"et_EE\" \/>\n<meta property=\"og:type\" content=\"article\" \/>\n<meta property=\"og:title\" content=\"VINGA Louis luxury plush GRS RPET hommikumantel suurus S-M - Kruze.ee\" \/>\n<meta property=\"og:description\" content=\"Pehme ja mugav hommikumantel luksuslikust pl\u00fc\u00fcs-materjalist, millel on suur kapuuts ja dekoratiivne kant. Mantlil on kaks esitaskut ning v\u00f6\u00f6kohal reguleeritav...\" \/>\n<meta property=\"og:url\" content=\"https:\/\/kruze.ee\/et\/toode\/vinga-louis-luxury-plush-grs-rpet-hommikumantel-suurus-s-m\/\" \/>\n<meta property=\"og:site_name\" content=\"Kruze.ee\" \/>\n<meta property=\"article:modified_time\" content=\"2026-03-16T21:48:46+00:00\" \/>\n<meta name=\"twitter:card\" content=\"summary_large_image\" \/>\n<script type=\"application\/ld+json\" class=\"yoast-schema-graph\">{\"@context\":\"https:\/\/schema.org\",\"@graph\":[{\"@type\":\"WebPage\",\"@id\":\"https:\/\/kruze.ee\/et\/toode\/vinga-louis-luxury-plush-grs-rpet-hommikumantel-suurus-s-m\/\",\"url\":\"https:\/\/kruze.ee\/et\/toode\/vinga-louis-luxury-plush-grs-rpet-hommikumantel-suurus-s-m\/\",\"name\":\"VINGA Louis luxury plush GRS RPET hommikumantel suurus S-M - Kruze.ee\",\"isPartOf\":{\"@id\":\"https:\/\/kruze.ee\/et\/#website\"},\"datePublished\":\"2026-01-08T15:06:46+00:00\",\"dateModified\":\"2026-03-16T21:48:46+00:00\",\"breadcrumb\":{\"@id\":\"https:\/\/kruze.ee\/et\/toode\/vinga-louis-luxury-plush-grs-rpet-hommikumantel-suurus-s-m\/#breadcrumb\"},\"inLanguage\":\"et\",\"potentialAction\":[{\"@type\":\"ReadAction\",\"target\":[\"https:\/\/kruze.ee\/et\/toode\/vinga-louis-luxury-plush-grs-rpet-hommikumantel-suurus-s-m\/\"]}]},{\"@type\":\"BreadcrumbList\",\"@id\":\"https:\/\/kruze.ee\/et\/toode\/vinga-louis-luxury-plush-grs-rpet-hommikumantel-suurus-s-m\/#breadcrumb\",\"itemListElement\":[{\"@type\":\"ListItem\",\"position\":1,\"name\":\"Home\",\"item\":\"https:\/\/kruze.ee\/et\/\"},{\"@type\":\"ListItem\",\"position\":2,\"name\":\"Tooted\",\"item\":\"https:\/\/kruze.ee\/et\/tooted\/\"},{\"@type\":\"ListItem\",\"position\":3,\"name\":\"VINGA Louis luxury plush GRS RPET hommikumantel suurus S-M\"}]},{\"@type\":\"WebSite\",\"@id\":\"https:\/\/kruze.ee\/et\/#website\",\"url\":\"https:\/\/kruze.ee\/et\/\",\"name\":\"Kruze.ee\",\"description\":\"Reklaamkingitused, tr&uuml;kiga T-s&auml;rgid, fliisid, dressipluused, tekstiil, joped ja paljud teised logoga meened, &Auml;rikingitused sinu partnerile! Telli juba t&auml;na.\",\"potentialAction\":[{\"@type\":\"SearchAction\",\"target\":{\"@type\":\"EntryPoint\",\"urlTemplate\":\"https:\/\/kruze.ee\/et\/?s={search_term_string}\"},\"query-input\":{\"@type\":\"PropertyValueSpecification\",\"valueRequired\":true,\"valueName\":\"search_term_string\"}}],\"inLanguage\":\"et\"}]}<\/script>\n<!-- \/ Yoast SEO plugin. -->","yoast_head_json":{"title":"VINGA Louis luxury plush GRS RPET hommikumantel suurus S-M - Kruze.ee","robots":{"index":"index","follow":"follow","max-snippet":"max-snippet:-1","max-image-preview":"max-image-preview:large","max-video-preview":"max-video-preview:-1"},"canonical":"https:\/\/kruze.ee\/et\/toode\/vinga-louis-luxury-plush-grs-rpet-hommikumantel-suurus-s-m\/","og_locale":"et_EE","og_type":"article","og_title":"VINGA Louis luxury plush GRS RPET hommikumantel suurus S-M - Kruze.ee","og_description":"Pehme ja mugav hommikumantel luksuslikust pl\u00fc\u00fcs-materjalist, millel on suur kapuuts ja dekoratiivne kant. Mantlil on kaks esitaskut ning v\u00f6\u00f6kohal reguleeritav...","og_url":"https:\/\/kruze.ee\/et\/toode\/vinga-louis-luxury-plush-grs-rpet-hommikumantel-suurus-s-m\/","og_site_name":"Kruze.ee","article_modified_time":"2026-03-16T21:48:46+00:00","twitter_card":"summary_large_image","schema":{"@context":"https:\/\/schema.org","@graph":[{"@type":"WebPage","@id":"https:\/\/kruze.ee\/et\/toode\/vinga-louis-luxury-plush-grs-rpet-hommikumantel-suurus-s-m\/","url":"https:\/\/kruze.ee\/et\/toode\/vinga-louis-luxury-plush-grs-rpet-hommikumantel-suurus-s-m\/","name":"VINGA Louis luxury plush GRS RPET hommikumantel suurus S-M - Kruze.ee","isPartOf":{"@id":"https:\/\/kruze.ee\/et\/#website"},"datePublished":"2026-01-08T15:06:46+00:00","dateModified":"2026-03-16T21:48:46+00:00","breadcrumb":{"@id":"https:\/\/kruze.ee\/et\/toode\/vinga-louis-luxury-plush-grs-rpet-hommikumantel-suurus-s-m\/#breadcrumb"},"inLanguage":"et","potentialAction":[{"@type":"ReadAction","target":["https:\/\/kruze.ee\/et\/toode\/vinga-louis-luxury-plush-grs-rpet-hommikumantel-suurus-s-m\/"]}]},{"@type":"BreadcrumbList","@id":"https:\/\/kruze.ee\/et\/toode\/vinga-louis-luxury-plush-grs-rpet-hommikumantel-suurus-s-m\/#breadcrumb","itemListElement":[{"@type":"ListItem","position":1,"name":"Home","item":"https:\/\/kruze.ee\/et\/"},{"@type":"ListItem","position":2,"name":"Tooted","item":"https:\/\/kruze.ee\/et\/tooted\/"},{"@type":"ListItem","position":3,"name":"VINGA Louis luxury plush GRS RPET hommikumantel suurus S-M"}]},{"@type":"WebSite","@id":"https:\/\/kruze.ee\/et\/#website","url":"https:\/\/kruze.ee\/et\/","name":"Kruze.ee","description":"Reklaamkingitused, tr&uuml;kiga T-s&auml;rgid, fliisid, dressipluused, tekstiil, joped ja paljud teised logoga meened, &Auml;rikingitused sinu partnerile! Telli juba t&auml;na.","potentialAction":[{"@type":"SearchAction","target":{"@type":"EntryPoint","urlTemplate":"https:\/\/kruze.ee\/et\/?s={search_term_string}"},"query-input":{"@type":"PropertyValueSpecification","valueRequired":true,"valueName":"search_term_string"}}],"inLanguage":"et"}]}},"_links":{"self":[{"href":"https:\/\/kruze.ee\/et\/wp-json\/wp\/v2\/product\/1432510","targetHints":{"allow":["GET"]}}],"collection":[{"href":"https:\/\/kruze.ee\/et\/wp-json\/wp\/v2\/product"}],"about":[{"href":"https:\/\/kruze.ee\/et\/wp-json\/wp\/v2\/types\/product"}],"wp:attachment":[{"href":"https:\/\/kruze.ee\/et\/wp-json\/wp\/v2\/media?parent=1432510"}],"wp:term":[{"taxonomy":"product_brand","embeddable":true,"href":"https:\/\/kruze.ee\/et\/wp-json\/wp\/v2\/product_brand?post=1432510"},{"taxonomy":"product_cat","embeddable":true,"href":"https:\/\/kruze.ee\/et\/wp-json\/wp\/v2\/product_cat?post=1432510"},{"taxonomy":"product_tag","embeddable":true,"href":"https:\/\/kruze.ee\/et\/wp-json\/wp\/v2\/product_tag?post=1432510"}],"curies":[{"name":"wp","href":"https:\/\/api.w.org\/{rel}","templated":true}]}}