{"id":1432508,"date":"2026-01-08T18:06:41","date_gmt":"2026-01-08T15:06:41","guid":{"rendered":"https:\/\/kruze.ee\/product\/vinga-sheep-grs-recycled-pet-pleed\/"},"modified":"2026-03-17T00:48:45","modified_gmt":"2026-03-16T21:48:45","slug":"vinga-sheep-grs-recycled-pet-pleed","status":"publish","type":"product","link":"https:\/\/kruze.ee\/et\/toode\/vinga-sheep-grs-recycled-pet-pleed\/","title":{"rendered":"VINGA Sheep GRS recycled PET pleed"},"content":{"rendered":"<p>Pehme ja kohev pleed kvaliteetsest sherpa-kangast (500 g\/m\u00b2). Pleed on valmistatud 70% ulatuses taaskasutatud PET-pudelitest. Kangale on tr\u00fckitud Bj\u00f6rkforth Rotori disainitud lambamuster ning teisel poolel on atraktiivne sobiv hall sherpa-viimistlus. Kuna me ei soovi transportida \u00f5hku, on pleed vaakumpakendatud, et v\u00e4hendada transpordimahtu ja s\u00fcsinikujalaj\u00e4lge. OEKO-TEX\u00ae Standard 100 t\u00e4hendab, et kasutatud kangad vastavad mitmetele rangetele tooteohutuse kriteeriumidele. Toode on GRS-sertifitseeritud (Global Recycled Standard) \u2013 see tagab, et taaskasutatud materjalide sisaldus on kontrollitud ning kogu tarneahel on j\u00e4lgitav ja vastab keskkonna- ja sotsiaalsetele n\u00f5uetele.<\/p>\n","protected":false},"excerpt":{"rendered":"<p>Pehme ja kohev pleed kvaliteetsest sherpa-kangast (500 g\/m\u00b2). Pleed on valmistatud 70% ulatuses taaskasutatud PET-pudelitest. Kangale on tr\u00fckitud Bj\u00f6rkforth&#8230;<\/p>\n","protected":false},"featured_media":0,"template":"","meta":[],"product_brand":[],"product_cat":[15076],"product_tag":[],"class_list":{"0":"post-1432508","1":"product","2":"type-product","3":"status-publish","5":"product_cat-pleedid","6":"pa_gender-uniseks","7":"pa_gender-unisex","11":"first","12":"instock","13":"purchasable","14":"product-type-simple"},"acf":[],"yoast_head":"<!-- This site is optimized with the Yoast SEO plugin v26.0 - https:\/\/yoast.com\/wordpress\/plugins\/seo\/ -->\n<title>VINGA Sheep GRS recycled PET pleed - Kruze.ee<\/title>\n<meta name=\"robots\" content=\"index, follow, max-snippet:-1, max-image-preview:large, max-video-preview:-1\" \/>\n<link rel=\"canonical\" href=\"https:\/\/kruze.ee\/et\/toode\/vinga-sheep-grs-recycled-pet-pleed\/\" \/>\n<meta property=\"og:locale\" content=\"et_EE\" \/>\n<meta property=\"og:type\" content=\"article\" \/>\n<meta property=\"og:title\" content=\"VINGA Sheep GRS recycled PET pleed - Kruze.ee\" \/>\n<meta property=\"og:description\" content=\"Pehme ja kohev pleed kvaliteetsest sherpa-kangast (500 g\/m\u00b2). Pleed on valmistatud 70% ulatuses taaskasutatud PET-pudelitest. Kangale on tr\u00fckitud Bj\u00f6rkforth...\" \/>\n<meta property=\"og:url\" content=\"https:\/\/kruze.ee\/et\/toode\/vinga-sheep-grs-recycled-pet-pleed\/\" \/>\n<meta property=\"og:site_name\" content=\"Kruze.ee\" \/>\n<meta property=\"article:modified_time\" content=\"2026-03-16T21:48:45+00:00\" \/>\n<meta name=\"twitter:card\" content=\"summary_large_image\" \/>\n<meta name=\"twitter:label1\" content=\"Est. reading time\" \/>\n\t<meta name=\"twitter:data1\" content=\"1 minut\" \/>\n<script type=\"application\/ld+json\" class=\"yoast-schema-graph\">{\"@context\":\"https:\/\/schema.org\",\"@graph\":[{\"@type\":\"WebPage\",\"@id\":\"https:\/\/kruze.ee\/et\/toode\/vinga-sheep-grs-recycled-pet-pleed\/\",\"url\":\"https:\/\/kruze.ee\/et\/toode\/vinga-sheep-grs-recycled-pet-pleed\/\",\"name\":\"VINGA Sheep GRS recycled PET pleed - Kruze.ee\",\"isPartOf\":{\"@id\":\"https:\/\/kruze.ee\/et\/#website\"},\"datePublished\":\"2026-01-08T15:06:41+00:00\",\"dateModified\":\"2026-03-16T21:48:45+00:00\",\"breadcrumb\":{\"@id\":\"https:\/\/kruze.ee\/et\/toode\/vinga-sheep-grs-recycled-pet-pleed\/#breadcrumb\"},\"inLanguage\":\"et\",\"potentialAction\":[{\"@type\":\"ReadAction\",\"target\":[\"https:\/\/kruze.ee\/et\/toode\/vinga-sheep-grs-recycled-pet-pleed\/\"]}]},{\"@type\":\"BreadcrumbList\",\"@id\":\"https:\/\/kruze.ee\/et\/toode\/vinga-sheep-grs-recycled-pet-pleed\/#breadcrumb\",\"itemListElement\":[{\"@type\":\"ListItem\",\"position\":1,\"name\":\"Home\",\"item\":\"https:\/\/kruze.ee\/et\/\"},{\"@type\":\"ListItem\",\"position\":2,\"name\":\"Tooted\",\"item\":\"https:\/\/kruze.ee\/et\/tooted\/\"},{\"@type\":\"ListItem\",\"position\":3,\"name\":\"VINGA Sheep GRS recycled PET pleed\"}]},{\"@type\":\"WebSite\",\"@id\":\"https:\/\/kruze.ee\/et\/#website\",\"url\":\"https:\/\/kruze.ee\/et\/\",\"name\":\"Kruze.ee\",\"description\":\"Reklaamkingitused, tr&uuml;kiga T-s&auml;rgid, fliisid, dressipluused, tekstiil, joped ja paljud teised logoga meened, &Auml;rikingitused sinu partnerile! Telli juba t&auml;na.\",\"potentialAction\":[{\"@type\":\"SearchAction\",\"target\":{\"@type\":\"EntryPoint\",\"urlTemplate\":\"https:\/\/kruze.ee\/et\/?s={search_term_string}\"},\"query-input\":{\"@type\":\"PropertyValueSpecification\",\"valueRequired\":true,\"valueName\":\"search_term_string\"}}],\"inLanguage\":\"et\"}]}<\/script>\n<!-- \/ Yoast SEO plugin. -->","yoast_head_json":{"title":"VINGA Sheep GRS recycled PET pleed - Kruze.ee","robots":{"index":"index","follow":"follow","max-snippet":"max-snippet:-1","max-image-preview":"max-image-preview:large","max-video-preview":"max-video-preview:-1"},"canonical":"https:\/\/kruze.ee\/et\/toode\/vinga-sheep-grs-recycled-pet-pleed\/","og_locale":"et_EE","og_type":"article","og_title":"VINGA Sheep GRS recycled PET pleed - Kruze.ee","og_description":"Pehme ja kohev pleed kvaliteetsest sherpa-kangast (500 g\/m\u00b2). Pleed on valmistatud 70% ulatuses taaskasutatud PET-pudelitest. Kangale on tr\u00fckitud Bj\u00f6rkforth...","og_url":"https:\/\/kruze.ee\/et\/toode\/vinga-sheep-grs-recycled-pet-pleed\/","og_site_name":"Kruze.ee","article_modified_time":"2026-03-16T21:48:45+00:00","twitter_card":"summary_large_image","twitter_misc":{"Est. reading time":"1 minut"},"schema":{"@context":"https:\/\/schema.org","@graph":[{"@type":"WebPage","@id":"https:\/\/kruze.ee\/et\/toode\/vinga-sheep-grs-recycled-pet-pleed\/","url":"https:\/\/kruze.ee\/et\/toode\/vinga-sheep-grs-recycled-pet-pleed\/","name":"VINGA Sheep GRS recycled PET pleed - Kruze.ee","isPartOf":{"@id":"https:\/\/kruze.ee\/et\/#website"},"datePublished":"2026-01-08T15:06:41+00:00","dateModified":"2026-03-16T21:48:45+00:00","breadcrumb":{"@id":"https:\/\/kruze.ee\/et\/toode\/vinga-sheep-grs-recycled-pet-pleed\/#breadcrumb"},"inLanguage":"et","potentialAction":[{"@type":"ReadAction","target":["https:\/\/kruze.ee\/et\/toode\/vinga-sheep-grs-recycled-pet-pleed\/"]}]},{"@type":"BreadcrumbList","@id":"https:\/\/kruze.ee\/et\/toode\/vinga-sheep-grs-recycled-pet-pleed\/#breadcrumb","itemListElement":[{"@type":"ListItem","position":1,"name":"Home","item":"https:\/\/kruze.ee\/et\/"},{"@type":"ListItem","position":2,"name":"Tooted","item":"https:\/\/kruze.ee\/et\/tooted\/"},{"@type":"ListItem","position":3,"name":"VINGA Sheep GRS recycled PET pleed"}]},{"@type":"WebSite","@id":"https:\/\/kruze.ee\/et\/#website","url":"https:\/\/kruze.ee\/et\/","name":"Kruze.ee","description":"Reklaamkingitused, tr&uuml;kiga T-s&auml;rgid, fliisid, dressipluused, tekstiil, joped ja paljud teised logoga meened, &Auml;rikingitused sinu partnerile! Telli juba t&auml;na.","potentialAction":[{"@type":"SearchAction","target":{"@type":"EntryPoint","urlTemplate":"https:\/\/kruze.ee\/et\/?s={search_term_string}"},"query-input":{"@type":"PropertyValueSpecification","valueRequired":true,"valueName":"search_term_string"}}],"inLanguage":"et"}]}},"_links":{"self":[{"href":"https:\/\/kruze.ee\/et\/wp-json\/wp\/v2\/product\/1432508","targetHints":{"allow":["GET"]}}],"collection":[{"href":"https:\/\/kruze.ee\/et\/wp-json\/wp\/v2\/product"}],"about":[{"href":"https:\/\/kruze.ee\/et\/wp-json\/wp\/v2\/types\/product"}],"wp:attachment":[{"href":"https:\/\/kruze.ee\/et\/wp-json\/wp\/v2\/media?parent=1432508"}],"wp:term":[{"taxonomy":"product_brand","embeddable":true,"href":"https:\/\/kruze.ee\/et\/wp-json\/wp\/v2\/product_brand?post=1432508"},{"taxonomy":"product_cat","embeddable":true,"href":"https:\/\/kruze.ee\/et\/wp-json\/wp\/v2\/product_cat?post=1432508"},{"taxonomy":"product_tag","embeddable":true,"href":"https:\/\/kruze.ee\/et\/wp-json\/wp\/v2\/product_tag?post=1432508"}],"curies":[{"name":"wp","href":"https:\/\/api.w.org\/{rel}","templated":true}]}}