{"id":1432490,"date":"2026-01-08T09:05:36","date_gmt":"2026-01-08T06:05:36","guid":{"rendered":"https:\/\/kruze.ee\/product\/madras-blend-140-g-m%c2%b2-grs-taaskasutatud-puuvillast-ostukott-7-l\/"},"modified":"2026-03-17T01:25:44","modified_gmt":"2026-03-16T22:25:44","slug":"madras-blend-140-g-m%c2%b2-grs-taaskasutatud-puuvillast-ostukott-7-l","status":"publish","type":"product","link":"https:\/\/kruze.ee\/et\/toode\/madras-blend-140-g-m%c2%b2-grs-taaskasutatud-puuvillast-ostukott-7-l\/","title":{"rendered":"Madras Blend 140 g\/m\u00b2 GRS taaskasutatud puuvillast ostukott, 7 L"},"content":{"rendered":"<p>Madras Blend ostukott on valmistatud 60% GRS sertifitseeritud taaskasutatud puuvillast ja 40% GRS sertifitseeritud RPET-ist, mist\u00f5ttu on see ideaalne valik jagamiseks \u00fcritustel ja konverentsidel v\u00f5i igap\u00e4evaseks ostukotiks v\u00e4iksemate ostude tegemisel. 140 g\/m\u00b2 puuvillane kangas muudab koti vastupidavaks ja pikaealiseks ning sobivaks ka raskemate esemete kandmiseks p\u00f5hiosakonnas. 30 cm pikkused \u00f5larihmad tagavad mugava kandmise. Koti puhul kasutatavad tr\u00fckimeetodid on samuti GRS sertifitseeritud, mis tagab kogu tarneahela l\u00e4bipaistvuse ja vastavuse keskkonnastandarditele. Toode on valmistatud Indias. Koti kandev\u00f5ime on kuni 5 kg ja mahutavus 7 liitrit.<\/p>\n","protected":false},"excerpt":{"rendered":"<p>Madras Blend ostukott on valmistatud 60% GRS sertifitseeritud taaskasutatud puuvillast ja 40% GRS sertifitseeritud RPET-ist, mist\u00f5ttu on see ideaalne valik&#8230;<\/p>\n","protected":false},"featured_media":0,"template":"","meta":[],"product_brand":[],"product_cat":[5391],"product_tag":[],"class_list":{"0":"post-1432490","1":"product","2":"type-product","3":"status-publish","5":"product_cat-poekotid-kotid","6":"pa_brand-unbranded","7":"pa_color-hall","8":"pa_color-purple-2","9":"pa_color-black-2","10":"pa_color-punane","11":"pa_color-royalsinine","12":"pa_color-tumesinine","13":"pa_color-valge","14":"pa_gender-mehed","15":"pa_gender-men","16":"pa_material-60-grs-certified-recycled-cotton-and-40-grs-certified-recycled-polyester-140-gm2","18":"first","19":"instock","20":"taxable","21":"shipping-taxable","22":"purchasable","23":"product-type-variable"},"acf":[],"yoast_head":"<!-- This site is optimized with the Yoast SEO plugin v26.0 - https:\/\/yoast.com\/wordpress\/plugins\/seo\/ -->\n<title>Madras Blend 140 g\/m\u00b2 GRS taaskasutatud puuvillast ostukott, 7 L - Kruze.ee<\/title>\n<meta name=\"robots\" content=\"index, follow, max-snippet:-1, max-image-preview:large, max-video-preview:-1\" \/>\n<link rel=\"canonical\" href=\"https:\/\/kruze.ee\/et\/toode\/madras-blend-140-g-m\u00b2-grs-taaskasutatud-puuvillast-ostukott-7-l\/\" \/>\n<meta property=\"og:locale\" content=\"et_EE\" \/>\n<meta property=\"og:type\" content=\"article\" \/>\n<meta property=\"og:title\" content=\"Madras Blend 140 g\/m\u00b2 GRS taaskasutatud puuvillast ostukott, 7 L - Kruze.ee\" \/>\n<meta property=\"og:description\" content=\"Madras Blend ostukott on valmistatud 60% GRS sertifitseeritud taaskasutatud puuvillast ja 40% GRS sertifitseeritud RPET-ist, mist\u00f5ttu on see ideaalne valik...\" \/>\n<meta property=\"og:url\" content=\"https:\/\/kruze.ee\/et\/toode\/madras-blend-140-g-m\u00b2-grs-taaskasutatud-puuvillast-ostukott-7-l\/\" \/>\n<meta property=\"og:site_name\" content=\"Kruze.ee\" \/>\n<meta property=\"article:modified_time\" content=\"2026-03-16T22:25:44+00:00\" \/>\n<meta name=\"twitter:card\" content=\"summary_large_image\" \/>\n<meta name=\"twitter:label1\" content=\"Est. reading time\" \/>\n\t<meta name=\"twitter:data1\" content=\"1 minut\" \/>\n<script type=\"application\/ld+json\" class=\"yoast-schema-graph\">{\"@context\":\"https:\/\/schema.org\",\"@graph\":[{\"@type\":\"WebPage\",\"@id\":\"https:\/\/kruze.ee\/et\/toode\/madras-blend-140-g-m%c2%b2-grs-taaskasutatud-puuvillast-ostukott-7-l\/\",\"url\":\"https:\/\/kruze.ee\/et\/toode\/madras-blend-140-g-m%c2%b2-grs-taaskasutatud-puuvillast-ostukott-7-l\/\",\"name\":\"Madras Blend 140 g\/m\u00b2 GRS taaskasutatud puuvillast ostukott, 7 L - Kruze.ee\",\"isPartOf\":{\"@id\":\"https:\/\/kruze.ee\/et\/#website\"},\"datePublished\":\"2026-01-08T06:05:36+00:00\",\"dateModified\":\"2026-03-16T22:25:44+00:00\",\"breadcrumb\":{\"@id\":\"https:\/\/kruze.ee\/et\/toode\/madras-blend-140-g-m%c2%b2-grs-taaskasutatud-puuvillast-ostukott-7-l\/#breadcrumb\"},\"inLanguage\":\"et\",\"potentialAction\":[{\"@type\":\"ReadAction\",\"target\":[\"https:\/\/kruze.ee\/et\/toode\/madras-blend-140-g-m%c2%b2-grs-taaskasutatud-puuvillast-ostukott-7-l\/\"]}]},{\"@type\":\"BreadcrumbList\",\"@id\":\"https:\/\/kruze.ee\/et\/toode\/madras-blend-140-g-m%c2%b2-grs-taaskasutatud-puuvillast-ostukott-7-l\/#breadcrumb\",\"itemListElement\":[{\"@type\":\"ListItem\",\"position\":1,\"name\":\"Home\",\"item\":\"https:\/\/kruze.ee\/et\/\"},{\"@type\":\"ListItem\",\"position\":2,\"name\":\"Tooted\",\"item\":\"https:\/\/kruze.ee\/et\/tooted\/\"},{\"@type\":\"ListItem\",\"position\":3,\"name\":\"Madras Blend 140 g\/m\u00b2 GRS taaskasutatud puuvillast ostukott, 7 L\"}]},{\"@type\":\"WebSite\",\"@id\":\"https:\/\/kruze.ee\/et\/#website\",\"url\":\"https:\/\/kruze.ee\/et\/\",\"name\":\"Kruze.ee\",\"description\":\"Reklaamkingitused, tr&uuml;kiga T-s&auml;rgid, fliisid, dressipluused, tekstiil, joped ja paljud teised logoga meened, &Auml;rikingitused sinu partnerile! Telli juba t&auml;na.\",\"potentialAction\":[{\"@type\":\"SearchAction\",\"target\":{\"@type\":\"EntryPoint\",\"urlTemplate\":\"https:\/\/kruze.ee\/et\/?s={search_term_string}\"},\"query-input\":{\"@type\":\"PropertyValueSpecification\",\"valueRequired\":true,\"valueName\":\"search_term_string\"}}],\"inLanguage\":\"et\"}]}<\/script>\n<!-- \/ Yoast SEO plugin. -->","yoast_head_json":{"title":"Madras Blend 140 g\/m\u00b2 GRS taaskasutatud puuvillast ostukott, 7 L - Kruze.ee","robots":{"index":"index","follow":"follow","max-snippet":"max-snippet:-1","max-image-preview":"max-image-preview:large","max-video-preview":"max-video-preview:-1"},"canonical":"https:\/\/kruze.ee\/et\/toode\/madras-blend-140-g-m\u00b2-grs-taaskasutatud-puuvillast-ostukott-7-l\/","og_locale":"et_EE","og_type":"article","og_title":"Madras Blend 140 g\/m\u00b2 GRS taaskasutatud puuvillast ostukott, 7 L - Kruze.ee","og_description":"Madras Blend ostukott on valmistatud 60% GRS sertifitseeritud taaskasutatud puuvillast ja 40% GRS sertifitseeritud RPET-ist, mist\u00f5ttu on see ideaalne valik...","og_url":"https:\/\/kruze.ee\/et\/toode\/madras-blend-140-g-m\u00b2-grs-taaskasutatud-puuvillast-ostukott-7-l\/","og_site_name":"Kruze.ee","article_modified_time":"2026-03-16T22:25:44+00:00","twitter_card":"summary_large_image","twitter_misc":{"Est. reading time":"1 minut"},"schema":{"@context":"https:\/\/schema.org","@graph":[{"@type":"WebPage","@id":"https:\/\/kruze.ee\/et\/toode\/madras-blend-140-g-m%c2%b2-grs-taaskasutatud-puuvillast-ostukott-7-l\/","url":"https:\/\/kruze.ee\/et\/toode\/madras-blend-140-g-m%c2%b2-grs-taaskasutatud-puuvillast-ostukott-7-l\/","name":"Madras Blend 140 g\/m\u00b2 GRS taaskasutatud puuvillast ostukott, 7 L - Kruze.ee","isPartOf":{"@id":"https:\/\/kruze.ee\/et\/#website"},"datePublished":"2026-01-08T06:05:36+00:00","dateModified":"2026-03-16T22:25:44+00:00","breadcrumb":{"@id":"https:\/\/kruze.ee\/et\/toode\/madras-blend-140-g-m%c2%b2-grs-taaskasutatud-puuvillast-ostukott-7-l\/#breadcrumb"},"inLanguage":"et","potentialAction":[{"@type":"ReadAction","target":["https:\/\/kruze.ee\/et\/toode\/madras-blend-140-g-m%c2%b2-grs-taaskasutatud-puuvillast-ostukott-7-l\/"]}]},{"@type":"BreadcrumbList","@id":"https:\/\/kruze.ee\/et\/toode\/madras-blend-140-g-m%c2%b2-grs-taaskasutatud-puuvillast-ostukott-7-l\/#breadcrumb","itemListElement":[{"@type":"ListItem","position":1,"name":"Home","item":"https:\/\/kruze.ee\/et\/"},{"@type":"ListItem","position":2,"name":"Tooted","item":"https:\/\/kruze.ee\/et\/tooted\/"},{"@type":"ListItem","position":3,"name":"Madras Blend 140 g\/m\u00b2 GRS taaskasutatud puuvillast ostukott, 7 L"}]},{"@type":"WebSite","@id":"https:\/\/kruze.ee\/et\/#website","url":"https:\/\/kruze.ee\/et\/","name":"Kruze.ee","description":"Reklaamkingitused, tr&uuml;kiga T-s&auml;rgid, fliisid, dressipluused, tekstiil, joped ja paljud teised logoga meened, &Auml;rikingitused sinu partnerile! Telli juba t&auml;na.","potentialAction":[{"@type":"SearchAction","target":{"@type":"EntryPoint","urlTemplate":"https:\/\/kruze.ee\/et\/?s={search_term_string}"},"query-input":{"@type":"PropertyValueSpecification","valueRequired":true,"valueName":"search_term_string"}}],"inLanguage":"et"}]}},"_links":{"self":[{"href":"https:\/\/kruze.ee\/et\/wp-json\/wp\/v2\/product\/1432490","targetHints":{"allow":["GET"]}}],"collection":[{"href":"https:\/\/kruze.ee\/et\/wp-json\/wp\/v2\/product"}],"about":[{"href":"https:\/\/kruze.ee\/et\/wp-json\/wp\/v2\/types\/product"}],"wp:attachment":[{"href":"https:\/\/kruze.ee\/et\/wp-json\/wp\/v2\/media?parent=1432490"}],"wp:term":[{"taxonomy":"product_brand","embeddable":true,"href":"https:\/\/kruze.ee\/et\/wp-json\/wp\/v2\/product_brand?post=1432490"},{"taxonomy":"product_cat","embeddable":true,"href":"https:\/\/kruze.ee\/et\/wp-json\/wp\/v2\/product_cat?post=1432490"},{"taxonomy":"product_tag","embeddable":true,"href":"https:\/\/kruze.ee\/et\/wp-json\/wp\/v2\/product_tag?post=1432490"}],"curies":[{"name":"wp","href":"https:\/\/api.w.org\/{rel}","templated":true}]}}