{"id":1432466,"date":"2026-01-08T09:05:22","date_gmt":"2026-01-08T06:05:22","guid":{"rendered":"https:\/\/kruze.ee\/product\/madras-140-g-m%c2%b2-grs-taaskasutatud-puuvillast-ostukott-7-l\/"},"modified":"2026-03-17T01:25:39","modified_gmt":"2026-03-16T22:25:39","slug":"madras-140-g-m%c2%b2-grs-taaskasutatud-puuvillast-ostukott-7-l","status":"publish","type":"product","link":"https:\/\/kruze.ee\/et\/toode\/madras-140-g-m%c2%b2-grs-taaskasutatud-puuvillast-ostukott-7-l\/","title":{"rendered":"Madras 140 g\/m\u00b2 GRS taaskasutatud puuvillast ostukott, 7 L"},"content":{"rendered":"<p>Madras ostukott on valmistatud 100% GRS sertifitseeritud taaskasutatud puuvillast ning on ideaalne valik jagamiseks \u00fcritustel ja konverentsidel v\u00f5i igap\u00e4evaseks ostukotiks v\u00e4iksemate ostude tegemisel. 140 g\/m\u00b2 puuvillane kangas muudab koti vastupidavaks ja pikaealiseks ning sobivaks ka raskemate esemete kandmiseks p\u00f5hiosakonnas. 30 cm pikkused \u00f5larihmad tagavad mugava kandmise. Koti puhul kasutatavad tr\u00fckimeetodid on samuti GRS sertifitseeritud, mis tagab kogu tarneahela l\u00e4bipaistvuse ja sertifitseerituse. Toode on valmistatud Indias. Koti kandev\u00f5ime on kuni 5 kg.<\/p>\n","protected":false},"excerpt":{"rendered":"<p>Madras ostukott on valmistatud 100% GRS sertifitseeritud taaskasutatud puuvillast ning on ideaalne valik jagamiseks \u00fcritustel ja konverentsidel v\u00f5i&#8230;<\/p>\n","protected":false},"featured_media":0,"template":"","meta":[],"product_brand":[],"product_cat":[5391],"product_tag":[],"class_list":{"0":"post-1432466","1":"product","2":"type-product","3":"status-publish","5":"product_cat-poekotid-kotid","6":"pa_brand-unbranded","7":"pa_color-black-2","8":"pa_color-natural","9":"pa_color-punane","10":"pa_color-royalsinine","11":"pa_color-tumesinine","12":"pa_color-valge","13":"pa_gender-uniseks","14":"pa_gender-unisex","17":"pa_material-grs-certified-recycled-cotton-140-gm2","19":"first","20":"instock","21":"taxable","22":"shipping-taxable","23":"purchasable","24":"product-type-variable"},"acf":[],"yoast_head":"<!-- This site is optimized with the Yoast SEO plugin v26.0 - https:\/\/yoast.com\/wordpress\/plugins\/seo\/ -->\n<title>Madras 140 g\/m\u00b2 GRS taaskasutatud puuvillast ostukott, 7 L - Kruze.ee<\/title>\n<meta name=\"robots\" content=\"index, follow, max-snippet:-1, max-image-preview:large, max-video-preview:-1\" \/>\n<link rel=\"canonical\" href=\"https:\/\/kruze.ee\/et\/toode\/madras-140-g-m\u00b2-grs-taaskasutatud-puuvillast-ostukott-7-l\/\" \/>\n<meta property=\"og:locale\" content=\"et_EE\" \/>\n<meta property=\"og:type\" content=\"article\" \/>\n<meta property=\"og:title\" content=\"Madras 140 g\/m\u00b2 GRS taaskasutatud puuvillast ostukott, 7 L - Kruze.ee\" \/>\n<meta property=\"og:description\" content=\"Madras ostukott on valmistatud 100% GRS sertifitseeritud taaskasutatud puuvillast ning on ideaalne valik jagamiseks \u00fcritustel ja konverentsidel v\u00f5i...\" \/>\n<meta property=\"og:url\" content=\"https:\/\/kruze.ee\/et\/toode\/madras-140-g-m\u00b2-grs-taaskasutatud-puuvillast-ostukott-7-l\/\" \/>\n<meta property=\"og:site_name\" content=\"Kruze.ee\" \/>\n<meta property=\"article:modified_time\" content=\"2026-03-16T22:25:39+00:00\" \/>\n<meta name=\"twitter:card\" content=\"summary_large_image\" \/>\n<meta name=\"twitter:label1\" content=\"Est. reading time\" \/>\n\t<meta name=\"twitter:data1\" content=\"1 minut\" \/>\n<script type=\"application\/ld+json\" class=\"yoast-schema-graph\">{\"@context\":\"https:\/\/schema.org\",\"@graph\":[{\"@type\":\"WebPage\",\"@id\":\"https:\/\/kruze.ee\/et\/toode\/madras-140-g-m%c2%b2-grs-taaskasutatud-puuvillast-ostukott-7-l\/\",\"url\":\"https:\/\/kruze.ee\/et\/toode\/madras-140-g-m%c2%b2-grs-taaskasutatud-puuvillast-ostukott-7-l\/\",\"name\":\"Madras 140 g\/m\u00b2 GRS taaskasutatud puuvillast ostukott, 7 L - Kruze.ee\",\"isPartOf\":{\"@id\":\"https:\/\/kruze.ee\/et\/#website\"},\"datePublished\":\"2026-01-08T06:05:22+00:00\",\"dateModified\":\"2026-03-16T22:25:39+00:00\",\"breadcrumb\":{\"@id\":\"https:\/\/kruze.ee\/et\/toode\/madras-140-g-m%c2%b2-grs-taaskasutatud-puuvillast-ostukott-7-l\/#breadcrumb\"},\"inLanguage\":\"et\",\"potentialAction\":[{\"@type\":\"ReadAction\",\"target\":[\"https:\/\/kruze.ee\/et\/toode\/madras-140-g-m%c2%b2-grs-taaskasutatud-puuvillast-ostukott-7-l\/\"]}]},{\"@type\":\"BreadcrumbList\",\"@id\":\"https:\/\/kruze.ee\/et\/toode\/madras-140-g-m%c2%b2-grs-taaskasutatud-puuvillast-ostukott-7-l\/#breadcrumb\",\"itemListElement\":[{\"@type\":\"ListItem\",\"position\":1,\"name\":\"Home\",\"item\":\"https:\/\/kruze.ee\/et\/\"},{\"@type\":\"ListItem\",\"position\":2,\"name\":\"Tooted\",\"item\":\"https:\/\/kruze.ee\/et\/tooted\/\"},{\"@type\":\"ListItem\",\"position\":3,\"name\":\"Madras 140 g\/m\u00b2 GRS taaskasutatud puuvillast ostukott, 7 L\"}]},{\"@type\":\"WebSite\",\"@id\":\"https:\/\/kruze.ee\/et\/#website\",\"url\":\"https:\/\/kruze.ee\/et\/\",\"name\":\"Kruze.ee\",\"description\":\"Reklaamkingitused, tr&uuml;kiga T-s&auml;rgid, fliisid, dressipluused, tekstiil, joped ja paljud teised logoga meened, &Auml;rikingitused sinu partnerile! Telli juba t&auml;na.\",\"potentialAction\":[{\"@type\":\"SearchAction\",\"target\":{\"@type\":\"EntryPoint\",\"urlTemplate\":\"https:\/\/kruze.ee\/et\/?s={search_term_string}\"},\"query-input\":{\"@type\":\"PropertyValueSpecification\",\"valueRequired\":true,\"valueName\":\"search_term_string\"}}],\"inLanguage\":\"et\"}]}<\/script>\n<!-- \/ Yoast SEO plugin. -->","yoast_head_json":{"title":"Madras 140 g\/m\u00b2 GRS taaskasutatud puuvillast ostukott, 7 L - Kruze.ee","robots":{"index":"index","follow":"follow","max-snippet":"max-snippet:-1","max-image-preview":"max-image-preview:large","max-video-preview":"max-video-preview:-1"},"canonical":"https:\/\/kruze.ee\/et\/toode\/madras-140-g-m\u00b2-grs-taaskasutatud-puuvillast-ostukott-7-l\/","og_locale":"et_EE","og_type":"article","og_title":"Madras 140 g\/m\u00b2 GRS taaskasutatud puuvillast ostukott, 7 L - Kruze.ee","og_description":"Madras ostukott on valmistatud 100% GRS sertifitseeritud taaskasutatud puuvillast ning on ideaalne valik jagamiseks \u00fcritustel ja konverentsidel v\u00f5i...","og_url":"https:\/\/kruze.ee\/et\/toode\/madras-140-g-m\u00b2-grs-taaskasutatud-puuvillast-ostukott-7-l\/","og_site_name":"Kruze.ee","article_modified_time":"2026-03-16T22:25:39+00:00","twitter_card":"summary_large_image","twitter_misc":{"Est. reading time":"1 minut"},"schema":{"@context":"https:\/\/schema.org","@graph":[{"@type":"WebPage","@id":"https:\/\/kruze.ee\/et\/toode\/madras-140-g-m%c2%b2-grs-taaskasutatud-puuvillast-ostukott-7-l\/","url":"https:\/\/kruze.ee\/et\/toode\/madras-140-g-m%c2%b2-grs-taaskasutatud-puuvillast-ostukott-7-l\/","name":"Madras 140 g\/m\u00b2 GRS taaskasutatud puuvillast ostukott, 7 L - Kruze.ee","isPartOf":{"@id":"https:\/\/kruze.ee\/et\/#website"},"datePublished":"2026-01-08T06:05:22+00:00","dateModified":"2026-03-16T22:25:39+00:00","breadcrumb":{"@id":"https:\/\/kruze.ee\/et\/toode\/madras-140-g-m%c2%b2-grs-taaskasutatud-puuvillast-ostukott-7-l\/#breadcrumb"},"inLanguage":"et","potentialAction":[{"@type":"ReadAction","target":["https:\/\/kruze.ee\/et\/toode\/madras-140-g-m%c2%b2-grs-taaskasutatud-puuvillast-ostukott-7-l\/"]}]},{"@type":"BreadcrumbList","@id":"https:\/\/kruze.ee\/et\/toode\/madras-140-g-m%c2%b2-grs-taaskasutatud-puuvillast-ostukott-7-l\/#breadcrumb","itemListElement":[{"@type":"ListItem","position":1,"name":"Home","item":"https:\/\/kruze.ee\/et\/"},{"@type":"ListItem","position":2,"name":"Tooted","item":"https:\/\/kruze.ee\/et\/tooted\/"},{"@type":"ListItem","position":3,"name":"Madras 140 g\/m\u00b2 GRS taaskasutatud puuvillast ostukott, 7 L"}]},{"@type":"WebSite","@id":"https:\/\/kruze.ee\/et\/#website","url":"https:\/\/kruze.ee\/et\/","name":"Kruze.ee","description":"Reklaamkingitused, tr&uuml;kiga T-s&auml;rgid, fliisid, dressipluused, tekstiil, joped ja paljud teised logoga meened, &Auml;rikingitused sinu partnerile! Telli juba t&auml;na.","potentialAction":[{"@type":"SearchAction","target":{"@type":"EntryPoint","urlTemplate":"https:\/\/kruze.ee\/et\/?s={search_term_string}"},"query-input":{"@type":"PropertyValueSpecification","valueRequired":true,"valueName":"search_term_string"}}],"inLanguage":"et"}]}},"_links":{"self":[{"href":"https:\/\/kruze.ee\/et\/wp-json\/wp\/v2\/product\/1432466","targetHints":{"allow":["GET"]}}],"collection":[{"href":"https:\/\/kruze.ee\/et\/wp-json\/wp\/v2\/product"}],"about":[{"href":"https:\/\/kruze.ee\/et\/wp-json\/wp\/v2\/types\/product"}],"wp:attachment":[{"href":"https:\/\/kruze.ee\/et\/wp-json\/wp\/v2\/media?parent=1432466"}],"wp:term":[{"taxonomy":"product_brand","embeddable":true,"href":"https:\/\/kruze.ee\/et\/wp-json\/wp\/v2\/product_brand?post=1432466"},{"taxonomy":"product_cat","embeddable":true,"href":"https:\/\/kruze.ee\/et\/wp-json\/wp\/v2\/product_cat?post=1432466"},{"taxonomy":"product_tag","embeddable":true,"href":"https:\/\/kruze.ee\/et\/wp-json\/wp\/v2\/product_tag?post=1432466"}],"curies":[{"name":"wp","href":"https:\/\/api.w.org\/{rel}","templated":true}]}}