{"id":1432436,"date":"2026-01-07T23:31:17","date_gmt":"2026-01-07T20:31:17","guid":{"rendered":"https:\/\/kruze.ee\/product\/cob-and-led-pealamp\/"},"modified":"2026-03-17T00:55:36","modified_gmt":"2026-03-16T21:55:36","slug":"cob-and-led-pealamp","status":"publish","type":"product","link":"https:\/\/kruze.ee\/et\/toode\/cob-and-led-pealamp\/","title":{"rendered":"COB and LED pealamp"},"content":{"rendered":"<p>Kahe valgusallikaga pealamp \u00fchendab COB-valguse l\u00e4hiala valgustamiseks ja LED-taskulambi kaugemale suunatud valguseks ning sobib ideaalselt t\u00f6\u00f6ks, matkamiseks, telkimiseks ja h\u00e4daolukordadeks. COB-valgus 180 luumenit tagab laia ja ereda valguse l\u00e4hiala valgustamiseks ning sobib t\u00f6\u00f6ks, remondiks ja liikumiseks pimedas. LED-valgus 90 luumenit annab kitsama ja fokusseeritud valgusvihu ning valgustab kuni 80 meetri kaugusele. M\u00f5lemal valgusallikal on kolm re\u017eiimi: ere, h\u00e4mar ja vilkuv, mida on lihtne vahetada vastavalt olukorrale. Pealambil on reguleeritav elastne 42 cm peapael, mis sobib kandmiseks peas v\u00f5i kiivril ning on mugav ka pikemal kasutamisel. T\u00f6\u00f6aeg on kuni 3 tundi ning patareid on komplektis kaasas, mist\u00f5ttu on toode kohe kasutusvalmis. Valmistatud vastupidavast ABS-plastikust. Tehnilised andmed: valgusallikad COB ja LED, COB valgus 180 lm, LED valgus 90 lm, valgusulatus kuni 80 m, re\u017eiimid ere, h\u00e4mar ja vilkuv, t\u00f6\u00f6aeg kuni 3 h, materjal ABS, peapael reguleeritav 42 cm, toide patareid (kaasas).<\/p>\n","protected":false},"excerpt":{"rendered":"<p>Kahe valgusallikaga pealamp \u00fchendab COB-valguse l\u00e4hiala valgustamiseks ja LED-taskulambi kaugemale suunatud valguseks ning sobib ideaalselt t\u00f6\u00f6ks, matkamiseks,&#8230;<\/p>\n","protected":false},"featured_media":0,"template":"","meta":[],"product_brand":[],"product_cat":[5449],"product_tag":[],"class_list":{"0":"post-1432436","1":"product","2":"type-product","3":"status-publish","5":"product_cat-taskulambid","6":"pa_gender-uniseks","7":"pa_gender-unisex","11":"first","12":"instock","13":"purchasable","14":"product-type-simple"},"acf":[],"yoast_head":"<!-- This site is optimized with the Yoast SEO plugin v26.0 - https:\/\/yoast.com\/wordpress\/plugins\/seo\/ -->\n<title>COB and LED pealamp - Kruze.ee<\/title>\n<meta name=\"robots\" content=\"index, follow, max-snippet:-1, max-image-preview:large, max-video-preview:-1\" \/>\n<link rel=\"canonical\" href=\"https:\/\/kruze.ee\/et\/toode\/cob-and-led-pealamp\/\" \/>\n<meta property=\"og:locale\" content=\"et_EE\" \/>\n<meta property=\"og:type\" content=\"article\" \/>\n<meta property=\"og:title\" content=\"COB and LED pealamp - Kruze.ee\" \/>\n<meta property=\"og:description\" content=\"Kahe valgusallikaga pealamp \u00fchendab COB-valguse l\u00e4hiala valgustamiseks ja LED-taskulambi kaugemale suunatud valguseks ning sobib ideaalselt t\u00f6\u00f6ks, matkamiseks,...\" \/>\n<meta property=\"og:url\" content=\"https:\/\/kruze.ee\/et\/toode\/cob-and-led-pealamp\/\" \/>\n<meta property=\"og:site_name\" content=\"Kruze.ee\" \/>\n<meta property=\"article:modified_time\" content=\"2026-03-16T21:55:36+00:00\" \/>\n<meta name=\"twitter:card\" content=\"summary_large_image\" \/>\n<meta name=\"twitter:label1\" content=\"Est. reading time\" \/>\n\t<meta name=\"twitter:data1\" content=\"1 minut\" \/>\n<script type=\"application\/ld+json\" class=\"yoast-schema-graph\">{\"@context\":\"https:\/\/schema.org\",\"@graph\":[{\"@type\":\"WebPage\",\"@id\":\"https:\/\/kruze.ee\/et\/toode\/cob-and-led-pealamp\/\",\"url\":\"https:\/\/kruze.ee\/et\/toode\/cob-and-led-pealamp\/\",\"name\":\"COB and LED pealamp - Kruze.ee\",\"isPartOf\":{\"@id\":\"https:\/\/kruze.ee\/et\/#website\"},\"datePublished\":\"2026-01-07T20:31:17+00:00\",\"dateModified\":\"2026-03-16T21:55:36+00:00\",\"breadcrumb\":{\"@id\":\"https:\/\/kruze.ee\/et\/toode\/cob-and-led-pealamp\/#breadcrumb\"},\"inLanguage\":\"et\",\"potentialAction\":[{\"@type\":\"ReadAction\",\"target\":[\"https:\/\/kruze.ee\/et\/toode\/cob-and-led-pealamp\/\"]}]},{\"@type\":\"BreadcrumbList\",\"@id\":\"https:\/\/kruze.ee\/et\/toode\/cob-and-led-pealamp\/#breadcrumb\",\"itemListElement\":[{\"@type\":\"ListItem\",\"position\":1,\"name\":\"Home\",\"item\":\"https:\/\/kruze.ee\/et\/\"},{\"@type\":\"ListItem\",\"position\":2,\"name\":\"Tooted\",\"item\":\"https:\/\/kruze.ee\/et\/tooted\/\"},{\"@type\":\"ListItem\",\"position\":3,\"name\":\"COB and LED pealamp\"}]},{\"@type\":\"WebSite\",\"@id\":\"https:\/\/kruze.ee\/et\/#website\",\"url\":\"https:\/\/kruze.ee\/et\/\",\"name\":\"Kruze.ee\",\"description\":\"Reklaamkingitused, tr&uuml;kiga T-s&auml;rgid, fliisid, dressipluused, tekstiil, joped ja paljud teised logoga meened, &Auml;rikingitused sinu partnerile! Telli juba t&auml;na.\",\"potentialAction\":[{\"@type\":\"SearchAction\",\"target\":{\"@type\":\"EntryPoint\",\"urlTemplate\":\"https:\/\/kruze.ee\/et\/?s={search_term_string}\"},\"query-input\":{\"@type\":\"PropertyValueSpecification\",\"valueRequired\":true,\"valueName\":\"search_term_string\"}}],\"inLanguage\":\"et\"}]}<\/script>\n<!-- \/ Yoast SEO plugin. -->","yoast_head_json":{"title":"COB and LED pealamp - Kruze.ee","robots":{"index":"index","follow":"follow","max-snippet":"max-snippet:-1","max-image-preview":"max-image-preview:large","max-video-preview":"max-video-preview:-1"},"canonical":"https:\/\/kruze.ee\/et\/toode\/cob-and-led-pealamp\/","og_locale":"et_EE","og_type":"article","og_title":"COB and LED pealamp - Kruze.ee","og_description":"Kahe valgusallikaga pealamp \u00fchendab COB-valguse l\u00e4hiala valgustamiseks ja LED-taskulambi kaugemale suunatud valguseks ning sobib ideaalselt t\u00f6\u00f6ks, matkamiseks,...","og_url":"https:\/\/kruze.ee\/et\/toode\/cob-and-led-pealamp\/","og_site_name":"Kruze.ee","article_modified_time":"2026-03-16T21:55:36+00:00","twitter_card":"summary_large_image","twitter_misc":{"Est. reading time":"1 minut"},"schema":{"@context":"https:\/\/schema.org","@graph":[{"@type":"WebPage","@id":"https:\/\/kruze.ee\/et\/toode\/cob-and-led-pealamp\/","url":"https:\/\/kruze.ee\/et\/toode\/cob-and-led-pealamp\/","name":"COB and LED pealamp - Kruze.ee","isPartOf":{"@id":"https:\/\/kruze.ee\/et\/#website"},"datePublished":"2026-01-07T20:31:17+00:00","dateModified":"2026-03-16T21:55:36+00:00","breadcrumb":{"@id":"https:\/\/kruze.ee\/et\/toode\/cob-and-led-pealamp\/#breadcrumb"},"inLanguage":"et","potentialAction":[{"@type":"ReadAction","target":["https:\/\/kruze.ee\/et\/toode\/cob-and-led-pealamp\/"]}]},{"@type":"BreadcrumbList","@id":"https:\/\/kruze.ee\/et\/toode\/cob-and-led-pealamp\/#breadcrumb","itemListElement":[{"@type":"ListItem","position":1,"name":"Home","item":"https:\/\/kruze.ee\/et\/"},{"@type":"ListItem","position":2,"name":"Tooted","item":"https:\/\/kruze.ee\/et\/tooted\/"},{"@type":"ListItem","position":3,"name":"COB and LED pealamp"}]},{"@type":"WebSite","@id":"https:\/\/kruze.ee\/et\/#website","url":"https:\/\/kruze.ee\/et\/","name":"Kruze.ee","description":"Reklaamkingitused, tr&uuml;kiga T-s&auml;rgid, fliisid, dressipluused, tekstiil, joped ja paljud teised logoga meened, &Auml;rikingitused sinu partnerile! Telli juba t&auml;na.","potentialAction":[{"@type":"SearchAction","target":{"@type":"EntryPoint","urlTemplate":"https:\/\/kruze.ee\/et\/?s={search_term_string}"},"query-input":{"@type":"PropertyValueSpecification","valueRequired":true,"valueName":"search_term_string"}}],"inLanguage":"et"}]}},"_links":{"self":[{"href":"https:\/\/kruze.ee\/et\/wp-json\/wp\/v2\/product\/1432436","targetHints":{"allow":["GET"]}}],"collection":[{"href":"https:\/\/kruze.ee\/et\/wp-json\/wp\/v2\/product"}],"about":[{"href":"https:\/\/kruze.ee\/et\/wp-json\/wp\/v2\/types\/product"}],"wp:attachment":[{"href":"https:\/\/kruze.ee\/et\/wp-json\/wp\/v2\/media?parent=1432436"}],"wp:term":[{"taxonomy":"product_brand","embeddable":true,"href":"https:\/\/kruze.ee\/et\/wp-json\/wp\/v2\/product_brand?post=1432436"},{"taxonomy":"product_cat","embeddable":true,"href":"https:\/\/kruze.ee\/et\/wp-json\/wp\/v2\/product_cat?post=1432436"},{"taxonomy":"product_tag","embeddable":true,"href":"https:\/\/kruze.ee\/et\/wp-json\/wp\/v2\/product_tag?post=1432436"}],"curies":[{"name":"wp","href":"https:\/\/api.w.org\/{rel}","templated":true}]}}