{"id":1432434,"date":"2026-01-07T23:31:13","date_gmt":"2026-01-07T20:31:13","guid":{"rendered":"https:\/\/kruze.ee\/product\/everest-pealamp\/"},"modified":"2026-03-17T00:55:35","modified_gmt":"2026-03-16T21:55:35","slug":"everest-pealamp","status":"publish","type":"product","link":"https:\/\/kruze.ee\/et\/toode\/everest-pealamp\/","title":{"rendered":"Everest pealamp"},"content":{"rendered":"<p>3 LED-i ja 1 kr\u00fcptoonpirniga pealamp kahefunktsioonilise l\u00fcliti ja reguleeritava peapaelaga. Lamp v\u00f5imaldab valida LED-valguse energias\u00e4\u00e4stlikuks ja pikaajaliseks kasutamiseks v\u00f5i kr\u00fcptoonpirni eredamaks ja fokusseeritumaks valguseks. Kahe funktsiooniga l\u00fcliti teeb valgusallikate vahetamise lihtsaks vastavalt vajadusele. Reguleeritav peapael tagab mugava ja kindla istuvuse erineva suurusega peadele ning sobib ka aktiivseks kasutamiseks. Ideaalne t\u00f6\u00f6ks, matkamiseks, telkimiseks ja h\u00e4daolukordadeks.<\/p>\n","protected":false},"excerpt":{"rendered":"<p>3 LED-i ja 1 kr\u00fcptoonpirniga pealamp kahefunktsioonilise l\u00fcliti ja reguleeritava peapaelaga. Lamp v\u00f5imaldab valida LED-valguse energias\u00e4\u00e4stlikuks ja&#8230;<\/p>\n","protected":false},"featured_media":0,"template":"","meta":[],"product_brand":[],"product_cat":[5449],"product_tag":[],"class_list":{"0":"post-1432434","1":"product","2":"type-product","3":"status-publish","5":"product_cat-taskulambid","6":"pa_gender-uniseks","7":"pa_gender-unisex","11":"first","12":"instock","13":"purchasable","14":"product-type-simple"},"acf":[],"yoast_head":"<!-- This site is optimized with the Yoast SEO plugin v26.0 - https:\/\/yoast.com\/wordpress\/plugins\/seo\/ -->\n<title>Everest pealamp - Kruze.ee<\/title>\n<meta name=\"robots\" content=\"index, follow, max-snippet:-1, max-image-preview:large, max-video-preview:-1\" \/>\n<link rel=\"canonical\" href=\"https:\/\/kruze.ee\/et\/toode\/everest-pealamp\/\" \/>\n<meta property=\"og:locale\" content=\"et_EE\" \/>\n<meta property=\"og:type\" content=\"article\" \/>\n<meta property=\"og:title\" content=\"Everest pealamp - Kruze.ee\" \/>\n<meta property=\"og:description\" content=\"3 LED-i ja 1 kr\u00fcptoonpirniga pealamp kahefunktsioonilise l\u00fcliti ja reguleeritava peapaelaga. Lamp v\u00f5imaldab valida LED-valguse energias\u00e4\u00e4stlikuks ja...\" \/>\n<meta property=\"og:url\" content=\"https:\/\/kruze.ee\/et\/toode\/everest-pealamp\/\" \/>\n<meta property=\"og:site_name\" content=\"Kruze.ee\" \/>\n<meta property=\"article:modified_time\" content=\"2026-03-16T21:55:35+00:00\" \/>\n<meta name=\"twitter:card\" content=\"summary_large_image\" \/>\n<script type=\"application\/ld+json\" class=\"yoast-schema-graph\">{\"@context\":\"https:\/\/schema.org\",\"@graph\":[{\"@type\":\"WebPage\",\"@id\":\"https:\/\/kruze.ee\/et\/toode\/everest-pealamp\/\",\"url\":\"https:\/\/kruze.ee\/et\/toode\/everest-pealamp\/\",\"name\":\"Everest pealamp - Kruze.ee\",\"isPartOf\":{\"@id\":\"https:\/\/kruze.ee\/et\/#website\"},\"datePublished\":\"2026-01-07T20:31:13+00:00\",\"dateModified\":\"2026-03-16T21:55:35+00:00\",\"breadcrumb\":{\"@id\":\"https:\/\/kruze.ee\/et\/toode\/everest-pealamp\/#breadcrumb\"},\"inLanguage\":\"et\",\"potentialAction\":[{\"@type\":\"ReadAction\",\"target\":[\"https:\/\/kruze.ee\/et\/toode\/everest-pealamp\/\"]}]},{\"@type\":\"BreadcrumbList\",\"@id\":\"https:\/\/kruze.ee\/et\/toode\/everest-pealamp\/#breadcrumb\",\"itemListElement\":[{\"@type\":\"ListItem\",\"position\":1,\"name\":\"Home\",\"item\":\"https:\/\/kruze.ee\/et\/\"},{\"@type\":\"ListItem\",\"position\":2,\"name\":\"Tooted\",\"item\":\"https:\/\/kruze.ee\/et\/tooted\/\"},{\"@type\":\"ListItem\",\"position\":3,\"name\":\"Everest pealamp\"}]},{\"@type\":\"WebSite\",\"@id\":\"https:\/\/kruze.ee\/et\/#website\",\"url\":\"https:\/\/kruze.ee\/et\/\",\"name\":\"Kruze.ee\",\"description\":\"Reklaamkingitused, tr&uuml;kiga T-s&auml;rgid, fliisid, dressipluused, tekstiil, joped ja paljud teised logoga meened, &Auml;rikingitused sinu partnerile! Telli juba t&auml;na.\",\"potentialAction\":[{\"@type\":\"SearchAction\",\"target\":{\"@type\":\"EntryPoint\",\"urlTemplate\":\"https:\/\/kruze.ee\/et\/?s={search_term_string}\"},\"query-input\":{\"@type\":\"PropertyValueSpecification\",\"valueRequired\":true,\"valueName\":\"search_term_string\"}}],\"inLanguage\":\"et\"}]}<\/script>\n<!-- \/ Yoast SEO plugin. -->","yoast_head_json":{"title":"Everest pealamp - Kruze.ee","robots":{"index":"index","follow":"follow","max-snippet":"max-snippet:-1","max-image-preview":"max-image-preview:large","max-video-preview":"max-video-preview:-1"},"canonical":"https:\/\/kruze.ee\/et\/toode\/everest-pealamp\/","og_locale":"et_EE","og_type":"article","og_title":"Everest pealamp - Kruze.ee","og_description":"3 LED-i ja 1 kr\u00fcptoonpirniga pealamp kahefunktsioonilise l\u00fcliti ja reguleeritava peapaelaga. Lamp v\u00f5imaldab valida LED-valguse energias\u00e4\u00e4stlikuks ja...","og_url":"https:\/\/kruze.ee\/et\/toode\/everest-pealamp\/","og_site_name":"Kruze.ee","article_modified_time":"2026-03-16T21:55:35+00:00","twitter_card":"summary_large_image","schema":{"@context":"https:\/\/schema.org","@graph":[{"@type":"WebPage","@id":"https:\/\/kruze.ee\/et\/toode\/everest-pealamp\/","url":"https:\/\/kruze.ee\/et\/toode\/everest-pealamp\/","name":"Everest pealamp - Kruze.ee","isPartOf":{"@id":"https:\/\/kruze.ee\/et\/#website"},"datePublished":"2026-01-07T20:31:13+00:00","dateModified":"2026-03-16T21:55:35+00:00","breadcrumb":{"@id":"https:\/\/kruze.ee\/et\/toode\/everest-pealamp\/#breadcrumb"},"inLanguage":"et","potentialAction":[{"@type":"ReadAction","target":["https:\/\/kruze.ee\/et\/toode\/everest-pealamp\/"]}]},{"@type":"BreadcrumbList","@id":"https:\/\/kruze.ee\/et\/toode\/everest-pealamp\/#breadcrumb","itemListElement":[{"@type":"ListItem","position":1,"name":"Home","item":"https:\/\/kruze.ee\/et\/"},{"@type":"ListItem","position":2,"name":"Tooted","item":"https:\/\/kruze.ee\/et\/tooted\/"},{"@type":"ListItem","position":3,"name":"Everest pealamp"}]},{"@type":"WebSite","@id":"https:\/\/kruze.ee\/et\/#website","url":"https:\/\/kruze.ee\/et\/","name":"Kruze.ee","description":"Reklaamkingitused, tr&uuml;kiga T-s&auml;rgid, fliisid, dressipluused, tekstiil, joped ja paljud teised logoga meened, &Auml;rikingitused sinu partnerile! Telli juba t&auml;na.","potentialAction":[{"@type":"SearchAction","target":{"@type":"EntryPoint","urlTemplate":"https:\/\/kruze.ee\/et\/?s={search_term_string}"},"query-input":{"@type":"PropertyValueSpecification","valueRequired":true,"valueName":"search_term_string"}}],"inLanguage":"et"}]}},"_links":{"self":[{"href":"https:\/\/kruze.ee\/et\/wp-json\/wp\/v2\/product\/1432434","targetHints":{"allow":["GET"]}}],"collection":[{"href":"https:\/\/kruze.ee\/et\/wp-json\/wp\/v2\/product"}],"about":[{"href":"https:\/\/kruze.ee\/et\/wp-json\/wp\/v2\/types\/product"}],"wp:attachment":[{"href":"https:\/\/kruze.ee\/et\/wp-json\/wp\/v2\/media?parent=1432434"}],"wp:term":[{"taxonomy":"product_brand","embeddable":true,"href":"https:\/\/kruze.ee\/et\/wp-json\/wp\/v2\/product_brand?post=1432434"},{"taxonomy":"product_cat","embeddable":true,"href":"https:\/\/kruze.ee\/et\/wp-json\/wp\/v2\/product_cat?post=1432434"},{"taxonomy":"product_tag","embeddable":true,"href":"https:\/\/kruze.ee\/et\/wp-json\/wp\/v2\/product_tag?post=1432434"}],"curies":[{"name":"wp","href":"https:\/\/api.w.org\/{rel}","templated":true}]}}