{"id":1432418,"date":"2026-01-07T23:30:53","date_gmt":"2026-01-07T20:30:53","guid":{"rendered":"https:\/\/kruze.ee\/product\/flash-rcs-taaskasutatud-alumiiniumist-votmehoidja-taskulamp\/"},"modified":"2026-03-17T00:55:33","modified_gmt":"2026-03-16T21:55:33","slug":"flash-rcs-taaskasutatud-alumiiniumist-votmehoidja-taskulamp","status":"publish","type":"product","link":"https:\/\/kruze.ee\/et\/toode\/flash-rcs-taaskasutatud-alumiiniumist-votmehoidja-taskulamp\/","title":{"rendered":"Flash RCS taaskasutatud alumiiniumist v\u00f5tmehoidja-taskulamp"},"content":{"rendered":"<p>Taskusuurune 3 LED-iga taskulamp, valmistatud RCS-sertifitseeritud taaskasutatud alumiiniumist, mille taaskasutatud materjali osakaal on 50% kogu toote kaalust. RCS-sertifikaat tagab taaskasutatud materjalide t\u00e4ielikult sertifitseeritud ja j\u00e4lgitava tarneahela. Taskulambil on 15 luumenine valgus, mis v\u00f5imaldab t\u00f6\u00f6aega kuni 6 tundi \u00fche patareikomplektiga (patareid kaasas). Valgusvihu ulatus on kuni 3 meetrit. Lamp on varustatud v\u00f5tmehoidjaga, mist\u00f5ttu on seda mugav alati kaasas kanda. Pakendatud FSC\u00ae mix sertifikaadiga kraft-pakendisse.<\/p>\n","protected":false},"excerpt":{"rendered":"<p>Taskusuurune 3 LED-iga taskulamp, valmistatud RCS-sertifitseeritud taaskasutatud alumiiniumist, mille taaskasutatud materjali osakaal on 50% kogu toote&#8230;<\/p>\n","protected":false},"featured_media":0,"template":"","meta":[],"product_brand":[],"product_cat":[5449],"product_tag":[],"class_list":{"0":"post-1432418","1":"product","2":"type-product","3":"status-publish","5":"product_cat-taskulambid","6":"pa_brand-xd-collection","7":"pa_color-hobehall","8":"pa_color-black-2","9":"pa_color-oranz","10":"pa_color-roheline","11":"pa_color-blue-2","12":"pa_gender-uniseks","13":"pa_gender-unisex","16":"pa_material-recycled-aluminium-alloy","18":"first","19":"instock","20":"taxable","21":"shipping-taxable","22":"purchasable","23":"product-type-variable"},"acf":[],"yoast_head":"<!-- This site is optimized with the Yoast SEO plugin v26.0 - https:\/\/yoast.com\/wordpress\/plugins\/seo\/ -->\n<title>Flash RCS taaskasutatud alumiiniumist v\u00f5tmehoidja-taskulamp - Kruze.ee<\/title>\n<meta name=\"robots\" content=\"index, follow, max-snippet:-1, max-image-preview:large, max-video-preview:-1\" \/>\n<link rel=\"canonical\" href=\"https:\/\/kruze.ee\/et\/toode\/flash-rcs-taaskasutatud-alumiiniumist-votmehoidja-taskulamp\/\" \/>\n<meta property=\"og:locale\" content=\"et_EE\" \/>\n<meta property=\"og:type\" content=\"article\" \/>\n<meta property=\"og:title\" content=\"Flash RCS taaskasutatud alumiiniumist v\u00f5tmehoidja-taskulamp - Kruze.ee\" \/>\n<meta property=\"og:description\" content=\"Taskusuurune 3 LED-iga taskulamp, valmistatud RCS-sertifitseeritud taaskasutatud alumiiniumist, mille taaskasutatud materjali osakaal on 50% kogu toote...\" \/>\n<meta property=\"og:url\" content=\"https:\/\/kruze.ee\/et\/toode\/flash-rcs-taaskasutatud-alumiiniumist-votmehoidja-taskulamp\/\" \/>\n<meta property=\"og:site_name\" content=\"Kruze.ee\" \/>\n<meta property=\"article:modified_time\" content=\"2026-03-16T21:55:33+00:00\" \/>\n<meta name=\"twitter:card\" content=\"summary_large_image\" \/>\n<script type=\"application\/ld+json\" class=\"yoast-schema-graph\">{\"@context\":\"https:\/\/schema.org\",\"@graph\":[{\"@type\":\"WebPage\",\"@id\":\"https:\/\/kruze.ee\/et\/toode\/flash-rcs-taaskasutatud-alumiiniumist-votmehoidja-taskulamp\/\",\"url\":\"https:\/\/kruze.ee\/et\/toode\/flash-rcs-taaskasutatud-alumiiniumist-votmehoidja-taskulamp\/\",\"name\":\"Flash RCS taaskasutatud alumiiniumist v\u00f5tmehoidja-taskulamp - Kruze.ee\",\"isPartOf\":{\"@id\":\"https:\/\/kruze.ee\/et\/#website\"},\"datePublished\":\"2026-01-07T20:30:53+00:00\",\"dateModified\":\"2026-03-16T21:55:33+00:00\",\"breadcrumb\":{\"@id\":\"https:\/\/kruze.ee\/et\/toode\/flash-rcs-taaskasutatud-alumiiniumist-votmehoidja-taskulamp\/#breadcrumb\"},\"inLanguage\":\"et\",\"potentialAction\":[{\"@type\":\"ReadAction\",\"target\":[\"https:\/\/kruze.ee\/et\/toode\/flash-rcs-taaskasutatud-alumiiniumist-votmehoidja-taskulamp\/\"]}]},{\"@type\":\"BreadcrumbList\",\"@id\":\"https:\/\/kruze.ee\/et\/toode\/flash-rcs-taaskasutatud-alumiiniumist-votmehoidja-taskulamp\/#breadcrumb\",\"itemListElement\":[{\"@type\":\"ListItem\",\"position\":1,\"name\":\"Home\",\"item\":\"https:\/\/kruze.ee\/et\/\"},{\"@type\":\"ListItem\",\"position\":2,\"name\":\"Tooted\",\"item\":\"https:\/\/kruze.ee\/et\/tooted\/\"},{\"@type\":\"ListItem\",\"position\":3,\"name\":\"Flash RCS taaskasutatud alumiiniumist v\u00f5tmehoidja-taskulamp\"}]},{\"@type\":\"WebSite\",\"@id\":\"https:\/\/kruze.ee\/et\/#website\",\"url\":\"https:\/\/kruze.ee\/et\/\",\"name\":\"Kruze.ee\",\"description\":\"Reklaamkingitused, tr&uuml;kiga T-s&auml;rgid, fliisid, dressipluused, tekstiil, joped ja paljud teised logoga meened, &Auml;rikingitused sinu partnerile! Telli juba t&auml;na.\",\"potentialAction\":[{\"@type\":\"SearchAction\",\"target\":{\"@type\":\"EntryPoint\",\"urlTemplate\":\"https:\/\/kruze.ee\/et\/?s={search_term_string}\"},\"query-input\":{\"@type\":\"PropertyValueSpecification\",\"valueRequired\":true,\"valueName\":\"search_term_string\"}}],\"inLanguage\":\"et\"}]}<\/script>\n<!-- \/ Yoast SEO plugin. -->","yoast_head_json":{"title":"Flash RCS taaskasutatud alumiiniumist v\u00f5tmehoidja-taskulamp - Kruze.ee","robots":{"index":"index","follow":"follow","max-snippet":"max-snippet:-1","max-image-preview":"max-image-preview:large","max-video-preview":"max-video-preview:-1"},"canonical":"https:\/\/kruze.ee\/et\/toode\/flash-rcs-taaskasutatud-alumiiniumist-votmehoidja-taskulamp\/","og_locale":"et_EE","og_type":"article","og_title":"Flash RCS taaskasutatud alumiiniumist v\u00f5tmehoidja-taskulamp - Kruze.ee","og_description":"Taskusuurune 3 LED-iga taskulamp, valmistatud RCS-sertifitseeritud taaskasutatud alumiiniumist, mille taaskasutatud materjali osakaal on 50% kogu toote...","og_url":"https:\/\/kruze.ee\/et\/toode\/flash-rcs-taaskasutatud-alumiiniumist-votmehoidja-taskulamp\/","og_site_name":"Kruze.ee","article_modified_time":"2026-03-16T21:55:33+00:00","twitter_card":"summary_large_image","schema":{"@context":"https:\/\/schema.org","@graph":[{"@type":"WebPage","@id":"https:\/\/kruze.ee\/et\/toode\/flash-rcs-taaskasutatud-alumiiniumist-votmehoidja-taskulamp\/","url":"https:\/\/kruze.ee\/et\/toode\/flash-rcs-taaskasutatud-alumiiniumist-votmehoidja-taskulamp\/","name":"Flash RCS taaskasutatud alumiiniumist v\u00f5tmehoidja-taskulamp - Kruze.ee","isPartOf":{"@id":"https:\/\/kruze.ee\/et\/#website"},"datePublished":"2026-01-07T20:30:53+00:00","dateModified":"2026-03-16T21:55:33+00:00","breadcrumb":{"@id":"https:\/\/kruze.ee\/et\/toode\/flash-rcs-taaskasutatud-alumiiniumist-votmehoidja-taskulamp\/#breadcrumb"},"inLanguage":"et","potentialAction":[{"@type":"ReadAction","target":["https:\/\/kruze.ee\/et\/toode\/flash-rcs-taaskasutatud-alumiiniumist-votmehoidja-taskulamp\/"]}]},{"@type":"BreadcrumbList","@id":"https:\/\/kruze.ee\/et\/toode\/flash-rcs-taaskasutatud-alumiiniumist-votmehoidja-taskulamp\/#breadcrumb","itemListElement":[{"@type":"ListItem","position":1,"name":"Home","item":"https:\/\/kruze.ee\/et\/"},{"@type":"ListItem","position":2,"name":"Tooted","item":"https:\/\/kruze.ee\/et\/tooted\/"},{"@type":"ListItem","position":3,"name":"Flash RCS taaskasutatud alumiiniumist v\u00f5tmehoidja-taskulamp"}]},{"@type":"WebSite","@id":"https:\/\/kruze.ee\/et\/#website","url":"https:\/\/kruze.ee\/et\/","name":"Kruze.ee","description":"Reklaamkingitused, tr&uuml;kiga T-s&auml;rgid, fliisid, dressipluused, tekstiil, joped ja paljud teised logoga meened, &Auml;rikingitused sinu partnerile! Telli juba t&auml;na.","potentialAction":[{"@type":"SearchAction","target":{"@type":"EntryPoint","urlTemplate":"https:\/\/kruze.ee\/et\/?s={search_term_string}"},"query-input":{"@type":"PropertyValueSpecification","valueRequired":true,"valueName":"search_term_string"}}],"inLanguage":"et"}]}},"_links":{"self":[{"href":"https:\/\/kruze.ee\/et\/wp-json\/wp\/v2\/product\/1432418","targetHints":{"allow":["GET"]}}],"collection":[{"href":"https:\/\/kruze.ee\/et\/wp-json\/wp\/v2\/product"}],"about":[{"href":"https:\/\/kruze.ee\/et\/wp-json\/wp\/v2\/types\/product"}],"wp:attachment":[{"href":"https:\/\/kruze.ee\/et\/wp-json\/wp\/v2\/media?parent=1432418"}],"wp:term":[{"taxonomy":"product_brand","embeddable":true,"href":"https:\/\/kruze.ee\/et\/wp-json\/wp\/v2\/product_brand?post=1432418"},{"taxonomy":"product_cat","embeddable":true,"href":"https:\/\/kruze.ee\/et\/wp-json\/wp\/v2\/product_cat?post=1432418"},{"taxonomy":"product_tag","embeddable":true,"href":"https:\/\/kruze.ee\/et\/wp-json\/wp\/v2\/product_tag?post=1432418"}],"curies":[{"name":"wp","href":"https:\/\/api.w.org\/{rel}","templated":true}]}}