{"id":1432398,"date":"2026-01-07T23:30:30","date_gmt":"2026-01-07T20:30:30","guid":{"rendered":"https:\/\/kruze.ee\/product\/lucid-3w-rcs-sertifitseeritud-taaskasutatud-plastist-bambusest-taskulamp\/"},"modified":"2026-03-17T00:55:23","modified_gmt":"2026-03-16T21:55:23","slug":"lucid-3w-rcs-sertifitseeritud-taaskasutatud-plastist-bambusest-taskulamp","status":"publish","type":"product","link":"https:\/\/kruze.ee\/et\/toode\/lucid-3w-rcs-sertifitseeritud-taaskasutatud-plastist-bambusest-taskulamp\/","title":{"rendered":"Lucid 3W RCS-sertifitseeritud taaskasutatud plastist &amp; bambusest taskulamp"},"content":{"rendered":"<p>USB-laetav 3W taskulamp, valmistatud FSC\u00ae 100% bambusest ja RCS (Recycled Claim Standard) sertifitseeritud taaskasutatud ABS-plastist. Taaskasutatud materjali osakaal on 20% kogu toote kaalust ning RCS-sertifikaat tagab taaskasutatud materjalide t\u00e4ielikult sertifitseeritud ja j\u00e4lgitava tarneahela. Taskulamp on varustatud 1200 mAh A-klassi liitiumakuga, mis v\u00f5imaldab kuni 4,5 tundi kasutusaega \u00fche laadimisega ning on Type-C kaudu taaslaetav umbes 2,5 tunniga. Valgusvihu ulatus on kuni 100 meetrit ja valgusv\u00f5imsus 120 luumenit. Taskulambil on 3 valgusre\u017eiimi: ere, keskmine ja vilkuv. Komplektis on RCS-sertifitseeritud taaskasutatud TPE-st valmistatud laadimiskaabel. Pakendatud FSC\u00ae mix sertifikaadiga kraft-pakendisse. Toode ja tarvikud on 100% PVC-vabad.<\/p>\n","protected":false},"excerpt":{"rendered":"<p>USB-laetav 3W taskulamp, valmistatud FSC\u00ae 100% bambusest ja RCS (Recycled Claim Standard) sertifitseeritud taaskasutatud ABS-plastist. Taaskasutatud materjali&#8230;<\/p>\n","protected":false},"featured_media":0,"template":"","meta":[],"product_brand":[],"product_cat":[5449],"product_tag":[],"class_list":{"0":"post-1432398","1":"product","2":"type-product","3":"status-publish","5":"product_cat-taskulambid","6":"pa_gender-uniseks","7":"pa_gender-unisex","11":"first","12":"instock","13":"purchasable","14":"product-type-simple"},"acf":[],"yoast_head":"<!-- This site is optimized with the Yoast SEO plugin v26.0 - https:\/\/yoast.com\/wordpress\/plugins\/seo\/ -->\n<title>Lucid 3W RCS-sertifitseeritud taaskasutatud plastist &amp; bambusest taskulamp - Kruze.ee<\/title>\n<meta name=\"robots\" content=\"index, follow, max-snippet:-1, max-image-preview:large, max-video-preview:-1\" \/>\n<link rel=\"canonical\" href=\"https:\/\/kruze.ee\/et\/toode\/lucid-3w-rcs-sertifitseeritud-taaskasutatud-plastist-bambusest-taskulamp\/\" \/>\n<meta property=\"og:locale\" content=\"et_EE\" \/>\n<meta property=\"og:type\" content=\"article\" \/>\n<meta property=\"og:title\" content=\"Lucid 3W RCS-sertifitseeritud taaskasutatud plastist &amp; bambusest taskulamp - Kruze.ee\" \/>\n<meta property=\"og:description\" content=\"USB-laetav 3W taskulamp, valmistatud FSC\u00ae 100% bambusest ja RCS (Recycled Claim Standard) sertifitseeritud taaskasutatud ABS-plastist. Taaskasutatud materjali...\" \/>\n<meta property=\"og:url\" content=\"https:\/\/kruze.ee\/et\/toode\/lucid-3w-rcs-sertifitseeritud-taaskasutatud-plastist-bambusest-taskulamp\/\" \/>\n<meta property=\"og:site_name\" content=\"Kruze.ee\" \/>\n<meta property=\"article:modified_time\" content=\"2026-03-16T21:55:23+00:00\" \/>\n<meta name=\"twitter:card\" content=\"summary_large_image\" \/>\n<script type=\"application\/ld+json\" class=\"yoast-schema-graph\">{\"@context\":\"https:\/\/schema.org\",\"@graph\":[{\"@type\":\"WebPage\",\"@id\":\"https:\/\/kruze.ee\/et\/toode\/lucid-3w-rcs-sertifitseeritud-taaskasutatud-plastist-bambusest-taskulamp\/\",\"url\":\"https:\/\/kruze.ee\/et\/toode\/lucid-3w-rcs-sertifitseeritud-taaskasutatud-plastist-bambusest-taskulamp\/\",\"name\":\"Lucid 3W RCS-sertifitseeritud taaskasutatud plastist &amp; bambusest taskulamp - Kruze.ee\",\"isPartOf\":{\"@id\":\"https:\/\/kruze.ee\/et\/#website\"},\"datePublished\":\"2026-01-07T20:30:30+00:00\",\"dateModified\":\"2026-03-16T21:55:23+00:00\",\"breadcrumb\":{\"@id\":\"https:\/\/kruze.ee\/et\/toode\/lucid-3w-rcs-sertifitseeritud-taaskasutatud-plastist-bambusest-taskulamp\/#breadcrumb\"},\"inLanguage\":\"et\",\"potentialAction\":[{\"@type\":\"ReadAction\",\"target\":[\"https:\/\/kruze.ee\/et\/toode\/lucid-3w-rcs-sertifitseeritud-taaskasutatud-plastist-bambusest-taskulamp\/\"]}]},{\"@type\":\"BreadcrumbList\",\"@id\":\"https:\/\/kruze.ee\/et\/toode\/lucid-3w-rcs-sertifitseeritud-taaskasutatud-plastist-bambusest-taskulamp\/#breadcrumb\",\"itemListElement\":[{\"@type\":\"ListItem\",\"position\":1,\"name\":\"Home\",\"item\":\"https:\/\/kruze.ee\/et\/\"},{\"@type\":\"ListItem\",\"position\":2,\"name\":\"Tooted\",\"item\":\"https:\/\/kruze.ee\/et\/tooted\/\"},{\"@type\":\"ListItem\",\"position\":3,\"name\":\"Lucid 3W RCS-sertifitseeritud taaskasutatud plastist &amp; bambusest taskulamp\"}]},{\"@type\":\"WebSite\",\"@id\":\"https:\/\/kruze.ee\/et\/#website\",\"url\":\"https:\/\/kruze.ee\/et\/\",\"name\":\"Kruze.ee\",\"description\":\"Reklaamkingitused, tr&uuml;kiga T-s&auml;rgid, fliisid, dressipluused, tekstiil, joped ja paljud teised logoga meened, &Auml;rikingitused sinu partnerile! Telli juba t&auml;na.\",\"potentialAction\":[{\"@type\":\"SearchAction\",\"target\":{\"@type\":\"EntryPoint\",\"urlTemplate\":\"https:\/\/kruze.ee\/et\/?s={search_term_string}\"},\"query-input\":{\"@type\":\"PropertyValueSpecification\",\"valueRequired\":true,\"valueName\":\"search_term_string\"}}],\"inLanguage\":\"et\"}]}<\/script>\n<!-- \/ Yoast SEO plugin. -->","yoast_head_json":{"title":"Lucid 3W RCS-sertifitseeritud taaskasutatud plastist &amp; bambusest taskulamp - Kruze.ee","robots":{"index":"index","follow":"follow","max-snippet":"max-snippet:-1","max-image-preview":"max-image-preview:large","max-video-preview":"max-video-preview:-1"},"canonical":"https:\/\/kruze.ee\/et\/toode\/lucid-3w-rcs-sertifitseeritud-taaskasutatud-plastist-bambusest-taskulamp\/","og_locale":"et_EE","og_type":"article","og_title":"Lucid 3W RCS-sertifitseeritud taaskasutatud plastist &amp; bambusest taskulamp - Kruze.ee","og_description":"USB-laetav 3W taskulamp, valmistatud FSC\u00ae 100% bambusest ja RCS (Recycled Claim Standard) sertifitseeritud taaskasutatud ABS-plastist. Taaskasutatud materjali...","og_url":"https:\/\/kruze.ee\/et\/toode\/lucid-3w-rcs-sertifitseeritud-taaskasutatud-plastist-bambusest-taskulamp\/","og_site_name":"Kruze.ee","article_modified_time":"2026-03-16T21:55:23+00:00","twitter_card":"summary_large_image","schema":{"@context":"https:\/\/schema.org","@graph":[{"@type":"WebPage","@id":"https:\/\/kruze.ee\/et\/toode\/lucid-3w-rcs-sertifitseeritud-taaskasutatud-plastist-bambusest-taskulamp\/","url":"https:\/\/kruze.ee\/et\/toode\/lucid-3w-rcs-sertifitseeritud-taaskasutatud-plastist-bambusest-taskulamp\/","name":"Lucid 3W RCS-sertifitseeritud taaskasutatud plastist &amp; bambusest taskulamp - Kruze.ee","isPartOf":{"@id":"https:\/\/kruze.ee\/et\/#website"},"datePublished":"2026-01-07T20:30:30+00:00","dateModified":"2026-03-16T21:55:23+00:00","breadcrumb":{"@id":"https:\/\/kruze.ee\/et\/toode\/lucid-3w-rcs-sertifitseeritud-taaskasutatud-plastist-bambusest-taskulamp\/#breadcrumb"},"inLanguage":"et","potentialAction":[{"@type":"ReadAction","target":["https:\/\/kruze.ee\/et\/toode\/lucid-3w-rcs-sertifitseeritud-taaskasutatud-plastist-bambusest-taskulamp\/"]}]},{"@type":"BreadcrumbList","@id":"https:\/\/kruze.ee\/et\/toode\/lucid-3w-rcs-sertifitseeritud-taaskasutatud-plastist-bambusest-taskulamp\/#breadcrumb","itemListElement":[{"@type":"ListItem","position":1,"name":"Home","item":"https:\/\/kruze.ee\/et\/"},{"@type":"ListItem","position":2,"name":"Tooted","item":"https:\/\/kruze.ee\/et\/tooted\/"},{"@type":"ListItem","position":3,"name":"Lucid 3W RCS-sertifitseeritud taaskasutatud plastist &amp; bambusest taskulamp"}]},{"@type":"WebSite","@id":"https:\/\/kruze.ee\/et\/#website","url":"https:\/\/kruze.ee\/et\/","name":"Kruze.ee","description":"Reklaamkingitused, tr&uuml;kiga T-s&auml;rgid, fliisid, dressipluused, tekstiil, joped ja paljud teised logoga meened, &Auml;rikingitused sinu partnerile! Telli juba t&auml;na.","potentialAction":[{"@type":"SearchAction","target":{"@type":"EntryPoint","urlTemplate":"https:\/\/kruze.ee\/et\/?s={search_term_string}"},"query-input":{"@type":"PropertyValueSpecification","valueRequired":true,"valueName":"search_term_string"}}],"inLanguage":"et"}]}},"_links":{"self":[{"href":"https:\/\/kruze.ee\/et\/wp-json\/wp\/v2\/product\/1432398","targetHints":{"allow":["GET"]}}],"collection":[{"href":"https:\/\/kruze.ee\/et\/wp-json\/wp\/v2\/product"}],"about":[{"href":"https:\/\/kruze.ee\/et\/wp-json\/wp\/v2\/types\/product"}],"wp:attachment":[{"href":"https:\/\/kruze.ee\/et\/wp-json\/wp\/v2\/media?parent=1432398"}],"wp:term":[{"taxonomy":"product_brand","embeddable":true,"href":"https:\/\/kruze.ee\/et\/wp-json\/wp\/v2\/product_brand?post=1432398"},{"taxonomy":"product_cat","embeddable":true,"href":"https:\/\/kruze.ee\/et\/wp-json\/wp\/v2\/product_cat?post=1432398"},{"taxonomy":"product_tag","embeddable":true,"href":"https:\/\/kruze.ee\/et\/wp-json\/wp\/v2\/product_tag?post=1432398"}],"curies":[{"name":"wp","href":"https:\/\/api.w.org\/{rel}","templated":true}]}}