{"id":1432394,"date":"2026-01-07T23:30:23","date_gmt":"2026-01-07T20:30:23","guid":{"rendered":"https:\/\/kruze.ee\/product\/aurora-rcs-taaskasutatud-plastist-usb-laetav-lauavalgusti\/"},"modified":"2026-03-17T00:55:22","modified_gmt":"2026-03-16T21:55:22","slug":"aurora-rcs-taaskasutatud-plastist-usb-laetav-lauavalgusti","status":"publish","type":"product","link":"https:\/\/kruze.ee\/et\/toode\/aurora-rcs-taaskasutatud-plastist-usb-laetav-lauavalgusti\/","title":{"rendered":"Aurora RCS taaskasutatud plastist USB-laetav lauavalgusti"},"content":{"rendered":"<p>Taaskasutatud materjali osakaal on 23% kogu toote kaalust. RCS-sertifikaat tagab taaskasutatud materjalide t\u00e4ielikult sertifitseeritud ja j\u00e4lgitava tarneahela. Lauavalgusti t\u00f6\u00f6aeg on kuni 24 tundi \u00fche laadimisega ning see on taaslaetav umbes 3 tunniga. Valgustil on integreeritud 1200 mAh A-klassi aku ning kolm heleduse taset. Laadimine toimub USB-C kaudu ning komplektis on 30 cm pikkune taaskasutatud TPE-st laadimiskaabel. Pakendatud FSC\u00ae mix sertifikaadiga pakendisse. Toode on PVC-vaba.<\/p>\n","protected":false},"excerpt":{"rendered":"<p>Taaskasutatud materjali osakaal on 23% kogu toote kaalust. RCS-sertifikaat tagab taaskasutatud materjalide t\u00e4ielikult sertifitseeritud ja j\u00e4lgitava tarneahela&#8230;.<\/p>\n","protected":false},"featured_media":0,"template":"","meta":[],"product_brand":[],"product_cat":[5438],"product_tag":[],"class_list":{"0":"post-1432394","1":"product","2":"type-product","3":"status-publish","5":"product_cat-kodutooted-kodutooted","6":"pa_gender-uniseks","7":"pa_gender-unisex","11":"first","12":"instock","13":"purchasable","14":"product-type-simple"},"acf":[],"yoast_head":"<!-- This site is optimized with the Yoast SEO plugin v26.0 - https:\/\/yoast.com\/wordpress\/plugins\/seo\/ -->\n<title>Aurora RCS taaskasutatud plastist USB-laetav lauavalgusti - Kruze.ee<\/title>\n<meta name=\"robots\" content=\"index, follow, max-snippet:-1, max-image-preview:large, max-video-preview:-1\" \/>\n<link rel=\"canonical\" href=\"https:\/\/kruze.ee\/et\/toode\/aurora-rcs-taaskasutatud-plastist-usb-laetav-lauavalgusti\/\" \/>\n<meta property=\"og:locale\" content=\"et_EE\" \/>\n<meta property=\"og:type\" content=\"article\" \/>\n<meta property=\"og:title\" content=\"Aurora RCS taaskasutatud plastist USB-laetav lauavalgusti - Kruze.ee\" \/>\n<meta property=\"og:description\" content=\"Taaskasutatud materjali osakaal on 23% kogu toote kaalust. RCS-sertifikaat tagab taaskasutatud materjalide t\u00e4ielikult sertifitseeritud ja j\u00e4lgitava tarneahela....\" \/>\n<meta property=\"og:url\" content=\"https:\/\/kruze.ee\/et\/toode\/aurora-rcs-taaskasutatud-plastist-usb-laetav-lauavalgusti\/\" \/>\n<meta property=\"og:site_name\" content=\"Kruze.ee\" \/>\n<meta property=\"article:modified_time\" content=\"2026-03-16T21:55:22+00:00\" \/>\n<meta name=\"twitter:card\" content=\"summary_large_image\" \/>\n<script type=\"application\/ld+json\" class=\"yoast-schema-graph\">{\"@context\":\"https:\/\/schema.org\",\"@graph\":[{\"@type\":\"WebPage\",\"@id\":\"https:\/\/kruze.ee\/et\/toode\/aurora-rcs-taaskasutatud-plastist-usb-laetav-lauavalgusti\/\",\"url\":\"https:\/\/kruze.ee\/et\/toode\/aurora-rcs-taaskasutatud-plastist-usb-laetav-lauavalgusti\/\",\"name\":\"Aurora RCS taaskasutatud plastist USB-laetav lauavalgusti - Kruze.ee\",\"isPartOf\":{\"@id\":\"https:\/\/kruze.ee\/et\/#website\"},\"datePublished\":\"2026-01-07T20:30:23+00:00\",\"dateModified\":\"2026-03-16T21:55:22+00:00\",\"breadcrumb\":{\"@id\":\"https:\/\/kruze.ee\/et\/toode\/aurora-rcs-taaskasutatud-plastist-usb-laetav-lauavalgusti\/#breadcrumb\"},\"inLanguage\":\"et\",\"potentialAction\":[{\"@type\":\"ReadAction\",\"target\":[\"https:\/\/kruze.ee\/et\/toode\/aurora-rcs-taaskasutatud-plastist-usb-laetav-lauavalgusti\/\"]}]},{\"@type\":\"BreadcrumbList\",\"@id\":\"https:\/\/kruze.ee\/et\/toode\/aurora-rcs-taaskasutatud-plastist-usb-laetav-lauavalgusti\/#breadcrumb\",\"itemListElement\":[{\"@type\":\"ListItem\",\"position\":1,\"name\":\"Home\",\"item\":\"https:\/\/kruze.ee\/et\/\"},{\"@type\":\"ListItem\",\"position\":2,\"name\":\"Tooted\",\"item\":\"https:\/\/kruze.ee\/et\/tooted\/\"},{\"@type\":\"ListItem\",\"position\":3,\"name\":\"Aurora RCS taaskasutatud plastist USB-laetav lauavalgusti\"}]},{\"@type\":\"WebSite\",\"@id\":\"https:\/\/kruze.ee\/et\/#website\",\"url\":\"https:\/\/kruze.ee\/et\/\",\"name\":\"Kruze.ee\",\"description\":\"Reklaamkingitused, tr&uuml;kiga T-s&auml;rgid, fliisid, dressipluused, tekstiil, joped ja paljud teised logoga meened, &Auml;rikingitused sinu partnerile! Telli juba t&auml;na.\",\"potentialAction\":[{\"@type\":\"SearchAction\",\"target\":{\"@type\":\"EntryPoint\",\"urlTemplate\":\"https:\/\/kruze.ee\/et\/?s={search_term_string}\"},\"query-input\":{\"@type\":\"PropertyValueSpecification\",\"valueRequired\":true,\"valueName\":\"search_term_string\"}}],\"inLanguage\":\"et\"}]}<\/script>\n<!-- \/ Yoast SEO plugin. -->","yoast_head_json":{"title":"Aurora RCS taaskasutatud plastist USB-laetav lauavalgusti - Kruze.ee","robots":{"index":"index","follow":"follow","max-snippet":"max-snippet:-1","max-image-preview":"max-image-preview:large","max-video-preview":"max-video-preview:-1"},"canonical":"https:\/\/kruze.ee\/et\/toode\/aurora-rcs-taaskasutatud-plastist-usb-laetav-lauavalgusti\/","og_locale":"et_EE","og_type":"article","og_title":"Aurora RCS taaskasutatud plastist USB-laetav lauavalgusti - Kruze.ee","og_description":"Taaskasutatud materjali osakaal on 23% kogu toote kaalust. RCS-sertifikaat tagab taaskasutatud materjalide t\u00e4ielikult sertifitseeritud ja j\u00e4lgitava tarneahela....","og_url":"https:\/\/kruze.ee\/et\/toode\/aurora-rcs-taaskasutatud-plastist-usb-laetav-lauavalgusti\/","og_site_name":"Kruze.ee","article_modified_time":"2026-03-16T21:55:22+00:00","twitter_card":"summary_large_image","schema":{"@context":"https:\/\/schema.org","@graph":[{"@type":"WebPage","@id":"https:\/\/kruze.ee\/et\/toode\/aurora-rcs-taaskasutatud-plastist-usb-laetav-lauavalgusti\/","url":"https:\/\/kruze.ee\/et\/toode\/aurora-rcs-taaskasutatud-plastist-usb-laetav-lauavalgusti\/","name":"Aurora RCS taaskasutatud plastist USB-laetav lauavalgusti - Kruze.ee","isPartOf":{"@id":"https:\/\/kruze.ee\/et\/#website"},"datePublished":"2026-01-07T20:30:23+00:00","dateModified":"2026-03-16T21:55:22+00:00","breadcrumb":{"@id":"https:\/\/kruze.ee\/et\/toode\/aurora-rcs-taaskasutatud-plastist-usb-laetav-lauavalgusti\/#breadcrumb"},"inLanguage":"et","potentialAction":[{"@type":"ReadAction","target":["https:\/\/kruze.ee\/et\/toode\/aurora-rcs-taaskasutatud-plastist-usb-laetav-lauavalgusti\/"]}]},{"@type":"BreadcrumbList","@id":"https:\/\/kruze.ee\/et\/toode\/aurora-rcs-taaskasutatud-plastist-usb-laetav-lauavalgusti\/#breadcrumb","itemListElement":[{"@type":"ListItem","position":1,"name":"Home","item":"https:\/\/kruze.ee\/et\/"},{"@type":"ListItem","position":2,"name":"Tooted","item":"https:\/\/kruze.ee\/et\/tooted\/"},{"@type":"ListItem","position":3,"name":"Aurora RCS taaskasutatud plastist USB-laetav lauavalgusti"}]},{"@type":"WebSite","@id":"https:\/\/kruze.ee\/et\/#website","url":"https:\/\/kruze.ee\/et\/","name":"Kruze.ee","description":"Reklaamkingitused, tr&uuml;kiga T-s&auml;rgid, fliisid, dressipluused, tekstiil, joped ja paljud teised logoga meened, &Auml;rikingitused sinu partnerile! Telli juba t&auml;na.","potentialAction":[{"@type":"SearchAction","target":{"@type":"EntryPoint","urlTemplate":"https:\/\/kruze.ee\/et\/?s={search_term_string}"},"query-input":{"@type":"PropertyValueSpecification","valueRequired":true,"valueName":"search_term_string"}}],"inLanguage":"et"}]}},"_links":{"self":[{"href":"https:\/\/kruze.ee\/et\/wp-json\/wp\/v2\/product\/1432394","targetHints":{"allow":["GET"]}}],"collection":[{"href":"https:\/\/kruze.ee\/et\/wp-json\/wp\/v2\/product"}],"about":[{"href":"https:\/\/kruze.ee\/et\/wp-json\/wp\/v2\/types\/product"}],"wp:attachment":[{"href":"https:\/\/kruze.ee\/et\/wp-json\/wp\/v2\/media?parent=1432394"}],"wp:term":[{"taxonomy":"product_brand","embeddable":true,"href":"https:\/\/kruze.ee\/et\/wp-json\/wp\/v2\/product_brand?post=1432394"},{"taxonomy":"product_cat","embeddable":true,"href":"https:\/\/kruze.ee\/et\/wp-json\/wp\/v2\/product_cat?post=1432394"},{"taxonomy":"product_tag","embeddable":true,"href":"https:\/\/kruze.ee\/et\/wp-json\/wp\/v2\/product_tag?post=1432394"}],"curies":[{"name":"wp","href":"https:\/\/api.w.org\/{rel}","templated":true}]}}