{"id":1432384,"date":"2026-01-07T23:30:08","date_gmt":"2026-01-07T20:30:08","guid":{"rendered":"https:\/\/kruze.ee\/product\/teleskoop-toovalgusti-magnetiga\/"},"modified":"2026-03-17T00:55:20","modified_gmt":"2026-03-16T21:55:20","slug":"teleskoop-toovalgusti-magnetiga","status":"publish","type":"product","link":"https:\/\/kruze.ee\/et\/toode\/teleskoop-toovalgusti-magnetiga\/","title":{"rendered":"Teleskoop-t\u00f6\u00f6valgusti magnetiga"},"content":{"rendered":"<p>Ideaalne t\u00f6\u00f6riist igaks vajaduseks \u2013 see kahe magnetiga LED-t\u00f6\u00f6valgusti sobib suurep\u00e4raselt kinnitamiseks mis tahes metallpinnale, tagades optimaalse valgustuse. Alumiiniumist taskulamp on teleskoopfunktsiooniga ning seda saab pikendada tavap\u00e4raselt 17 cm pikkuselt kuni 58 cm-ni, v\u00f5imaldades esiosa magneti abil k\u00e4tte saada esemeid, mis on kinni j\u00e4\u00e4nud raskesti n\u00e4htavatesse ja ligip\u00e4\u00e4setavatesse kohtadesse. Taskulamp on varustatud kolme LED-iga, mis annavad eriti ereda valguse pimedates oludes. Kui lamp on v\u00e4lja t\u00f5mmatud, muutub lambi pea paindlikuks ja reguleeritavaks igas suunas, v\u00f5imaldades valgust t\u00e4pselt suunata. Komplektis on patareid, et toodet saaks kohe kasutada.<\/p>\n","protected":false},"excerpt":{"rendered":"<p>Ideaalne t\u00f6\u00f6riist igaks vajaduseks \u2013 see kahe magnetiga LED-t\u00f6\u00f6valgusti sobib suurep\u00e4raselt kinnitamiseks mis tahes metallpinnale, tagades optimaalse&#8230;<\/p>\n","protected":false},"featured_media":0,"template":"","meta":[],"product_brand":[],"product_cat":[5449],"product_tag":[],"class_list":{"0":"post-1432384","1":"product","2":"type-product","3":"status-publish","5":"product_cat-taskulambid","6":"pa_gender-uniseks","7":"pa_gender-unisex","11":"first","12":"instock","13":"purchasable","14":"product-type-simple"},"acf":[],"yoast_head":"<!-- This site is optimized with the Yoast SEO plugin v26.0 - https:\/\/yoast.com\/wordpress\/plugins\/seo\/ -->\n<title>Teleskoop-t\u00f6\u00f6valgusti magnetiga - Kruze.ee<\/title>\n<meta name=\"robots\" content=\"index, follow, max-snippet:-1, max-image-preview:large, max-video-preview:-1\" \/>\n<link rel=\"canonical\" href=\"https:\/\/kruze.ee\/et\/toode\/teleskoop-toovalgusti-magnetiga\/\" \/>\n<meta property=\"og:locale\" content=\"et_EE\" \/>\n<meta property=\"og:type\" content=\"article\" \/>\n<meta property=\"og:title\" content=\"Teleskoop-t\u00f6\u00f6valgusti magnetiga - Kruze.ee\" \/>\n<meta property=\"og:description\" content=\"Ideaalne t\u00f6\u00f6riist igaks vajaduseks \u2013 see kahe magnetiga LED-t\u00f6\u00f6valgusti sobib suurep\u00e4raselt kinnitamiseks mis tahes metallpinnale, tagades optimaalse...\" \/>\n<meta property=\"og:url\" content=\"https:\/\/kruze.ee\/et\/toode\/teleskoop-toovalgusti-magnetiga\/\" \/>\n<meta property=\"og:site_name\" content=\"Kruze.ee\" \/>\n<meta property=\"article:modified_time\" content=\"2026-03-16T21:55:20+00:00\" \/>\n<meta name=\"twitter:card\" content=\"summary_large_image\" \/>\n<script type=\"application\/ld+json\" class=\"yoast-schema-graph\">{\"@context\":\"https:\/\/schema.org\",\"@graph\":[{\"@type\":\"WebPage\",\"@id\":\"https:\/\/kruze.ee\/et\/toode\/teleskoop-toovalgusti-magnetiga\/\",\"url\":\"https:\/\/kruze.ee\/et\/toode\/teleskoop-toovalgusti-magnetiga\/\",\"name\":\"Teleskoop-t\u00f6\u00f6valgusti magnetiga - Kruze.ee\",\"isPartOf\":{\"@id\":\"https:\/\/kruze.ee\/et\/#website\"},\"datePublished\":\"2026-01-07T20:30:08+00:00\",\"dateModified\":\"2026-03-16T21:55:20+00:00\",\"breadcrumb\":{\"@id\":\"https:\/\/kruze.ee\/et\/toode\/teleskoop-toovalgusti-magnetiga\/#breadcrumb\"},\"inLanguage\":\"et\",\"potentialAction\":[{\"@type\":\"ReadAction\",\"target\":[\"https:\/\/kruze.ee\/et\/toode\/teleskoop-toovalgusti-magnetiga\/\"]}]},{\"@type\":\"BreadcrumbList\",\"@id\":\"https:\/\/kruze.ee\/et\/toode\/teleskoop-toovalgusti-magnetiga\/#breadcrumb\",\"itemListElement\":[{\"@type\":\"ListItem\",\"position\":1,\"name\":\"Home\",\"item\":\"https:\/\/kruze.ee\/et\/\"},{\"@type\":\"ListItem\",\"position\":2,\"name\":\"Tooted\",\"item\":\"https:\/\/kruze.ee\/et\/tooted\/\"},{\"@type\":\"ListItem\",\"position\":3,\"name\":\"Teleskoop-t\u00f6\u00f6valgusti magnetiga\"}]},{\"@type\":\"WebSite\",\"@id\":\"https:\/\/kruze.ee\/et\/#website\",\"url\":\"https:\/\/kruze.ee\/et\/\",\"name\":\"Kruze.ee\",\"description\":\"Reklaamkingitused, tr&uuml;kiga T-s&auml;rgid, fliisid, dressipluused, tekstiil, joped ja paljud teised logoga meened, &Auml;rikingitused sinu partnerile! Telli juba t&auml;na.\",\"potentialAction\":[{\"@type\":\"SearchAction\",\"target\":{\"@type\":\"EntryPoint\",\"urlTemplate\":\"https:\/\/kruze.ee\/et\/?s={search_term_string}\"},\"query-input\":{\"@type\":\"PropertyValueSpecification\",\"valueRequired\":true,\"valueName\":\"search_term_string\"}}],\"inLanguage\":\"et\"}]}<\/script>\n<!-- \/ Yoast SEO plugin. -->","yoast_head_json":{"title":"Teleskoop-t\u00f6\u00f6valgusti magnetiga - Kruze.ee","robots":{"index":"index","follow":"follow","max-snippet":"max-snippet:-1","max-image-preview":"max-image-preview:large","max-video-preview":"max-video-preview:-1"},"canonical":"https:\/\/kruze.ee\/et\/toode\/teleskoop-toovalgusti-magnetiga\/","og_locale":"et_EE","og_type":"article","og_title":"Teleskoop-t\u00f6\u00f6valgusti magnetiga - Kruze.ee","og_description":"Ideaalne t\u00f6\u00f6riist igaks vajaduseks \u2013 see kahe magnetiga LED-t\u00f6\u00f6valgusti sobib suurep\u00e4raselt kinnitamiseks mis tahes metallpinnale, tagades optimaalse...","og_url":"https:\/\/kruze.ee\/et\/toode\/teleskoop-toovalgusti-magnetiga\/","og_site_name":"Kruze.ee","article_modified_time":"2026-03-16T21:55:20+00:00","twitter_card":"summary_large_image","schema":{"@context":"https:\/\/schema.org","@graph":[{"@type":"WebPage","@id":"https:\/\/kruze.ee\/et\/toode\/teleskoop-toovalgusti-magnetiga\/","url":"https:\/\/kruze.ee\/et\/toode\/teleskoop-toovalgusti-magnetiga\/","name":"Teleskoop-t\u00f6\u00f6valgusti magnetiga - Kruze.ee","isPartOf":{"@id":"https:\/\/kruze.ee\/et\/#website"},"datePublished":"2026-01-07T20:30:08+00:00","dateModified":"2026-03-16T21:55:20+00:00","breadcrumb":{"@id":"https:\/\/kruze.ee\/et\/toode\/teleskoop-toovalgusti-magnetiga\/#breadcrumb"},"inLanguage":"et","potentialAction":[{"@type":"ReadAction","target":["https:\/\/kruze.ee\/et\/toode\/teleskoop-toovalgusti-magnetiga\/"]}]},{"@type":"BreadcrumbList","@id":"https:\/\/kruze.ee\/et\/toode\/teleskoop-toovalgusti-magnetiga\/#breadcrumb","itemListElement":[{"@type":"ListItem","position":1,"name":"Home","item":"https:\/\/kruze.ee\/et\/"},{"@type":"ListItem","position":2,"name":"Tooted","item":"https:\/\/kruze.ee\/et\/tooted\/"},{"@type":"ListItem","position":3,"name":"Teleskoop-t\u00f6\u00f6valgusti magnetiga"}]},{"@type":"WebSite","@id":"https:\/\/kruze.ee\/et\/#website","url":"https:\/\/kruze.ee\/et\/","name":"Kruze.ee","description":"Reklaamkingitused, tr&uuml;kiga T-s&auml;rgid, fliisid, dressipluused, tekstiil, joped ja paljud teised logoga meened, &Auml;rikingitused sinu partnerile! Telli juba t&auml;na.","potentialAction":[{"@type":"SearchAction","target":{"@type":"EntryPoint","urlTemplate":"https:\/\/kruze.ee\/et\/?s={search_term_string}"},"query-input":{"@type":"PropertyValueSpecification","valueRequired":true,"valueName":"search_term_string"}}],"inLanguage":"et"}]}},"_links":{"self":[{"href":"https:\/\/kruze.ee\/et\/wp-json\/wp\/v2\/product\/1432384","targetHints":{"allow":["GET"]}}],"collection":[{"href":"https:\/\/kruze.ee\/et\/wp-json\/wp\/v2\/product"}],"about":[{"href":"https:\/\/kruze.ee\/et\/wp-json\/wp\/v2\/types\/product"}],"wp:attachment":[{"href":"https:\/\/kruze.ee\/et\/wp-json\/wp\/v2\/media?parent=1432384"}],"wp:term":[{"taxonomy":"product_brand","embeddable":true,"href":"https:\/\/kruze.ee\/et\/wp-json\/wp\/v2\/product_brand?post=1432384"},{"taxonomy":"product_cat","embeddable":true,"href":"https:\/\/kruze.ee\/et\/wp-json\/wp\/v2\/product_cat?post=1432384"},{"taxonomy":"product_tag","embeddable":true,"href":"https:\/\/kruze.ee\/et\/wp-json\/wp\/v2\/product_tag?post=1432384"}],"curies":[{"name":"wp","href":"https:\/\/api.w.org\/{rel}","templated":true}]}}