{"id":1432382,"date":"2026-01-07T23:30:04","date_gmt":"2026-01-07T20:30:04","guid":{"rendered":"https:\/\/kruze.ee\/product\/usb-laetav-3w-taskulamp\/"},"modified":"2026-03-17T00:55:19","modified_gmt":"2026-03-16T21:55:19","slug":"usb-laetav-3w-taskulamp","status":"publish","type":"product","link":"https:\/\/kruze.ee\/et\/toode\/usb-laetav-3w-taskulamp\/","title":{"rendered":"USB-laetav 3W taskulamp"},"content":{"rendered":"<p>Pika kasutuseaga USB-laetav taskulamp, mida saab laadida korduvalt, mist\u00f5ttu ei ole vaja patareisid vahetada \u2013 see teeb lambist j\u00e4tkusuutliku valiku. Alumiiniumist 3W taskulamp annab 130 luumenit ning valgusvihu ulatus on kuni 200 meetrit. Lambil on 3 valgusre\u017eiimi: ere, madal ja vilkuv. T\u00e4nu IPX4 kaitseklassile sobib see kasutamiseks ka halbades ilmastikutingimustes. Sisseehitatud 2200 mAh liitiumaku v\u00f5imaldab kuni 8 tundi kasutusaega ning laadimine v\u00f5tab ligikaudu 2 tundi. Komplektis on micro-USB laadimiskaabel laadimiseks USB-pesa kaudu.<\/p>\n","protected":false},"excerpt":{"rendered":"<p>Pika kasutuseaga USB-laetav taskulamp, mida saab laadida korduvalt, mist\u00f5ttu ei ole vaja patareisid vahetada \u2013 see teeb lambist j\u00e4tkusuutliku valiku&#8230;.<\/p>\n","protected":false},"featured_media":0,"template":"","meta":[],"product_brand":[],"product_cat":[5449],"product_tag":[],"class_list":{"0":"post-1432382","1":"product","2":"type-product","3":"status-publish","5":"product_cat-taskulambid","6":"pa_gender-uniseks","7":"pa_gender-unisex","11":"first","12":"instock","13":"purchasable","14":"product-type-simple"},"acf":[],"yoast_head":"<!-- This site is optimized with the Yoast SEO plugin v26.0 - https:\/\/yoast.com\/wordpress\/plugins\/seo\/ -->\n<title>USB-laetav 3W taskulamp - Kruze.ee<\/title>\n<meta name=\"robots\" content=\"index, follow, max-snippet:-1, max-image-preview:large, max-video-preview:-1\" \/>\n<link rel=\"canonical\" href=\"https:\/\/kruze.ee\/et\/toode\/usb-laetav-3w-taskulamp\/\" \/>\n<meta property=\"og:locale\" content=\"et_EE\" \/>\n<meta property=\"og:type\" content=\"article\" \/>\n<meta property=\"og:title\" content=\"USB-laetav 3W taskulamp - Kruze.ee\" \/>\n<meta property=\"og:description\" content=\"Pika kasutuseaga USB-laetav taskulamp, mida saab laadida korduvalt, mist\u00f5ttu ei ole vaja patareisid vahetada \u2013 see teeb lambist j\u00e4tkusuutliku valiku....\" \/>\n<meta property=\"og:url\" content=\"https:\/\/kruze.ee\/et\/toode\/usb-laetav-3w-taskulamp\/\" \/>\n<meta property=\"og:site_name\" content=\"Kruze.ee\" \/>\n<meta property=\"article:modified_time\" content=\"2026-03-16T21:55:19+00:00\" \/>\n<meta name=\"twitter:card\" content=\"summary_large_image\" \/>\n<script type=\"application\/ld+json\" class=\"yoast-schema-graph\">{\"@context\":\"https:\/\/schema.org\",\"@graph\":[{\"@type\":\"WebPage\",\"@id\":\"https:\/\/kruze.ee\/et\/toode\/usb-laetav-3w-taskulamp\/\",\"url\":\"https:\/\/kruze.ee\/et\/toode\/usb-laetav-3w-taskulamp\/\",\"name\":\"USB-laetav 3W taskulamp - Kruze.ee\",\"isPartOf\":{\"@id\":\"https:\/\/kruze.ee\/et\/#website\"},\"datePublished\":\"2026-01-07T20:30:04+00:00\",\"dateModified\":\"2026-03-16T21:55:19+00:00\",\"breadcrumb\":{\"@id\":\"https:\/\/kruze.ee\/et\/toode\/usb-laetav-3w-taskulamp\/#breadcrumb\"},\"inLanguage\":\"et\",\"potentialAction\":[{\"@type\":\"ReadAction\",\"target\":[\"https:\/\/kruze.ee\/et\/toode\/usb-laetav-3w-taskulamp\/\"]}]},{\"@type\":\"BreadcrumbList\",\"@id\":\"https:\/\/kruze.ee\/et\/toode\/usb-laetav-3w-taskulamp\/#breadcrumb\",\"itemListElement\":[{\"@type\":\"ListItem\",\"position\":1,\"name\":\"Home\",\"item\":\"https:\/\/kruze.ee\/et\/\"},{\"@type\":\"ListItem\",\"position\":2,\"name\":\"Tooted\",\"item\":\"https:\/\/kruze.ee\/et\/tooted\/\"},{\"@type\":\"ListItem\",\"position\":3,\"name\":\"USB-laetav 3W taskulamp\"}]},{\"@type\":\"WebSite\",\"@id\":\"https:\/\/kruze.ee\/et\/#website\",\"url\":\"https:\/\/kruze.ee\/et\/\",\"name\":\"Kruze.ee\",\"description\":\"Reklaamkingitused, tr&uuml;kiga T-s&auml;rgid, fliisid, dressipluused, tekstiil, joped ja paljud teised logoga meened, &Auml;rikingitused sinu partnerile! Telli juba t&auml;na.\",\"potentialAction\":[{\"@type\":\"SearchAction\",\"target\":{\"@type\":\"EntryPoint\",\"urlTemplate\":\"https:\/\/kruze.ee\/et\/?s={search_term_string}\"},\"query-input\":{\"@type\":\"PropertyValueSpecification\",\"valueRequired\":true,\"valueName\":\"search_term_string\"}}],\"inLanguage\":\"et\"}]}<\/script>\n<!-- \/ Yoast SEO plugin. -->","yoast_head_json":{"title":"USB-laetav 3W taskulamp - Kruze.ee","robots":{"index":"index","follow":"follow","max-snippet":"max-snippet:-1","max-image-preview":"max-image-preview:large","max-video-preview":"max-video-preview:-1"},"canonical":"https:\/\/kruze.ee\/et\/toode\/usb-laetav-3w-taskulamp\/","og_locale":"et_EE","og_type":"article","og_title":"USB-laetav 3W taskulamp - Kruze.ee","og_description":"Pika kasutuseaga USB-laetav taskulamp, mida saab laadida korduvalt, mist\u00f5ttu ei ole vaja patareisid vahetada \u2013 see teeb lambist j\u00e4tkusuutliku valiku....","og_url":"https:\/\/kruze.ee\/et\/toode\/usb-laetav-3w-taskulamp\/","og_site_name":"Kruze.ee","article_modified_time":"2026-03-16T21:55:19+00:00","twitter_card":"summary_large_image","schema":{"@context":"https:\/\/schema.org","@graph":[{"@type":"WebPage","@id":"https:\/\/kruze.ee\/et\/toode\/usb-laetav-3w-taskulamp\/","url":"https:\/\/kruze.ee\/et\/toode\/usb-laetav-3w-taskulamp\/","name":"USB-laetav 3W taskulamp - Kruze.ee","isPartOf":{"@id":"https:\/\/kruze.ee\/et\/#website"},"datePublished":"2026-01-07T20:30:04+00:00","dateModified":"2026-03-16T21:55:19+00:00","breadcrumb":{"@id":"https:\/\/kruze.ee\/et\/toode\/usb-laetav-3w-taskulamp\/#breadcrumb"},"inLanguage":"et","potentialAction":[{"@type":"ReadAction","target":["https:\/\/kruze.ee\/et\/toode\/usb-laetav-3w-taskulamp\/"]}]},{"@type":"BreadcrumbList","@id":"https:\/\/kruze.ee\/et\/toode\/usb-laetav-3w-taskulamp\/#breadcrumb","itemListElement":[{"@type":"ListItem","position":1,"name":"Home","item":"https:\/\/kruze.ee\/et\/"},{"@type":"ListItem","position":2,"name":"Tooted","item":"https:\/\/kruze.ee\/et\/tooted\/"},{"@type":"ListItem","position":3,"name":"USB-laetav 3W taskulamp"}]},{"@type":"WebSite","@id":"https:\/\/kruze.ee\/et\/#website","url":"https:\/\/kruze.ee\/et\/","name":"Kruze.ee","description":"Reklaamkingitused, tr&uuml;kiga T-s&auml;rgid, fliisid, dressipluused, tekstiil, joped ja paljud teised logoga meened, &Auml;rikingitused sinu partnerile! Telli juba t&auml;na.","potentialAction":[{"@type":"SearchAction","target":{"@type":"EntryPoint","urlTemplate":"https:\/\/kruze.ee\/et\/?s={search_term_string}"},"query-input":{"@type":"PropertyValueSpecification","valueRequired":true,"valueName":"search_term_string"}}],"inLanguage":"et"}]}},"_links":{"self":[{"href":"https:\/\/kruze.ee\/et\/wp-json\/wp\/v2\/product\/1432382","targetHints":{"allow":["GET"]}}],"collection":[{"href":"https:\/\/kruze.ee\/et\/wp-json\/wp\/v2\/product"}],"about":[{"href":"https:\/\/kruze.ee\/et\/wp-json\/wp\/v2\/types\/product"}],"wp:attachment":[{"href":"https:\/\/kruze.ee\/et\/wp-json\/wp\/v2\/media?parent=1432382"}],"wp:term":[{"taxonomy":"product_brand","embeddable":true,"href":"https:\/\/kruze.ee\/et\/wp-json\/wp\/v2\/product_brand?post=1432382"},{"taxonomy":"product_cat","embeddable":true,"href":"https:\/\/kruze.ee\/et\/wp-json\/wp\/v2\/product_cat?post=1432382"},{"taxonomy":"product_tag","embeddable":true,"href":"https:\/\/kruze.ee\/et\/wp-json\/wp\/v2\/product_tag?post=1432382"}],"curies":[{"name":"wp","href":"https:\/\/api.w.org\/{rel}","templated":true}]}}